{"id":6019,"date":"2021-03-19T22:53:05","date_gmt":"2021-03-19T22:53:05","guid":{"rendered":"https:\/\/cp-rup.com\/?page_id=6019"},"modified":"2021-03-19T22:53:05","modified_gmt":"2021-03-19T22:53:05","slug":"legal-warning","status":"publish","type":"page","link":"https:\/\/www.cp-rup.com\/en\/legal-warning\/","title":{"rendered":"Legal warning"},"content":{"rendered":"<h1 style=\"text-align: center;\">Disclaimer<\/h1>\n<p><span id=\"result_box\" class=\"\" lang=\"en\"><span title=\"El presente sitio web tiene por objeto facilitar el acceso p\u00fablico a la informaci\u00f3n relacionada con La Conferencia de presidentes de las Regiones Ultraperif\u00e9ricas de la Uni\u00f3n Europea.\">The purpose of this website is to facilitate public access to information related to the Conference of Presidents of the Ultraperipheral Regions of the European Union. <\/span><span title=\"Nuestro objetivo consiste en velar por la actualidad y exactitud de dicha informaci\u00f3n, no obstante no asumimos responsabilidad alguna en relaci\u00f3n con la informaci\u00f3n incluida en estas p\u00e1ginas. \">Our goal is to ensure the timeliness and accuracy of such information, however we assume no responsibility in relation to the information included in these pages.<\/span><\/span><\/p>\n<p><span title=\"La Conferencia de presidentes se reserva la facultad de efectuar, en cualquier momento y sin necesidad de previo aviso, modificaciones y actualizaciones sobre la informaci\u00f3n contenida en su web o en su configuraci\u00f3n o presentaci\u00f3n.\">The Conference of Presidents reserves the right to make, at any time and without prior notice, modifications and updates on the information contained on its website or its configuration or presentation. <\/span><span title=\"La Conferencia de presidentes no garantiza la inexistencia de errores en el acceso al portal o en su contenido ni que \u00e9ste se encuentre totalmente actualizado, aunque desarrollar\u00e1 los esfuerzos precisos para evitarlos y, en su caso, subsanarlos o actualizarlos a la mayor brevedad posible. \">The Conference of Presidents does not guarantee the absence of errors in the access to the portal or in its content or that it is fully updated, although it will develop the necessary efforts to avoid them and, if necessary, correct or update them as soon as possible.<\/span><\/p>\n<p><span title=\"La informaci\u00f3n proporcionada a trav\u00e9s del portal tiene car\u00e1cter meramente orientativo y en ning\u00fan caso podr\u00e1 ser vinculante para la resoluci\u00f3n de procedimientos administrativos, que se hallar\u00e1 sujeta exclusivamente a la normativa que les sea de aplicaci\u00f3n.\">The information provided through the portal is merely indicative and in no case may be binding for the resolution of administrative procedures, which will be subject exclusively to the regulations that apply to them. <\/span><span title=\"Solo se considera aut\u00e9ntico y surte efecto jur\u00eddico el Diario Oficial de la Uni\u00f3n Europea en su versi\u00f3n impresa o, desde el 1 de julio de 2013, su edici\u00f3n electr\u00f3nica publicada en la web EUR-Lex. \">Only the Official Journal of the European Union in its printed version or, from 1 July 2013, its electronic edition published on the EUR-Lex website is considered authentic and has legal effect.<\/span><\/p>\n<p><span title=\"Tanto el acceso a la web, como el uso que pueda hacerse de la informaci\u00f3n contenida en el mismo son de la exclusiva responsabilidad de quien lo realiza.\">Both the access to the website and the use that may be made of the information contained in it are the exclusive responsibility of the person who carries it out. <\/span><span title=\"La Conferencia de presidentes no responder\u00e1 de ninguna consecuencia, da\u00f1o o perjuicio que pudieran derivarse de dicho acceso o uso de informaci\u00f3n, con excepci\u00f3n de todas aquellas actuaciones que resulten de las disposiciones legales aplicables. \">The Conference of Presidents shall not be liable for any consequence, damage or harm that may result from such access or use of information, with the exception of all actions that result from the applicable legal provisions.<\/span><\/p>\n<p><span title=\"En este sitio web se han incluido enlaces a p\u00e1ginas de sitios web de terceros (\u201clinks\u201d) que se han considerado de inter\u00e9s para los usuarios.\">On this website, links have been included to pages of third party websites (&#8220;links&#8221;) that have been considered of interest to users. <\/span><span title=\"No obstante, La Conferencia de presidentes no asume responsabilidad alguna derivada de la conexi\u00f3n o contenidos de los enlaces de terceros a los que se hace referencia en la web.\">However, The Conference of Presidents does not assume any responsibility derived from the connection or contents of the links of third parties referred to in the web.<\/span><\/p>\n","protected":false},"excerpt":{"rendered":"<p>Disclaimer The purpose of this website is to facilitate public access to information related to the Conference of Presidents of the Ultraperipheral Regions of the European Union. Our goal is to ensure the timeliness and accuracy of such information, however we assume no responsibility in relation to the information included in these pages. The Conference [&hellip;]<\/p>\n","protected":false},"author":37,"featured_media":0,"parent":0,"menu_order":0,"comment_status":"closed","ping_status":"closed","template":"page-static-rich.php","meta":{"_acf_changed":false,"footnotes":"","_links_to":"","_links_to_target":""},"class_list":["post-6019","page","type-page","status-publish","hentry"],"acf":[],"_links":{"self":[{"href":"https:\/\/www.cp-rup.com\/en\/wp-json\/wp\/v2\/pages\/6019","targetHints":{"allow":["GET"]}}],"collection":[{"href":"https:\/\/www.cp-rup.com\/en\/wp-json\/wp\/v2\/pages"}],"about":[{"href":"https:\/\/www.cp-rup.com\/en\/wp-json\/wp\/v2\/types\/page"}],"author":[{"embeddable":true,"href":"https:\/\/www.cp-rup.com\/en\/wp-json\/wp\/v2\/users\/37"}],"replies":[{"embeddable":true,"href":"https:\/\/www.cp-rup.com\/en\/wp-json\/wp\/v2\/comments?post=6019"}],"version-history":[{"count":1,"href":"https:\/\/www.cp-rup.com\/en\/wp-json\/wp\/v2\/pages\/6019\/revisions"}],"predecessor-version":[{"id":6020,"href":"https:\/\/www.cp-rup.com\/en\/wp-json\/wp\/v2\/pages\/6019\/revisions\/6020"}],"wp:attachment":[{"href":"https:\/\/www.cp-rup.com\/en\/wp-json\/wp\/v2\/media?parent=6019"}],"curies":[{"name":"wp","href":"https:\/\/api.w.org\/{rel}","templated":true}]}}