{"id":5779,"date":"2021-03-19T16:34:24","date_gmt":"2021-03-19T16:34:24","guid":{"rendered":"https:\/\/cp-rup.com\/?page_id=5779"},"modified":"2025-06-10T22:30:24","modified_gmt":"2025-06-10T22:30:24","slug":"regiones-ultraperifericas","status":"publish","type":"page","link":"https:\/\/www.cp-rup.com\/es\/regiones-ultraperifericas\/","title":{"rendered":"Regiones Ultraperife\u0301ricas"},"content":{"rendered":"<h2 style=\"text-align: center;\"><span id=\"result_box\" class=\"short_text\" lang=\"es\">Regiones Ultraperife\u0301ricas<\/span><\/h2>\n<h3><\/h3>\n<h2 style=\"text-align: center;\">Las RUP<\/h2>\n<p>&nbsp;<\/p>\n<p>Las Regiones Ultraperif\u00e9ricas de la Uni\u00f3n Europea (RUP), est\u00e1n compuestas por ocho islas y archipi\u00e9lagos distribuidos en el Mar Caribe, el Oc\u00e9ano \u00cdndico y el Oc\u00e9ano Atl\u00e1ntico, y un territorio aislado en Amazonas. Engloban seis colectividades francesas de ultramar (Guayana, Guadalupe, Martinica, Mayotte, Reuni\u00f3n y San Mart\u00edn), dos Regiones Aut\u00f3nomas portuguesas (Azores y Madeira) y una Comunidad Aut\u00f3noma espa\u00f1ola (Islas Canarias).<\/p>\n<p>Estas regiones comparten una serie de limitaciones espec\u00edficas, cuya persistencia y combinaci\u00f3n perjudican gravemente su desarrollo econ\u00f3mico y social:<\/p>\n<ul>\n<li>Una gran <strong>lejan\u00eda<\/strong> del continente europeo, acrecentada por la <strong>insularidad<\/strong> o la <strong>doble insularidad<\/strong> (en el caso de los archipi\u00e9lagos) o el <strong>aislamiento<\/strong> territorial interno y externo (en el caso de Guayana), enfrentando estas regiones a importantes dificultades para beneficiarse de las ventajas del mercado interior de la UE;<\/li>\n<li>Una <strong>integraci\u00f3n en un doble espacio<\/strong> constituido, por una parte, por una zona pol\u00edtico-econ\u00f3mica de pertenencia y, por otra, por un \u00e1rea geogr\u00e1fica de proximidad cercana a pa\u00edses terceros de la UE, o de un espacio totalmente aislado;<\/li>\n<li>La <strong>reducida dimensi\u00f3n del mercado local<\/strong> y la <strong>dependencia econ\u00f3mica de un reducido n\u00famero de productos<\/strong>;<\/li>\n<li><strong>Condiciones geogr\u00e1ficas y clim\u00e1ticas particulares<\/strong> que frenan el desarrollo end\u00f3geno de los sectores primario y secundario.<\/li>\n<\/ul>\n<p>El concepto de la ultraperiferia no se parece, en ning\u00fan caso, al de otras realidades regionales de la UE, con caracter\u00edsticas geogr\u00e1ficas particulares como son las islas, las zonas de monta\u00f1a y las regiones con baja densidad de poblaci\u00f3n, respecto de las cuales existe una diferencia de hecho y de derecho. El derecho primario de la UE reconoce, en el art\u00edculo 349 del Tratado de Funcionamiento de la Uni\u00f3n Europea (TFUE), la especificidad de la ultraperiferia, permitiendo expresamente al Consejo adoptar disposiciones espec\u00edficas destinadas a adaptar el derecho europeo en su aplicaci\u00f3n a estas regiones.<\/p>\n<p>A este respecto, el TJUE en su sentencia de 15 de diciembre de 2015, reconoce que el art\u00edculo 349 del TFUE constituye una base jur\u00eddica aut\u00f3noma y suficiente para adoptar medidas espec\u00edficas destinadas, en particular, a adaptar el derecho europeo a la realidad de las RUP.<\/p>\n<p>&nbsp;<\/p>\n<p>&nbsp;<\/p>\n\t<div class=\"rup_main_map__wrapper position-relative\">\n\t\t<div id=\"rup_main_map\" class=\"position-static\" style=\"background-image: url('https:\/\/www.cp-rup.com\/wp-content\/themes\/rup\/img\/MapaSVGCPRUP.svg');\">\n            <a href=\"https:\/\/www.cp-rup.com\/es\/regiones-ultraperifericas\/azores\/\">\n\t\t\t\t<div class=\"map-marker--wrapper azores\" style=\"top: 35%; left: 39.7%;\">\n\t\t\t\t\t<div class=\"hover_title Azores\"> A\u00e7ores <\/div>\n\t\t\t\t\t<div class=\"map-marker  Azores\" title=\"A\u00e7ores\"><\/div>\n\t\t\t\t<\/div>\n\t\t\t<\/a>\n            <a href=\"https:\/\/www.cp-rup.com\/es\/regiones-ultraperifericas\/madeira\/\">\n\t\t\t\t<div class=\"map-marker--wrapper madeira\" style=\"top: 40%; left: 40.1%;\">\n\t\t\t\t\t<div class=\"hover_title Madeira\"> Madeira <\/div>\n\t\t\t\t\t<div class=\"map-marker  Madeira\" title=\"Madeira\"><\/div>\n\t\t\t\t<\/div>\n\t\t\t<\/a>\n            <a href=\"https:\/\/www.cp-rup.com\/es\/regiones-ultraperifericas\/canarias\/\">\n\t\t\t\t<div class=\"map-marker--wrapper canarias\" style=\"top: 44%; left: 40.5%;\">\n\t\t\t\t\t<div class=\"hover_title Canarias\"> Canarias <\/div>\n\t\t\t\t\t<div class=\"map-marker  Canarias\" title=\"Canarias\"><\/div>\n\t\t\t\t<\/div>\n\t\t\t<\/a>\n            <a href=\"https:\/\/www.cp-rup.com\/es\/regiones-ultraperifericas\/san-martin\/\">\n\t\t\t\t<div class=\"map-marker--wrapper saint-martin\" style=\"top: 46%; left: 30.7%;\">\n\t\t\t\t\t<div class=\"hover_title San_Martin\"> Saint-Martin <\/div>\n\t\t\t\t\t<div class=\"map-marker  San_Martin\" title=\"Saint-Martin\"><\/div>\n\t\t\t\t<\/div>\n\t\t\t<\/a>\n            <a href=\"https:\/\/www.cp-rup.com\/es\/regiones-ultraperifericas\/guadalupe\/\">\n\t\t\t\t<div class=\"map-marker--wrapper guadeloupe\" style=\"top: 48%; left: 31.7%;\">\n\t\t\t\t\t<div class=\"hover_title Guadalupe\"> Guadeloupe <\/div>\n\t\t\t\t\t<div class=\"map-marker  Guadalupe\" title=\"Guadeloupe\"><\/div>\n\t\t\t\t<\/div>\n\t\t\t<\/a>\n            <a href=\"https:\/\/www.cp-rup.com\/es\/regiones-ultraperifericas\/martinica\/\">\n\t\t\t\t<div class=\"map-marker--wrapper martinica\" style=\"top: 51%; left: 31.7%;\">\n\t\t\t\t\t<div class=\"hover_title Martinica\" style=\"top: 5px !important;\"> Martinique <\/div>\n\t\t\t\t\t<div class=\"map-marker  Martinica\" title=\"Martinique\"><\/div>\n\t\t\t\t<\/div>\n\t\t\t<\/a>\n            <a href=\"https:\/\/www.cp-rup.com\/es\/regiones-ultraperifericas\/guayana-francesa\/\">\n\t\t\t\t<div class=\"map-marker--wrapper guayana\" style=\"top: 55.2%; left: 32.2%;\">\n\t\t\t\t\t<div class=\"hover_title Guayana_Francesa\"> Guyane <\/div>\n\t\t\t\t\t<div class=\"map-marker  Guayana_Francesa\" title=\"Guyane\"><\/div>\n\t\t\t\t<\/div>\n\t\t\t<\/a>\n\t\t\t\t\n\t\t\t\n            <a href=\"https:\/\/www.cp-rup.com\/es\/regiones-ultraperifericas\/mayotte\/\">\n\t\t\t\t<div class=\"map-marker--wrapper mayotte\" style=\"top: 67%; left: 52.7%;\">\n\t\t\t\t\t<div class=\"hover_title Mayotte\"> Mayotte <\/div>\n\t\t\t\t\t<div class=\"map-marker  Mayotte\" title=\"Mayotte\"><\/div>\n\t\t\t\t<\/div>\n\t\t\t<\/a>\n            <a href=\"https:\/\/www.cp-rup.com\/es\/regiones-ultraperifericas\/reunion\/\">\n\t\t\t\t<div class=\"map-marker--wrapper reunion\" style=\"top: 72%; left: 55.2%;\">\n\t\t\t\t\t<div class=\"hover_title La_Reunion\"> R\u00e9union <\/div>\n\t\t\t\t\t<div class=\"map-marker  La_Reunion\" title=\"R\u00e9union\"><\/div>\n\t\t\t\t<\/div>\n\t\t\t<\/a>\n\t\t<\/div>\n\t<\/div>\n\n\t<style>\n\t.rup_main_map__wrapper:hover .hover_title {\n\t\topacity:1;\n\t}\n\t\n\t.hover_title {\n\t\tposition: absolute;\n\t\topacity:0;\n\t\ttransition: 0.15s opacity ease-in-out;\n\t\tbackground: rgba(255,255,255,0.75);\n\t\tborder-radius: 5px;\n\t\twidth: 60px;\n\t\tfont-size: 10px;\n\t}\n\n\t\t.hover_title:hover + .map-marker{\n\t\t\tanimation-name: animated-map-marker;\n\t\t\tanimation-duration: 0.5s;\n\t\t\tanimation-iteration-count: infinite;\n\t\t\tanimation-direction: alternate;\n\t\t}\n\t<\/style>\n\t<script>\n\tvar azores = jQuery('.map-marker[title=\"A\u00e7ores\"]');\n\tvar madeira = jQuery('.map-marker[title=\"Madeira\"]');\n\tvar canarias = jQuery('.map-marker[title=\"Canarias\"]');\n\tvar saint_martin = jQuery('.map-marker[title=\"Saint-Martin\"]');\n\tvar guadeloupe = jQuery('.map-marker[title=\"Guadeloupe\"]');\n\tvar martinique = jQuery('.map-marker[title=\"Martinique\"]');\n\tvar guyane = jQuery('.map-marker[title=\"Guyane\"]');\n\tvar mayotte = jQuery('.map-marker[title=\"Mayotte\"]');\n\tvar la_reunion  = jQuery('.map-marker[title=\"R\u00e9union\"]');\n\tvar rup = [ azores, madeira, canarias, mayotte, la_reunion, guyane, martinique, guadeloupe, saint_martin ];\n\tvar speed = 500;\n\tvar animation_from = {opacity: 0.25};\n\tvar animation_to = {opacity: 1};\n\tvar animation_easing = \"swing\";\n\t\n\tfunction animate(index){\n\t\trup[index].animate(animation_from, speed, animation_easing, function(){\n\t\t\trup[index].animate(animation_to, speed, animation_easing, function(){\n\t\t\t\tanimate((index+1) % rup.length);\n\t\t\t});\n\t\t});\n\t}\n\n\tanimate(0);\n\t\n\t<\/script>\n\t\n<p>&nbsp;<\/p>\n<p>&nbsp;<\/p>\n<p>&nbsp;<\/p>\n<p>&nbsp;<\/p>\n<h2><span id=\"result_box\" class=\"short_text\" lang=\"es\"><span class=\"alt-edited\"><div id=\"metaslider-id-2075\" style=\"width: 100%;\" class=\"ml-slider-3-20-3 metaslider metaslider-flex metaslider-2075 ml-slider\">\n    <div id=\"metaslider_container_2075\">\n        <div id=\"metaslider_2075\">\n            <ul aria-live=\"polite\" class=\"slides\">\n                <li style=\"display: block; width: 100%;\" class=\"slide-2377 ms-image\"><img loading=\"lazy\" decoding=\"async\" src=\"https:\/\/www.cp-rup.com\/wp-content\/uploads\/2018\/07\/Reuni\u00f3n-slider-6-1088x400.jpg\" height=\"400\" width=\"1088\" alt=\"\" class=\"slider-2075 slide-2377\" \/><div class=\"caption-wrap\"><div class=\"caption\">Reunion<\/div><\/div><\/li>\n                <li style=\"display: none; width: 100%;\" class=\"slide-2378 ms-image\"><img loading=\"lazy\" decoding=\"async\" src=\"https:\/\/www.cp-rup.com\/wp-content\/uploads\/2018\/07\/Madeira-slider-5-1-1088x400.jpg\" height=\"400\" width=\"1088\" alt=\"\" class=\"slider-2075 slide-2378\" \/><div class=\"caption-wrap\"><div class=\"caption\">Madeira<\/div><\/div><\/li>\n                <li style=\"display: none; width: 100%;\" class=\"slide-3662 ms-image\"><img loading=\"lazy\" decoding=\"async\" src=\"https:\/\/www.cp-rup.com\/wp-content\/uploads\/2018\/09\/SMT-7-1088x400.jpg\" height=\"400\" width=\"1088\" alt=\"\" class=\"slider-2075 slide-3662\" \/><div class=\"caption-wrap\"><div class=\"caption\">Saint Martin<\/div><\/div><\/li>\n                <li style=\"display: none; width: 100%;\" class=\"slide-3718 ms-image\"><img loading=\"lazy\" decoding=\"async\" src=\"https:\/\/www.cp-rup.com\/wp-content\/uploads\/2018\/10\/Azores-JAR-Flores-Island-1088x400.jpg\" height=\"400\" width=\"1088\" alt=\"\" class=\"slider-2075 slide-3718\" \/><div class=\"caption-wrap\"><div class=\"caption\">A\u00e7ores<\/div><\/div><\/li>\n                <li style=\"display: none; width: 100%;\" class=\"slide-3719 ms-image\"><img loading=\"lazy\" decoding=\"async\" src=\"https:\/\/www.cp-rup.com\/wp-content\/uploads\/2018\/10\/GUY-MER-\u00ceLES-DU-SALUT-03-1-1088x400.jpg\" height=\"400\" width=\"1088\" alt=\"\" class=\"slider-2075 slide-3719\" \/><div class=\"caption-wrap\"><div class=\"caption\">Guyane<\/div><\/div><\/li>\n                <li style=\"display: none; width: 100%;\" class=\"slide-3723 ms-image\"><img loading=\"lazy\" decoding=\"async\" src=\"https:\/\/www.cp-rup.com\/wp-content\/uploads\/2018\/09\/GUA-9-1-1088x400.jpg\" height=\"400\" width=\"1088\" alt=\"\" class=\"slider-2075 slide-3723\" \/><div class=\"caption-wrap\"><div class=\"caption\">Guadeloupe<\/div><\/div><\/li>\n                <li style=\"display: none; width: 100%;\" class=\"slide-3724 ms-image\"><img loading=\"lazy\" decoding=\"async\" src=\"https:\/\/www.cp-rup.com\/wp-content\/uploads\/2018\/06\/Parque-Nacional-Timanfaya-Lanzarote-1088x400.jpg\" height=\"400\" width=\"1088\" alt=\"\" class=\"slider-2075 slide-3724\" \/><div class=\"caption-wrap\"><div class=\"caption\">Canarias<\/div><\/div><\/li>\n            <\/ul>\n        <\/div>\n        \n    <\/div>\n<\/div><\/span><\/span><\/h2>\n","protected":false},"excerpt":{"rendered":"<p>Regiones Ultraperife\u0301ricas Las RUP &nbsp; Las Regiones Ultraperif\u00e9ricas de la Uni\u00f3n Europea (RUP), est\u00e1n compuestas por ocho islas y archipi\u00e9lagos distribuidos en el Mar Caribe, el Oc\u00e9ano \u00cdndico y el Oc\u00e9ano Atl\u00e1ntico, y un territorio aislado en Amazonas. Engloban seis colectividades francesas de ultramar (Guayana, Guadalupe, Martinica, Mayotte, Reuni\u00f3n y San Mart\u00edn), dos Regiones Aut\u00f3nomas [&hellip;]<\/p>\n","protected":false},"author":37,"featured_media":0,"parent":0,"menu_order":0,"comment_status":"closed","ping_status":"closed","template":"page-static-rich.php","meta":{"_acf_changed":false,"footnotes":"","_links_to":"","_links_to_target":""},"class_list":["post-5779","page","type-page","status-publish","hentry"],"acf":[],"_links":{"self":[{"href":"https:\/\/www.cp-rup.com\/es\/wp-json\/wp\/v2\/pages\/5779","targetHints":{"allow":["GET"]}}],"collection":[{"href":"https:\/\/www.cp-rup.com\/es\/wp-json\/wp\/v2\/pages"}],"about":[{"href":"https:\/\/www.cp-rup.com\/es\/wp-json\/wp\/v2\/types\/page"}],"author":[{"embeddable":true,"href":"https:\/\/www.cp-rup.com\/es\/wp-json\/wp\/v2\/users\/37"}],"replies":[{"embeddable":true,"href":"https:\/\/www.cp-rup.com\/es\/wp-json\/wp\/v2\/comments?post=5779"}],"version-history":[{"count":3,"href":"https:\/\/www.cp-rup.com\/es\/wp-json\/wp\/v2\/pages\/5779\/revisions"}],"predecessor-version":[{"id":8011,"href":"https:\/\/www.cp-rup.com\/es\/wp-json\/wp\/v2\/pages\/5779\/revisions\/8011"}],"wp:attachment":[{"href":"https:\/\/www.cp-rup.com\/es\/wp-json\/wp\/v2\/media?parent=5779"}],"curies":[{"name":"wp","href":"https:\/\/api.w.org\/{rel}","templated":true}]}}