{"id":5803,"date":"2023-03-01T08:03:05","date_gmt":"2023-03-01T08:03:05","guid":{"rendered":"https:\/\/cp-rup.com\/?page_id=5803"},"modified":"2023-03-01T09:46:29","modified_gmt":"2023-03-01T09:46:29","slug":"canarias","status":"publish","type":"page","link":"https:\/\/www.cp-rup.com\/es\/regiones-ultraperifericas\/canarias\/","title":{"rendered":"Canarias"},"content":{"rendered":"<h2>Canarias, un entorno multicultural<\/h2>\n<p>El Archipi\u00e9lago Canario constituye una cadena de islas de origen volc\u00e1nico que ocupa un \u00e1rea mar\u00edtima de unos 100.000 km\u00b2. Sus puntos extremos son por el norte la Punta de Mosejos en el islote de Alegranza, y al sur la Punta de la Restinga en la isla de El Hierro. La superficie total del Archipi\u00e9lago, seg\u00fan el Instituto Geogr\u00e1fico Nacional, es de 7447 km <strong>.<\/strong> La isla mayor es Tenerife con 2034.21 km<sup>2<\/sup>\u00a0 y la isla menor es El Hierro con 268.70 km<sup>2<\/sup>. Se encuentra en el Oc\u00e9ano Atl\u00e1ntico en el norte de \u00c1frica, cerca de la costa sur de Marruecos y\u00a0 norte del S\u00e1hara. La isla de Fuerteventura dista unos 95 km de la costa africana. La distancia a la masa continental europea es de unos 940 km (del islote de Alegranza al cabo de San Vicente).<\/p>\n<p>Por su privilegiada ubicaci\u00f3n, se considera puente entre Europa, \u00c1frica y Am\u00e9rica.<\/p>\n<p>Tiene una poblaci\u00f3n de 2.249.369 habitantes (Eurostat, 2021), por lo que es la Regi\u00f3n Ultraperif\u00e9rica m\u00e1s habitada, y presenta una densidad de poblaci\u00f3n de 301 habitantes por Km<sup>2<\/sup>,<\/p>\n\t<div class=\"rup_main_map__wrapper position-relative\">\n\t\t<div id=\"rup_main_map\" class=\"position-static\" style=\"background-image: url('https:\/\/www.cp-rup.com\/wp-content\/themes\/rup\/img\/MapaSVGCPRUP.svg');\">\n            <a href=\"https:\/\/www.cp-rup.com\/es\/regiones-ultraperifericas\/azores\/\">\n\t\t\t\t<div class=\"map-marker--wrapper azores\" style=\"top: 35%; left: 39.7%;\">\n\t\t\t\t\t<div class=\"hover_title Azores\"> A\u00e7ores <\/div>\n\t\t\t\t\t<div class=\"map-marker  Azores\" title=\"A\u00e7ores\"><\/div>\n\t\t\t\t<\/div>\n\t\t\t<\/a>\n            <a href=\"https:\/\/www.cp-rup.com\/es\/regiones-ultraperifericas\/madeira\/\">\n\t\t\t\t<div class=\"map-marker--wrapper madeira\" style=\"top: 40%; left: 40.1%;\">\n\t\t\t\t\t<div class=\"hover_title Madeira\"> Madeira <\/div>\n\t\t\t\t\t<div class=\"map-marker  Madeira\" title=\"Madeira\"><\/div>\n\t\t\t\t<\/div>\n\t\t\t<\/a>\n            <a href=\"https:\/\/www.cp-rup.com\/es\/regiones-ultraperifericas\/canarias\/\">\n\t\t\t\t<div class=\"map-marker--wrapper canarias\" style=\"top: 44%; left: 40.5%;\">\n\t\t\t\t\t<div class=\"hover_title Canarias\"> Canarias <\/div>\n\t\t\t\t\t<div class=\"map-marker map-marker--selected Canarias\" title=\"Canarias\"><\/div>\n\t\t\t\t<\/div>\n\t\t\t<\/a>\n            <a href=\"https:\/\/www.cp-rup.com\/es\/regiones-ultraperifericas\/san-martin\/\">\n\t\t\t\t<div class=\"map-marker--wrapper saint-martin\" style=\"top: 46%; left: 30.7%;\">\n\t\t\t\t\t<div class=\"hover_title San_Martin\"> Saint-Martin <\/div>\n\t\t\t\t\t<div class=\"map-marker  San_Martin\" title=\"Saint-Martin\"><\/div>\n\t\t\t\t<\/div>\n\t\t\t<\/a>\n            <a href=\"https:\/\/www.cp-rup.com\/es\/regiones-ultraperifericas\/guadalupe\/\">\n\t\t\t\t<div class=\"map-marker--wrapper guadeloupe\" style=\"top: 48%; left: 31.7%;\">\n\t\t\t\t\t<div class=\"hover_title Guadalupe\"> Guadeloupe <\/div>\n\t\t\t\t\t<div class=\"map-marker  Guadalupe\" title=\"Guadeloupe\"><\/div>\n\t\t\t\t<\/div>\n\t\t\t<\/a>\n            <a href=\"https:\/\/www.cp-rup.com\/es\/regiones-ultraperifericas\/martinica\/\">\n\t\t\t\t<div class=\"map-marker--wrapper martinica\" style=\"top: 51%; left: 31.7%;\">\n\t\t\t\t\t<div class=\"hover_title Martinica\" style=\"top: 5px !important;\"> Martinique <\/div>\n\t\t\t\t\t<div class=\"map-marker  Martinica\" title=\"Martinique\"><\/div>\n\t\t\t\t<\/div>\n\t\t\t<\/a>\n            <a href=\"https:\/\/www.cp-rup.com\/es\/regiones-ultraperifericas\/guayana-francesa\/\">\n\t\t\t\t<div class=\"map-marker--wrapper guayana\" style=\"top: 55.2%; left: 32.2%;\">\n\t\t\t\t\t<div class=\"hover_title Guayana_Francesa\"> Guyane <\/div>\n\t\t\t\t\t<div class=\"map-marker  Guayana_Francesa\" title=\"Guyane\"><\/div>\n\t\t\t\t<\/div>\n\t\t\t<\/a>\n\t\t\t\t\n\t\t\t\n            <a href=\"https:\/\/www.cp-rup.com\/es\/regiones-ultraperifericas\/mayotte\/\">\n\t\t\t\t<div class=\"map-marker--wrapper mayotte\" style=\"top: 67%; left: 52.7%;\">\n\t\t\t\t\t<div class=\"hover_title Mayotte\"> Mayotte <\/div>\n\t\t\t\t\t<div class=\"map-marker  Mayotte\" title=\"Mayotte\"><\/div>\n\t\t\t\t<\/div>\n\t\t\t<\/a>\n            <a href=\"https:\/\/www.cp-rup.com\/es\/regiones-ultraperifericas\/reunion\/\">\n\t\t\t\t<div class=\"map-marker--wrapper reunion\" style=\"top: 72%; left: 55.2%;\">\n\t\t\t\t\t<div class=\"hover_title La_Reunion\"> R\u00e9union <\/div>\n\t\t\t\t\t<div class=\"map-marker  La_Reunion\" title=\"R\u00e9union\"><\/div>\n\t\t\t\t<\/div>\n\t\t\t<\/a>\n\t\t<\/div>\n\t<\/div>\n\n\t<style>\n\t.rup_main_map__wrapper:hover .hover_title {\n\t\topacity:1;\n\t}\n\t\n\t.hover_title {\n\t\tposition: absolute;\n\t\topacity:0;\n\t\ttransition: 0.15s opacity ease-in-out;\n\t\tbackground: rgba(255,255,255,0.75);\n\t\tborder-radius: 5px;\n\t\twidth: 60px;\n\t\tfont-size: 10px;\n\t}\n\n\t\t.hover_title:hover + .map-marker{\n\t\t\tanimation-name: animated-map-marker;\n\t\t\tanimation-duration: 0.5s;\n\t\t\tanimation-iteration-count: infinite;\n\t\t\tanimation-direction: alternate;\n\t\t}\n\t<\/style>\n\t<script>\n\tvar azores = jQuery('.map-marker[title=\"A\u00e7ores\"]');\n\tvar madeira = jQuery('.map-marker[title=\"Madeira\"]');\n\tvar canarias = jQuery('.map-marker[title=\"Canarias\"]');\n\tvar saint_martin = jQuery('.map-marker[title=\"Saint-Martin\"]');\n\tvar guadeloupe = jQuery('.map-marker[title=\"Guadeloupe\"]');\n\tvar martinique = jQuery('.map-marker[title=\"Martinique\"]');\n\tvar guyane = jQuery('.map-marker[title=\"Guyane\"]');\n\tvar mayotte = jQuery('.map-marker[title=\"Mayotte\"]');\n\tvar la_reunion  = jQuery('.map-marker[title=\"R\u00e9union\"]');\n\tvar rup = [ azores, madeira, canarias, mayotte, la_reunion, guyane, martinique, guadeloupe, saint_martin ];\n\tvar speed = 500;\n\tvar animation_from = {opacity: 0.25};\n\tvar animation_to = {opacity: 1};\n\tvar animation_easing = \"swing\";\n\t\n\tfunction animate(index){\n\t\trup[index].animate(animation_from, speed, animation_easing, function(){\n\t\t\trup[index].animate(animation_to, speed, animation_easing, function(){\n\t\t\t\tanimate((index+1) % rup.length);\n\t\t\t});\n\t\t});\n\t}\n\n\tanimate(0);\n\t\n\t<\/script>\n\t\n<h2>Descripci\u00f3n Geopol\u00edtica<\/h2>\n<p>\u200bComo Comunidad Aut\u00f3noma dentro del Estado Espa\u00f1ol,\u00a0 cuenta con un\u00a0 Gobierno y un Parlamento Regional unicameral, y est\u00e1 dotado de Estatuto de Autonom\u00eda desde 1982.<\/p>\n<p>Cada una de las islas tiene un \u00f3rgano de gobierno y administraci\u00f3n denominado Cabildo. Adem\u00e1s, en Canarias hay 88 municipios con sus respectivos Ayuntamientos.<\/p>\n<p>Las islas, de origen volc\u00e1nico, son parte de la regi\u00f3n natural de la Macaronesia. \u200b Su clima es subtropical, aunque var\u00eda localmente seg\u00fan la altitud y la vertiente norte o sur. Esta variabilidad clim\u00e1tica da lugar a una gran diversidad biol\u00f3gica que, junto a la riqueza paisaj\u00edstica y geol\u00f3gica, justifica la existencia en Canarias de cuatro parques nacionales\u200b y que todas las islas tengan reservas de la biosfera de la Unesco, y otras tengan zonas declaradas Patrimonio de la Humanidad.<\/p>\n<p>&nbsp;<\/p>\n<h2>Tejido productivo<\/h2>\n<p><img loading=\"lazy\" decoding=\"async\" class=\"alignnone wp-image-2197 size-full\" src=\"https:\/\/cp-rup.com\/wp-content\/uploads\/2018\/07\/170127_parque_eolico_ecoener_29-3.jpg\" alt=\"\" width=\"2074\" height=\"1017\" srcset=\"https:\/\/www.cp-rup.com\/wp-content\/uploads\/2018\/07\/170127_parque_eolico_ecoener_29-3.jpg 2074w, https:\/\/www.cp-rup.com\/wp-content\/uploads\/2018\/07\/170127_parque_eolico_ecoener_29-3-300x147.jpg 300w, https:\/\/www.cp-rup.com\/wp-content\/uploads\/2018\/07\/170127_parque_eolico_ecoener_29-3-768x377.jpg 768w, https:\/\/www.cp-rup.com\/wp-content\/uploads\/2018\/07\/170127_parque_eolico_ecoener_29-3-1024x502.jpg 1024w\" sizes=\"auto, (max-width: 2074px) 100vw, 2074px\" \/><\/p>\n<p>&nbsp;<\/p>\n<p>Canarias constituye la tercera regi\u00f3n espa\u00f1ola que mayor n\u00famero de turistas extranjeros recibe, m\u00e1s de 12,3 millones de turistas anualmente (INE, 2022).<\/p>\n<p>Por sectores de actividad, la mayor\u00eda de las empresas pertenecen al sector servicios, seguido del comercial. Su tejido empresarial est\u00e1 formado principalmente por peque\u00f1as y medianas empresas PYMEs (entre 10 y 49 trabajadores) y MICROPYMEs (menos de 10 trabajadores).<\/p>\n<p>Las actividades tradicionales de las Islas Canarias son el cultivo del pl\u00e1tano, el tomate y la patata, la ganader\u00eda, la pesca, la piscicultura, el cultivo de plantas y flores, la vinicultura y la industria agroalimentaria, as\u00ed como las energ\u00edas y la desalinizaci\u00f3n del agua de mar.<\/p>\n<p>Sus actividades de vanguardia son la investigaci\u00f3n y el desarrollo en biomedicina, la astronom\u00eda y el turismo. Cuenta con dos observatorios astrof\u00edsicos, el Observatorio del Teide, en la isla de Tenerife, y\u00a0 el Observatorio del Roque de los Muchachos, en la isla de La Palma, en el que se encuentra una de las bater\u00edas de telescopios m\u00e1s completa del mundo.<\/p>\n<p>Asimismo, el Gobierno de Canarias est\u00e1 realizando una apuesta importante por el fomento de la actividad cinematogr\u00e1fica y audiovisual. En los \u00faltimos a\u00f1os se han rodado en las islas un gran n\u00famero de pel\u00edculas, tanto nacionales como internacionales.<\/p>\n<p>&nbsp;<\/p>\n\t\t<div class=\"col-12 mb-5\">\n\t\t\t<div class=\"row widget_picture_with_floating_text\">\n\t\t\t\t<div class=\"col-8  widget_picture_with_floating_text__picture\" style=\"background-image: url('https:\/\/cp-rup.com\/wp-content\/uploads\/2018\/07\/Platanos-w.jpg');\"><\/div>\n\t\t\t\t<div class=\"col-6 widget_picture_with_floating_text__text widget_picture_with_floating_text__text--right\">\n\t\t\t\t\t<h3>Agricultura<\/h3>\n\t\t\t\t\t<p> El sector \u00a0primario en Canarias supone un 1,6% del Producto Interior Bruto (PIB) canario, (Contabilidad Regional de Espa\u00f1a, 2021). <\/p>\n\t\t\t\t<\/div>\n\t\t\t<\/div>\n\t\t<\/div>\n\n\n<p>&nbsp;<\/p>\n\t\t<div class=\"col-12 mb-5\">\n\t\t\t<div class=\"row widget_picture_with_floating_text\">\n\t\t\t\t<div class=\"col-8 offset-4 widget_picture_with_floating_text__picture\" style=\"background-image: url('https:\/\/cp-rup.com\/wp-content\/uploads\/2018\/07\/Muelle-Tenerife.jpg');\"><\/div>\n\t\t\t\t<div class=\"col-6 widget_picture_with_floating_text__text widget_picture_with_floating_text__text--left\">\n\t\t\t\t\t<h3>Log\u00edstica<\/h3>\n\t\t\t\t\t<p> La privilegiada\u00a0 situaci\u00f3n geogr\u00e1fica del archipi\u00e9lago le convierte en\u00a0 plataforma que a\u00fana los continentes de Europa, \u00c1frica y Am\u00e9rica.\u00a0 <\/p>\n\t\t\t\t<\/div>\n\t\t\t<\/div>\n\t\t<\/div>\n\n\n<p>&nbsp;<\/p>\n\t\t<div class=\"col-12 mb-5\">\n\t\t\t<div class=\"row widget_picture_with_floating_text\">\n\t\t\t\t<div class=\"col-8  widget_picture_with_floating_text__picture\" style=\"background-image: url('https:\/\/cp-rup.com\/wp-content\/uploads\/2018\/08\/Foto-CAN.jpg');\"><\/div>\n\t\t\t\t<div class=\"col-6 widget_picture_with_floating_text__text widget_picture_with_floating_text__text--right\">\n\t\t\t\t\t<h3>Para\u00edso Tur\u00edstico<\/h3>\n\t\t\t\t\t<p>Su clima subtropical y su riqueza cultural y paisaj\u00edstica hacen del archipi\u00e9lago canario uno de los destinos tur\u00edsticos preferidos entre los turistas procedentes de Europa, especialmente del Reino Unido y Alemania. A pesar de las consecuencias que ha tenido la pandemia sobre el sector tur\u00edstico de las islas, tal es la importancia del mismo para la econom\u00eda regional, que el sector genera en torno al 25,7% del empleo (196.446 puestos de trabajo) y su aportaci\u00f3n al PIB supera el 22,6% (9.420 millones de \u20ac), (Impactur Canarias, 2021).<\/p>\n<p><\/p>\n\t\t\t\t<\/div>\n\t\t\t<\/div>\n\t\t<\/div>\n\n\n<p>&nbsp;<\/p>\n<hr \/>\n<h2><\/h2>\n<h2 style=\"text-align: center;\">Canarias en fotos<\/h2>\n<div id=\"metaslider-id-2055\" style=\"width: 100%; margin: 0 auto;\" class=\"ml-slider-3-20-3 metaslider metaslider-flex metaslider-2055 ml-slider\">\n    <div id=\"metaslider_container_2055\">\n        <div id=\"metaslider_2055\">\n            <ul aria-live=\"polite\" class=\"slides\">\n                <li style=\"display: none; width: 100%;\" class=\"slide-2299 ms-image\"><img loading=\"lazy\" decoding=\"async\" src=\"https:\/\/www.cp-rup.com\/wp-content\/uploads\/2018\/07\/El-Golfo-El-Hierro-2-822x274.jpg\" height=\"400\" width=\"1200\" alt=\"\" class=\"slider-2055 slide-2299\" \/><div class=\"caption-wrap\"><div class=\"caption\">La Maceta, El Hierro<\/div><\/div><\/li>\n                <li style=\"display: none; width: 100%;\" class=\"slide-2304 ms-image\"><img loading=\"lazy\" decoding=\"async\" src=\"https:\/\/www.cp-rup.com\/wp-content\/uploads\/2018\/07\/La-Geria-Lanzarote-827x275.jpg\" height=\"400\" width=\"1200\" alt=\"\" class=\"slider-2055 slide-2304\" \/><div class=\"caption-wrap\"><div class=\"caption\">La Geria, Lanzarote<\/div><\/div><\/li>\n                <li style=\"display: none; width: 100%;\" class=\"slide-2314 ms-image\"><img loading=\"lazy\" decoding=\"async\" src=\"https:\/\/www.cp-rup.com\/wp-content\/uploads\/2018\/07\/GC-Presa-Sorueda-1200x400.jpg\" height=\"400\" width=\"1200\" alt=\"\" class=\"slider-2055 slide-2314\" \/><div class=\"caption-wrap\"><div class=\"caption\">Presa Sorueda, Gran Canaria<\/div><\/div><\/li>\n                <li style=\"display: none; width: 100%;\" class=\"slide-2316 ms-image\"><img loading=\"lazy\" decoding=\"async\" src=\"https:\/\/www.cp-rup.com\/wp-content\/uploads\/2018\/07\/Balcones-Santa-Cruz-de-La-Palma-1200x400.jpg\" height=\"400\" width=\"1200\" alt=\"\" class=\"slider-2055 slide-2316\" \/><div class=\"caption-wrap\"><div class=\"caption\">Balcones, Santa Cruz de La Palma<\/div><\/div><\/li>\n                <li style=\"display: none; width: 100%;\" class=\"slide-2318 ms-image\"><img loading=\"lazy\" decoding=\"async\" src=\"https:\/\/www.cp-rup.com\/wp-content\/uploads\/2018\/07\/Iglesia-en-Betancuria-Fuerteventura-1200x400.jpg\" height=\"400\" width=\"1200\" alt=\"\" class=\"slider-2055 slide-2318\" \/><div class=\"caption-wrap\"><div class=\"caption\">Betancuria, Fuerteventura<\/div><\/div><\/li>\n                <li style=\"display: none; width: 100%;\" class=\"slide-2328 ms-image\"><img loading=\"lazy\" decoding=\"async\" src=\"https:\/\/www.cp-rup.com\/wp-content\/uploads\/2018\/07\/Bosque-de-El-Cedro-560x186.jpg\" height=\"400\" width=\"1200\" alt=\"\" class=\"slider-2055 slide-2328\" \/><div class=\"caption-wrap\"><div class=\"caption\">Bosque del Cedro, La Gomera<\/div><\/div><\/li>\n                <li style=\"display: none; width: 100%;\" class=\"slide-3518 ms-image\"><img loading=\"lazy\" decoding=\"async\" src=\"https:\/\/www.cp-rup.com\/wp-content\/uploads\/2018\/10\/el-risco-1200x400.jpg\" height=\"400\" width=\"1200\" alt=\"\" class=\"slider-2055 slide-3518\" \/><div class=\"caption-wrap\"><div class=\"caption\">La Graciosa<\/div><\/div><\/li>\n                <li style=\"display: none; width: 100%;\" class=\"slide-3525 ms-image\"><img loading=\"lazy\" decoding=\"async\" src=\"https:\/\/www.cp-rup.com\/wp-content\/uploads\/2018\/10\/Teide-3-1160x386.jpg\" height=\"400\" width=\"1200\" alt=\"\" class=\"slider-2055 slide-3525\" \/><div class=\"caption-wrap\"><div class=\"caption\">El Teide, Tenerife<\/div><\/div><\/li>\n            <\/ul>\n        <\/div>\n        \n    <\/div>\n<\/div>\n","protected":false},"excerpt":{"rendered":"<p>Canarias, un entorno multicultural El Archipi\u00e9lago Canario constituye una cadena de islas de origen volc\u00e1nico que ocupa un \u00e1rea mar\u00edtima de unos 100.000 km\u00b2. Sus puntos extremos son por el norte la Punta de Mosejos en el islote de Alegranza, y al sur la Punta de la Restinga en la isla de El Hierro. La [&hellip;]<\/p>\n","protected":false},"author":37,"featured_media":3796,"parent":5779,"menu_order":0,"comment_status":"closed","ping_status":"closed","template":"page-region-detail.php","meta":{"_acf_changed":false,"footnotes":"","_links_to":"","_links_to_target":""},"class_list":["post-5803","page","type-page","status-publish","has-post-thumbnail","hentry"],"acf":[],"_links":{"self":[{"href":"https:\/\/www.cp-rup.com\/es\/wp-json\/wp\/v2\/pages\/5803","targetHints":{"allow":["GET"]}}],"collection":[{"href":"https:\/\/www.cp-rup.com\/es\/wp-json\/wp\/v2\/pages"}],"about":[{"href":"https:\/\/www.cp-rup.com\/es\/wp-json\/wp\/v2\/types\/page"}],"author":[{"embeddable":true,"href":"https:\/\/www.cp-rup.com\/es\/wp-json\/wp\/v2\/users\/37"}],"replies":[{"embeddable":true,"href":"https:\/\/www.cp-rup.com\/es\/wp-json\/wp\/v2\/comments?post=5803"}],"version-history":[{"count":3,"href":"https:\/\/www.cp-rup.com\/es\/wp-json\/wp\/v2\/pages\/5803\/revisions"}],"predecessor-version":[{"id":8207,"href":"https:\/\/www.cp-rup.com\/es\/wp-json\/wp\/v2\/pages\/5803\/revisions\/8207"}],"up":[{"embeddable":true,"href":"https:\/\/www.cp-rup.com\/es\/wp-json\/wp\/v2\/pages\/5779"}],"wp:featuredmedia":[{"embeddable":true,"href":"https:\/\/www.cp-rup.com\/es\/wp-json\/wp\/v2\/media\/3796"}],"wp:attachment":[{"href":"https:\/\/www.cp-rup.com\/es\/wp-json\/wp\/v2\/media?parent=5803"}],"curies":[{"name":"wp","href":"https:\/\/api.w.org\/{rel}","templated":true}]}}