{"id":5810,"date":"2021-03-19T17:05:31","date_gmt":"2021-03-19T17:05:31","guid":{"rendered":"https:\/\/cp-rup.com\/?page_id=5810"},"modified":"2021-03-19T17:05:31","modified_gmt":"2021-03-19T17:05:31","slug":"guadalupe","status":"publish","type":"page","link":"https:\/\/www.cp-rup.com\/es\/regiones-ultraperifericas\/guadalupe\/","title":{"rendered":"Guadalupe"},"content":{"rendered":"<p>&nbsp;<\/p>\n<h2 style=\"text-align: center;\">Descripci\u00f3n Territorial<\/h2>\n<p>Situado en el coraz\u00f3n de las Indias Occidentales, a unos 6.762 kil\u00f3metros de la Francia metropolitana, Guadalupe es un archipi\u00e9lago de 1.628 km\u00b2 y seis islas habitadas, cada una con sus propias singularidades: Grande-Terre, Basse-Terre, Marie Galante, Les Saintes, D\u00e9sirade.<\/p>\n<p>La diversidad de su patrimonio natural es la mayor riqueza del Archipi\u00e9lago. Desde el Soufriere, el volc\u00e1n m\u00e1s alto de las Antillas Menores, hasta los bosques de manglares pasando por los islotes de Grand Cul-de-Sac Marin, Guadalupe es un semillero de la biodiversidad. La existencia del Parque Nacional de Guadalupe, designado como Reserva de la Biosfera por la UNESCO, tambi\u00e9n le confiere un reconocimiento internacional.<\/p>\n<p>Encrucijada de pueblos y culturas, a lo largo de la historia el archipi\u00e9lago de Guadalupe ha estado marcado por una mezcla cultural que ha contribuido a construir su identidad. La misma se basa en un crisol de costumbres, entre las que destacan la m\u00fasica Gwo-ka, declarada patrimonio cultural inmaterial de la Humanidad, el Carnaval y las distintas ceremonias de las comunidades que conforman la sociedad guadalupe\u00f1a: India, L\u00edbano o Hait\u00ed. Nuestro archipi\u00e9lago se ilustra por su vitalidad y su abundancia cultural, desde la m\u00fasica hasta la pintura, pasando por la literatura.<\/p>\n<p>Con el aeropuerto internacional P\u00f4le Cara\u00efbes, que conecta el archipi\u00e9lago con las Am\u00e9ricas, el Caribe y Europa, Guadalupe est\u00e1 abierta al mundo y al comercio. Con casi 2,4 millones de pasajeros en 2017, el aeropuerto se acerca a su objetivo de convertirse en el centro europeo del Caribe. Actualmente se encuentra en fase de expansi\u00f3n, con la extensi\u00f3n de la pista y de la terminal. El Gran Puerto de Guadalupe, sexto puerto franc\u00e9s para contenedores, contribuye a la creaci\u00f3n de riqueza y comercio a nivel local.<\/p>\n<p>Guadalupe, tambi\u00e9n una regi\u00f3n ultraperif\u00e9rica francesa, afirma su posici\u00f3n estrat\u00e9gica al establecerse como un puente entre el Caribe y Europa. El archipi\u00e9lago se proyecta a nivel nacional e internacional con 649.891 turistas en 2017. Guadalupe es un destino de cruceros con un gran potencial\u00a0: el proyecto de la bah\u00eda de Karukera da fe de ello, ya que pretende ampliar los muelles de cruceros para dar cabida a barcos m\u00e1s grandes, pero tambi\u00e9n para facilitar acceso y recepci\u00f3n de turistas a trav\u00e9s de un puerto deportivo, restaurantes y un paseo mar\u00edtimo.<\/p>\n<p>Jarry, la tercera \u00e1rea industrial m\u00e1s grande de Francia y centro econ\u00f3mico de la isla, contribuye al desarrollo del territorio con 15.000 puestos de trabajo. Sin embargo, Guadalupe tambi\u00e9n sufre grandes dificultades. Una de las prioridades es impulsar la actividad econ\u00f3mica a trav\u00e9s de la investigaci\u00f3n y la innovaci\u00f3n, el apoyo al comercio y el desarrollo de viveros. La otra prioridad es formar a los j\u00f3venes para las profesiones del ma\u00f1ana, lo que tambi\u00e9n garantiza el atractivo del territorio. Como tal, la Regi\u00f3n Guadalupe apoya particularmente el crecimiento verde y azul, las energ\u00edas renovables, el desarrollo de la oferta tur\u00edstica con la Universidad de las Indias Occidentales, el transporte, el deporte a trav\u00e9s del centro de excelencia CREPS y la estructuraci\u00f3n de una industria audiovisual y cinematogr\u00e1fica.<\/p>\n<p>&nbsp;<\/p>\n<p>El archipi\u00e9lago de Guadalupe es sin duda un terreno deportivo grande y hermoso donde crecen los campeones del ma\u00f1ana sobre la base de sus fortalezas: aficionados a las atividades deportivas, el aumento de equipamientos de calidad en todo el territorio, y entrenadores formados y din\u00e1micos. Guadalupe tambi\u00e9n quiere ser el escenario de grandes eventos\u00a0: la Ruta del Ron, Destino Guadalupe, Karujet (Campeonato Internacional de motos de agua), El Traditour, el Abierto Internacional de Golf, Copa Davis en 2016, torneos internacionales de baloncesto y balonmano, etc.<\/p>\n<p>&nbsp;<\/p>\n<ul>\n<li>Guadalupe<\/li>\n<li>Capital\u00a0: Basse Terre<\/li>\n<li>Poblaci\u00f3n: 393.640 Crecimiento demogr\u00e1fico\u00a0: &#8211; 0.3 \/ a\u00f1o<\/li>\n<li>Superficie\u00a0: 1628,4 km\u00b2<\/li>\n<li>Densidad\u00a0: 243,1 habitantes \/ km<sup>2 <\/sup><\/li>\n<li>PIB 2016\u00a0: 8,8 M\u20ac<\/li>\n<li>PIB per c\u00e1pita 2016\u00a0: 22.121 \u20ac<\/li>\n<li>Tasa de paro 2014\u00a0: 24\u00a0%<\/li>\n<li>Esperanza de vida\u00a0: 83.5 a\u00f1os (mujeres) \/ 77 a\u00f1os (hombres)<\/li>\n<li>Tasa de natalidad\u00a0: 9<\/li>\n<li>Tasa de fecundidad\u00a0: 2,18 hijos \/ mujer<\/li>\n<li>Tasa de mortalidad\u00a0: 7,1<\/li>\n<li>Fuente: Insee<\/li>\n<\/ul>\n\t<div class=\"rup_main_map__wrapper position-relative\">\n\t\t<div id=\"rup_main_map\" class=\"position-static\" style=\"background-image: url('https:\/\/www.cp-rup.com\/wp-content\/themes\/rup\/img\/MapaSVGCPRUP.svg');\">\n            <a href=\"https:\/\/www.cp-rup.com\/es\/regiones-ultraperifericas\/azores\/\">\n\t\t\t\t<div class=\"map-marker--wrapper azores\" style=\"top: 35%; left: 39.7%;\">\n\t\t\t\t\t<div class=\"hover_title Azores\"> A\u00e7ores <\/div>\n\t\t\t\t\t<div class=\"map-marker  Azores\" title=\"A\u00e7ores\"><\/div>\n\t\t\t\t<\/div>\n\t\t\t<\/a>\n            <a href=\"https:\/\/www.cp-rup.com\/es\/regiones-ultraperifericas\/madeira\/\">\n\t\t\t\t<div class=\"map-marker--wrapper madeira\" style=\"top: 40%; left: 40.1%;\">\n\t\t\t\t\t<div class=\"hover_title Madeira\"> Madeira <\/div>\n\t\t\t\t\t<div class=\"map-marker  Madeira\" title=\"Madeira\"><\/div>\n\t\t\t\t<\/div>\n\t\t\t<\/a>\n            <a href=\"https:\/\/www.cp-rup.com\/es\/regiones-ultraperifericas\/canarias\/\">\n\t\t\t\t<div class=\"map-marker--wrapper canarias\" style=\"top: 44%; left: 40.5%;\">\n\t\t\t\t\t<div class=\"hover_title Canarias\"> Canarias <\/div>\n\t\t\t\t\t<div class=\"map-marker  Canarias\" title=\"Canarias\"><\/div>\n\t\t\t\t<\/div>\n\t\t\t<\/a>\n            <a href=\"https:\/\/www.cp-rup.com\/es\/regiones-ultraperifericas\/san-martin\/\">\n\t\t\t\t<div class=\"map-marker--wrapper saint-martin\" style=\"top: 46%; left: 30.7%;\">\n\t\t\t\t\t<div class=\"hover_title San_Martin\"> Saint-Martin <\/div>\n\t\t\t\t\t<div class=\"map-marker  San_Martin\" title=\"Saint-Martin\"><\/div>\n\t\t\t\t<\/div>\n\t\t\t<\/a>\n            <a href=\"https:\/\/www.cp-rup.com\/es\/regiones-ultraperifericas\/guadalupe\/\">\n\t\t\t\t<div class=\"map-marker--wrapper guadeloupe\" style=\"top: 48%; left: 31.7%;\">\n\t\t\t\t\t<div class=\"hover_title Guadalupe\"> Guadeloupe <\/div>\n\t\t\t\t\t<div class=\"map-marker map-marker--selected Guadalupe\" title=\"Guadeloupe\"><\/div>\n\t\t\t\t<\/div>\n\t\t\t<\/a>\n            <a href=\"https:\/\/www.cp-rup.com\/es\/regiones-ultraperifericas\/martinica\/\">\n\t\t\t\t<div class=\"map-marker--wrapper martinica\" style=\"top: 51%; left: 31.7%;\">\n\t\t\t\t\t<div class=\"hover_title Martinica\" style=\"top: 5px !important;\"> Martinique <\/div>\n\t\t\t\t\t<div class=\"map-marker  Martinica\" title=\"Martinique\"><\/div>\n\t\t\t\t<\/div>\n\t\t\t<\/a>\n            <a href=\"https:\/\/www.cp-rup.com\/es\/regiones-ultraperifericas\/guayana-francesa\/\">\n\t\t\t\t<div class=\"map-marker--wrapper guayana\" style=\"top: 55.2%; left: 32.2%;\">\n\t\t\t\t\t<div class=\"hover_title Guayana_Francesa\"> Guyane <\/div>\n\t\t\t\t\t<div class=\"map-marker  Guayana_Francesa\" title=\"Guyane\"><\/div>\n\t\t\t\t<\/div>\n\t\t\t<\/a>\n\t\t\t\t\n\t\t\t\n            <a href=\"https:\/\/www.cp-rup.com\/es\/regiones-ultraperifericas\/mayotte\/\">\n\t\t\t\t<div class=\"map-marker--wrapper mayotte\" style=\"top: 67%; left: 52.7%;\">\n\t\t\t\t\t<div class=\"hover_title Mayotte\"> Mayotte <\/div>\n\t\t\t\t\t<div class=\"map-marker  Mayotte\" title=\"Mayotte\"><\/div>\n\t\t\t\t<\/div>\n\t\t\t<\/a>\n            <a href=\"https:\/\/www.cp-rup.com\/es\/regiones-ultraperifericas\/reunion\/\">\n\t\t\t\t<div class=\"map-marker--wrapper reunion\" style=\"top: 72%; left: 55.2%;\">\n\t\t\t\t\t<div class=\"hover_title La_Reunion\"> R\u00e9union <\/div>\n\t\t\t\t\t<div class=\"map-marker  La_Reunion\" title=\"R\u00e9union\"><\/div>\n\t\t\t\t<\/div>\n\t\t\t<\/a>\n\t\t<\/div>\n\t<\/div>\n\n\t<style>\n\t.rup_main_map__wrapper:hover .hover_title {\n\t\topacity:1;\n\t}\n\t\n\t.hover_title {\n\t\tposition: absolute;\n\t\topacity:0;\n\t\ttransition: 0.15s opacity ease-in-out;\n\t\tbackground: rgba(255,255,255,0.75);\n\t\tborder-radius: 5px;\n\t\twidth: 60px;\n\t\tfont-size: 10px;\n\t}\n\n\t\t.hover_title:hover + .map-marker{\n\t\t\tanimation-name: animated-map-marker;\n\t\t\tanimation-duration: 0.5s;\n\t\t\tanimation-iteration-count: infinite;\n\t\t\tanimation-direction: alternate;\n\t\t}\n\t<\/style>\n\t<script>\n\tvar azores = jQuery('.map-marker[title=\"A\u00e7ores\"]');\n\tvar madeira = jQuery('.map-marker[title=\"Madeira\"]');\n\tvar canarias = jQuery('.map-marker[title=\"Canarias\"]');\n\tvar saint_martin = jQuery('.map-marker[title=\"Saint-Martin\"]');\n\tvar guadeloupe = jQuery('.map-marker[title=\"Guadeloupe\"]');\n\tvar martinique = jQuery('.map-marker[title=\"Martinique\"]');\n\tvar guyane = jQuery('.map-marker[title=\"Guyane\"]');\n\tvar mayotte = jQuery('.map-marker[title=\"Mayotte\"]');\n\tvar la_reunion  = jQuery('.map-marker[title=\"R\u00e9union\"]');\n\tvar rup = [ azores, madeira, canarias, mayotte, la_reunion, guyane, martinique, guadeloupe, saint_martin ];\n\tvar speed = 500;\n\tvar animation_from = {opacity: 0.25};\n\tvar animation_to = {opacity: 1};\n\tvar animation_easing = \"swing\";\n\t\n\tfunction animate(index){\n\t\trup[index].animate(animation_from, speed, animation_easing, function(){\n\t\t\trup[index].animate(animation_to, speed, animation_easing, function(){\n\t\t\t\tanimate((index+1) % rup.length);\n\t\t\t});\n\t\t});\n\t}\n\n\tanimate(0);\n\t\n\t<\/script>\n\t\n<p>&nbsp;<\/p>\n<h2 style=\"text-align: center;\">Descripci\u00f3n del tejido productivo<\/h2>\n<p>Guadalupe posee una econom\u00eda moderna que ha cambiado gradualmente desde principios de los a\u00f1os 90. Los sectores de la agricultura, el comercio minorista y la construcci\u00f3n, tradicionalmente predominantes, han sido reemplazados por un sector privado din\u00e1mico, dominado principalmente por los servicios.<\/p>\n<p>La isla tiene casi 40.000 negocios, que emplean un total de poco m\u00e1s de 47.000 personas.<\/p>\n<p>Sobre la base de un nuevo modelo econ\u00f3mico, la regi\u00f3n de Guadalupe garantiza el desarrollo sostenible y equilibrado del territorio, con la ambici\u00f3n de actuar ahora para preparar lo mejor para el futuro. De hecho, la regi\u00f3n se encuentra entre las regiones francesas con mejores registros en t\u00e9rminos de creaci\u00f3n de negocios, en su mayor\u00eda empresas muy peque\u00f1as, con un promedio de alrededor de 5.000 empresas por a\u00f1o.<\/p>\n<p>Respaldados por un fuerte compromiso con el desarrollo del crecimiento verde y azul, la agricultura, la ganader\u00eda y la pesca son sectores clave que deben preservarse y modernizarse. Estos emplean al 12% de la poblaci\u00f3n activa de la regi\u00f3n y contribuyen con el 6% del producto bruto regional. La agricultura se basa en dos pilares tradicionales: la ca\u00f1a de az\u00facar y el cultivo del pl\u00e1tano.<\/p>\n<p>La industria del turismo ha sido favorable durante los 6 \u00faltimos a\u00f1os, con el n\u00famero de estancias tur\u00edsticas al alza.<\/p>\n<h2 style=\"text-align: center;\">El turismo<\/h2>\n<p><strong>\u00a0<\/strong>El turismo es ahora un sector clave de nuestra econom\u00eda.<\/p>\n<p>El turismo ha aumentado considerablemente en Guadalupe en los \u00faltimos seis a\u00f1os, con 720.304 turistas, incluidos 234.304 cruceristas. En 2016, los visitantes se gastaron m\u00e1s de 600 millones de euros en nuestro archipi\u00e9lago, impulsando as\u00ed la econom\u00eda local.<\/p>\n<p>En 2017, la ocupaci\u00f3n hotelera fue excelente, con un aumento del 25% durante el a\u00f1o 2016. El fomento p\u00fablico se traduce en general en una atenci\u00f3n particular a los equipamientos, pero tambi\u00e9n en forma de ayudas directas a la renovaci\u00f3n y la ampliaci\u00f3n de los parques hoteleros,las\u00a0 ayudas a las estructuras de alojamiento peque\u00f1as, y la atenci\u00f3n al desarrollo del turismo de salud, encabezado por el Hotel Arawak y el futuro centro de talasoterapia de Moule.<\/p>\n<p>La apertura de nuevas rutas, como Pointe \u00e0 Pitre-Montreal o Pointe \u00e0 Pitre-Atlanta, as\u00ed como la llegada de nuevas aerol\u00edneas como Level o Norwegian, favorecen la accesibilidad y el atractivo del territorio y suponen un espaldarazo para llegar al objetivo regional de 1 mill\u00f3n de turistas, 1.000 millones de euros de facturaci\u00f3n y 1.000 nuevos puestos de trabajo para 2020.<\/p>\n<p><strong>\u00a0<\/strong>\t\t<div class=\"col-12 mb-5\">\n\t\t\t<div class=\"row widget_picture_with_floating_text\">\n\t\t\t\t<div class=\"col-8  widget_picture_with_floating_text__picture\" style=\"background-image: url('https:\/\/cp-rup.com\/wp-content\/uploads\/2018\/09\/GUA-4Les-Saintes.jpeg');\"><\/div>\n\t\t\t\t<div class=\"col-6 widget_picture_with_floating_text__text widget_picture_with_floating_text__text--right\">\n\t\t\t\t\t<h3><\/h3>\n\t\t\t\t\t<p>La apertura de nuevas rutas, como Pointe \u00e0 Pitre-Montreal o Pointe \u00e0 Pitre-Atlanta, as\u00ed como la llegada de nuevas aerol\u00edneas como Level o Norwegian, favorecen la accesibilidad y el atractivo del territorio.\u00a0 <\/p>\n\t\t\t\t<\/div>\n\t\t\t<\/div>\n\t\t<\/div>\n\n<\/p>\n<h2 style=\"text-align: center;\">El transporte<\/h2>\n<p><strong>\u00a0<\/strong>Ya sea por carretera, aire o mar, el transporte ocupa un lugar destacado en Guadalupe, ya que nuestro archipi\u00e9lago est\u00e1 compuesto por seis islas principales. Debido al desarrollo de los espacios urbanos y al aumento del n\u00famero de veh\u00edculos en nuestras carreteras, los puntos de congesti\u00f3n en las horas pico se multiplican e intensifican. En este sentido, se est\u00e1n llevando a cabo importantes trabajos de desarrollo de carreteras para mejorar la red.<\/p>\n<p>Adem\u00e1s, debe subrayarse la puesta en marcha de una red de autobuses urbanos con un alto nivel de servicio en TCSP para facilitar el viaje entre los diferentes municipios.<\/p>\n<p>Para descongestionar la red de carreteras, la explotaci\u00f3n de rutas mar\u00edtimas se convierte en una soluci\u00f3n evidente. El proyecto \u00abBus De Mer\u00bb, que entrar\u00e1 en la fase de lanzamiento a finales de 2018, permitir\u00e1 a los habitantes de Grande-Terre y Basse-Terre ir al coraz\u00f3n de la isla y estar conectados entre s\u00ed.<\/p>\n<hr \/>\n\t\t<div class=\"col-12 mb-5\">\n\t\t\t<div class=\"row widget_picture_with_floating_text\">\n\t\t\t\t<div class=\"col-8 offset-4 widget_picture_with_floating_text__picture\" style=\"background-image: url('https:\/\/cp-rup.com\/wp-content\/uploads\/2018\/09\/GUA-1-e1536150349976.jpeg');\"><\/div>\n\t\t\t\t<div class=\"col-6 widget_picture_with_floating_text__text widget_picture_with_floating_text__text--left\">\n\t\t\t\t\t<h3><\/h3>\n\t\t\t\t\t<p>Ya sea por carretera, aire o mar, el transporte ocupa un lugar destacado en Guadalupe, ya que nuestro archipi\u00e9lago est\u00e1 compuesto por seis islas principales.\u00a0 <\/p>\n\t\t\t\t<\/div>\n\t\t\t<\/div>\n\t\t<\/div>\n\n\n<h2 style=\"text-align: center;\">Energ\u00edas renovables<\/h2>\n<p>Debido a su ubicaci\u00f3n, nuestro archipi\u00e9lago tiene muchos recursos locales de energ\u00eda que le permiten sustituir por completo las fuentes de energ\u00eda de origen f\u00f3sil: la geot\u00e9rmica, que representa el 4,69%, producida en el centro de Bouillante, primer productor de la electricidad industrial en Francia, y la biomasa, que hoy representa un 2.78%.<\/p>\n<p>Guadalupe quiere ser una referencia en t\u00e9rminos de energ\u00eda con el objetivo de alcanzar el 50% de energ\u00edas renovables para el a\u00f1o 2030 y perfeccionar su transici\u00f3n energ\u00e9tica al lograr la autonom\u00eda energ\u00e9tica para 2050. Este deseo se ilustra, en particular, mediante la instalaci\u00f3n del proyecto \u00abmega megavatios\u00bb del mayor parque e\u00f3lico de las Antillas francesas en el norte de Basse Terre. Adem\u00e1s, los esfuerzos llevaron a aumentar la producci\u00f3n de energ\u00edas renovables al 17.59% y aumentar el n\u00famero de instalaciones.<\/p>\n\t\t<div class=\"col-12 mb-5\">\n\t\t\t<div class=\"row widget_picture_with_floating_text\">\n\t\t\t\t<div class=\"col-8  widget_picture_with_floating_text__picture\" style=\"background-image: url('https:\/\/cp-rup.com\/wp-content\/uploads\/2018\/09\/GUA-13.jpg');\"><\/div>\n\t\t\t\t<div class=\"col-6 widget_picture_with_floating_text__text widget_picture_with_floating_text__text--right\">\n\t\t\t\t\t<h3>Agricultura<\/h3>\n\t\t\t\t\t<p>Respaldados por un fuerte compromiso con el desarrollo del crecimiento verde y azul, la agricultura, la ganader\u00eda y la pesca son sectores clave que deben preservarse y modernizarse<\/p>\n\t\t\t\t<\/div>\n\t\t\t<\/div>\n\t\t<\/div>\n\n\n<h2 style=\"text-align: center;\">Guadalupe en fotos<\/h2>\n<div id=\"metaslider-id-1096\" style=\"width: 100%; margin: 0 auto;\" class=\"ml-slider-3-20-3 metaslider metaslider-flex metaslider-1096 ml-slider\">\n    <div id=\"metaslider_container_1096\">\n        <div id=\"metaslider_1096\">\n            <ul aria-live=\"polite\" class=\"slides\">\n                <li style=\"display: none; width: 100%;\" class=\"slide-2734 ms-image\"><img loading=\"lazy\" decoding=\"async\" src=\"https:\/\/www.cp-rup.com\/wp-content\/uploads\/2018\/09\/GUA-9-1-1200x400.jpg\" height=\"400\" width=\"1200\" alt=\"\" class=\"slider-1096 slide-2734\" \/><\/li>\n                <li style=\"display: none; width: 100%;\" class=\"slide-2735 ms-image\"><img loading=\"lazy\" decoding=\"async\" src=\"https:\/\/www.cp-rup.com\/wp-content\/uploads\/2018\/09\/GUA-8-Panorama-2-e1536147709874-1200x400.jpg\" height=\"400\" width=\"1200\" alt=\"\" class=\"slider-1096 slide-2735\" \/><\/li>\n                <li style=\"display: none; width: 100%;\" class=\"slide-2736 ms-image\"><img loading=\"lazy\" decoding=\"async\" src=\"https:\/\/www.cp-rup.com\/wp-content\/uploads\/2018\/09\/GUA-6-1200x400.jpeg\" height=\"400\" width=\"1200\" alt=\"\" class=\"slider-1096 slide-2736\" \/><\/li>\n                <li style=\"display: none; width: 100%;\" class=\"slide-2737 ms-image\"><img loading=\"lazy\" decoding=\"async\" src=\"https:\/\/www.cp-rup.com\/wp-content\/uploads\/2018\/09\/GUA-3-1200x400.jpg\" height=\"400\" width=\"1200\" alt=\"\" class=\"slider-1096 slide-2737\" \/><\/li>\n                <li style=\"display: none; width: 100%;\" class=\"slide-2738 ms-image\"><img loading=\"lazy\" decoding=\"async\" src=\"https:\/\/www.cp-rup.com\/wp-content\/uploads\/2018\/09\/GUA-4Les-Saintes-1200x400.jpeg\" height=\"400\" width=\"1200\" alt=\"\" class=\"slider-1096 slide-2738\" \/><\/li>\n                <li style=\"display: none; width: 100%;\" class=\"slide-2739 ms-image\"><img loading=\"lazy\" decoding=\"async\" src=\"https:\/\/www.cp-rup.com\/wp-content\/uploads\/2018\/09\/GUA-11-e1536147504950-1200x400.jpg\" height=\"400\" width=\"1200\" alt=\"\" class=\"slider-1096 slide-2739\" \/><\/li>\n                <li style=\"display: none; width: 100%;\" class=\"slide-2743 ms-image\"><img loading=\"lazy\" decoding=\"async\" src=\"https:\/\/www.cp-rup.com\/wp-content\/uploads\/2018\/09\/GUA-13-1024x341.jpg\" height=\"400\" width=\"1200\" alt=\"\" class=\"slider-1096 slide-2743\" \/><\/li>\n            <\/ul>\n        <\/div>\n        \n    <\/div>\n<\/div>\n","protected":false},"excerpt":{"rendered":"<p>&nbsp; Descripci\u00f3n Territorial Situado en el coraz\u00f3n de las Indias Occidentales, a unos 6.762 kil\u00f3metros de la Francia metropolitana, Guadalupe es un archipi\u00e9lago de 1.628 km\u00b2 y seis islas habitadas, cada una con sus propias singularidades: Grande-Terre, Basse-Terre, Marie Galante, Les Saintes, D\u00e9sirade. La diversidad de su patrimonio natural es la mayor riqueza del Archipi\u00e9lago. [&hellip;]<\/p>\n","protected":false},"author":37,"featured_media":2728,"parent":5779,"menu_order":0,"comment_status":"closed","ping_status":"closed","template":"page-region-detail.php","meta":{"_acf_changed":false,"footnotes":"","_links_to":"","_links_to_target":""},"class_list":["post-5810","page","type-page","status-publish","has-post-thumbnail","hentry"],"acf":[],"_links":{"self":[{"href":"https:\/\/www.cp-rup.com\/es\/wp-json\/wp\/v2\/pages\/5810","targetHints":{"allow":["GET"]}}],"collection":[{"href":"https:\/\/www.cp-rup.com\/es\/wp-json\/wp\/v2\/pages"}],"about":[{"href":"https:\/\/www.cp-rup.com\/es\/wp-json\/wp\/v2\/types\/page"}],"author":[{"embeddable":true,"href":"https:\/\/www.cp-rup.com\/es\/wp-json\/wp\/v2\/users\/37"}],"replies":[{"embeddable":true,"href":"https:\/\/www.cp-rup.com\/es\/wp-json\/wp\/v2\/comments?post=5810"}],"version-history":[{"count":1,"href":"https:\/\/www.cp-rup.com\/es\/wp-json\/wp\/v2\/pages\/5810\/revisions"}],"predecessor-version":[{"id":5811,"href":"https:\/\/www.cp-rup.com\/es\/wp-json\/wp\/v2\/pages\/5810\/revisions\/5811"}],"up":[{"embeddable":true,"href":"https:\/\/www.cp-rup.com\/es\/wp-json\/wp\/v2\/pages\/5779"}],"wp:featuredmedia":[{"embeddable":true,"href":"https:\/\/www.cp-rup.com\/es\/wp-json\/wp\/v2\/media\/2728"}],"wp:attachment":[{"href":"https:\/\/www.cp-rup.com\/es\/wp-json\/wp\/v2\/media?parent=5810"}],"curies":[{"name":"wp","href":"https:\/\/api.w.org\/{rel}","templated":true}]}}