{"id":5818,"date":"2021-03-19T17:09:40","date_gmt":"2021-03-19T17:09:40","guid":{"rendered":"https:\/\/cp-rup.com\/?page_id=5818"},"modified":"2021-03-19T17:09:40","modified_gmt":"2021-03-19T17:09:40","slug":"guayana-francesa","status":"publish","type":"page","link":"https:\/\/www.cp-rup.com\/es\/regiones-ultraperifericas\/guayana-francesa\/","title":{"rendered":"Guayana francesa"},"content":{"rendered":"<h2 style=\"text-align: center;\">Guayana francesa: de r\u00edos a estrellas<\/h2>\n<p>Enclave franc\u00e9s en Sudam\u00e9rica, Guayana es el departamento de ultramar m\u00e1s grande.<\/p>\n<p>Tierra de potencial, esta regi\u00f3n aut\u00e9ntica y din\u00e1mica rebosa de vida en todas sus formas.<\/p>\n<p>Recorrer este territorio es ir al encuentro de su mosaico de pueblos y de su mestizaje cultural que combina tradiciones y saber hacer.<\/p>\n<p>Con su selva amaz\u00f3nica majestuosa, misteriosa y \u00fanica en el mundo, Guayana posee los secretos de la biodiversidad.<\/p>\n<p>Tambi\u00e9n es una tierra de innovaci\u00f3n, en la que su centro espacial ultramoderno es el punto de lanzamiento de los cohetes Ariane, Soyouz y Vega, buques insignia de la industria europea.<\/p>\n<p>Un puente sobre el r\u00edo Oyapock une, a trav\u00e9s de Guayana, a France con Brasil y a Sudam\u00e9rica con Europa.<\/p>\n\t<div class=\"rup_main_map__wrapper position-relative\">\n\t\t<div id=\"rup_main_map\" class=\"position-static\" style=\"background-image: url('https:\/\/www.cp-rup.com\/wp-content\/themes\/rup\/img\/MapaSVGCPRUP.svg');\">\n            <a href=\"https:\/\/www.cp-rup.com\/es\/regiones-ultraperifericas\/azores\/\">\n\t\t\t\t<div class=\"map-marker--wrapper azores\" style=\"top: 35%; left: 39.7%;\">\n\t\t\t\t\t<div class=\"hover_title Azores\"> A\u00e7ores <\/div>\n\t\t\t\t\t<div class=\"map-marker  Azores\" title=\"A\u00e7ores\"><\/div>\n\t\t\t\t<\/div>\n\t\t\t<\/a>\n            <a href=\"https:\/\/www.cp-rup.com\/es\/regiones-ultraperifericas\/madeira\/\">\n\t\t\t\t<div class=\"map-marker--wrapper madeira\" style=\"top: 40%; left: 40.1%;\">\n\t\t\t\t\t<div class=\"hover_title Madeira\"> Madeira <\/div>\n\t\t\t\t\t<div class=\"map-marker  Madeira\" title=\"Madeira\"><\/div>\n\t\t\t\t<\/div>\n\t\t\t<\/a>\n            <a href=\"https:\/\/www.cp-rup.com\/es\/regiones-ultraperifericas\/canarias\/\">\n\t\t\t\t<div class=\"map-marker--wrapper canarias\" style=\"top: 44%; left: 40.5%;\">\n\t\t\t\t\t<div class=\"hover_title Canarias\"> Canarias <\/div>\n\t\t\t\t\t<div class=\"map-marker  Canarias\" title=\"Canarias\"><\/div>\n\t\t\t\t<\/div>\n\t\t\t<\/a>\n            <a href=\"https:\/\/www.cp-rup.com\/es\/regiones-ultraperifericas\/san-martin\/\">\n\t\t\t\t<div class=\"map-marker--wrapper saint-martin\" style=\"top: 46%; left: 30.7%;\">\n\t\t\t\t\t<div class=\"hover_title San_Martin\"> Saint-Martin <\/div>\n\t\t\t\t\t<div class=\"map-marker  San_Martin\" title=\"Saint-Martin\"><\/div>\n\t\t\t\t<\/div>\n\t\t\t<\/a>\n            <a href=\"https:\/\/www.cp-rup.com\/es\/regiones-ultraperifericas\/guadalupe\/\">\n\t\t\t\t<div class=\"map-marker--wrapper guadeloupe\" style=\"top: 48%; left: 31.7%;\">\n\t\t\t\t\t<div class=\"hover_title Guadalupe\"> Guadeloupe <\/div>\n\t\t\t\t\t<div class=\"map-marker  Guadalupe\" title=\"Guadeloupe\"><\/div>\n\t\t\t\t<\/div>\n\t\t\t<\/a>\n            <a href=\"https:\/\/www.cp-rup.com\/es\/regiones-ultraperifericas\/martinica\/\">\n\t\t\t\t<div class=\"map-marker--wrapper martinica\" style=\"top: 51%; left: 31.7%;\">\n\t\t\t\t\t<div class=\"hover_title Martinica\" style=\"top: 5px !important;\"> Martinique <\/div>\n\t\t\t\t\t<div class=\"map-marker  Martinica\" title=\"Martinique\"><\/div>\n\t\t\t\t<\/div>\n\t\t\t<\/a>\n            <a href=\"https:\/\/www.cp-rup.com\/es\/regiones-ultraperifericas\/guayana-francesa\/\">\n\t\t\t\t<div class=\"map-marker--wrapper guayana\" style=\"top: 55.2%; left: 32.2%;\">\n\t\t\t\t\t<div class=\"hover_title Guayana_Francesa\"> Guyane <\/div>\n\t\t\t\t\t<div class=\"map-marker map-marker--selected Guayana_Francesa\" title=\"Guyane\"><\/div>\n\t\t\t\t<\/div>\n\t\t\t<\/a>\n\t\t\t\t\n\t\t\t\n            <a href=\"https:\/\/www.cp-rup.com\/es\/regiones-ultraperifericas\/mayotte\/\">\n\t\t\t\t<div class=\"map-marker--wrapper mayotte\" style=\"top: 67%; left: 52.7%;\">\n\t\t\t\t\t<div class=\"hover_title Mayotte\"> Mayotte <\/div>\n\t\t\t\t\t<div class=\"map-marker  Mayotte\" title=\"Mayotte\"><\/div>\n\t\t\t\t<\/div>\n\t\t\t<\/a>\n            <a href=\"https:\/\/www.cp-rup.com\/es\/regiones-ultraperifericas\/reunion\/\">\n\t\t\t\t<div class=\"map-marker--wrapper reunion\" style=\"top: 72%; left: 55.2%;\">\n\t\t\t\t\t<div class=\"hover_title La_Reunion\"> R\u00e9union <\/div>\n\t\t\t\t\t<div class=\"map-marker  La_Reunion\" title=\"R\u00e9union\"><\/div>\n\t\t\t\t<\/div>\n\t\t\t<\/a>\n\t\t<\/div>\n\t<\/div>\n\n\t<style>\n\t.rup_main_map__wrapper:hover .hover_title {\n\t\topacity:1;\n\t}\n\t\n\t.hover_title {\n\t\tposition: absolute;\n\t\topacity:0;\n\t\ttransition: 0.15s opacity ease-in-out;\n\t\tbackground: rgba(255,255,255,0.75);\n\t\tborder-radius: 5px;\n\t\twidth: 60px;\n\t\tfont-size: 10px;\n\t}\n\n\t\t.hover_title:hover + .map-marker{\n\t\t\tanimation-name: animated-map-marker;\n\t\t\tanimation-duration: 0.5s;\n\t\t\tanimation-iteration-count: infinite;\n\t\t\tanimation-direction: alternate;\n\t\t}\n\t<\/style>\n\t<script>\n\tvar azores = jQuery('.map-marker[title=\"A\u00e7ores\"]');\n\tvar madeira = jQuery('.map-marker[title=\"Madeira\"]');\n\tvar canarias = jQuery('.map-marker[title=\"Canarias\"]');\n\tvar saint_martin = jQuery('.map-marker[title=\"Saint-Martin\"]');\n\tvar guadeloupe = jQuery('.map-marker[title=\"Guadeloupe\"]');\n\tvar martinique = jQuery('.map-marker[title=\"Martinique\"]');\n\tvar guyane = jQuery('.map-marker[title=\"Guyane\"]');\n\tvar mayotte = jQuery('.map-marker[title=\"Mayotte\"]');\n\tvar la_reunion  = jQuery('.map-marker[title=\"R\u00e9union\"]');\n\tvar rup = [ azores, madeira, canarias, mayotte, la_reunion, guyane, martinique, guadeloupe, saint_martin ];\n\tvar speed = 500;\n\tvar animation_from = {opacity: 0.25};\n\tvar animation_to = {opacity: 1};\n\tvar animation_easing = \"swing\";\n\t\n\tfunction animate(index){\n\t\trup[index].animate(animation_from, speed, animation_easing, function(){\n\t\t\trup[index].animate(animation_to, speed, animation_easing, function(){\n\t\t\t\tanimate((index+1) % rup.length);\n\t\t\t});\n\t\t});\n\t}\n\n\tanimate(0);\n\t\n\t<\/script>\n\t\n<h2><\/h2>\n<h2 style=\"text-align: center;\">Ubicaci\u00f3n<\/h2>\n<p>Guayana est\u00e1 situada al Noreste de Sudam\u00e9rica, entre Surinam y Brasil. Es un departamento-regi\u00f3n de ultramar (DROM en franc\u00e9s) que tiene una superficie de 83.853 km\u00b2.<\/p>\n<p>Por lo tanto, es la segunda regi\u00f3n m\u00e1s grande de Francia, detr\u00e1s de Nueva Aquitania, con una poblaci\u00f3n de 262.381 habitantes a 1 de enero de 2018.<\/p>\n<p>Est\u00e1 delimitada:<\/p>\n<ul>\n<li>Al Norte, por la costa que, en su conjunto, es llana y pantanosa y est\u00e1 formada por tierras sedimentarias recientes;<\/li>\n<li>Al Este, por el r\u00edo Oyapock, entre Guayana y Brasil;<\/li>\n<li>Al Oeste, por el r\u00edo Maroni, que separa a Guayana de Surinam;<\/li>\n<li>Al Sur, la frontera con Brasil se materializa con la l\u00ednea divisoria de las aguas con la cuenca del Amazonas.<\/li>\n<\/ul>\n<p>Guayana posee 300 km de costas, 520 km de frontera con Surinam y 700 km de frontera con Brasil.<\/p>\n<p>Cayena es la capital del departamento y est\u00e1 situada a 7.072 km de Paris, a 5.000 km de R\u00edo de Janeiro y a 5.000 km de Nueva York.<\/p>\n<h2 style=\"text-align: center;\">Econom\u00eda<\/h2>\n<p>Guayana cuenta hoy con varios sectores econ\u00f3micos din\u00e1micos. En primer lugar, la industria del espacio, que sigue siendo el motor de la econom\u00eda guayanesa, que representa el 15% del PIB del territorio y 4.500 puestos de trabajo en 2017. Le sigue la construcci\u00f3n y las obras p\u00fablicas (BTP en franc\u00e9s). Tras un periodo moderado hasta 2016, la reactivaci\u00f3n de la contrataci\u00f3n p\u00fablica est\u00e1 revitalizando este sector.<\/p>\n<p>Estos son los pilares a los que hay que sumar otros impulsores. Por ello, se est\u00e1 impulsando una gesti\u00f3n de transformaci\u00f3n del tejido econ\u00f3mico a trav\u00e9s de la pol\u00edtica territorial, con la ayuda de los sectores que tienen en com\u00fan aprovechar los recursos locales: el sector maderero, las actividades mineras y extractivas, el turismo, la agricultura y la pesca.<\/p>\n<p>En vista del coste de la vida impactado por la insuficiente oferta y la repercusi\u00f3n del coste de la importaci\u00f3n, se deben establecer impulsores para la creaci\u00f3n de riqueza y empleo con el fin de reducir la dependencia econ\u00f3mica de Guyana.<\/p>\n<p>El consumo de los hogares y la inversi\u00f3n empresarial est\u00e1n orientados como lo muestra la actividad bancaria y las ventas de autom\u00f3viles. A pesar de una tasa de desempleo del 26% seg\u00fan la OIT, desde 2017, no obstante, el empleo por cuenta ajena y el trabajo temporal est\u00e1n de nuevo en aumento.<\/p>\n<p>En 2018, el n\u00famero de nuevas empresas contin\u00faa creciendo y est\u00e1 alcanzando un nivel r\u00e9cord. La creaci\u00f3n de empresas individuales es especialmente fuerte. Este dinamismo est\u00e1 alcanzando a todos los sectores de actividad.<\/p>\n\t\t<div class=\"col-12 mb-5\">\n\t\t\t<div class=\"row widget_picture_with_floating_text\">\n\t\t\t\t<div class=\"col-8  widget_picture_with_floating_text__picture\" style=\"background-image: url('https:\/\/cp-rup.com\/wp-content\/uploads\/2018\/10\/GUY-Spatial.jpg');\"><\/div>\n\t\t\t\t<div class=\"col-6 widget_picture_with_floating_text__text widget_picture_with_floating_text__text--right\">\n\t\t\t\t\t<h3>Sector Aeroespacial<\/h3>\n\t\t\t\t\t<p>La industria del espacio, que sigue siendo el motor de la econom\u00eda guayanesa, representa el 15% del PIB del territorio y 4.500 puestos de trabajo en 2017<\/p>\n<p><\/p>\n\t\t\t\t<\/div>\n\t\t\t<\/div>\n\t\t<\/div>\n\n\n\t\t<div class=\"col-12 mb-5\">\n\t\t\t<div class=\"row widget_picture_with_floating_text\">\n\t\t\t\t<div class=\"col-8 offset-4 widget_picture_with_floating_text__picture\" style=\"background-image: url('https:\/\/cp-rup.com\/wp-content\/uploads\/2018\/10\/GUY-BATIMENT-DE-LA-CTG-03-1.jpg');\"><\/div>\n\t\t\t\t<div class=\"col-6 widget_picture_with_floating_text__text widget_picture_with_floating_text__text--left\">\n\t\t\t\t\t<h3>Construcci\u00f3n y Obras P\u00fablicas<\/h3>\n\t\t\t\t\t<p><\/p>\n<p class=\"Standard\">Tras un periodo moderado hasta 2016, la reactivaci\u00f3n de la contrataci\u00f3n p\u00fablica est\u00e1 revitalizando este sector.<\/p>\n<p><\/p>\n\t\t\t\t<\/div>\n\t\t\t<\/div>\n\t\t<\/div>\n\n\n<p>&nbsp;<\/p>\n<h2 style=\"text-align: center;\">Pol\u00edtica<\/h2>\n<p>Guayana es un departamento de ultramar desde 1946 y una regi\u00f3n desde las leyes de descentralizaci\u00f3n de 1982.<\/p>\n<p>Guayana forma parte del sistema administrativo y pol\u00edtico franc\u00e9s. El Estado est\u00e1 representado en el territorio por el Prefecto Regional, que es responsable de los intereses nacionales, el cumplimiento de la ley, la seguridad y el control administrativo. El territorio guayan\u00e9s est\u00e1 organizado en dos distritos, Cayena y Saint-Laurent du Maroni, que es la subprefectura.<\/p>\n<p>Desde 2016, Guayana es administrada localmente por la Colectividad Territorial de Guayana, donde cada proyecto es sometido a votaci\u00f3n de la asamblea territorial, compuesta por 51 consejeros regionales, elegidos por un periodo de 6 a\u00f1os.<\/p>\n<p>A nivel nacional, Guayana est\u00e1 representada por parlamentarios, a saber, dos diputados y dos senadores.<\/p>\n<p>Como departamento-regi\u00f3n de ultramar (DROM), Guayana es parte integrante de la Uni\u00f3n Europea dentro de la cual es una regi\u00f3n ultraperif\u00e9rica. Como tal, se beneficia de \u00abmedidas espec\u00edficas\u00bb destinadas a adaptar el derecho comunitario, teniendo en cuenta las caracter\u00edsticas y limitaciones particulares de estas regiones.<\/p>\n<h2>Guayana en fotos<\/h2>\n<h2><div id=\"metaslider-id-3626\" style=\"width: 100%; margin: 0 auto;\" class=\"ml-slider-3-20-3 metaslider metaslider-flex metaslider-3626 ml-slider\">\n    <div id=\"metaslider_container_3626\">\n        <div id=\"metaslider_3626\">\n            <ul aria-live=\"polite\" class=\"slides\">\n                <li style=\"display: none; width: 100%;\" class=\"slide-3627 ms-image\"><img loading=\"lazy\" decoding=\"async\" src=\"https:\/\/www.cp-rup.com\/wp-content\/uploads\/2018\/10\/GUY-FLEUVE-MARONI-01-1200x400.jpg\" height=\"400\" width=\"1200\" alt=\"\" class=\"slider-3626 slide-3627\" \/><div class=\"caption-wrap\"><div class=\"caption\">Fleuve Maroni <\/div><\/div><\/li>\n                <li style=\"display: none; width: 100%;\" class=\"slide-3628 ms-image\"><img loading=\"lazy\" decoding=\"async\" src=\"https:\/\/www.cp-rup.com\/wp-content\/uploads\/2018\/10\/GUY-FLEUVE-OYAPOCK-01-1200x400.jpg\" height=\"400\" width=\"1200\" alt=\"\" class=\"slider-3626 slide-3628\" \/><div class=\"caption-wrap\"><div class=\"caption\">Fleuve Oyapock<\/div><\/div><\/li>\n                <li style=\"display: none; width: 100%;\" class=\"slide-3629 ms-image\"><img loading=\"lazy\" decoding=\"async\" src=\"https:\/\/www.cp-rup.com\/wp-content\/uploads\/2018\/10\/GUY-FOR\u00caT-01-1200x400.jpg\" height=\"400\" width=\"1200\" alt=\"\" class=\"slider-3626 slide-3629\" \/><div class=\"caption-wrap\"><div class=\"caption\">Foret<\/div><\/div><\/li>\n                <li style=\"display: none; width: 100%;\" class=\"slide-3630 ms-image\"><img loading=\"lazy\" decoding=\"async\" src=\"https:\/\/www.cp-rup.com\/wp-content\/uploads\/2018\/10\/GUY-FLEUVE-OYAPOCK-02-1200x400.jpg\" height=\"400\" width=\"1200\" alt=\"\" class=\"slider-3626 slide-3630\" \/><div class=\"caption-wrap\"><div class=\"caption\">Fleuve Oyapock<\/div><\/div><\/li>\n                <li style=\"display: none; width: 100%;\" class=\"slide-3631 ms-image\"><img loading=\"lazy\" decoding=\"async\" src=\"https:\/\/www.cp-rup.com\/wp-content\/uploads\/2018\/10\/GUY-MER-\u00ceLES-DU-SALUT-03-1-1200x400.jpg\" height=\"400\" width=\"1200\" alt=\"\" class=\"slider-3626 slide-3631\" \/><div class=\"caption-wrap\"><div class=\"caption\">Mer Iles du Salut<\/div><\/div><\/li>\n                <li style=\"display: none; width: 100%;\" class=\"slide-3632 ms-image\"><img loading=\"lazy\" decoding=\"async\" src=\"https:\/\/www.cp-rup.com\/wp-content\/uploads\/2018\/10\/GUY-RIVIERE-LA-COMTE-02-1200x400.jpg\" height=\"400\" width=\"1200\" alt=\"\" class=\"slider-3626 slide-3632\" \/><div class=\"caption-wrap\"><div class=\"caption\">Riviere La Comte<\/div><\/div><\/li>\n            <\/ul>\n        <\/div>\n        \n    <\/div>\n<\/div><\/h2>\n","protected":false},"excerpt":{"rendered":"<p>Guayana francesa: de r\u00edos a estrellas Enclave franc\u00e9s en Sudam\u00e9rica, Guayana es el departamento de ultramar m\u00e1s grande. Tierra de potencial, esta regi\u00f3n aut\u00e9ntica y din\u00e1mica rebosa de vida en todas sus formas. Recorrer este territorio es ir al encuentro de su mosaico de pueblos y de su mestizaje cultural que combina tradiciones y saber [&hellip;]<\/p>\n","protected":false},"author":37,"featured_media":3572,"parent":5779,"menu_order":0,"comment_status":"closed","ping_status":"closed","template":"page-region-detail.php","meta":{"_acf_changed":false,"footnotes":"","_links_to":"","_links_to_target":""},"class_list":["post-5818","page","type-page","status-publish","has-post-thumbnail","hentry"],"acf":[],"_links":{"self":[{"href":"https:\/\/www.cp-rup.com\/es\/wp-json\/wp\/v2\/pages\/5818","targetHints":{"allow":["GET"]}}],"collection":[{"href":"https:\/\/www.cp-rup.com\/es\/wp-json\/wp\/v2\/pages"}],"about":[{"href":"https:\/\/www.cp-rup.com\/es\/wp-json\/wp\/v2\/types\/page"}],"author":[{"embeddable":true,"href":"https:\/\/www.cp-rup.com\/es\/wp-json\/wp\/v2\/users\/37"}],"replies":[{"embeddable":true,"href":"https:\/\/www.cp-rup.com\/es\/wp-json\/wp\/v2\/comments?post=5818"}],"version-history":[{"count":1,"href":"https:\/\/www.cp-rup.com\/es\/wp-json\/wp\/v2\/pages\/5818\/revisions"}],"predecessor-version":[{"id":5819,"href":"https:\/\/www.cp-rup.com\/es\/wp-json\/wp\/v2\/pages\/5818\/revisions\/5819"}],"up":[{"embeddable":true,"href":"https:\/\/www.cp-rup.com\/es\/wp-json\/wp\/v2\/pages\/5779"}],"wp:featuredmedia":[{"embeddable":true,"href":"https:\/\/www.cp-rup.com\/es\/wp-json\/wp\/v2\/media\/3572"}],"wp:attachment":[{"href":"https:\/\/www.cp-rup.com\/es\/wp-json\/wp\/v2\/media?parent=5818"}],"curies":[{"name":"wp","href":"https:\/\/api.w.org\/{rel}","templated":true}]}}