{"id":5825,"date":"2021-03-19T17:13:38","date_gmt":"2021-03-19T17:13:38","guid":{"rendered":"https:\/\/cp-rup.com\/?page_id=5825"},"modified":"2021-03-19T17:13:38","modified_gmt":"2021-03-19T17:13:38","slug":"madeira","status":"publish","type":"page","link":"https:\/\/www.cp-rup.com\/es\/regiones-ultraperifericas\/madeira\/","title":{"rendered":"Madeira"},"content":{"rendered":"<h2 style=\"text-align: center;\">Madeira,\u00a0 una pantalla de dos colores:<\/h2>\n<h2 style=\"text-align: center;\">verde y azul<\/h2>\n<p>Con un espacio natural muy variado y rico, mar y monta\u00f1a, la Regi\u00f3n Aut\u00f3noma de Madeira es una Regi\u00f3n Ultraperif\u00e9rica reconocida por su vasta biodiversidad.<\/p>\n<p>En la tranquilidad de la naturaleza se ofrecen experiencias deslumbrantes, ya sea haciendo \u00ablevadas\u00bb, que son caminatas junto a canales de irrigaci\u00f3n que transportan agua de las monta\u00f1as, a jugar al golf o a disfrutar de un paseo relajante en barco. Para despertar la adrenalina, el desaf\u00edo puede pasar por el <em>canyoning<\/em>, BTT, paseos de jeep o incluso parapente.<\/p>\n<p>Adem\u00e1s del patrimonio natural, en el que destaca el bosque de Laurisilva reconocido por la UNESCO como patrimonio de la humanidad, su patrimonio cultural es un testimonio valioso de su historia y legado del tiempo en que la Regi\u00f3n formaba parte de las principales rutas comerciales de Europa. De ah\u00ed son ejemplos la diversidad museol\u00f3gica, guardi\u00e1n de esas memorias, y estilos arquitect\u00f3nicos bien demarcados como el g\u00f3tico y el manuelino, visible particularmente en la Catedral de Funchal, que refuerza la afirmaci\u00f3n de ciudad tur\u00edstica.<\/p>\n\t<div class=\"rup_main_map__wrapper position-relative\">\n\t\t<div id=\"rup_main_map\" class=\"position-static\" style=\"background-image: url('https:\/\/www.cp-rup.com\/wp-content\/themes\/rup\/img\/MapaSVGCPRUP.svg');\">\n            <a href=\"https:\/\/www.cp-rup.com\/es\/regiones-ultraperifericas\/azores\/\">\n\t\t\t\t<div class=\"map-marker--wrapper azores\" style=\"top: 35%; left: 39.7%;\">\n\t\t\t\t\t<div class=\"hover_title Azores\"> A\u00e7ores <\/div>\n\t\t\t\t\t<div class=\"map-marker  Azores\" title=\"A\u00e7ores\"><\/div>\n\t\t\t\t<\/div>\n\t\t\t<\/a>\n            <a href=\"https:\/\/www.cp-rup.com\/es\/regiones-ultraperifericas\/madeira\/\">\n\t\t\t\t<div class=\"map-marker--wrapper madeira\" style=\"top: 40%; left: 40.1%;\">\n\t\t\t\t\t<div class=\"hover_title Madeira\"> Madeira <\/div>\n\t\t\t\t\t<div class=\"map-marker map-marker--selected Madeira\" title=\"Madeira\"><\/div>\n\t\t\t\t<\/div>\n\t\t\t<\/a>\n            <a href=\"https:\/\/www.cp-rup.com\/es\/regiones-ultraperifericas\/canarias\/\">\n\t\t\t\t<div class=\"map-marker--wrapper canarias\" style=\"top: 44%; left: 40.5%;\">\n\t\t\t\t\t<div class=\"hover_title Canarias\"> Canarias <\/div>\n\t\t\t\t\t<div class=\"map-marker  Canarias\" title=\"Canarias\"><\/div>\n\t\t\t\t<\/div>\n\t\t\t<\/a>\n            <a href=\"https:\/\/www.cp-rup.com\/es\/regiones-ultraperifericas\/san-martin\/\">\n\t\t\t\t<div class=\"map-marker--wrapper saint-martin\" style=\"top: 46%; left: 30.7%;\">\n\t\t\t\t\t<div class=\"hover_title San_Martin\"> Saint-Martin <\/div>\n\t\t\t\t\t<div class=\"map-marker  San_Martin\" title=\"Saint-Martin\"><\/div>\n\t\t\t\t<\/div>\n\t\t\t<\/a>\n            <a href=\"https:\/\/www.cp-rup.com\/es\/regiones-ultraperifericas\/guadalupe\/\">\n\t\t\t\t<div class=\"map-marker--wrapper guadeloupe\" style=\"top: 48%; left: 31.7%;\">\n\t\t\t\t\t<div class=\"hover_title Guadalupe\"> Guadeloupe <\/div>\n\t\t\t\t\t<div class=\"map-marker  Guadalupe\" title=\"Guadeloupe\"><\/div>\n\t\t\t\t<\/div>\n\t\t\t<\/a>\n            <a href=\"https:\/\/www.cp-rup.com\/es\/regiones-ultraperifericas\/martinica\/\">\n\t\t\t\t<div class=\"map-marker--wrapper martinica\" style=\"top: 51%; left: 31.7%;\">\n\t\t\t\t\t<div class=\"hover_title Martinica\" style=\"top: 5px !important;\"> Martinique <\/div>\n\t\t\t\t\t<div class=\"map-marker  Martinica\" title=\"Martinique\"><\/div>\n\t\t\t\t<\/div>\n\t\t\t<\/a>\n            <a href=\"https:\/\/www.cp-rup.com\/es\/regiones-ultraperifericas\/guayana-francesa\/\">\n\t\t\t\t<div class=\"map-marker--wrapper guayana\" style=\"top: 55.2%; left: 32.2%;\">\n\t\t\t\t\t<div class=\"hover_title Guayana_Francesa\"> Guyane <\/div>\n\t\t\t\t\t<div class=\"map-marker  Guayana_Francesa\" title=\"Guyane\"><\/div>\n\t\t\t\t<\/div>\n\t\t\t<\/a>\n\t\t\t\t\n\t\t\t\n            <a href=\"https:\/\/www.cp-rup.com\/es\/regiones-ultraperifericas\/mayotte\/\">\n\t\t\t\t<div class=\"map-marker--wrapper mayotte\" style=\"top: 67%; left: 52.7%;\">\n\t\t\t\t\t<div class=\"hover_title Mayotte\"> Mayotte <\/div>\n\t\t\t\t\t<div class=\"map-marker  Mayotte\" title=\"Mayotte\"><\/div>\n\t\t\t\t<\/div>\n\t\t\t<\/a>\n            <a href=\"https:\/\/www.cp-rup.com\/es\/regiones-ultraperifericas\/reunion\/\">\n\t\t\t\t<div class=\"map-marker--wrapper reunion\" style=\"top: 72%; left: 55.2%;\">\n\t\t\t\t\t<div class=\"hover_title La_Reunion\"> R\u00e9union <\/div>\n\t\t\t\t\t<div class=\"map-marker  La_Reunion\" title=\"R\u00e9union\"><\/div>\n\t\t\t\t<\/div>\n\t\t\t<\/a>\n\t\t<\/div>\n\t<\/div>\n\n\t<style>\n\t.rup_main_map__wrapper:hover .hover_title {\n\t\topacity:1;\n\t}\n\t\n\t.hover_title {\n\t\tposition: absolute;\n\t\topacity:0;\n\t\ttransition: 0.15s opacity ease-in-out;\n\t\tbackground: rgba(255,255,255,0.75);\n\t\tborder-radius: 5px;\n\t\twidth: 60px;\n\t\tfont-size: 10px;\n\t}\n\n\t\t.hover_title:hover + .map-marker{\n\t\t\tanimation-name: animated-map-marker;\n\t\t\tanimation-duration: 0.5s;\n\t\t\tanimation-iteration-count: infinite;\n\t\t\tanimation-direction: alternate;\n\t\t}\n\t<\/style>\n\t<script>\n\tvar azores = jQuery('.map-marker[title=\"A\u00e7ores\"]');\n\tvar madeira = jQuery('.map-marker[title=\"Madeira\"]');\n\tvar canarias = jQuery('.map-marker[title=\"Canarias\"]');\n\tvar saint_martin = jQuery('.map-marker[title=\"Saint-Martin\"]');\n\tvar guadeloupe = jQuery('.map-marker[title=\"Guadeloupe\"]');\n\tvar martinique = jQuery('.map-marker[title=\"Martinique\"]');\n\tvar guyane = jQuery('.map-marker[title=\"Guyane\"]');\n\tvar mayotte = jQuery('.map-marker[title=\"Mayotte\"]');\n\tvar la_reunion  = jQuery('.map-marker[title=\"R\u00e9union\"]');\n\tvar rup = [ azores, madeira, canarias, mayotte, la_reunion, guyane, martinique, guadeloupe, saint_martin ];\n\tvar speed = 500;\n\tvar animation_from = {opacity: 0.25};\n\tvar animation_to = {opacity: 1};\n\tvar animation_easing = \"swing\";\n\t\n\tfunction animate(index){\n\t\trup[index].animate(animation_from, speed, animation_easing, function(){\n\t\t\trup[index].animate(animation_to, speed, animation_easing, function(){\n\t\t\t\tanimate((index+1) % rup.length);\n\t\t\t});\n\t\t});\n\t}\n\n\tanimate(0);\n\t\n\t<\/script>\n\t\n<h2><\/h2>\n<h2 style=\"text-align: center;\">Geograf\u00eda<\/h2>\n<p>El archipi\u00e9lago de Madeira, cuya capital es Funchal, se sit\u00faa en la placa africana, en el oc\u00e9ano Atl\u00e1ntico, entre 30 \u00b0 y 33 \u00b0 de latitud norte, casi a la misma latitud de Casablanca; a 978 km al suroeste de Lisboa, a unos 700 km al oeste de la costa de \u00c1frica y 450 km al norte de las Islas Canarias.<\/p>\n<p>Este archipi\u00e9lago est\u00e1 formado por la isla de Madeira, con un \u00e1rea de 741 km\u00b2; por la isla de Porto Santo, con 42,5 km\u00b2; por las islas Desertas, con un total de 14,2 km\u00b2 en el conjunto de sus tres islas; y por las islas Salvajes, cuyo conjunto de tres islas y diecis\u00e9is peque\u00f1os islotes detienen un \u00e1rea de 3,6 km\u00b2. S\u00f3lo Madeira y Porto Santo est\u00e1n habitadas.<\/p>\n<p>La Regi\u00f3n Aut\u00f3noma de Madeira abarca tambi\u00e9n el mar circundante y sus fondos, en particular las aguas territoriales y la zona econ\u00f3mica exclusiva.<\/p>\n<p>Su posici\u00f3n geogr\u00e1fica privilegiada y su orograf\u00eda monta\u00f1osa confieren a la isla de Madeira una agradable condici\u00f3n clim\u00e1tica, con temperaturas medias muy suaves, que oscilan entre los 25 \u00b0 C en verano y los 17 \u00b0 C en invierno, unidas a una humedad moderada. Por influencia de la corriente caliente del Golfo de M\u00e9jico, el agua del mar es igualmente muy templada, presentando promedios en el verano de 22\u00b0 C y de 18\u00b0 C en invierno.<\/p>\n<p>La Regi\u00f3n Aut\u00f3noma de Madeira presenta, aproximadamente, 255 mil habitantes y una densidad poblacional de 318 habitantes \/ km\u00b2.<\/p>\n<h2><\/h2>\n<h2 style=\"text-align: center;\">Sistema pol\u00edtico<\/h2>\n<p>Madeira es una regi\u00f3n aut\u00f3noma de la Rep\u00fablica Portuguesa consagrada en la Constituci\u00f3n Portuguesa de 1976. Su autonom\u00eda pol\u00edtica, administrativa, financiera, econ\u00f3mica y tributaria no afecta a la integridad de la soberan\u00eda del Estado y se ejerce en el marco de la Constituci\u00f3n y del Estatuto Pol\u00edtico y Administrativo aprobado por la Ley n\u00ba 13\/91, de 5 de junio, y revisado por la Ley n\u00ba 130\/99, de 21 de agosto.<\/p>\n<p>Esta Regi\u00f3n Ultraperif\u00e9rica portuguesa tiene sus propios \u00f3rganos de gobierno: la Asamblea Legislativa y el Gobierno Regional.<\/p>\n<h2><\/h2>\n<h2 style=\"text-align: center;\">Econom\u00eda<\/h2>\n<p>La econom\u00eda de Madeira se basa en el sector de los servicios (85% del PIB), siendo el turismo el principal impulsor y la mayor fuente de ingresos de la Regi\u00f3n por el efecto multiplicador en varios sectores de actividad y, en particular, por la contribuci\u00f3n a la creaci\u00f3n de empleo.<\/p>\n<p>La industria regional est\u00e1 dominada por peque\u00f1as y medianas empresas. En ella coexisten actividades de car\u00e1cter artesanal, como los famosos bordados, las tapicer\u00edas y art\u00edculos de mimbre, con las industrias agroalimentarias, de bebidas y de tabacos. De destacar el relevante papel que desempe\u00f1a la Zona Franca de Madeira en la diversificaci\u00f3n y modernizaci\u00f3n de la econom\u00eda regional.<\/p>\n<p>En el sector primario (2% del PIB) se destaca, en la agricultura, la producci\u00f3n de pl\u00e1tanos, las flores, los frutos subtropicales y la uva destinada a la producci\u00f3n del vino de Madeira, uno de los productos m\u00e1s emblem\u00e1ticos de esta Regi\u00f3n. La producci\u00f3n agr\u00edcola se ve dificultada por sus caracter\u00edsticas orogr\u00e1ficas, en especial el acentuado declive de los terrenos, por la exig\u00fcidad de la superficie agr\u00edcola \u00fatil y por la predominancia de la peque\u00f1a propiedad.<\/p>\n<p>La actividad pesquera asume una importancia econ\u00f3mica y social de algunas comunidades dependientes de la pesca. Es desarrollada por una flota de peque\u00f1a dimensi\u00f3n, con destaque para la pesca del pez espada negro y el at\u00fan.<\/p>\n<p>Teniendo en cuenta las restricciones geogr\u00e1ficas, la Regi\u00f3n tuvo que hacer una fuerte inversi\u00f3n en la mejora de las accesibilidades para el desarrollo econ\u00f3mico en Madeira: infraestructuras de apoyo a la red viaria &#8211; carreteras, viaductos, puentes y t\u00faneles; ampliaci\u00f3n del Aeropuerto de Madeira; y la nueva Gare Mar\u00edtima Internacional del Puerto de Funchal.<\/p>\n<p>&nbsp;<\/p>\n\t\t<div class=\"col-12 mb-5\">\n\t\t\t<div class=\"row widget_picture_with_floating_text\">\n\t\t\t\t<div class=\"col-8 offset-4 widget_picture_with_floating_text__picture\" style=\"background-image: url('https:\/\/cp-rup.com\/wp-content\/uploads\/2018\/07\/Madeira-slider-2-1.jpg.');\"><\/div>\n\t\t\t\t<div class=\"col-6 widget_picture_with_floating_text__text widget_picture_with_floating_text__text--left\">\n\t\t\t\t\t<h3>Infraestructuras<\/h3>\n\t\t\t\t\t<p> La Regi\u00f3n tuvo que hacer una fuerte inversi\u00f3n en la mejora de las accesibilidades para el desarrollo econ\u00f3mico en Madeira. <\/p>\n\t\t\t\t<\/div>\n\t\t\t<\/div>\n\t\t<\/div>\n\n\n<p>&nbsp;<\/p>\n\t\t<div class=\"col-12 mb-5\">\n\t\t\t<div class=\"row widget_picture_with_floating_text\">\n\t\t\t\t<div class=\"col-8  widget_picture_with_floating_text__picture\" style=\"background-image: url('https:\/\/cp-rup.com\/wp-content\/uploads\/2018\/07\/Madeira-slider-3-1.jpg.');\"><\/div>\n\t\t\t\t<div class=\"col-6 widget_picture_with_floating_text__text widget_picture_with_floating_text__text--right\">\n\t\t\t\t\t<h3>Para\u00edso Tur\u00edstico<\/h3>\n\t\t\t\t\t<p>La econom\u00eda de Madeira se basa en el sector de los servicios (85% del PIB), siendo el turismo el principal impulsor y la mayor fuente de ingresos de la Regi\u00f3n<\/p>\n\t\t\t\t<\/div>\n\t\t\t<\/div>\n\t\t<\/div>\n\n\n\t\t<div class=\"col-12 mb-5\">\n\t\t\t<div class=\"row widget_picture_with_floating_text\">\n\t\t\t\t<div class=\"col-8 offset-4 widget_picture_with_floating_text__picture\" style=\"background-image: url('https:\/\/cp-rup.com\/wp-content\/uploads\/2018\/07\/Madeira-slider-6-1.jpg.');\"><\/div>\n\t\t\t\t<div class=\"col-6 widget_picture_with_floating_text__text widget_picture_with_floating_text__text--left\">\n\t\t\t\t\t<h3>Industria<\/h3>\n\t\t\t\t\t<p> La industria regional est\u00e1 dominada por peque\u00f1as y medianas empresas. En ella coexisten actividades de car\u00e1cter artesanal, como los famosos bordados, las tapicer\u00edas y art\u00edculos de mimbre, con las industrias agroalimentarias, de bebidas y de tabacos. <\/p>\n\t\t\t\t<\/div>\n\t\t\t<\/div>\n\t\t<\/div>\n\n\n<hr \/>\n<h2><\/h2>\n<h2>Madeira en fotos<\/h2>\n<div id=\"metaslider-id-1888\" style=\"max-width: 1200px;\" class=\"ml-slider-3-20-3 metaslider metaslider-flex metaslider-1888 ml-slider\">\n    <div id=\"metaslider_container_1888\">\n        <div id=\"metaslider_1888\">\n            <ul aria-live=\"polite\" class=\"slides\">\n                <li style=\"display: block; width: 100%;\" class=\"slide-2336 ms-image\"><img loading=\"lazy\" decoding=\"async\" src=\"https:\/\/www.cp-rup.com\/wp-content\/uploads\/2018\/07\/Madeira-slider-5-1200x400.jpg\" height=\"400\" width=\"1200\" alt=\"\" class=\"slider-1888 slide-2336\" \/><\/li>\n                <li style=\"display: none; width: 100%;\" class=\"slide-2337 ms-image\"><img loading=\"lazy\" decoding=\"async\" src=\"https:\/\/www.cp-rup.com\/wp-content\/uploads\/2018\/07\/Madeira-slider-1-1-1200x400.jpg\" height=\"400\" width=\"1200\" alt=\"\" class=\"slider-1888 slide-2337\" \/><\/li>\n                <li style=\"display: none; width: 100%;\" class=\"slide-2340 ms-image\"><img loading=\"lazy\" decoding=\"async\" src=\"https:\/\/www.cp-rup.com\/wp-content\/uploads\/2018\/07\/Madeira-slider-4-1-871x290.jpg\" height=\"400\" width=\"1200\" alt=\"\" class=\"slider-1888 slide-2340\" \/><\/li>\n                <li style=\"display: none; width: 100%;\" class=\"slide-2556 ms-image\"><img loading=\"lazy\" decoding=\"async\" src=\"https:\/\/www.cp-rup.com\/wp-content\/uploads\/2018\/08\/Madeira-slider-3-1200x400.jpg\" height=\"400\" width=\"1200\" alt=\"\" class=\"slider-1888 slide-2556\" \/><\/li>\n                <li style=\"display: none; width: 100%;\" class=\"slide-2782 ms-image\"><img loading=\"lazy\" decoding=\"async\" src=\"https:\/\/www.cp-rup.com\/wp-content\/uploads\/2018\/09\/MAD-Foto-tejido-productivo-1-e1536667459100-1200x400.jpg\" height=\"400\" width=\"1200\" alt=\"\" class=\"slider-1888 slide-2782\" \/><\/li>\n                <li style=\"display: none; width: 100%;\" class=\"slide-2783 ms-image\"><img loading=\"lazy\" decoding=\"async\" src=\"https:\/\/www.cp-rup.com\/wp-content\/uploads\/2018\/09\/MAD-Foto-cabecera-1-1200x400.jpg\" height=\"400\" width=\"1200\" alt=\"\" class=\"slider-1888 slide-2783\" \/><\/li>\n                <li style=\"display: none; width: 100%;\" class=\"slide-2796 ms-image\"><img loading=\"lazy\" decoding=\"async\" src=\"https:\/\/www.cp-rup.com\/wp-content\/uploads\/2018\/09\/MAD-Foto-tejido-productivo-2-1200x400.jpg\" height=\"400\" width=\"1200\" alt=\"\" class=\"slider-1888 slide-2796\" \/><\/li>\n            <\/ul>\n        <\/div>\n        \n    <\/div>\n<\/div>\n<p>&nbsp;<\/p>\n","protected":false},"excerpt":{"rendered":"<p>Madeira,\u00a0 una pantalla de dos colores: verde y azul Con un espacio natural muy variado y rico, mar y monta\u00f1a, la Regi\u00f3n Aut\u00f3noma de Madeira es una Regi\u00f3n Ultraperif\u00e9rica reconocida por su vasta biodiversidad. En la tranquilidad de la naturaleza se ofrecen experiencias deslumbrantes, ya sea haciendo \u00ablevadas\u00bb, que son caminatas junto a canales de [&hellip;]<\/p>\n","protected":false},"author":37,"featured_media":2334,"parent":5779,"menu_order":0,"comment_status":"closed","ping_status":"closed","template":"page-region-detail.php","meta":{"_acf_changed":false,"footnotes":"","_links_to":"","_links_to_target":""},"class_list":["post-5825","page","type-page","status-publish","has-post-thumbnail","hentry"],"acf":[],"_links":{"self":[{"href":"https:\/\/www.cp-rup.com\/es\/wp-json\/wp\/v2\/pages\/5825","targetHints":{"allow":["GET"]}}],"collection":[{"href":"https:\/\/www.cp-rup.com\/es\/wp-json\/wp\/v2\/pages"}],"about":[{"href":"https:\/\/www.cp-rup.com\/es\/wp-json\/wp\/v2\/types\/page"}],"author":[{"embeddable":true,"href":"https:\/\/www.cp-rup.com\/es\/wp-json\/wp\/v2\/users\/37"}],"replies":[{"embeddable":true,"href":"https:\/\/www.cp-rup.com\/es\/wp-json\/wp\/v2\/comments?post=5825"}],"version-history":[{"count":1,"href":"https:\/\/www.cp-rup.com\/es\/wp-json\/wp\/v2\/pages\/5825\/revisions"}],"predecessor-version":[{"id":5826,"href":"https:\/\/www.cp-rup.com\/es\/wp-json\/wp\/v2\/pages\/5825\/revisions\/5826"}],"up":[{"embeddable":true,"href":"https:\/\/www.cp-rup.com\/es\/wp-json\/wp\/v2\/pages\/5779"}],"wp:featuredmedia":[{"embeddable":true,"href":"https:\/\/www.cp-rup.com\/es\/wp-json\/wp\/v2\/media\/2334"}],"wp:attachment":[{"href":"https:\/\/www.cp-rup.com\/es\/wp-json\/wp\/v2\/media?parent=5825"}],"curies":[{"name":"wp","href":"https:\/\/api.w.org\/{rel}","templated":true}]}}