{"id":5833,"date":"2021-03-19T17:16:55","date_gmt":"2021-03-19T17:16:55","guid":{"rendered":"https:\/\/cp-rup.com\/?page_id=5833"},"modified":"2023-06-12T13:09:36","modified_gmt":"2023-06-12T13:09:36","slug":"martinica","status":"publish","type":"page","link":"https:\/\/www.cp-rup.com\/es\/regiones-ultraperifericas\/martinica\/","title":{"rendered":"Martinica"},"content":{"rendered":"<h2 style=\"text-align: center;\">Informaci\u00f3n general y econ\u00f3mica<\/h2>\n<p>El franc\u00e9s y el criollo son las lenguas utilizados y que cohabitan en esta isla de 352.205 habitantes<a href=\"#_ftn1\" name=\"_ftnref1\">[1]<\/a>.<\/p>\n<p>Martinica tiene estatus de colectividad territorial de la Rep\u00fablica francesa. La autoridad regional, la Colectividad Territorial de Martinica, est\u00e1 liderada por el presidente del Consejo Ejecutivo. El Gobierno franc\u00e9s est\u00e1 representado por el prefecto.<\/p>\n<p>La unidad monetaria utilizada en la isla es el euro. Su prefijo telef\u00f3nico es +596 y su c\u00f3digo departamental es 972.<\/p>\n<p>El PIB de Martinica ascendi\u00f3 a casi 9 millones de euros en 2020, es decir 24.728 \u20ac por habitante, la cifra m\u00e1s alta de las regiones de ultramar francesas, pero inferior a la media nacional francesa.<\/p>\n<p>La econom\u00eda de Martinica est\u00e1 esencialmente basada en el sector terciario.<\/p>\n<p><a href=\"#_ftnref1\" name=\"_ftn1\">[1]<\/a> <em>Datos provisionales Eurostat 2022<\/em><\/p>\n<p>&nbsp;<\/p>\n\t<div class=\"rup_main_map__wrapper position-relative\">\n\t\t<div id=\"rup_main_map\" class=\"position-static\" style=\"background-image: url('https:\/\/www.cp-rup.com\/wp-content\/themes\/rup\/img\/MapaSVGCPRUP.svg');\">\n            <a href=\"https:\/\/www.cp-rup.com\/es\/regiones-ultraperifericas\/azores\/\">\n\t\t\t\t<div class=\"map-marker--wrapper azores\" style=\"top: 35%; left: 39.7%;\">\n\t\t\t\t\t<div class=\"hover_title Azores\"> A\u00e7ores <\/div>\n\t\t\t\t\t<div class=\"map-marker  Azores\" title=\"A\u00e7ores\"><\/div>\n\t\t\t\t<\/div>\n\t\t\t<\/a>\n            <a href=\"https:\/\/www.cp-rup.com\/es\/regiones-ultraperifericas\/madeira\/\">\n\t\t\t\t<div class=\"map-marker--wrapper madeira\" style=\"top: 40%; left: 40.1%;\">\n\t\t\t\t\t<div class=\"hover_title Madeira\"> Madeira <\/div>\n\t\t\t\t\t<div class=\"map-marker  Madeira\" title=\"Madeira\"><\/div>\n\t\t\t\t<\/div>\n\t\t\t<\/a>\n            <a href=\"https:\/\/www.cp-rup.com\/es\/regiones-ultraperifericas\/canarias\/\">\n\t\t\t\t<div class=\"map-marker--wrapper canarias\" style=\"top: 44%; left: 40.5%;\">\n\t\t\t\t\t<div class=\"hover_title Canarias\"> Canarias <\/div>\n\t\t\t\t\t<div class=\"map-marker  Canarias\" title=\"Canarias\"><\/div>\n\t\t\t\t<\/div>\n\t\t\t<\/a>\n            <a href=\"https:\/\/www.cp-rup.com\/es\/regiones-ultraperifericas\/san-martin\/\">\n\t\t\t\t<div class=\"map-marker--wrapper saint-martin\" style=\"top: 46%; left: 30.7%;\">\n\t\t\t\t\t<div class=\"hover_title San_Martin\"> Saint-Martin <\/div>\n\t\t\t\t\t<div class=\"map-marker  San_Martin\" title=\"Saint-Martin\"><\/div>\n\t\t\t\t<\/div>\n\t\t\t<\/a>\n            <a href=\"https:\/\/www.cp-rup.com\/es\/regiones-ultraperifericas\/guadalupe\/\">\n\t\t\t\t<div class=\"map-marker--wrapper guadeloupe\" style=\"top: 48%; left: 31.7%;\">\n\t\t\t\t\t<div class=\"hover_title Guadalupe\"> Guadeloupe <\/div>\n\t\t\t\t\t<div class=\"map-marker  Guadalupe\" title=\"Guadeloupe\"><\/div>\n\t\t\t\t<\/div>\n\t\t\t<\/a>\n            <a href=\"https:\/\/www.cp-rup.com\/es\/regiones-ultraperifericas\/martinica\/\">\n\t\t\t\t<div class=\"map-marker--wrapper martinica\" style=\"top: 51%; left: 31.7%;\">\n\t\t\t\t\t<div class=\"hover_title Martinica\" style=\"top: 5px !important;\"> Martinique <\/div>\n\t\t\t\t\t<div class=\"map-marker map-marker--selected Martinica\" title=\"Martinique\"><\/div>\n\t\t\t\t<\/div>\n\t\t\t<\/a>\n            <a href=\"https:\/\/www.cp-rup.com\/es\/regiones-ultraperifericas\/guayana-francesa\/\">\n\t\t\t\t<div class=\"map-marker--wrapper guayana\" style=\"top: 55.2%; left: 32.2%;\">\n\t\t\t\t\t<div class=\"hover_title Guayana_Francesa\"> Guyane <\/div>\n\t\t\t\t\t<div class=\"map-marker  Guayana_Francesa\" title=\"Guyane\"><\/div>\n\t\t\t\t<\/div>\n\t\t\t<\/a>\n\t\t\t\t\n\t\t\t\n            <a href=\"https:\/\/www.cp-rup.com\/es\/regiones-ultraperifericas\/mayotte\/\">\n\t\t\t\t<div class=\"map-marker--wrapper mayotte\" style=\"top: 67%; left: 52.7%;\">\n\t\t\t\t\t<div class=\"hover_title Mayotte\"> Mayotte <\/div>\n\t\t\t\t\t<div class=\"map-marker  Mayotte\" title=\"Mayotte\"><\/div>\n\t\t\t\t<\/div>\n\t\t\t<\/a>\n            <a href=\"https:\/\/www.cp-rup.com\/es\/regiones-ultraperifericas\/reunion\/\">\n\t\t\t\t<div class=\"map-marker--wrapper reunion\" style=\"top: 72%; left: 55.2%;\">\n\t\t\t\t\t<div class=\"hover_title La_Reunion\"> R\u00e9union <\/div>\n\t\t\t\t\t<div class=\"map-marker  La_Reunion\" title=\"R\u00e9union\"><\/div>\n\t\t\t\t<\/div>\n\t\t\t<\/a>\n\t\t<\/div>\n\t<\/div>\n\n\t<style>\n\t.rup_main_map__wrapper:hover .hover_title {\n\t\topacity:1;\n\t}\n\t\n\t.hover_title {\n\t\tposition: absolute;\n\t\topacity:0;\n\t\ttransition: 0.15s opacity ease-in-out;\n\t\tbackground: rgba(255,255,255,0.75);\n\t\tborder-radius: 5px;\n\t\twidth: 60px;\n\t\tfont-size: 10px;\n\t}\n\n\t\t.hover_title:hover + .map-marker{\n\t\t\tanimation-name: animated-map-marker;\n\t\t\tanimation-duration: 0.5s;\n\t\t\tanimation-iteration-count: infinite;\n\t\t\tanimation-direction: alternate;\n\t\t}\n\t<\/style>\n\t<script>\n\tvar azores = jQuery('.map-marker[title=\"A\u00e7ores\"]');\n\tvar madeira = jQuery('.map-marker[title=\"Madeira\"]');\n\tvar canarias = jQuery('.map-marker[title=\"Canarias\"]');\n\tvar saint_martin = jQuery('.map-marker[title=\"Saint-Martin\"]');\n\tvar guadeloupe = jQuery('.map-marker[title=\"Guadeloupe\"]');\n\tvar martinique = jQuery('.map-marker[title=\"Martinique\"]');\n\tvar guyane = jQuery('.map-marker[title=\"Guyane\"]');\n\tvar mayotte = jQuery('.map-marker[title=\"Mayotte\"]');\n\tvar la_reunion  = jQuery('.map-marker[title=\"R\u00e9union\"]');\n\tvar rup = [ azores, madeira, canarias, mayotte, la_reunion, guyane, martinique, guadeloupe, saint_martin ];\n\tvar speed = 500;\n\tvar animation_from = {opacity: 0.25};\n\tvar animation_to = {opacity: 1};\n\tvar animation_easing = \"swing\";\n\t\n\tfunction animate(index){\n\t\trup[index].animate(animation_from, speed, animation_easing, function(){\n\t\t\trup[index].animate(animation_to, speed, animation_easing, function(){\n\t\t\t\tanimate((index+1) % rup.length);\n\t\t\t});\n\t\t});\n\t}\n\n\tanimate(0);\n\t\n\t<\/script>\n\t\n<h2 style=\"text-align: center;\">Descripci\u00f3n geopol\u00edtica y territorial<\/h2>\n<p>Situada en el coraz\u00f3n del archipi\u00e9lago de las Antillas Menores, Martinica est\u00e1 ba\u00f1ada por el oc\u00e9ano Atl\u00e1ntico al Este y, por el Caribe, al Oeste. Gracias a esta situaci\u00f3n excepcional, la isla se brinda a un comercio regular con otros pa\u00edses y continentes vecinos.<\/p>\n<p>La superficie de Martinica es de 1.128 km\u00b2. Tiene una longitud de 80 km en su parte m\u00e1s ancha y 39 km en la m\u00e1s estrecha. Montagne Pel\u00e9e, volc\u00e1n activo actualmente, es el punto m\u00e1s elevado (1.397 m) de la isla, al Norte, donde predominan densos bosques, r\u00edos y cascadas.<\/p>\n<p>En el centro, la llanura de Lamentin, donde se encuentra el aeropuerto internacional Aim\u00e9 C\u00e9saire, hace la transici\u00f3n al relieve m\u00e1s suave y antiguo del Sur. La costa sur alberga numerosas bah\u00edas y calas pintorescas. La planicie de petrificaciones, en el extremo sur, es una aut\u00e9ntica rareza geol\u00f3gica.<\/p>\n<p>El clima, relativamente c\u00e1lido y h\u00famedo, est\u00e1 marcado por dos estaciones: la Cuaresma (estaci\u00f3n seca) y la Invernada (estaci\u00f3n de lluvias de junio\/julio a octubre\/noviembre). La temperatura oscila entre 25\u00b0C y 30\u00b0C todo el a\u00f1o.<\/p>\n<p>Esta isla tropical est\u00e1 cubierta de suntuosos bosques tropicales, sabanas y flores, sin olvidar un ecosistema marino excepcional, caracterizado principalmente de manglares, praderas de algas y arrecifes coralinos. Su riqueza es \u00fanica debido al endemismo de muchas especies y al patrimonio, poco com\u00fan, pero amenazado, de los h\u00e1bitats en los que residen. Todo ello hace de la isla un extraordinario jard\u00edn ex\u00f3tico, convertido en \u201cReserva de la Biosfera\u201d de la UNESCO en 2021, cubriendo la totalidad de su territorio terrestre y marino.<\/p>\n<p>&nbsp;<\/p>\n<h2 style=\"text-align: center;\">Estatuto de la Colectividad Territorial de Martinica<\/h2>\n<p>Creada en 2015, la Colectividad Territorial de Martinica integra las competencias de los antiguos Consejos General y Regional, con la incorporaci\u00f3n de nuevas atribuciones.<\/p>\n<p>Su poder decisorio est\u00e1 compartido por el Consejo Ejecutivo, compuesto de ocho miembros y dirigido por un presidente, y por la Asamblea Territorial, denominada \u201cAsamblea de Martinica\u201d y que tiene igualmente un presidente. Esta \u00faltima engloba a los cincuenta y un representantes territoriales de Martinica, elegidos directamente.<\/p>\n<p>Esta colectividad \u2013 autoridad local \u2013 detenta la competencia de gesti\u00f3n de las pol\u00edticas aplicables a Martinica. Mantiene estrechas relaciones con las tres Instituciones P\u00fablicas de Cooperaci\u00f3n Intermunicipal (que son CACEM, CAP Norte y CAESM<a href=\"#_ftn1\" name=\"_ftnref1\">[1]<\/a>, en sus siglas en franc\u00e9s), as\u00ed como los treinta y cuatro municipios de Martinica.<\/p>\n<p>Asimismo, el territorio martinico est\u00e1 dividido en 4 barrios administrativos (de los que proceden los cuatro diputados y dos senadores de Martinica, miembros de la Asamblea Nacional Francesa y del Senado). La capital de la isla es Fort de France, desde la erupci\u00f3n de Montagne Pel\u00e9e, que devast\u00f3 la antigua capital, Saint-Pierre, en 1902.<\/p>\n<p><a href=\"#_ftnref1\" name=\"_ftn1\">[1]<\/a> <em>Comunidad Urbana del Centro de Martinica, Comunidad Urbana de la regi\u00f3n del Norte de Martinica y la Comunidad Urbana del Espacio Sur de Martinica.<\/em><\/p>\n<p>&nbsp;<\/p>\n<h2 style=\"text-align: center;\">Relaciones con los socios del Gran Caribe<\/h2>\n<p>Martinica es a la vez francesa, europea y profundamente caribe\u00f1a. Es por ello que su integraci\u00f3n en su entorno geogr\u00e1fico es una prioridad. De hecho, es miembro asociado de la Organizaci\u00f3n de los Estados del Caribe Oriental (OECO), de la Asociaci\u00f3n de los Estados del Caribe (AEC) y de la Comisi\u00f3n Econ\u00f3mica para Am\u00e9rica Latina y el Caribe (CEPALC), comisi\u00f3n regional de la Organizaci\u00f3n de las Naciones Unidas.<\/p>\n<p>&nbsp;<\/p>\n<h2 style=\"text-align: center;\">Agricultura<\/h2>\n<p>Hist\u00f3ricamente, los sectores agr\u00edcola y agroalimentario han estado orientados a la exportaci\u00f3n (principalmente a Europa), sobre todo de pl\u00e1tanos y ca\u00f1a de az\u00facar para la producci\u00f3n de ron.<\/p>\n<p>En Martinica, el sector del pl\u00e1tano representa un 60% de los trabajadores agr\u00edcolas, ocupando actualmente 5.000 hect\u00e1reas. En lo referente a la producci\u00f3n de ron, Martinica es famosa por ser la tierra de origen de algunos de los mejores rones agr\u00edcolas del mundo, galardonados en varios cert\u00e1menes, como el de <em>Spirits Selection<\/em> de Bruselas, y protegidos por una DOP<a href=\"#_ftn1\" name=\"_ftnref1\">[1]<\/a> desde 1996. Tambi\u00e9n se producen otros cultivos, m\u00e1s marginales, de frutas tropicales como la pi\u00f1a, el guayabo y el mango.<\/p>\n<p>En la actualidad, Martinica quiere completar su desarrollo agr\u00edcola y alimentario, apoyando el desarrollo de una oferta alimentaria local, basada en su rica biodiversidad y sus ancestrales t\u00e9cnicas agr\u00edcolas de cultivos y de cr\u00eda de ganado.<\/p>\n<p>Martinica apuesta por el desarrollo de su agricultura, adoptando diferentes medidas de apoyo a los agricultores y a la diversificaci\u00f3n, con el fin de apoyar, innovar y valorizar una producci\u00f3n local de alto rendimiento, diversificada y respetuosa con el medio ambiente, adem\u00e1s de apoyar su transici\u00f3n agroecol\u00f3gica.<\/p>\n<p>Gracias a la investigaci\u00f3n y la innovaci\u00f3n en materia de insumos, una mejor integraci\u00f3n en su cuenca geogr\u00e1fica, el desarrollo de canales de distribuci\u00f3n de proximidad y la b\u00fasqueda de una nueva din\u00e1mica relativa a fondos financieros, Martinica se encuentra en una fase de aceleraci\u00f3n en su pol\u00edtica de autonom\u00eda y adaptaci\u00f3n alimentaria.<\/p>\n<p><a href=\"#_ftnref1\" name=\"_ftn1\">[1]<\/a> <em>Denominaci\u00f3n de Origen Controlada.<\/em><\/p>\n<p>&nbsp;<\/p>\n<h2 style=\"text-align: center;\">Turismo<\/h2>\n<p>El patrimonio de Martinica en materia de artesan\u00eda, su literatura de renombre internacional, su m\u00fasica y sus bailes tradicionales y modernos, as\u00ed como su arte de vivir y su gastronom\u00eda, hacen de Martinica una tierra de tradici\u00f3n y cultura.<\/p>\n<p>Cabe destacar, entre otros, el centenar de monumentos hist\u00f3ricos de la isla y la ciudad de Saint-Pierre, calificada como \u201cCiudad del Arte y la Historia\u201d, destruida por la erupci\u00f3n de Montagne Pel\u00e9e, el 8 de mayo de 1902.<\/p>\n<p>Numerosos escritores han dado a conocer esta tierra en el mundo. En particular, podemos citar a Aim\u00e9 C\u00e9saire, Suzanne Dracius, Ren\u00e9 Maran, Frantz Fanon, Edouard Glissant o, incluso, Joseph Zobel.<\/p>\n<p>Martinica tambi\u00e9n es un destino para los amantes del turismo mar\u00edtimo. Ofrece la posibilidad de realizar escapadas a los islotes o los fondos blancos. La isla tambi\u00e9n atrae a los amantes de las deportes n\u00e1uticos como el <em>flyboard<\/em>, el <em>wakeboard<\/em> o incluso el \u201cyole\u201d (vela tradicional).<\/p>\n<p>&nbsp;<\/p>\n<h2 style=\"text-align: center;\">Biodiversidad<\/h2>\n<p>Martinica es un territorio con una biodiversidad excepcional; tambi\u00e9n es uno de los puntos calientes del planeta y, por tanto, una verdadera prioridad en t\u00e9rminos de gesti\u00f3n y protecci\u00f3n. Posee ecosistemas muy diversos y de un gran valor biol\u00f3gico y ecol\u00f3gico.<\/p>\n<p>Conscientes de estas ventajas, los investigadores de la isla trabajan para inventariar, estudiar y proteger sus recursos biol\u00f3gicos, con el fin de desarrollar sectores de alto valor a\u00f1adido.<\/p>\n<p>Para lograr estos objetivos, las autoridades regionales han decidido liderar una exploraci\u00f3n exhaustiva de la biodiversidad y los recursos biol\u00f3gicos del territorio, creando el Centro Territorial de Exploraci\u00f3n de la Biodiversidad de Martinica. Su objetivo es el de revalorizar los recursos biol\u00f3gicos y desarrollar la investigaci\u00f3n en ciencias biol\u00f3gicas de Martinica.<\/p>\n<p>&nbsp;<\/p>\n<h2 style=\"text-align: center;\">Energ\u00edas renovables<\/h2>\n<p>La situaci\u00f3n geogr\u00e1fica de Martinica le permite disponer de un importante potencial de energ\u00edas renovables (energ\u00eda solar, fotovoltaica, hidr\u00e1ulica, geot\u00e9rmica, e\u00f3lica, biomasa\u2026).<\/p>\n<p>El porcentaje de energ\u00edas renovables dentro del consumo energ\u00e9tico total supon\u00eda en 2022 el 25%. Ante esta situaci\u00f3n, se est\u00e1n estudiando y creando soluciones tecnol\u00f3gicas en toda la regi\u00f3n.<\/p>\n<p>Hasta la fecha, cabe citar la planta de tratamiento y aprovechamiento de residuos org\u00e1nicos de Fort-de-France y la central energ\u00e9tica de biomasa, que suministra en torno al 15% de la electricidad necesaria para Martinica.<\/p>\n<p>La isla tambi\u00e9n dispone de energ\u00edas renovables intermitentes, con un parque solar y e\u00f3lico en constante crecimiento, que actualmente proporciona alrededor de un 10% de la electricidad verde de la isla.<\/p>\n<p>Martinica tambi\u00e9n podr\u00eda beneficiarse de un potencial todav\u00eda sin explotar, como el de la energ\u00eda geot\u00e9rmica o las tecnolog\u00edas hologr\u00e1ficas, \u00e1mbitos que son objeto de especial atenci\u00f3n.<\/p>\n<p>El objetivo de Martinica es lograr la autonom\u00eda energ\u00e9tica en 2030.<\/p>\n<p>&nbsp;<\/p>\n<div id=\"metaslider-id-4138\" style=\"max-width: 1200px;\" class=\"ml-slider-3-20-3 metaslider metaslider-flex metaslider-4138 ml-slider\">\n    <div id=\"metaslider_container_4138\">\n        <div id=\"metaslider_4138\">\n            <ul aria-live=\"polite\" class=\"slides\">\n                <li style=\"display: block; width: 100%;\" class=\"slide-4139 ms-image\"><img loading=\"lazy\" decoding=\"async\" src=\"https:\/\/www.cp-rup.com\/wp-content\/uploads\/2018\/12\/DSC_9157-Martinicacopie-003-1200x400.jpg\" height=\"400\" width=\"1200\" alt=\"\" class=\"slider-4138 slide-4139\" \/><\/li>\n                <li style=\"display: none; width: 100%;\" class=\"slide-4140 ms-image\"><img loading=\"lazy\" decoding=\"async\" src=\"https:\/\/www.cp-rup.com\/wp-content\/uploads\/2018\/12\/DSC_9549-Martinica-002-1200x400.jpg\" height=\"400\" width=\"1200\" alt=\"\" class=\"slider-4138 slide-4140\" \/><\/li>\n                <li style=\"display: none; width: 100%;\" class=\"slide-4141 ms-image\"><img loading=\"lazy\" decoding=\"async\" src=\"https:\/\/www.cp-rup.com\/wp-content\/uploads\/2018\/12\/DSC01758-Martinica-002-1200x400.jpg\" height=\"400\" width=\"1200\" alt=\"\" class=\"slider-4138 slide-4141\" \/><div class=\"caption-wrap\"><div class=\"caption\">SONY DSC<\/div><\/div><\/li>\n                <li style=\"display: none; width: 100%;\" class=\"slide-4142 ms-image\"><img loading=\"lazy\" decoding=\"async\" src=\"https:\/\/www.cp-rup.com\/wp-content\/uploads\/2018\/12\/DSC_6424-Martinica002-1200x400.jpg\" height=\"400\" width=\"1200\" alt=\"\" class=\"slider-4138 slide-4142\" \/><\/li>\n                <li style=\"display: none; width: 100%;\" class=\"slide-4143 ms-image\"><img loading=\"lazy\" decoding=\"async\" src=\"https:\/\/www.cp-rup.com\/wp-content\/uploads\/2018\/12\/DSC_4070-Martinica-003-1200x400.jpg\" height=\"400\" width=\"1200\" alt=\"\" class=\"slider-4138 slide-4143\" \/><\/li>\n            <\/ul>\n        <\/div>\n        \n    <\/div>\n<\/div>\n","protected":false},"excerpt":{"rendered":"<p>Informaci\u00f3n general y econ\u00f3mica El franc\u00e9s y el criollo son las lenguas utilizados y que cohabitan en esta isla de 352.205 habitantes[1]. Martinica tiene estatus de colectividad territorial de la Rep\u00fablica francesa. La autoridad regional, la Colectividad Territorial de Martinica, est\u00e1 liderada por el presidente del Consejo Ejecutivo. El Gobierno franc\u00e9s est\u00e1 representado por el [&hellip;]<\/p>\n","protected":false},"author":37,"featured_media":1567,"parent":5779,"menu_order":0,"comment_status":"closed","ping_status":"closed","template":"page-region-detail.php","meta":{"_acf_changed":false,"footnotes":"","_links_to":"","_links_to_target":""},"class_list":["post-5833","page","type-page","status-publish","has-post-thumbnail","hentry"],"acf":[],"_links":{"self":[{"href":"https:\/\/www.cp-rup.com\/es\/wp-json\/wp\/v2\/pages\/5833","targetHints":{"allow":["GET"]}}],"collection":[{"href":"https:\/\/www.cp-rup.com\/es\/wp-json\/wp\/v2\/pages"}],"about":[{"href":"https:\/\/www.cp-rup.com\/es\/wp-json\/wp\/v2\/types\/page"}],"author":[{"embeddable":true,"href":"https:\/\/www.cp-rup.com\/es\/wp-json\/wp\/v2\/users\/37"}],"replies":[{"embeddable":true,"href":"https:\/\/www.cp-rup.com\/es\/wp-json\/wp\/v2\/comments?post=5833"}],"version-history":[{"count":6,"href":"https:\/\/www.cp-rup.com\/es\/wp-json\/wp\/v2\/pages\/5833\/revisions"}],"predecessor-version":[{"id":8668,"href":"https:\/\/www.cp-rup.com\/es\/wp-json\/wp\/v2\/pages\/5833\/revisions\/8668"}],"up":[{"embeddable":true,"href":"https:\/\/www.cp-rup.com\/es\/wp-json\/wp\/v2\/pages\/5779"}],"wp:featuredmedia":[{"embeddable":true,"href":"https:\/\/www.cp-rup.com\/es\/wp-json\/wp\/v2\/media\/1567"}],"wp:attachment":[{"href":"https:\/\/www.cp-rup.com\/es\/wp-json\/wp\/v2\/media?parent=5833"}],"curies":[{"name":"wp","href":"https:\/\/api.w.org\/{rel}","templated":true}]}}