{"id":5847,"date":"2021-03-19T17:26:54","date_gmt":"2021-03-19T17:26:54","guid":{"rendered":"https:\/\/cp-rup.com\/?page_id=5847"},"modified":"2025-06-25T15:06:54","modified_gmt":"2025-06-25T15:06:54","slug":"mayotte","status":"publish","type":"page","link":"https:\/\/www.cp-rup.com\/es\/regiones-ultraperifericas\/mayotte\/","title":{"rendered":"Mayotte"},"content":{"rendered":"<p><strong>Ubicaci\u00f3n geogr\u00e1fica<\/strong><\/p>\n<p>Mayotte es una isla de origen volc\u00e1nico que se eleva desde las profundidades del oc\u00e9ano hasta una altura de m\u00e1s de 3.000 metros. Su existencia se remonta a hace unos ocho millones de a\u00f1os. Situada en el hemisferio sur entre el Ecuador y el Tr\u00f3pico de Capricornio, es la m\u00e1s antigua de las \u201cDjazair Al Kamar\u201d o \u201cislas de<\/p>\n<p><img loading=\"lazy\" decoding=\"async\" class=\" wp-image-4931 alignright\" src=\"https:\/\/cp-rup.com\/wp-content\/uploads\/2020\/01\/vueareriennegenerale.jpg\" alt=\"\" width=\"462\" height=\"231\" srcset=\"https:\/\/www.cp-rup.com\/wp-content\/uploads\/2020\/01\/vueareriennegenerale.jpg 800w, https:\/\/www.cp-rup.com\/wp-content\/uploads\/2020\/01\/vueareriennegenerale-300x150.jpg 300w, https:\/\/www.cp-rup.com\/wp-content\/uploads\/2020\/01\/vueareriennegenerale-768x384.jpg 768w\" sizes=\"auto, (max-width: 462px) 100vw, 462px\" \/><\/p>\n<p>la luna\u201d (seg\u00fan el apelativo otorgado por los ge\u00f3grafos \u00e1rabes). Mayotte tiene actualmente 270.372 habitantes censados.<\/p>\n<p>La isla de Mayotte se sit\u00faa al sur del continente africano, en la parte occidental del Oc\u00e9ano \u00cdndico entre la costa este africana y el noroeste de Madagascar, en la entrada norte del canal de Mozambique a la altura del meridiano 45 este y entre los paralelos 12 y 13 sur.<\/p>\n<p>&nbsp;<\/p>\n<p><img loading=\"lazy\" decoding=\"async\" class=\" wp-image-4930 aligncenter\" src=\"https:\/\/cp-rup.com\/wp-content\/uploads\/2020\/01\/sport-300x200.jpg\" alt=\"\" width=\"437\" height=\"292\" srcset=\"https:\/\/www.cp-rup.com\/wp-content\/uploads\/2020\/01\/sport-300x200.jpg 300w, https:\/\/www.cp-rup.com\/wp-content\/uploads\/2020\/01\/sport-768x512.jpg 768w, https:\/\/www.cp-rup.com\/wp-content\/uploads\/2020\/01\/sport-1024x683.jpg 1024w\" sizes=\"auto, (max-width: 437px) 100vw, 437px\" \/><\/p>\n<p>&nbsp;<\/p>\n<div class=\"col-12 mb-5\">\n<div class=\"row\">\n<div class=\"col-12 col-sm-12 col-md-12\">\n                    \t<div class=\"rup_main_map__wrapper position-relative\">\n\t\t<div id=\"rup_main_map\" class=\"position-static\" style=\"background-image: url('https:\/\/www.cp-rup.com\/wp-content\/themes\/rup\/img\/MapaSVGCPRUP.svg');\">\n            <a href=\"https:\/\/www.cp-rup.com\/es\/regiones-ultraperifericas\/azores\/\">\n\t\t\t\t<div class=\"map-marker--wrapper azores\" style=\"top: 35%; left: 39.7%;\">\n\t\t\t\t\t<div class=\"hover_title Azores\"> A\u00e7ores <\/div>\n\t\t\t\t\t<div class=\"map-marker  Azores\" title=\"A\u00e7ores\"><\/div>\n\t\t\t\t<\/div>\n\t\t\t<\/a>\n            <a href=\"https:\/\/www.cp-rup.com\/es\/regiones-ultraperifericas\/madeira\/\">\n\t\t\t\t<div class=\"map-marker--wrapper madeira\" style=\"top: 40%; left: 40.1%;\">\n\t\t\t\t\t<div class=\"hover_title Madeira\"> Madeira <\/div>\n\t\t\t\t\t<div class=\"map-marker  Madeira\" title=\"Madeira\"><\/div>\n\t\t\t\t<\/div>\n\t\t\t<\/a>\n            <a href=\"https:\/\/www.cp-rup.com\/es\/regiones-ultraperifericas\/canarias\/\">\n\t\t\t\t<div class=\"map-marker--wrapper canarias\" style=\"top: 44%; left: 40.5%;\">\n\t\t\t\t\t<div class=\"hover_title Canarias\"> Canarias <\/div>\n\t\t\t\t\t<div class=\"map-marker  Canarias\" title=\"Canarias\"><\/div>\n\t\t\t\t<\/div>\n\t\t\t<\/a>\n            <a href=\"https:\/\/www.cp-rup.com\/es\/regiones-ultraperifericas\/san-martin\/\">\n\t\t\t\t<div class=\"map-marker--wrapper saint-martin\" style=\"top: 46%; left: 30.7%;\">\n\t\t\t\t\t<div class=\"hover_title San_Martin\"> Saint-Martin <\/div>\n\t\t\t\t\t<div class=\"map-marker  San_Martin\" title=\"Saint-Martin\"><\/div>\n\t\t\t\t<\/div>\n\t\t\t<\/a>\n            <a href=\"https:\/\/www.cp-rup.com\/es\/regiones-ultraperifericas\/guadalupe\/\">\n\t\t\t\t<div class=\"map-marker--wrapper guadeloupe\" style=\"top: 48%; left: 31.7%;\">\n\t\t\t\t\t<div class=\"hover_title Guadalupe\"> Guadeloupe <\/div>\n\t\t\t\t\t<div class=\"map-marker  Guadalupe\" title=\"Guadeloupe\"><\/div>\n\t\t\t\t<\/div>\n\t\t\t<\/a>\n            <a href=\"https:\/\/www.cp-rup.com\/es\/regiones-ultraperifericas\/martinica\/\">\n\t\t\t\t<div class=\"map-marker--wrapper martinica\" style=\"top: 51%; left: 31.7%;\">\n\t\t\t\t\t<div class=\"hover_title Martinica\" style=\"top: 5px !important;\"> Martinique <\/div>\n\t\t\t\t\t<div class=\"map-marker  Martinica\" title=\"Martinique\"><\/div>\n\t\t\t\t<\/div>\n\t\t\t<\/a>\n            <a href=\"https:\/\/www.cp-rup.com\/es\/regiones-ultraperifericas\/guayana-francesa\/\">\n\t\t\t\t<div class=\"map-marker--wrapper guayana\" style=\"top: 55.2%; left: 32.2%;\">\n\t\t\t\t\t<div class=\"hover_title Guayana_Francesa\"> Guyane <\/div>\n\t\t\t\t\t<div class=\"map-marker  Guayana_Francesa\" title=\"Guyane\"><\/div>\n\t\t\t\t<\/div>\n\t\t\t<\/a>\n\t\t\t\t\n\t\t\t\n            <a href=\"https:\/\/www.cp-rup.com\/es\/regiones-ultraperifericas\/mayotte\/\">\n\t\t\t\t<div class=\"map-marker--wrapper mayotte\" style=\"top: 67%; left: 52.7%;\">\n\t\t\t\t\t<div class=\"hover_title Mayotte\"> Mayotte <\/div>\n\t\t\t\t\t<div class=\"map-marker map-marker--selected Mayotte\" title=\"Mayotte\"><\/div>\n\t\t\t\t<\/div>\n\t\t\t<\/a>\n            <a href=\"https:\/\/www.cp-rup.com\/es\/regiones-ultraperifericas\/reunion\/\">\n\t\t\t\t<div class=\"map-marker--wrapper reunion\" style=\"top: 72%; left: 55.2%;\">\n\t\t\t\t\t<div class=\"hover_title La_Reunion\"> R\u00e9union <\/div>\n\t\t\t\t\t<div class=\"map-marker  La_Reunion\" title=\"R\u00e9union\"><\/div>\n\t\t\t\t<\/div>\n\t\t\t<\/a>\n\t\t<\/div>\n\t<\/div>\n\n\t<style>\n\t.rup_main_map__wrapper:hover .hover_title {\n\t\topacity:1;\n\t}\n\t\n\t.hover_title {\n\t\tposition: absolute;\n\t\topacity:0;\n\t\ttransition: 0.15s opacity ease-in-out;\n\t\tbackground: rgba(255,255,255,0.75);\n\t\tborder-radius: 5px;\n\t\twidth: 60px;\n\t\tfont-size: 10px;\n\t}\n\n\t\t.hover_title:hover + .map-marker{\n\t\t\tanimation-name: animated-map-marker;\n\t\t\tanimation-duration: 0.5s;\n\t\t\tanimation-iteration-count: infinite;\n\t\t\tanimation-direction: alternate;\n\t\t}\n\t<\/style>\n\t<script>\n\tvar azores = jQuery('.map-marker[title=\"A\u00e7ores\"]');\n\tvar madeira = jQuery('.map-marker[title=\"Madeira\"]');\n\tvar canarias = jQuery('.map-marker[title=\"Canarias\"]');\n\tvar saint_martin = jQuery('.map-marker[title=\"Saint-Martin\"]');\n\tvar guadeloupe = jQuery('.map-marker[title=\"Guadeloupe\"]');\n\tvar martinique = jQuery('.map-marker[title=\"Martinique\"]');\n\tvar guyane = jQuery('.map-marker[title=\"Guyane\"]');\n\tvar mayotte = jQuery('.map-marker[title=\"Mayotte\"]');\n\tvar la_reunion  = jQuery('.map-marker[title=\"R\u00e9union\"]');\n\tvar rup = [ azores, madeira, canarias, mayotte, la_reunion, guyane, martinique, guadeloupe, saint_martin ];\n\tvar speed = 500;\n\tvar animation_from = {opacity: 0.25};\n\tvar animation_to = {opacity: 1};\n\tvar animation_easing = \"swing\";\n\t\n\tfunction animate(index){\n\t\trup[index].animate(animation_from, speed, animation_easing, function(){\n\t\t\trup[index].animate(animation_to, speed, animation_easing, function(){\n\t\t\t\tanimate((index+1) % rup.length);\n\t\t\t});\n\t\t});\n\t}\n\n\tanimate(0);\n\t\n\t<\/script>\n\t\n                <\/div>\n<\/p><\/div>\n<\/p><\/div>\n<p><strong>Territorio franc\u00e9s<\/strong><\/p>\n<p>Convertida en territorio franc\u00e9s desde el 25 de abril de 1841 (fecha de la firma del tratado de cesi\u00f3n de Mayotte a Francia entre el Capitan Passot y el \u00faltimo Sult\u00e1n de la isla, Andriantsouli); la isla con forma de caballito de mar se sit\u00faa a 10.000 km de la metr\u00f3polis, a 1.500 km de la isla de La Reuni\u00f3n, a 400 km de la costa este africana y a 300 km de la costa oeste de Madagascar. Tiene una superficie de 375 km2. La isla de la laguna es en s\u00ed misma un archipi\u00e9lago compuesta por una treintena de peque\u00f1os islotes, de los cuales los principales y habitados, \u201cla <em>Grande Terre<\/em> y la <em>Petite Terre<\/em>\u201d est\u00e1n separados por un gran brazo de mar de unos 2,8 km. La conexi\u00f3n entre ambos islotes se realiza mediante una embarcaci\u00f3n del Departamento, que tiene una frecuencia de media hora, todos los d\u00edas hasta las doce de la noche. Cabe destacar que la isla sufri\u00f3 un enjambre s\u00edsmico en mayo de 2018, un fen\u00f3meno natural que se prolonga durante m\u00e1s de un a\u00f1o y que dio lugar al nacimiento de un volc\u00e1n submarino a m\u00e1s de 50 km de distancia de Pamandzi (seg\u00fan la informaci\u00f3n suministrada por los cient\u00edficos en mayo de 2019).<\/p>\n<p><img loading=\"lazy\" decoding=\"async\" class=\" wp-image-4926 aligncenter\" src=\"https:\/\/cp-rup.com\/wp-content\/uploads\/2020\/01\/baobab-199x300.jpg\" alt=\"\" width=\"372\" height=\"561\" srcset=\"https:\/\/www.cp-rup.com\/wp-content\/uploads\/2020\/01\/baobab-199x300.jpg 199w, https:\/\/www.cp-rup.com\/wp-content\/uploads\/2020\/01\/baobab.jpg 531w\" sizes=\"auto, (max-width: 372px) 100vw, 372px\" \/><\/p>\n<p>&nbsp;<\/p>\n<p><strong>Un abanico de potencialidades <\/strong><\/p>\n<p>El departamento 101\u00ba es, sin lugar a duda, el territorio de Francia que registrar\u00e1 un mayor crecimiento durante la pr\u00f3xima d\u00e9cada. El primer reto de la isla es, evidentemente, el de su poblaci\u00f3n, que alcanzar\u00e1 la barrera de los 400.000 en el horizonte 2030, as\u00ed como su bienestar y su desarrollo. Un desaf\u00edo superado gracias a un desarrollo econ\u00f3mico estable, a las inversiones y a la formaci\u00f3n, con el objetivo principal de fomentar la creaci\u00f3n de empleo. La isla de Mayotte posee, asimismo, un gran potencial en materia cultural y patrimonial, aunque la riqueza de este territorio sigue sin estar suficientemente reconocida.<\/p>\n<p>Su puesta en valor por parte del Departamento supone un verdadero deber, mucho m\u00e1s all\u00e1 de la labor institucional. Mayotte es un territorio que apoya el deporte. La organizaci\u00f3n de los Juegos de las Islas de Oc\u00e9ano \u00cdndico en 2027 deber\u00eda suponer un importante impulso en t\u00e9rminos de ordenaci\u00f3n del territorio. El Departamento se ha comprometido tambi\u00e9n a hacer frente a los distintos retos relacionados con el medio ambiente: gesti\u00f3n coherente de los recursos h\u00eddricos y de saneamiento; gesti\u00f3n de los residuos generados en el territorio; protecci\u00f3n del patrimonio natural o el impulso del desarrollo de las energ\u00edas renovables, la lucha contra el calentamiento global y la contaminaci\u00f3n del aire. Se han anunciado importantes pol\u00edticas p\u00fablicas contra el cambio clim\u00e1tico. Confrontada a una gran pobreza, Mayotte permanece alerta y anuncia con firmeza su voluntad de convertirse en un territorio de futuro.<\/p>\n<p><img loading=\"lazy\" decoding=\"async\" class=\"alignnone wp-image-4932\" src=\"https:\/\/cp-rup.com\/wp-content\/uploads\/2020\/01\/vueg\u00e9n\u00e9ralepetiteterre-1024x682.jpg\" alt=\"\" width=\"551\" height=\"367\" srcset=\"https:\/\/www.cp-rup.com\/wp-content\/uploads\/2020\/01\/vueg\u00e9n\u00e9ralepetiteterre-1024x682.jpg 1024w, https:\/\/www.cp-rup.com\/wp-content\/uploads\/2020\/01\/vueg\u00e9n\u00e9ralepetiteterre-300x200.jpg 300w, https:\/\/www.cp-rup.com\/wp-content\/uploads\/2020\/01\/vueg\u00e9n\u00e9ralepetiteterre-768x512.jpg 768w, https:\/\/www.cp-rup.com\/wp-content\/uploads\/2020\/01\/vueg\u00e9n\u00e9ralepetiteterre.jpg 2000w\" sizes=\"auto, (max-width: 551px) 100vw, 551px\" \/><\/p>\n<p>&nbsp;<\/p>\n<p><img loading=\"lazy\" decoding=\"async\" class=\"size-full wp-image-4927 aligncenter\" src=\"https:\/\/cp-rup.com\/wp-content\/uploads\/2020\/01\/biodiversit\u00e9.jpg\" alt=\"\" width=\"800\" height=\"450\" srcset=\"https:\/\/www.cp-rup.com\/wp-content\/uploads\/2020\/01\/biodiversit\u00e9.jpg 800w, https:\/\/www.cp-rup.com\/wp-content\/uploads\/2020\/01\/biodiversit\u00e9-300x169.jpg 300w, https:\/\/www.cp-rup.com\/wp-content\/uploads\/2020\/01\/biodiversit\u00e9-768x432.jpg 768w\" sizes=\"auto, (max-width: 800px) 100vw, 800px\" \/><\/p>\n<p>&nbsp;<\/p>\n<p>&nbsp;<\/p>\n<div id=\"metaslider-id-3880\" style=\"max-width: 1200px;\" class=\"ml-slider-3-20-3 metaslider metaslider-flex metaslider-3880 ml-slider\">\n    <div id=\"metaslider_container_3880\">\n        <div id=\"metaslider_3880\">\n            <ul aria-live=\"polite\" class=\"slides\">\n                <li style=\"display: block; width: 100%;\" class=\"slide-5426 ms-image\"><img loading=\"lazy\" decoding=\"async\" src=\"https:\/\/www.cp-rup.com\/wp-content\/uploads\/2020\/07\/109915337_1684830265014718_5731765665403614709_n-960x320.jpg\" height=\"400\" width=\"1200\" alt=\"\" class=\"slider-3880 slide-5426\" \/><\/li>\n                <li style=\"display: none; width: 100%;\" class=\"slide-5535 ms-image\"><img loading=\"lazy\" decoding=\"async\" src=\"https:\/\/www.cp-rup.com\/wp-content\/uploads\/2020\/11\/IMG-20200207-WA0017-1200x400.jpg\" height=\"400\" width=\"1200\" alt=\"\" class=\"slider-3880 slide-5535\" \/><\/li>\n                <li style=\"display: none; width: 100%;\" class=\"slide-5531 ms-image\"><img loading=\"lazy\" decoding=\"async\" src=\"https:\/\/www.cp-rup.com\/wp-content\/uploads\/2020\/11\/IMG-20201016-WA0035-1200x400.jpg\" height=\"400\" width=\"1200\" alt=\"\" class=\"slider-3880 slide-5531\" \/><\/li>\n                <li style=\"display: none; width: 100%;\" class=\"slide-5533 ms-image\"><img loading=\"lazy\" decoding=\"async\" src=\"https:\/\/www.cp-rup.com\/wp-content\/uploads\/2020\/11\/IMG-20200208-WA0005-1200x400.jpg\" height=\"400\" width=\"1200\" alt=\"\" class=\"slider-3880 slide-5533\" \/><\/li>\n                <li style=\"display: none; width: 100%;\" class=\"slide-4073 ms-image\"><img loading=\"lazy\" decoding=\"async\" src=\"https:\/\/www.cp-rup.com\/wp-content\/uploads\/2018\/11\/Gwen-Le-Bigot-il\u00f4t-Dzaoudzi-1200x400.jpg\" height=\"400\" width=\"1200\" alt=\"\" class=\"slider-3880 slide-4073\" \/><\/li>\n            <\/ul>\n        <\/div>\n        \n    <\/div>\n<\/div>\n","protected":false},"excerpt":{"rendered":"<p>Ubicaci\u00f3n geogr\u00e1fica Mayotte es una isla de origen volc\u00e1nico que se eleva desde las profundidades del oc\u00e9ano hasta una altura de m\u00e1s de 3.000 metros. Su existencia se remonta a hace unos ocho millones de a\u00f1os. Situada en el hemisferio sur entre el Ecuador y el Tr\u00f3pico de Capricornio, es la m\u00e1s antigua de las [&hellip;]<\/p>\n","protected":false},"author":37,"featured_media":4069,"parent":5779,"menu_order":0,"comment_status":"closed","ping_status":"closed","template":"page-region-detail.php","meta":{"_acf_changed":false,"footnotes":"","_links_to":"","_links_to_target":""},"class_list":["post-5847","page","type-page","status-publish","has-post-thumbnail","hentry"],"acf":[],"_links":{"self":[{"href":"https:\/\/www.cp-rup.com\/es\/wp-json\/wp\/v2\/pages\/5847","targetHints":{"allow":["GET"]}}],"collection":[{"href":"https:\/\/www.cp-rup.com\/es\/wp-json\/wp\/v2\/pages"}],"about":[{"href":"https:\/\/www.cp-rup.com\/es\/wp-json\/wp\/v2\/types\/page"}],"author":[{"embeddable":true,"href":"https:\/\/www.cp-rup.com\/es\/wp-json\/wp\/v2\/users\/37"}],"replies":[{"embeddable":true,"href":"https:\/\/www.cp-rup.com\/es\/wp-json\/wp\/v2\/comments?post=5847"}],"version-history":[{"count":3,"href":"https:\/\/www.cp-rup.com\/es\/wp-json\/wp\/v2\/pages\/5847\/revisions"}],"predecessor-version":[{"id":9875,"href":"https:\/\/www.cp-rup.com\/es\/wp-json\/wp\/v2\/pages\/5847\/revisions\/9875"}],"up":[{"embeddable":true,"href":"https:\/\/www.cp-rup.com\/es\/wp-json\/wp\/v2\/pages\/5779"}],"wp:featuredmedia":[{"embeddable":true,"href":"https:\/\/www.cp-rup.com\/es\/wp-json\/wp\/v2\/media\/4069"}],"wp:attachment":[{"href":"https:\/\/www.cp-rup.com\/es\/wp-json\/wp\/v2\/media?parent=5847"}],"curies":[{"name":"wp","href":"https:\/\/api.w.org\/{rel}","templated":true}]}}