{"id":5862,"date":"2021-03-19T17:36:53","date_gmt":"2021-03-19T17:36:53","guid":{"rendered":"https:\/\/cp-rup.com\/?page_id=5862"},"modified":"2021-03-19T17:36:53","modified_gmt":"2021-03-19T17:36:53","slug":"san-martin","status":"publish","type":"page","link":"https:\/\/www.cp-rup.com\/es\/regiones-ultraperifericas\/san-martin\/","title":{"rendered":"San Marti\u0301n"},"content":{"rendered":"<p>&nbsp;<\/p>\n<h2 style=\"text-align: center;\">Saint-Martin, un ambiente multicultural<\/h2>\n<p>Saint-Martin es una isla binacional de una superficie total de 87 km\u00b2 ubicada en la parte norte del arco antillano y rodeada por el oc\u00e9ano Atl\u00e1ntico y el mar Caribe. De acuerdo con el Tratado de Concordia, desde 1648 la isla se divide entre la parte bajo soberan\u00eda francesa en el norte (56 km\u00b2) y la parte bajo soberan\u00eda holandesa en el sur (31 km\u00b2) mediante una frontera simb\u00f3lica y abierta. Adem\u00e1s, pertenecen a la isla dos islotes deshabitados: Tintamarre, con una superficie de 1.2 km<sup>2<\/sup> y ubicada a 3 km al nordeste, y Pinel, una isla muy peque\u00f1a de 0,0115 km<sup>2<\/sup> ubicada a 170 metros al este. La ciudad principal del lado franc\u00e9s es Marigot, ubicada en la costa oeste.<\/p>\n\t<div class=\"rup_main_map__wrapper position-relative\">\n\t\t<div id=\"rup_main_map\" class=\"position-static\" style=\"background-image: url('https:\/\/www.cp-rup.com\/wp-content\/themes\/rup\/img\/MapaSVGCPRUP.svg');\">\n            <a href=\"https:\/\/www.cp-rup.com\/es\/regiones-ultraperifericas\/azores\/\">\n\t\t\t\t<div class=\"map-marker--wrapper azores\" style=\"top: 35%; left: 39.7%;\">\n\t\t\t\t\t<div class=\"hover_title Azores\"> A\u00e7ores <\/div>\n\t\t\t\t\t<div class=\"map-marker  Azores\" title=\"A\u00e7ores\"><\/div>\n\t\t\t\t<\/div>\n\t\t\t<\/a>\n            <a href=\"https:\/\/www.cp-rup.com\/es\/regiones-ultraperifericas\/madeira\/\">\n\t\t\t\t<div class=\"map-marker--wrapper madeira\" style=\"top: 40%; left: 40.1%;\">\n\t\t\t\t\t<div class=\"hover_title Madeira\"> Madeira <\/div>\n\t\t\t\t\t<div class=\"map-marker  Madeira\" title=\"Madeira\"><\/div>\n\t\t\t\t<\/div>\n\t\t\t<\/a>\n            <a href=\"https:\/\/www.cp-rup.com\/es\/regiones-ultraperifericas\/canarias\/\">\n\t\t\t\t<div class=\"map-marker--wrapper canarias\" style=\"top: 44%; left: 40.5%;\">\n\t\t\t\t\t<div class=\"hover_title Canarias\"> Canarias <\/div>\n\t\t\t\t\t<div class=\"map-marker  Canarias\" title=\"Canarias\"><\/div>\n\t\t\t\t<\/div>\n\t\t\t<\/a>\n            <a href=\"https:\/\/www.cp-rup.com\/es\/regiones-ultraperifericas\/san-martin\/\">\n\t\t\t\t<div class=\"map-marker--wrapper saint-martin\" style=\"top: 46%; left: 30.7%;\">\n\t\t\t\t\t<div class=\"hover_title San_Martin\"> Saint-Martin <\/div>\n\t\t\t\t\t<div class=\"map-marker map-marker--selected San_Martin\" title=\"Saint-Martin\"><\/div>\n\t\t\t\t<\/div>\n\t\t\t<\/a>\n            <a href=\"https:\/\/www.cp-rup.com\/es\/regiones-ultraperifericas\/guadalupe\/\">\n\t\t\t\t<div class=\"map-marker--wrapper guadeloupe\" style=\"top: 48%; left: 31.7%;\">\n\t\t\t\t\t<div class=\"hover_title Guadalupe\"> Guadeloupe <\/div>\n\t\t\t\t\t<div class=\"map-marker  Guadalupe\" title=\"Guadeloupe\"><\/div>\n\t\t\t\t<\/div>\n\t\t\t<\/a>\n            <a href=\"https:\/\/www.cp-rup.com\/es\/regiones-ultraperifericas\/martinica\/\">\n\t\t\t\t<div class=\"map-marker--wrapper martinica\" style=\"top: 51%; left: 31.7%;\">\n\t\t\t\t\t<div class=\"hover_title Martinica\" style=\"top: 5px !important;\"> Martinique <\/div>\n\t\t\t\t\t<div class=\"map-marker  Martinica\" title=\"Martinique\"><\/div>\n\t\t\t\t<\/div>\n\t\t\t<\/a>\n            <a href=\"https:\/\/www.cp-rup.com\/es\/regiones-ultraperifericas\/guayana-francesa\/\">\n\t\t\t\t<div class=\"map-marker--wrapper guayana\" style=\"top: 55.2%; left: 32.2%;\">\n\t\t\t\t\t<div class=\"hover_title Guayana_Francesa\"> Guyane <\/div>\n\t\t\t\t\t<div class=\"map-marker  Guayana_Francesa\" title=\"Guyane\"><\/div>\n\t\t\t\t<\/div>\n\t\t\t<\/a>\n\t\t\t\t\n\t\t\t\n            <a href=\"https:\/\/www.cp-rup.com\/es\/regiones-ultraperifericas\/mayotte\/\">\n\t\t\t\t<div class=\"map-marker--wrapper mayotte\" style=\"top: 67%; left: 52.7%;\">\n\t\t\t\t\t<div class=\"hover_title Mayotte\"> Mayotte <\/div>\n\t\t\t\t\t<div class=\"map-marker  Mayotte\" title=\"Mayotte\"><\/div>\n\t\t\t\t<\/div>\n\t\t\t<\/a>\n            <a href=\"https:\/\/www.cp-rup.com\/es\/regiones-ultraperifericas\/reunion\/\">\n\t\t\t\t<div class=\"map-marker--wrapper reunion\" style=\"top: 72%; left: 55.2%;\">\n\t\t\t\t\t<div class=\"hover_title La_Reunion\"> R\u00e9union <\/div>\n\t\t\t\t\t<div class=\"map-marker  La_Reunion\" title=\"R\u00e9union\"><\/div>\n\t\t\t\t<\/div>\n\t\t\t<\/a>\n\t\t<\/div>\n\t<\/div>\n\n\t<style>\n\t.rup_main_map__wrapper:hover .hover_title {\n\t\topacity:1;\n\t}\n\t\n\t.hover_title {\n\t\tposition: absolute;\n\t\topacity:0;\n\t\ttransition: 0.15s opacity ease-in-out;\n\t\tbackground: rgba(255,255,255,0.75);\n\t\tborder-radius: 5px;\n\t\twidth: 60px;\n\t\tfont-size: 10px;\n\t}\n\n\t\t.hover_title:hover + .map-marker{\n\t\t\tanimation-name: animated-map-marker;\n\t\t\tanimation-duration: 0.5s;\n\t\t\tanimation-iteration-count: infinite;\n\t\t\tanimation-direction: alternate;\n\t\t}\n\t<\/style>\n\t<script>\n\tvar azores = jQuery('.map-marker[title=\"A\u00e7ores\"]');\n\tvar madeira = jQuery('.map-marker[title=\"Madeira\"]');\n\tvar canarias = jQuery('.map-marker[title=\"Canarias\"]');\n\tvar saint_martin = jQuery('.map-marker[title=\"Saint-Martin\"]');\n\tvar guadeloupe = jQuery('.map-marker[title=\"Guadeloupe\"]');\n\tvar martinique = jQuery('.map-marker[title=\"Martinique\"]');\n\tvar guyane = jQuery('.map-marker[title=\"Guyane\"]');\n\tvar mayotte = jQuery('.map-marker[title=\"Mayotte\"]');\n\tvar la_reunion  = jQuery('.map-marker[title=\"R\u00e9union\"]');\n\tvar rup = [ azores, madeira, canarias, mayotte, la_reunion, guyane, martinique, guadeloupe, saint_martin ];\n\tvar speed = 500;\n\tvar animation_from = {opacity: 0.25};\n\tvar animation_to = {opacity: 1};\n\tvar animation_easing = \"swing\";\n\t\n\tfunction animate(index){\n\t\trup[index].animate(animation_from, speed, animation_easing, function(){\n\t\t\trup[index].animate(animation_to, speed, animation_easing, function(){\n\t\t\t\tanimate((index+1) % rup.length);\n\t\t\t});\n\t\t});\n\t}\n\n\tanimate(0);\n\t\n\t<\/script>\n\t\n<h2>Situaci\u00f3n<\/h2>\n<p>Situada a unos 7000 km de la Europa continental, Saint-Martin es una de las regiones francesas m\u00e1s cercanas al continente americano y, por lo tanto, cuenta con una ventaja geoestrat\u00e9gica dentro de su cuenca. La isla tambi\u00e9n pertenece a un \u00e1rea geogr\u00e1fica llamada \u00abIslas de Sotavento\u00bb, que incluye Anguila, la isla vecina m\u00e1s cercana, San Crist\u00f3bal y Nieves, Antigua y Barbuda, Montserrat y las Islas V\u00edrgenes.<\/p>\n<p>El \u00faltimo censo, de 2014, indica que la poblaci\u00f3n en el lado franc\u00e9s ronda los 35.107 habitantes. La isla es un verdadero \u00abcrisol\u00bb, pues acoge a m\u00e1s de 101 nacionalidades y tiene un marcado car\u00e1cter multiling\u00fce (principalmente ingl\u00e9s, franc\u00e9s y espa\u00f1ol).<\/p>\n<p>Saint-Martin tiene un clima tropical con temperaturas que oscilan entre los 27\u00b0 y 32\u00b0. La estaci\u00f3n seca se extiende, por lo general, de febrero a abril, y la estaci\u00f3n lluviosa, que corresponde a la temporada de huracanes, se extiende desde junio hasta noviembre. En septiembre de 2017, Saint-Martin fue duramente golpeado por el hurac\u00e1n Irma, el cicl\u00f3n m\u00e1s poderoso jam\u00e1s registrado en el Caribe.<\/p>\n<p>En 2007, tras el refer\u00e9ndum expresado a favor del art\u00edculo 74 de la Constituci\u00f3n francesa, Saint-Martin (antigua comuna de Guadalupe) se convirti\u00f3 en una Collectivit\u00e9 d&#8217;Outre-mer. Por lo tanto, ejerce todas las competencias de la comuna, el departamento y la regi\u00f3n, as\u00ed como las transferidas por el Estado miembro.<\/p>\n<p>Adem\u00e1s, Saint-Martin tambi\u00e9n se caracteriza por su singularidad institucional a escala europea, con dos estatutos europeos distintos: en el lado norte, una regi\u00f3n ultraperif\u00e9rica (RUP) y en la parte sur, un pa\u00eds y territorio de ultramar (PTOM).<\/p>\n\t\t<div class=\"col-12 mb-5\">\n\t\t\t<div class=\"row widget_picture_with_floating_text\">\n\t\t\t\t<div class=\"col-8  widget_picture_with_floating_text__picture\" style=\"background-image: url('https:\/\/cp-rup.com\/wp-content\/uploads\/2018\/09\/SMT-5.jpg');\"><\/div>\n\t\t\t\t<div class=\"col-6 widget_picture_with_floating_text__text widget_picture_with_floating_text__text--right\">\n\t\t\t\t\t<h3>Localizaci\u00f3n<\/h3>\n\t\t\t\t\t<p> Situada a unos 7000 km de la Europa continental, Saint-Martin es una de las regiones francesas m\u00e1s cercanas al continente americano y, por lo tanto, cuenta con una ventaja geoestrat\u00e9gica dentro de su cuenca<\/p>\n\t\t\t\t<\/div>\n\t\t\t<\/div>\n\t\t<\/div>\n\n\n<h2>Industrias en San Mart\u00edn<\/h2>\n<p>El sector del turismo es la columna vertebral de la econom\u00eda local. Incluye una variedad de servicios relacionados con la industria de la hosteler\u00eda y la restauraci\u00f3n, los sectores de cruceros y yates y otros tipos de actividades tur\u00edsticas. Por otro lado, las actividades agr\u00edcolas, ganaderas y de pesca representan una parte menor del sector econ\u00f3mico, las cuales, no obstante,\u00a0 v\u00edas de reestructuraci\u00f3n para maximizar su potencial. La estructura empresarial se compone principalmente de pymes.<\/p>\n\t\t<div class=\"col-12 mb-5\">\n\t\t\t<div class=\"row widget_picture_with_floating_text\">\n\t\t\t\t<div class=\"col-8 offset-4 widget_picture_with_floating_text__picture\" style=\"background-image: url('https:\/\/cp-rup.com\/wp-content\/uploads\/2018\/09\/SMT-1.jpg');\"><\/div>\n\t\t\t\t<div class=\"col-6 widget_picture_with_floating_text__text widget_picture_with_floating_text__text--left\">\n\t\t\t\t\t<h3>Turismo<\/h3>\n\t\t\t\t\t<p> El sector del turismo es la columna vertebral de la econom\u00eda local. Incluye una variedad de servicios relacionados con la industria de la hosteler\u00eda y la restauraci\u00f3n, los sectores de cruceros y yates y otros tipos de actividades tur\u00edsticas <\/p>\n\t\t\t\t<\/div>\n\t\t\t<\/div>\n\t\t<\/div>\n\n\n<p>Las ventajas naturales y geogr\u00e1ficas de Saint-Martin constituyen una palanca importante en favor del desarrollo socioecon\u00f3mico de la isla, permitiendo tambi\u00e9n la aparici\u00f3n de nuevos nichos de actividades.<\/p>\n<hr \/>\n<h2>San-Mart\u00edn en fotos<\/h2>\n<div id=\"metaslider-id-2768\" style=\"width: 100%; margin: 0 auto;\" class=\"ml-slider-3-20-3 metaslider metaslider-flex metaslider-2768 ml-slider\">\n    <div id=\"metaslider_container_2768\">\n        <div id=\"metaslider_2768\">\n            <ul aria-live=\"polite\" class=\"slides\">\n                <li style=\"display: none; width: 100%;\" class=\"slide-2769 ms-image\"><img loading=\"lazy\" decoding=\"async\" src=\"https:\/\/www.cp-rup.com\/wp-content\/uploads\/2018\/09\/SMT-9-1200x400.jpg\" height=\"400\" width=\"1200\" alt=\"\" class=\"slider-2768 slide-2769\" \/><\/li>\n                <li style=\"display: none; width: 100%;\" class=\"slide-2770 ms-image\"><img loading=\"lazy\" decoding=\"async\" src=\"https:\/\/www.cp-rup.com\/wp-content\/uploads\/2018\/09\/SMT-8-1200x400.jpg\" height=\"400\" width=\"1200\" alt=\"\" class=\"slider-2768 slide-2770\" \/><\/li>\n                <li style=\"display: none; width: 100%;\" class=\"slide-2771 ms-image\"><img loading=\"lazy\" decoding=\"async\" src=\"https:\/\/www.cp-rup.com\/wp-content\/uploads\/2018\/09\/SMT-7-1200x400.jpg\" height=\"400\" width=\"1200\" alt=\"\" class=\"slider-2768 slide-2771\" \/><\/li>\n                <li style=\"display: none; width: 100%;\" class=\"slide-2773 ms-image\"><img loading=\"lazy\" decoding=\"async\" src=\"https:\/\/www.cp-rup.com\/wp-content\/uploads\/2018\/09\/SMT-4-1200x400.jpg\" height=\"400\" width=\"1200\" alt=\"\" class=\"slider-2768 slide-2773\" \/><\/li>\n                <li style=\"display: none; width: 100%;\" class=\"slide-2774 ms-image\"><img loading=\"lazy\" decoding=\"async\" src=\"https:\/\/www.cp-rup.com\/wp-content\/uploads\/2018\/09\/SMT-3-1200x400.jpg\" height=\"400\" width=\"1200\" alt=\"\" class=\"slider-2768 slide-2774\" \/><\/li>\n                <li style=\"display: none; width: 100%;\" class=\"slide-2778 ms-image\"><img loading=\"lazy\" decoding=\"async\" src=\"https:\/\/www.cp-rup.com\/wp-content\/uploads\/2018\/09\/SMT-1-1200x400.jpg\" height=\"400\" width=\"1200\" alt=\"\" class=\"slider-2768 slide-2778\" \/><\/li>\n            <\/ul>\n        <\/div>\n        \n    <\/div>\n<\/div>\n","protected":false},"excerpt":{"rendered":"<p>&nbsp; Saint-Martin, un ambiente multicultural Saint-Martin es una isla binacional de una superficie total de 87 km\u00b2 ubicada en la parte norte del arco antillano y rodeada por el oc\u00e9ano Atl\u00e1ntico y el mar Caribe. De acuerdo con el Tratado de Concordia, desde 1648 la isla se divide entre la parte bajo soberan\u00eda francesa en [&hellip;]<\/p>\n","protected":false},"author":37,"featured_media":2715,"parent":5779,"menu_order":0,"comment_status":"closed","ping_status":"closed","template":"page-region-detail.php","meta":{"_acf_changed":false,"footnotes":"","_links_to":"","_links_to_target":""},"class_list":["post-5862","page","type-page","status-publish","has-post-thumbnail","hentry"],"acf":[],"_links":{"self":[{"href":"https:\/\/www.cp-rup.com\/es\/wp-json\/wp\/v2\/pages\/5862","targetHints":{"allow":["GET"]}}],"collection":[{"href":"https:\/\/www.cp-rup.com\/es\/wp-json\/wp\/v2\/pages"}],"about":[{"href":"https:\/\/www.cp-rup.com\/es\/wp-json\/wp\/v2\/types\/page"}],"author":[{"embeddable":true,"href":"https:\/\/www.cp-rup.com\/es\/wp-json\/wp\/v2\/users\/37"}],"replies":[{"embeddable":true,"href":"https:\/\/www.cp-rup.com\/es\/wp-json\/wp\/v2\/comments?post=5862"}],"version-history":[{"count":1,"href":"https:\/\/www.cp-rup.com\/es\/wp-json\/wp\/v2\/pages\/5862\/revisions"}],"predecessor-version":[{"id":5863,"href":"https:\/\/www.cp-rup.com\/es\/wp-json\/wp\/v2\/pages\/5862\/revisions\/5863"}],"up":[{"embeddable":true,"href":"https:\/\/www.cp-rup.com\/es\/wp-json\/wp\/v2\/pages\/5779"}],"wp:featuredmedia":[{"embeddable":true,"href":"https:\/\/www.cp-rup.com\/es\/wp-json\/wp\/v2\/media\/2715"}],"wp:attachment":[{"href":"https:\/\/www.cp-rup.com\/es\/wp-json\/wp\/v2\/media?parent=5862"}],"curies":[{"name":"wp","href":"https:\/\/api.w.org\/{rel}","templated":true}]}}