{"id":5879,"date":"2021-03-19T18:00:17","date_gmt":"2021-03-19T18:00:17","guid":{"rendered":"https:\/\/cp-rup.com\/?page_id=5879"},"modified":"2021-03-19T18:00:17","modified_gmt":"2021-03-19T18:00:17","slug":"las-rup-en-la-ue-2","status":"publish","type":"page","link":"https:\/\/www.cp-rup.com\/es\/las-rup-en-la-ue-2\/","title":{"rendered":"Las RUP en la UE"},"content":{"rendered":"<h1 style=\"text-align: center;\"><span id=\"result_box\" class=\"short_text\" lang=\"es\"><span class=\"alt-edited\">Las RUP en la UE<\/span><\/span><\/h1>\n<h2 style=\"text-align: center;\">Nuestras diferencias se asemejan, nos asemejan.<\/h2>\n<p>&nbsp;<\/p>\n<p>Azores, Canarias, Guadalupe, Guayana, Madeira, Mayotte, Martinica, Reuni\u00f3n y San Martin: nueve regiones insulares y una regi\u00f3n aislada en el noroeste del continente sudamericano, a miles de kil\u00f3metros de Europa; unas ba\u00f1adas por el mar del Caribe, otras, por los oc\u00e9anos Atl\u00e1ntico e \u00cdndico; portugu\u00e9s, franc\u00e9s y espa\u00f1ol, tres lenguas oficiales y tres nacionalidades diferentes para un conjunto de regiones que integran plenamente la Uni\u00f3n Europea y que forman un grupo peculiar y bien definido en su seno: las Regiones Ultraperif\u00e9ricas de la Uni\u00f3n Europea (RUP).<\/p>\n<p>F\u00edsicamente alejadas y aisladas del mercado europeo, pero plenamente Uni\u00f3n Europea a trav\u00e9s de la adhesi\u00f3n de sus Estados Miembros, las RUP se encuentran en un contexto natural marcado por la insularidad, el vulcanismo, el clima tropical, la proximidad a otros pa\u00edses terceros menos desarrollados y la vinculaci\u00f3n hist\u00f3rica y cultural con otros pa\u00edses con los que mantienen especiales relaciones.<\/p>\n<p>Estas regiones tienen en com\u00fan una serie de desventajas: dependencia econ\u00f3mica del exterior, costes suplementarios debido a la lejan\u00eda e insularidad, tama\u00f1o reducido y exig\u00fcidad de los mercados, concentraci\u00f3n de actividades en algunos sectores, alto nivel de subempleo, competencia de las producciones de los pa\u00edses vecinos en v\u00edas de desarrollo, etc. que, combinadas y acumuladas, afectan a su desarrollo econ\u00f3mico y social.<\/p>\n<p>A pesar de su escaso peso econ\u00f3mico y demogr\u00e1fico en el conjunto de la UE, las RUP ofrecen relevantes ventajas a Europa. Su situaci\u00f3n geogr\u00e1fica y su entorno natural aportan otra dimensi\u00f3n a la Uni\u00f3n Europea: una zona mar\u00edtima y una posici\u00f3n geoestrat\u00e9gica valiosa; lugares privilegiados para la implantaci\u00f3n de actividades de investigaci\u00f3n cient\u00edfica y alta tecnolog\u00eda, un gran potencial para desarrollar las energ\u00edas renovables y un marco natural excepcional para un turismo seguro y respetuoso del medio ambiente, entre otros.<\/p>\n<p>Esta situaci\u00f3n compartida las ha llevado a estrechar sus lazos de uni\u00f3n, afirmando su voluntad de cooperar con el objetivo de mostrar su potencial y de que la UE no olvide su realidad y su situaci\u00f3n particular y espec\u00edfica, como \u00fanica manera de lograr un desarrollo econ\u00f3mico y social sostenibles, situ\u00e1ndolas en una posici\u00f3n de igualdad respecto del resto de las regiones europeas.<\/p>\n<p>Reconociendo su diversidad y fortaleciendo sus bases comunes, las Regiones Ultraperif\u00e9ricas han basado su estrategia com\u00fan sobre la realidad regional, sin olvidar su geograf\u00eda: el espacio pol\u00edtico europeo al que pertenecen, y al que aportan una dimensi\u00f3n planetaria, y su espacio geoecon\u00f3mico, en el que aspiran ser un modelo de desarrollo sostenible, portador de valor a\u00f1adido y de cooperaci\u00f3n.<\/p>\n<p>El reconocimiento de las regiones ultraperif\u00e9ricas en el ordenamiento jur\u00eddico comunitario se sustenta en una serie de preceptos normativos.<\/p>\n<p>&nbsp;<\/p>\n<h2 style=\"text-align: center;\"><span id=\"result_box\" class=\"short_text\" lang=\"es\"><span class=\"alt-edited\"><div id=\"metaslider-id-2075\" style=\"width: 100%;\" class=\"ml-slider-3-20-3 metaslider metaslider-flex metaslider-2075 ml-slider\">\n    <div id=\"metaslider_container_2075\">\n        <div id=\"metaslider_2075\">\n            <ul aria-live=\"polite\" class=\"slides\">\n                <li style=\"display: block; width: 100%;\" class=\"slide-2377 ms-image\"><img loading=\"lazy\" decoding=\"async\" src=\"https:\/\/www.cp-rup.com\/wp-content\/uploads\/2018\/07\/Reuni\u00f3n-slider-6-1088x400.jpg\" height=\"400\" width=\"1088\" alt=\"\" class=\"slider-2075 slide-2377\" \/><div class=\"caption-wrap\"><div class=\"caption\">Reunion<\/div><\/div><\/li>\n                <li style=\"display: none; width: 100%;\" class=\"slide-2378 ms-image\"><img loading=\"lazy\" decoding=\"async\" src=\"https:\/\/www.cp-rup.com\/wp-content\/uploads\/2018\/07\/Madeira-slider-5-1-1088x400.jpg\" height=\"400\" width=\"1088\" alt=\"\" class=\"slider-2075 slide-2378\" \/><div class=\"caption-wrap\"><div class=\"caption\">Madeira<\/div><\/div><\/li>\n                <li style=\"display: none; width: 100%;\" class=\"slide-3662 ms-image\"><img loading=\"lazy\" decoding=\"async\" src=\"https:\/\/www.cp-rup.com\/wp-content\/uploads\/2018\/09\/SMT-7-1088x400.jpg\" height=\"400\" width=\"1088\" alt=\"\" class=\"slider-2075 slide-3662\" \/><div class=\"caption-wrap\"><div class=\"caption\">Saint Martin<\/div><\/div><\/li>\n                <li style=\"display: none; width: 100%;\" class=\"slide-3718 ms-image\"><img loading=\"lazy\" decoding=\"async\" src=\"https:\/\/www.cp-rup.com\/wp-content\/uploads\/2018\/10\/Azores-JAR-Flores-Island-1088x400.jpg\" height=\"400\" width=\"1088\" alt=\"\" class=\"slider-2075 slide-3718\" \/><div class=\"caption-wrap\"><div class=\"caption\">A\u00e7ores<\/div><\/div><\/li>\n                <li style=\"display: none; width: 100%;\" class=\"slide-3719 ms-image\"><img loading=\"lazy\" decoding=\"async\" src=\"https:\/\/www.cp-rup.com\/wp-content\/uploads\/2018\/10\/GUY-MER-\u00ceLES-DU-SALUT-03-1-1088x400.jpg\" height=\"400\" width=\"1088\" alt=\"\" class=\"slider-2075 slide-3719\" \/><div class=\"caption-wrap\"><div class=\"caption\">Guyane<\/div><\/div><\/li>\n                <li style=\"display: none; width: 100%;\" class=\"slide-3723 ms-image\"><img loading=\"lazy\" decoding=\"async\" src=\"https:\/\/www.cp-rup.com\/wp-content\/uploads\/2018\/09\/GUA-9-1-1088x400.jpg\" height=\"400\" width=\"1088\" alt=\"\" class=\"slider-2075 slide-3723\" \/><div class=\"caption-wrap\"><div class=\"caption\">Guadeloupe<\/div><\/div><\/li>\n                <li style=\"display: none; width: 100%;\" class=\"slide-3724 ms-image\"><img loading=\"lazy\" decoding=\"async\" src=\"https:\/\/www.cp-rup.com\/wp-content\/uploads\/2018\/06\/Parque-Nacional-Timanfaya-Lanzarote-1088x400.jpg\" height=\"400\" width=\"1088\" alt=\"\" class=\"slider-2075 slide-3724\" \/><div class=\"caption-wrap\"><div class=\"caption\">Canarias<\/div><\/div><\/li>\n            <\/ul>\n        <\/div>\n        \n    <\/div>\n<\/div><\/span><\/span><\/h2>\n","protected":false},"excerpt":{"rendered":"<p>Las RUP en la UE Nuestras diferencias se asemejan, nos asemejan. &nbsp; Azores, Canarias, Guadalupe, Guayana, Madeira, Mayotte, Martinica, Reuni\u00f3n y San Martin: nueve regiones insulares y una regi\u00f3n aislada en el noroeste del continente sudamericano, a miles de kil\u00f3metros de Europa; unas ba\u00f1adas por el mar del Caribe, otras, por los oc\u00e9anos Atl\u00e1ntico e [&hellip;]<\/p>\n","protected":false},"author":37,"featured_media":0,"parent":0,"menu_order":0,"comment_status":"closed","ping_status":"closed","template":"page-static-rich.php","meta":{"_acf_changed":false,"footnotes":"","_links_to":"","_links_to_target":""},"class_list":["post-5879","page","type-page","status-publish","hentry"],"acf":[],"_links":{"self":[{"href":"https:\/\/www.cp-rup.com\/es\/wp-json\/wp\/v2\/pages\/5879","targetHints":{"allow":["GET"]}}],"collection":[{"href":"https:\/\/www.cp-rup.com\/es\/wp-json\/wp\/v2\/pages"}],"about":[{"href":"https:\/\/www.cp-rup.com\/es\/wp-json\/wp\/v2\/types\/page"}],"author":[{"embeddable":true,"href":"https:\/\/www.cp-rup.com\/es\/wp-json\/wp\/v2\/users\/37"}],"replies":[{"embeddable":true,"href":"https:\/\/www.cp-rup.com\/es\/wp-json\/wp\/v2\/comments?post=5879"}],"version-history":[{"count":1,"href":"https:\/\/www.cp-rup.com\/es\/wp-json\/wp\/v2\/pages\/5879\/revisions"}],"predecessor-version":[{"id":5880,"href":"https:\/\/www.cp-rup.com\/es\/wp-json\/wp\/v2\/pages\/5879\/revisions\/5880"}],"wp:attachment":[{"href":"https:\/\/www.cp-rup.com\/es\/wp-json\/wp\/v2\/media?parent=5879"}],"curies":[{"name":"wp","href":"https:\/\/api.w.org\/{rel}","templated":true}]}}