{"id":5893,"date":"2021-03-19T18:59:35","date_gmt":"2021-03-19T18:59:35","guid":{"rendered":"https:\/\/cp-rup.com\/?page_id=5893"},"modified":"2022-12-16T16:59:02","modified_gmt":"2022-12-16T16:59:02","slug":"consejo-europeo","status":"publish","type":"page","link":"https:\/\/www.cp-rup.com\/es\/las-rup-en-la-ue-2\/consejo-europeo\/","title":{"rendered":"Consejo Europeo"},"content":{"rendered":"<h1 style=\"text-align: center;\">Consejo Europeo<\/h1>\n<p>Esta instituci\u00f3n nace de la pr\u00e1ctica de reunir regularmente a los Jefes de Estado o de Gobierno de las iniciales Comunidades Europeas y de sus Ministros de Asuntos Exteriores a fin de organizar una cooperaci\u00f3n pol\u00edtica reforzada. Su formalizaci\u00f3n jur\u00eddica se recoge en el Acta \u00danica Europea de 1987, consider\u00e1ndolo como un \u00f3rgano de la UE. Una de las principales novedades del Tratado de Lisboa respecto a la misma ha sido la de elevarlo a rango de instituci\u00f3n europea.<\/p>\n<p>Su funci\u00f3n principal es la de dar a la Uni\u00f3n los impulsos necesarios para su desarrollo, as\u00ed como definir sus orientaciones y prioridades pol\u00edticas generales, sin ejercer funci\u00f3n legislativa alguna.<\/p>\n<p>Las RUP, a trav\u00e9s de los Jefes de Estado o de Gobierno de sus respectivos Estados, instan a esta instituci\u00f3n a tomar en consideraci\u00f3n sus intereses, buen ejemplo de ello es la <a href=\"https:\/\/cp-rup.com\/wp-content\/uploads\/2018\/06\/28-Declaraci\u00f3n-CPRUP-MFP-post-2020-final.pdf\">declaraci\u00f3n de los Presidentes de la Conferencia de Presidentes de las RUP relativa al marco financiero plurianual despu\u00e9s de 2020<\/a><\/p>\n","protected":false},"excerpt":{"rendered":"<p>Consejo Europeo Esta instituci\u00f3n nace de la pr\u00e1ctica de reunir regularmente a los Jefes de Estado o de Gobierno de las iniciales Comunidades Europeas y de sus Ministros de Asuntos Exteriores a fin de organizar una cooperaci\u00f3n pol\u00edtica reforzada. Su formalizaci\u00f3n jur\u00eddica se recoge en el Acta \u00danica Europea de 1987, consider\u00e1ndolo como un \u00f3rgano [&hellip;]<\/p>\n","protected":false},"author":37,"featured_media":0,"parent":5879,"menu_order":1,"comment_status":"closed","ping_status":"closed","template":"page-static-rich.php","meta":{"_acf_changed":false,"footnotes":"","_links_to":"","_links_to_target":""},"class_list":["post-5893","page","type-page","status-publish","hentry"],"acf":[],"_links":{"self":[{"href":"https:\/\/www.cp-rup.com\/es\/wp-json\/wp\/v2\/pages\/5893","targetHints":{"allow":["GET"]}}],"collection":[{"href":"https:\/\/www.cp-rup.com\/es\/wp-json\/wp\/v2\/pages"}],"about":[{"href":"https:\/\/www.cp-rup.com\/es\/wp-json\/wp\/v2\/types\/page"}],"author":[{"embeddable":true,"href":"https:\/\/www.cp-rup.com\/es\/wp-json\/wp\/v2\/users\/37"}],"replies":[{"embeddable":true,"href":"https:\/\/www.cp-rup.com\/es\/wp-json\/wp\/v2\/comments?post=5893"}],"version-history":[{"count":3,"href":"https:\/\/www.cp-rup.com\/es\/wp-json\/wp\/v2\/pages\/5893\/revisions"}],"predecessor-version":[{"id":7740,"href":"https:\/\/www.cp-rup.com\/es\/wp-json\/wp\/v2\/pages\/5893\/revisions\/7740"}],"up":[{"embeddable":true,"href":"https:\/\/www.cp-rup.com\/es\/wp-json\/wp\/v2\/pages\/5879"}],"wp:attachment":[{"href":"https:\/\/www.cp-rup.com\/es\/wp-json\/wp\/v2\/media?parent=5893"}],"curies":[{"name":"wp","href":"https:\/\/api.w.org\/{rel}","templated":true}]}}