{"id":5900,"date":"2021-03-19T19:04:38","date_gmt":"2021-03-19T19:04:38","guid":{"rendered":"https:\/\/cp-rup.com\/?page_id=5900"},"modified":"2025-06-27T08:57:50","modified_gmt":"2025-06-27T08:57:50","slug":"consejo-de-la-ue","status":"publish","type":"page","link":"https:\/\/www.cp-rup.com\/es\/las-rup-en-la-ue-2\/consejo-de-la-ue\/","title":{"rendered":"Consejo de la UE"},"content":{"rendered":"<p><\/p>\n<h1 style=\"text-align: center;\"><span id=\"result_box\" class=\"short_text\" lang=\"pt\">El Consejo de la UE <\/span><\/h1>\n<p>El Consejo, formado por los ministros de los Estados miembros, es un \u00f3rgano decisorio esencial ya que negocia y adopta, a trav\u00e9s del procedimiento legislativo ordinario (codecisi\u00f3n) con el Parlamento Europeo, la legislaci\u00f3n de la UE. Adem\u00e1s, el Consejo coordina la actuaci\u00f3n de los Estados miembros en \u00e1mbitos espec\u00edficos, como por ejemplo las medidas econ\u00f3micas en orden a reforzar la gobernanza econ\u00f3mica en la Uni\u00f3n, y supervisa las pol\u00edticas presupuestarias. Es la instituci\u00f3n encargada de adoptar el presupuesto de la UE junto con el Parlamento Europeo. En su seno existe un grupo de trabajo \u201cRegiones Ultraperif\u00e9ricas\u201d que se re\u00fane para debatir las propuestas de la Comisi\u00f3n Europea que tienen como base jur\u00eddica el art\u00edculo 349 del TFUE.<\/p>\n<p>Hasta el momento, la implicaci\u00f3n de los tres Estados miembros con sus Regiones Ultraperif\u00e9ricas ha permitido obtener las siguientes menciones a la ultraperiferia en las conclusiones del consejo:<\/p>\n<ul>\n<li><a href=\"https:\/\/cp-rup.com\/wp-content\/uploads\/2018\/09\/library_files\/Consejo_Europeo_1999-06_-_Conclusiones_de_la_Presidencia_-_Colonia_-_p\u00e1g_10.pdf\" target=\"_blank\" rel=\"noopener noreferrer\">Conclusiones de la Presidencia del Consejo de Colonia de 1999<\/a><\/li>\n<li><a href=\"https:\/\/cp-rup.com\/wp-content\/uploads\/2018\/09\/library_files\/Consejo_Europeo_2000-06_-_Conclusiones_de_la_Presidencia_-_Santa_Mar\u00eda_da_Feira_-_p\u00e1g_11.pdf\" target=\"_blank\" rel=\"noopener noreferrer\">Conclusiones de la Presidencia del Consejo de Santa Maria da Feira de 2000<\/a><\/li>\n<li><a href=\"https:\/\/cp-rup.com\/wp-content\/uploads\/2018\/09\/library_files\/Consejo_Europeo_2000-03_-_Conclusiones_de_la_Presidencia_-_Lisboa_-_p\u00e1g_17.pdf\" target=\"_blank\" rel=\"noopener noreferrer\">Conclusiones de la Presidencia del Consejo de Lisboa de 2000<\/a><\/li>\n<li><a href=\"https:\/\/cp-rup.com\/wp-content\/uploads\/2018\/09\/library_files\/Consejo_Europeo_2000-12_-_Conclusiones_de_la_Presidencia_-_Niza_-_p\u00e1g_13.pdf\" target=\"_blank\" rel=\"noopener noreferrer\">Conclusiones de la Presidencia del Consejo de Niza de 2000<\/a><\/li>\n<li><a href=\"https:\/\/cp-rup.com\/wp-content\/uploads\/2018\/09\/library_files\/Consejo_Europeo_2002-06_-_Conclusiones_de_la_Presidencia_-_Sevilla_-_p\u00e1g_18.pdf\" target=\"_blank\" rel=\"noopener noreferrer\">Conclusiones de la Presidencia del Consejo Sevilla de 2002<\/a><\/li>\n<li><a href=\"https:\/\/cp-rup.com\/wp-content\/uploads\/2018\/09\/library_files\/Consejo_Europeo_2004-06_-_Conclusiones_de_la_Presidencia_-_p%C3%A1g_10.pdf\" target=\"_blank\" rel=\"noopener noreferrer\">Conclusiones de la Presidencia del Consejo de Bruselas de 2004<\/a><\/li>\n<li><a href=\"https:\/\/cp-rup.com\/wp-content\/uploads\/2018\/09\/library_files\/Consejo_Europeo_2004-06_-_Conclusiones_de_la_Presidencia_-_p\u00e1g_10.pdf\" target=\"_blank\" rel=\"noopener noreferrer\">Conclusiones de la Presidencia del Consejo de Bruselas de 2007<\/a><\/li>\n<li><a href=\"https:\/\/cp-rup.com\/wp-content\/uploads\/2018\/09\/library_files\/Consejo_Europeo_2004-06_-_Conclusiones_de_la_Presidencia_-_p\u00e1g_10.pdf\" target=\"_blank\" rel=\"noopener noreferrer\">Conclusiones de la Presidencia del Consejo de Lisboa de 2007<\/a><\/li>\n<li><a href=\"https:\/\/cp-rup.com\/wp-content\/uploads\/2018\/09\/library_files\/Consejo_Europeo_2009-12_-_Conclusiones_de_la_Presidencia_-_p\u00e1g_8.pdf\" target=\"_blank\" rel=\"noopener noreferrer\">Conclusiones de la Presidencia del Consejo de Bruselas de 2009<\/a><\/li>\n<\/ul>\n<p>&nbsp;<\/p>\n<p><a href=\"https:\/\/cp-rup.com\/wp-content\/uploads\/2018\/03\/Consejo.de_.le_.UE_.01-w.jpg\"><img loading=\"lazy\" decoding=\"async\" class=\"aligncenter size-full wp-image-1360\" src=\"https:\/\/cp-rup.com\/wp-content\/uploads\/2018\/03\/Consejo.de_.le_.UE_.01-w.jpg\" alt=\"\" width=\"1170\" height=\"400\" srcset=\"https:\/\/www.cp-rup.com\/wp-content\/uploads\/2018\/03\/Consejo.de_.le_.UE_.01-w.jpg 1170w, https:\/\/www.cp-rup.com\/wp-content\/uploads\/2018\/03\/Consejo.de_.le_.UE_.01-w-300x103.jpg 300w, https:\/\/www.cp-rup.com\/wp-content\/uploads\/2018\/03\/Consejo.de_.le_.UE_.01-w-768x263.jpg 768w, https:\/\/www.cp-rup.com\/wp-content\/uploads\/2018\/03\/Consejo.de_.le_.UE_.01-w-1024x350.jpg 1024w\" sizes=\"auto, (max-width: 1170px) 100vw, 1170px\" \/><\/a><\/p>\n<p>&nbsp;<\/p>","protected":false},"excerpt":{"rendered":"<p>El Consejo de la UE El Consejo, formado por los ministros de los Estados miembros, es un \u00f3rgano decisorio esencial ya que negocia y adopta, a trav\u00e9s del procedimiento legislativo ordinario (codecisi\u00f3n) con el Parlamento Europeo, la legislaci\u00f3n de la UE. Adem\u00e1s, el Consejo coordina la actuaci\u00f3n de los Estados miembros en \u00e1mbitos espec\u00edficos, como [&hellip;]<\/p>\n","protected":false},"author":37,"featured_media":0,"parent":5879,"menu_order":2,"comment_status":"closed","ping_status":"closed","template":"page-static-rich.php","meta":{"_acf_changed":false,"footnotes":"","_links_to":"","_links_to_target":""},"class_list":["post-5900","page","type-page","status-publish","hentry"],"acf":[],"_links":{"self":[{"href":"https:\/\/www.cp-rup.com\/es\/wp-json\/wp\/v2\/pages\/5900","targetHints":{"allow":["GET"]}}],"collection":[{"href":"https:\/\/www.cp-rup.com\/es\/wp-json\/wp\/v2\/pages"}],"about":[{"href":"https:\/\/www.cp-rup.com\/es\/wp-json\/wp\/v2\/types\/page"}],"author":[{"embeddable":true,"href":"https:\/\/www.cp-rup.com\/es\/wp-json\/wp\/v2\/users\/37"}],"replies":[{"embeddable":true,"href":"https:\/\/www.cp-rup.com\/es\/wp-json\/wp\/v2\/comments?post=5900"}],"version-history":[{"count":2,"href":"https:\/\/www.cp-rup.com\/es\/wp-json\/wp\/v2\/pages\/5900\/revisions"}],"predecessor-version":[{"id":9924,"href":"https:\/\/www.cp-rup.com\/es\/wp-json\/wp\/v2\/pages\/5900\/revisions\/9924"}],"up":[{"embeddable":true,"href":"https:\/\/www.cp-rup.com\/es\/wp-json\/wp\/v2\/pages\/5879"}],"wp:attachment":[{"href":"https:\/\/www.cp-rup.com\/es\/wp-json\/wp\/v2\/media?parent=5900"}],"curies":[{"name":"wp","href":"https:\/\/api.w.org\/{rel}","templated":true}]}}