{"id":5914,"date":"2021-03-19T19:18:41","date_gmt":"2021-03-19T19:18:41","guid":{"rendered":"https:\/\/cp-rup.com\/?page_id=5914"},"modified":"2022-04-29T11:23:16","modified_gmt":"2022-04-29T11:23:16","slug":"parlamento-europeo","status":"publish","type":"page","link":"https:\/\/www.cp-rup.com\/es\/las-rup-en-la-ue-2\/parlamento-europeo\/","title":{"rendered":"Parlamento Europeo"},"content":{"rendered":"<h1 style=\"text-align: center;\">El Parlamento Europeo<\/h1>\n<h2>\u00a0<img loading=\"lazy\" decoding=\"async\" class=\"aligncenter wp-image-1216 size-full\" src=\"https:\/\/cp-rup.com\/wp-content\/uploads\/2018\/03\/ParlamentoEuropeo-w.jpg\" alt=\"\" width=\"800\" height=\"576\" \/><\/h2>\n<p>&nbsp;<\/p>\n<p>El Parlamento Europeo es la instituci\u00f3n que, junto con el Consejo, tiene poderes para adoptar y modificar las propuestas legislativas de la Comisi\u00f3n Europea y decidir acerca del presupuesto de la UE.<\/p>\n<p>Los diputados al Parlamento Europeo son elegidos por sufragio directo para representar los intereses de los ciudadanos de la UE y garantizar el funcionamiento democr\u00e1tico de las dem\u00e1s instituciones de la Uni\u00f3n. Tambi\u00e9n coopera con los parlamentos nacionales, especialmente en la aplicaci\u00f3n del principio de subsidiariedad.<\/p>\n<p>&nbsp;<\/p>\n<h2 style=\"text-align: center;\">Intergrupo para las Regiones Ultraperif\u00e9ricas<\/h2>\n<p>En su seno, los eurodiputados procedentes de las RUP han creado un intergrupo informal dedicado a las Regiones Ultraperif\u00e9ricas, con el objetivo de intercambiar puntos de vista sobre cuestiones determinadas, concertarse y debatir sobre las cuestiones que afectan a estas regiones, que son discutidas en esta instituci\u00f3n en el marco del procedimiento legislativo ordinario.<\/p>\n<p>&nbsp;<\/p>\n<div style=\"padding-left: 1%; font-size: 65%;\">\n<h2 style=\"text-align: center;\">Informes sobre las RUP<\/h2>\n<p>Desde el a\u00f1o 1997, el Parlamento europeo ha emitido distintas Resoluciones sobre las regiones ultraperif\u00e9ricas, entre las que podemos destacar:<\/p>\n<ul>\n<li><a href=\"https:\/\/cp-rup.com\/wp-content\/uploads\/2018\/06\/1997-Resoluci\u00f3n-problemas-de-desarrollo-RUP-formato-html.pdf\" target=\"_blank\" rel=\"noopener noreferrer\">Resoluci\u00f3n sobre los problemas de desarrollo de las Regiones Ultraperif\u00e9ricas (1997)<\/a><\/li>\n<li><a href=\"https:\/\/cp-rup.com\/wp-content\/uploads\/2018\/06\/2000-Resoluci\u00f3n-sobre-Informe-Comisi\u00f3n-299-2-DOCE.pdf\" target=\"_blank\" rel=\"noopener noreferrer\">Resoluci\u00f3n sobre el informe de la Comisi\u00f3n relativo a las medidas destinadas a aplicar el art\u00edculo 292.2 referido a las RUP (2000)<\/a><\/li>\n<li><a href=\"https:\/\/cp-rup.com\/wp-content\/uploads\/2018\/06\/2005-Resoluci\u00f3n-sobre-Asociaci\u00f3n-m\u00e1s-estrecha-con-RUP-DOUE.pdf\" target=\"_blank\" rel=\"noopener noreferrer\">Resoluci\u00f3n sobre una asociaci\u00f3n m\u00e1s estrecha con las Regiones Ultraperif\u00e9ricas (2005)<\/a><\/li>\n<li><a href=\"https:\/\/cp-rup.com\/wp-content\/uploads\/2018\/06\/2008-Resoluci\u00f3n-sobre-estrategia-para-las-RUP.pdf\" target=\"_blank\" rel=\"noopener noreferrer\">Resoluci\u00f3n sobre la estrategia para las regiones ultraperif\u00e9ricas: balance y perspectivas (2008)<\/a><\/li>\n<li><a href=\"https:\/\/cp-rup.com\/wp-content\/uploads\/2018\/06\/2012-Resoluci\u00f3n-sobre-el-papel-de-la-pol\u00edtica-de-cohesi\u00f3n-en-las-RUP-en-el-contexto-de-Europa-2020.pdf\" target=\"_blank\" rel=\"noopener noreferrer\">Resoluci\u00f3n sobre el papel de la pol\u00edtica de cohesi\u00f3n en las Regiones Ultraperif\u00e9ricas de la Uni\u00f3n Europea en el contexto de Europa 2020 (2012<\/a>)<\/li>\n<li><a href=\"https:\/\/cp-rup.com\/wp-content\/uploads\/2018\/06\/2017-Informe-Omarjee-aplicaci\u00f3n-art-349-TFUE.pdf\">Resoluci\u00f3n sobre el fomento de la cohesi\u00f3n y el desarrollo en las Regiones Ultraperif\u00e9ricas de la UE: aplicaci\u00f3n del art\u00edculo 349 del TFUE (2017<\/a>)<\/li>\n<li><a href=\"https:\/\/cp-rup.com\/wp-content\/uploads\/2022\/04\/2021-09-15-Informe-aprobado-por-el-Pleno.pdf\">Resoluci\u00f3n sobre el refuerzo de la asociaci\u00f3n con las Regiones Ultraperif\u00e9ricas de la Uni\u00f3n (2021)<\/a><\/li>\n<\/ul>\n<\/div>\n<p><a href=\"https:\/\/cp-rup.com\/wp-content\/uploads\/2018\/03\/ep-strass-slid.jpg\"><img loading=\"lazy\" decoding=\"async\" class=\"aligncenter size-full wp-image-1218\" src=\"https:\/\/cp-rup.com\/wp-content\/uploads\/2018\/03\/ep-strass-slid.jpg\" alt=\"\" width=\"1000\" height=\"300\" srcset=\"https:\/\/www.cp-rup.com\/wp-content\/uploads\/2018\/03\/ep-strass-slid.jpg 1000w, https:\/\/www.cp-rup.com\/wp-content\/uploads\/2018\/03\/ep-strass-slid-300x90.jpg 300w, https:\/\/www.cp-rup.com\/wp-content\/uploads\/2018\/03\/ep-strass-slid-768x230.jpg 768w\" sizes=\"auto, (max-width: 1000px) 100vw, 1000px\" \/><\/a><\/p>\n","protected":false},"excerpt":{"rendered":"<p>El Parlamento Europeo \u00a0 &nbsp; El Parlamento Europeo es la instituci\u00f3n que, junto con el Consejo, tiene poderes para adoptar y modificar las propuestas legislativas de la Comisi\u00f3n Europea y decidir acerca del presupuesto de la UE. Los diputados al Parlamento Europeo son elegidos por sufragio directo para representar los intereses de los ciudadanos de [&hellip;]<\/p>\n","protected":false},"author":37,"featured_media":0,"parent":5879,"menu_order":4,"comment_status":"closed","ping_status":"closed","template":"","meta":{"_acf_changed":false,"footnotes":"","_links_to":"","_links_to_target":""},"class_list":["post-5914","page","type-page","status-publish","hentry"],"acf":[],"_links":{"self":[{"href":"https:\/\/www.cp-rup.com\/es\/wp-json\/wp\/v2\/pages\/5914","targetHints":{"allow":["GET"]}}],"collection":[{"href":"https:\/\/www.cp-rup.com\/es\/wp-json\/wp\/v2\/pages"}],"about":[{"href":"https:\/\/www.cp-rup.com\/es\/wp-json\/wp\/v2\/types\/page"}],"author":[{"embeddable":true,"href":"https:\/\/www.cp-rup.com\/es\/wp-json\/wp\/v2\/users\/37"}],"replies":[{"embeddable":true,"href":"https:\/\/www.cp-rup.com\/es\/wp-json\/wp\/v2\/comments?post=5914"}],"version-history":[{"count":4,"href":"https:\/\/www.cp-rup.com\/es\/wp-json\/wp\/v2\/pages\/5914\/revisions"}],"predecessor-version":[{"id":7398,"href":"https:\/\/www.cp-rup.com\/es\/wp-json\/wp\/v2\/pages\/5914\/revisions\/7398"}],"up":[{"embeddable":true,"href":"https:\/\/www.cp-rup.com\/es\/wp-json\/wp\/v2\/pages\/5879"}],"wp:attachment":[{"href":"https:\/\/www.cp-rup.com\/es\/wp-json\/wp\/v2\/media?parent=5914"}],"curies":[{"name":"wp","href":"https:\/\/api.w.org\/{rel}","templated":true}]}}