{"id":5958,"date":"2021-03-19T19:47:30","date_gmt":"2021-03-19T19:47:30","guid":{"rendered":"https:\/\/cp-rup.com\/?page_id=5958"},"modified":"2022-12-16T16:45:27","modified_gmt":"2022-12-16T16:45:27","slug":"posicionamientos-conjuntos","status":"publish","type":"page","link":"https:\/\/www.cp-rup.com\/es\/conferencia-de-presidentes\/posicionamientos-conjuntos\/","title":{"rendered":"Posicionamientos conjuntos"},"content":{"rendered":"<h1 style=\"text-align: center;\">Posicionamientos conjuntos<\/h1>\n<p>La colaboraci\u00f3n de las RUP desde mediados de los a\u00f1os 80, en la defensa de sus especificidades, ha permitido consolidar en el panorama europeo una categor\u00eda regional espec\u00edfica cuya realidad y diversidad deben ser tratadas de forma conjunta.<\/p>\n<p>&nbsp;<\/p>\n<h2 style=\"text-align: center;\">Protocolos de Cooperaci\u00f3n entre las RUP<\/h2>\n<p>&nbsp;<\/p>\n<p>En 1993, los Presidentes de las siete RUP adoptaron la resoluci\u00f3n de establecer un Protocolo de Cooperaci\u00f3n, renovado desde entonces varias veces, con el fin de reforzar la solidaridad pol\u00edtica para sensibilizar permanentemente a la instituciones europeas de la necesidad de una estrategia europea espec\u00edfica para las RUP, que establezca un tratamiento espec\u00edfico, integrado y coherente para estas regiones. Fruto de esta cooperaci\u00f3n, se han venido desarrollado acciones de cooperaci\u00f3n interregionales en distintos \u00e1mbitos, tanto entre ellas mismas como con otras regiones europeas y pa\u00edses situados en sus entornos geogr\u00e1ficos.<\/p>\n<p>&nbsp;<\/p>\n<h2 style=\"text-align: center;\">Memor\u00e1ndums<\/h2>\n<p>Los Memor\u00e1ndums conjuntos son documentos estrat\u00e9gicos en los que, una vez identificado y consensuado el m\u00ednimo com\u00fan denominador entre las RUP, se formulan propuestas concretas instando a las instituciones europeas a que, en cada momento, dinamicen y desarrollen su estrategia en favor de estas regiones.<\/p>\n<p>Con cada Memor\u00e1ndum se realiza un balance de la estrategia de la Comisi\u00f3n Europea en favor de las RUP y se formulan propuestas para profundizar en la toma en consideraci\u00f3n de la ultraperiferia en la propuestas financieras, presupuestarias y reglamentarias europeas, sobre la base jur\u00eddica espec\u00edfica de la ultraperiferia, el art\u00edculo 349 del TFUE, aprovechando todo su potencial.<\/p>\n<ul>\n<li><a href=\"https:\/\/cp-rup.com\/wp-content\/uploads\/2018\/09\/library_files\/1999_-_Memor\u00e1ndum_RUP_ES.pdf\">Memor\u00e1ndum conjunto de las Regiones Ultraperif\u00e9ricas \u00abNuestras diferencias se asemejan&#8230;nos unen\u00bb<\/a><\/li>\n<li><a href=\"https:\/\/cp-rup.com\/wp-content\/uploads\/2018\/09\/library_files\/2003_-_Memor\u00e1ndum_conjunto_EEMM-RUP.pdf\">Memor\u00e1ndum conjunto de Espa\u00f1a, Francia y Portugal y las Regiones Ultraperif\u00e9ricas sobre el desarrollo del art\u00edculo 299.2 TCE<\/a><\/li>\n<li><a href=\"https:\/\/cp-rup.com\/wp-content\/uploads\/2018\/09\/library_files\/2010_Memor\u00e1ndum_EEMM-RUP_ES_con_firmas.pdf\">Memor\u00e1ndum conjunto de Espa\u00f1a, Francia y Portugal y las Regiones Ultraperif\u00e9ricas para una estrategia renovada en favor de la ultraperiferia<\/a><\/li>\n<li><a href=\"https:\/\/cp-rup.com\/wp-content\/uploads\/2018\/09\/library_files\/2009_Memor\u00e1ndum_Las_RUP_en_el_horizonte_2020_ES.pdf\">Memor\u00e1ndum conjunto de las Regiones Ultraperif\u00e9ricas \u00abLas RUP en el horizonte 2020\u00bb<\/a><\/li>\n<li><a href=\"https:\/\/cp-rup.com\/wp-content\/uploads\/2018\/09\/library_files\/2017_-_Por_un_nuevo_impulso_en_la_implementaci\u00f3n_del_art_349_TFUE.pdf\">Memor\u00e1ndum conjunto de las Regiones Ultraperif\u00e9ricas \u00abPor un nuevo impulso en la implementaci\u00f3n del art\u00edculo 349 del TFUE\u00bb<\/a><\/li>\n<\/ul>\n<p>&nbsp;<\/p>\n<h2 style=\"text-align: center;\">Posicionamientos conjuntos<\/h2>\n<p>La colaboraci\u00f3n de las RUP desde mediados de los a\u00f1os 80, en la defensa de sus especificidades, ha permitido consolidar en el panorama europeo una categor\u00eda regional espec\u00edfica cuya realidad y diversidad deben ser tratadas de forma conjunta.<\/p>\n<p>Las Regiones Ultraperif\u00e9ricas tomaron conciencia desde el inicio de que s\u00f3lo su actuaci\u00f3n conjunta proporciona la suficiente visibilidad en el \u00e1mbito europeo como para obtener, mantener y profundizar en un marco jur\u00eddico espec\u00edfico.<\/p>\n<p>Desde esta perspectiva, las RUP han hecho importantes esfuerzos para poder acordar posicionamientos conjuntos en numerosos temas, identificando sus intereses comunes y elaborando propuestas.<\/p>\n<p>&nbsp;<\/p>\n<h2 style=\"text-align: center;\">Contribuciones conjuntas RUP<\/h2>\n<p>La evoluci\u00f3n del contexto europeo y mundial impulsa un proceso continuo de actualizaci\u00f3n y ajuste del marco jur\u00eddico europeo. En este contexto, las instituciones europeas, especialmente, la Comisi\u00f3n Europea, lanzan peri\u00f3dicamente consultas sobre el futuro de sus pol\u00edticas, iniciativas, programas y acciones en diferentes \u00e1mbitos. En este contexto las RUP conciertan sus intereses para trasladar a las instancias europeas documentos en los que plasman de manera concreta sus posicionamientos t\u00e9cnicos en el \u00e1mbito sometido a consulta.<\/p>\n<p style=\"text-align: center;\"><a href=\"https:\/\/cp-rup.com\/es\/biblioteca-es\/?file_name=&amp;file_category=none&amp;search=true\">Contribuciones conjuntas presentadas por la Conferencia de Presidentes de las RUP<\/a><\/p>\n<p>&nbsp;<\/p>\n","protected":false},"excerpt":{"rendered":"<p>Posicionamientos conjuntos La colaboraci\u00f3n de las RUP desde mediados de los a\u00f1os 80, en la defensa de sus especificidades, ha permitido consolidar en el panorama europeo una categor\u00eda regional espec\u00edfica cuya realidad y diversidad deben ser tratadas de forma conjunta. &nbsp; Protocolos de Cooperaci\u00f3n entre las RUP &nbsp; En 1993, los Presidentes de las siete [&hellip;]<\/p>\n","protected":false},"author":37,"featured_media":0,"parent":5943,"menu_order":3,"comment_status":"closed","ping_status":"closed","template":"page-static-rich.php","meta":{"_acf_changed":false,"footnotes":"","_links_to":"","_links_to_target":""},"class_list":["post-5958","page","type-page","status-publish","hentry"],"acf":[],"_links":{"self":[{"href":"https:\/\/www.cp-rup.com\/es\/wp-json\/wp\/v2\/pages\/5958","targetHints":{"allow":["GET"]}}],"collection":[{"href":"https:\/\/www.cp-rup.com\/es\/wp-json\/wp\/v2\/pages"}],"about":[{"href":"https:\/\/www.cp-rup.com\/es\/wp-json\/wp\/v2\/types\/page"}],"author":[{"embeddable":true,"href":"https:\/\/www.cp-rup.com\/es\/wp-json\/wp\/v2\/users\/37"}],"replies":[{"embeddable":true,"href":"https:\/\/www.cp-rup.com\/es\/wp-json\/wp\/v2\/comments?post=5958"}],"version-history":[{"count":4,"href":"https:\/\/www.cp-rup.com\/es\/wp-json\/wp\/v2\/pages\/5958\/revisions"}],"predecessor-version":[{"id":7734,"href":"https:\/\/www.cp-rup.com\/es\/wp-json\/wp\/v2\/pages\/5958\/revisions\/7734"}],"up":[{"embeddable":true,"href":"https:\/\/www.cp-rup.com\/es\/wp-json\/wp\/v2\/pages\/5943"}],"wp:attachment":[{"href":"https:\/\/www.cp-rup.com\/es\/wp-json\/wp\/v2\/media?parent=5958"}],"curies":[{"name":"wp","href":"https:\/\/api.w.org\/{rel}","templated":true}]}}