{"id":5972,"date":"2021-03-19T19:51:51","date_gmt":"2021-03-19T19:51:51","guid":{"rendered":"https:\/\/cp-rup.com\/?page_id=5972"},"modified":"2021-04-23T11:56:16","modified_gmt":"2021-04-23T11:56:16","slug":"biblioteca-es","status":"publish","type":"page","link":"https:\/\/www.cp-rup.com\/es\/biblioteca-es\/","title":{"rendered":"Biblioteca"},"content":{"rendered":"<h1 style=\"text-align: center;\">Biblioteca<\/h1>\n<p>Se pretende recoger y clasificar en esta biblioteca los documentos referidos a las Regiones Ultraperif\u00e9ricas m\u00e1s relevantes. Se ha procedido a una primera clasificaci\u00f3n de los documentos en funci\u00f3n del organismo del que emana el mismo, por ejemplo, Comisi\u00f3n Europea, Comit\u00e9 de las Regiones, Comit\u00e9 Econ\u00f3mico y Social Europeo o Parlamento Europeo, respetando su clasificaci\u00f3n: comunicaciones, dict\u00e1menes, resoluciones, informes, etc.<\/p>\n<p>Se han recogido tambi\u00e9n, documentos adoptados por las propias RUP, tales como memor\u00e1ndums, contribuciones conjuntas, declaraciones finales, etc.<\/p>\n<p id=\"ancla\">La b\u00fasqueda avanzada permite seleccionar los documentos por el organismo origen del mismo (Comisi\u00f3n Europea, Comit\u00e9 de las Regiones \u2026), por etiquetas (temas que aborda el documento) o por palabras que formen parte del t\u00edtulo del documento.<\/p>\n    <div id=\"library_plugin\">\n        <div class=\"modal modal col-10 offset-1 col-sm-8 offset-sm-2\" id=\"file_modal\" tabindex=\"-1\" role=\"dialog\"\n             aria-labelledby=\"file_modal\">\n            <div class=\"modal-dialog\" role=\"document\">\n                <div class=\"modal-content\">\n                    <div class=\"modal-header\">\n                        <h4 class=\"modal-title\">Informaci\u00f3n de Fichero<\/h4>\n                        <button type=\"button\" class=\"close\" data-dismiss=\"modal\" aria-label=\"Close\"><span\n                                    aria-hidden=\"true\">&times;<\/span><\/button>\n                    <\/div>\n                    <div class=\"modal-body\">\n                        <div class=\"row\">\n                            <div class=\"col-12 col-md-9\">\n                                <h3>TituloT\u00edtulo:<\/h3>\n                                <p class=\"file_modal-title\">TITLE<\/p>\n                                <h3>Descripci\u00f3n:<\/h3>\n                                <p class=\"file_modal-description\">DESCRIPTION<\/p>\n                                <h3>Categor\u00eda:<\/h3>\n                                <p class=\"file_modal-category\">CATEGORY<\/p>\n                                <h3>Fecha:<\/h3>\n                                <p class=\"file_modal-date\">DATE<\/p>\n                            <\/div>\n                            <div class=\"col-12 col-md-3\">\n                                <div class=\"file_modal-preview\">\n                                    <img decoding=\"async\" class=\"thumbnail\" src=\"\"\/>\n                                <\/div>\n                            <\/div>\n                        <\/div>\n                    <\/div>\n                    <div class=\"modal-footer\">\n                        <button type=\"button\" class=\"btn btn-default\"\n                                data-dismiss=\"modal\">Cerrar<\/button>\n                        <a href=\"#\" class=\"btn btn-primary file_modal-download\"\n                           target=\"_new\">DESCARGAR<\/a>\n                    <\/div>\n                <\/div>\n            <\/div>\n        <\/div>\n                <div class=\"search_results\" id=\"search_results\">\n            \n                    <a href=\"https:\/\/www.cp-rup.com\/es\/biblioteca-es\/?file_name=&file_category=\" class=\"breadcrumb_link\">\n            <span class=\"breadcrumb_title--active\">Documentos<\/span>\n        <\/a>\n                    <a href=\"https:\/\/www.cp-rup.com\/es\/biblioteca-es\/?file_name=&file_category=none&search=true\" class=\"pull-right advanced_search\">\n            <i class=\"fa fa-search\" aria-hidden=\"true\"><\/i>\n            <span class=\"text-underline\">B\u00fasqueda Avanzada<\/span>\n        <\/a>\n            <div class=\"table-responsive\">\n            <table class=\"table\">\n                <tr>\n                    <th class=\"header-icon-padding\">Nombre<\/th>\n                    <th>Etiquetas<\/th>\n                                    <\/tr>\n                                            <tr>\n                                <td>\n                                                                        <!-- file_name -->\n                                    <!-- file_tags -->\n                                    <!-- file_category -->\n                                    <a href=\"https:\/\/www.cp-rup.com\/es\/biblioteca-es\/?file_name=&file_category=comision-europea\" class=\"folder_link\">\n                                        <i class=\"icon-padding fa fa-folder\" aria-hidden=\"true\"><\/i>\n                                        <span class=\"folder_title\">Comisi\u00f3n Europea\t\t\t\t\t\t\t\t\t\t<\/span>\n                                    <\/a>\n                                <\/td>\n                                <td><\/td>\n                            <\/tr>\n                                                    <tr>\n                                <td>\n                                                                        <!-- file_name -->\n                                    <!-- file_tags -->\n                                    <!-- file_category -->\n                                    <a href=\"https:\/\/www.cp-rup.com\/es\/biblioteca-es\/?file_name=&file_category=comite-de-las-regiones\" class=\"folder_link\">\n                                        <i class=\"icon-padding fa fa-folder\" aria-hidden=\"true\"><\/i>\n                                        <span class=\"folder_title\">Comit\u00e9 de las Regiones\t\t\t\t\t\t\t\t\t\t<\/span>\n                                    <\/a>\n                                <\/td>\n                                <td><\/td>\n                            <\/tr>\n                                                    <tr>\n                                <td>\n                                                                        <!-- file_name -->\n                                    <!-- file_tags -->\n                                    <!-- file_category -->\n                                    <a href=\"https:\/\/www.cp-rup.com\/es\/biblioteca-es\/?file_name=&file_category=comite-economico-y-social\" class=\"folder_link\">\n                                        <i class=\"icon-padding fa fa-folder\" aria-hidden=\"true\"><\/i>\n                                        <span class=\"folder_title\">Comit\u00e9 Econ\u00f3mico y Social\t\t\t\t\t\t\t\t\t\t<\/span>\n                                    <\/a>\n                                <\/td>\n                                <td><\/td>\n                            <\/tr>\n                                                    <tr>\n                                <td>\n                                                                        <!-- file_name -->\n                                    <!-- file_tags -->\n                                    <!-- file_category -->\n                                    <a href=\"https:\/\/www.cp-rup.com\/es\/biblioteca-es\/?file_name=&file_category=consejo-europeo\" class=\"folder_link\">\n                                        <i class=\"icon-padding fa fa-folder\" aria-hidden=\"true\"><\/i>\n                                        <span class=\"folder_title\">Consejo Europeo\t\t\t\t\t\t\t\t\t\t<\/span>\n                                    <\/a>\n                                <\/td>\n                                <td><\/td>\n                            <\/tr>\n                                                    <tr>\n                                <td>\n                                                                        <!-- file_name -->\n                                    <!-- file_tags -->\n                                    <!-- file_category -->\n                                    <a href=\"https:\/\/www.cp-rup.com\/es\/biblioteca-es\/?file_name=&file_category=cprup-es\" class=\"folder_link\">\n                                        <i class=\"icon-padding fa fa-folder\" aria-hidden=\"true\"><\/i>\n                                        <span class=\"folder_title\">CPRUP ES\t\t\t\t\t\t\t\t\t\t<\/span>\n                                    <\/a>\n                                <\/td>\n                                <td><\/td>\n                            <\/tr>\n                                                    <tr>\n                                <td>\n                                                                        <!-- file_name -->\n                                    <!-- file_tags -->\n                                    <!-- file_category -->\n                                    <a href=\"https:\/\/www.cp-rup.com\/es\/biblioteca-es\/?file_name=&file_category=parlamento-europeo\" class=\"folder_link\">\n                                        <i class=\"icon-padding fa fa-folder\" aria-hidden=\"true\"><\/i>\n                                        <span class=\"folder_title\">Parlamento Europeo\t\t\t\t\t\t\t\t\t\t<\/span>\n                                    <\/a>\n                                <\/td>\n                                <td><\/td>\n                            <\/tr>\n                                                    <tr>\n                                <td>\n                                                                        <!-- file_name -->\n                                    <!-- file_tags -->\n                                    <!-- file_category -->\n                                    <a href=\"https:\/\/www.cp-rup.com\/es\/biblioteca-es\/?file_name=&file_category=tratado\" class=\"folder_link\">\n                                        <i class=\"icon-padding fa fa-folder\" aria-hidden=\"true\"><\/i>\n                                        <span class=\"folder_title\">Tratado\t\t\t\t\t\t\t\t\t\t<\/span>\n                                    <\/a>\n                                <\/td>\n                                <td><\/td>\n                            <\/tr>\n                                                    <tr>\n                                <td>\n                                                                        <!-- file_name -->\n                                    <!-- file_tags -->\n                                    <!-- file_category -->\n                                    <a href=\"https:\/\/www.cp-rup.com\/es\/biblioteca-es\/?file_name=&file_category=tribunal-de-justicia-ue\" class=\"folder_link\">\n                                        <i class=\"icon-padding fa fa-folder\" aria-hidden=\"true\"><\/i>\n                                        <span class=\"folder_title\">Tribunal de Justicia UE\t\t\t\t\t\t\t\t\t\t<\/span>\n                                    <\/a>\n                                <\/td>\n                                <td><\/td>\n                            <\/tr>\n                        \n            <\/table>\n            <div class=\"library-pagination\">\n                            <\/div>\n        <\/div>\n            <\/div>\n    <\/div>\n\n    \n","protected":false},"excerpt":{"rendered":"<p>Biblioteca Se pretende recoger y clasificar en esta biblioteca los documentos referidos a las Regiones Ultraperif\u00e9ricas m\u00e1s relevantes. Se ha procedido a una primera clasificaci\u00f3n de los documentos en funci\u00f3n del organismo del que emana el mismo, por ejemplo, Comisi\u00f3n Europea, Comit\u00e9 de las Regiones, Comit\u00e9 Econ\u00f3mico y Social Europeo o Parlamento Europeo, respetando su [&hellip;]<\/p>\n","protected":false},"author":37,"featured_media":0,"parent":0,"menu_order":0,"comment_status":"closed","ping_status":"closed","template":"page-static-rich.php","meta":{"_acf_changed":false,"footnotes":"","_links_to":"","_links_to_target":""},"class_list":["post-5972","page","type-page","status-publish","hentry"],"acf":[],"_links":{"self":[{"href":"https:\/\/www.cp-rup.com\/es\/wp-json\/wp\/v2\/pages\/5972","targetHints":{"allow":["GET"]}}],"collection":[{"href":"https:\/\/www.cp-rup.com\/es\/wp-json\/wp\/v2\/pages"}],"about":[{"href":"https:\/\/www.cp-rup.com\/es\/wp-json\/wp\/v2\/types\/page"}],"author":[{"embeddable":true,"href":"https:\/\/www.cp-rup.com\/es\/wp-json\/wp\/v2\/users\/37"}],"replies":[{"embeddable":true,"href":"https:\/\/www.cp-rup.com\/es\/wp-json\/wp\/v2\/comments?post=5972"}],"version-history":[{"count":1,"href":"https:\/\/www.cp-rup.com\/es\/wp-json\/wp\/v2\/pages\/5972\/revisions"}],"predecessor-version":[{"id":5973,"href":"https:\/\/www.cp-rup.com\/es\/wp-json\/wp\/v2\/pages\/5972\/revisions\/5973"}],"wp:attachment":[{"href":"https:\/\/www.cp-rup.com\/es\/wp-json\/wp\/v2\/media?parent=5972"}],"curies":[{"name":"wp","href":"https:\/\/api.w.org\/{rel}","templated":true}]}}