{"id":5993,"date":"2021-03-19T19:58:30","date_gmt":"2021-03-19T19:58:30","guid":{"rendered":"https:\/\/cp-rup.com\/?page_id=5993"},"modified":"2025-09-05T13:13:46","modified_gmt":"2025-09-05T13:13:46","slug":"mensaje-del-presidente","status":"publish","type":"page","link":"https:\/\/www.cp-rup.com\/es\/presidencia-anual\/mensaje-del-presidente\/","title":{"rendered":"Mensaje del presidente"},"content":{"rendered":"<p><\/p>\n<h1 style=\"text-align: center;\">Mensaje del presidente<\/h1>\n<p>&nbsp;<\/p>\n<p style=\"text-align: left;\"><img loading=\"lazy\" decoding=\"async\" class=\"wp-image-10197 size-medium alignleft\" src=\"https:\/\/www.cp-rup.com\/wp-content\/uploads\/2025\/09\/IMG-REGION-RUP41-200x300.jpg\" alt=\"\" width=\"200\" height=\"300\" srcset=\"https:\/\/www.cp-rup.com\/wp-content\/uploads\/2025\/09\/IMG-REGION-RUP41-200x300.jpg 200w, https:\/\/www.cp-rup.com\/wp-content\/uploads\/2025\/09\/IMG-REGION-RUP41-683x1024.jpg 683w, https:\/\/www.cp-rup.com\/wp-content\/uploads\/2025\/09\/IMG-REGION-RUP41-768x1152.jpg 768w, https:\/\/www.cp-rup.com\/wp-content\/uploads\/2025\/09\/IMG-REGION-RUP41-1024x1536.jpg 1024w, https:\/\/www.cp-rup.com\/wp-content\/uploads\/2025\/09\/IMG-REGION-RUP41-1365x2048.jpg 1365w, https:\/\/www.cp-rup.com\/wp-content\/uploads\/2025\/09\/IMG-REGION-RUP41-scaled.jpg 1707w\" sizes=\"auto, (max-width: 200px) 100vw, 200px\" \/><\/p>\n<p>Las Regiones Ultraperif\u00e9ricas (RUP) encarnan la Europa del di\u00e1logo con el mundo, s\u00edmbolo de la proyecci\u00f3n de la influencia europea m\u00e1s all\u00e1 del territorio continental de la Uni\u00f3n. Por su historia, su geograf\u00eda y su diversidad cultural, tienden puentes entre la Uni\u00f3n Europea y las zonas geopol\u00edticas estrat\u00e9gicas.<\/p>\n<p>En v\u00edsperas de la definici\u00f3n del futuro MFP post 2027, la Conferencia de Presidentes de las Regiones Ultraperif\u00e9ricas (CPRUP) trabaja para recordar la importancia de tener en cuenta las especificidades de estos territorios alejados, especialmente a trav\u00e9s de la aplicaci\u00f3n rigurosa del art\u00edculo 349 del Tratado de Funcionamiento de la Uni\u00f3n Europea (TFUE) y la renovaci\u00f3n de la estrategia de las RUP.<\/p>\n<p>Esta futura estrategia deber\u00e1 basarse en cuatro principios fundamentales: flexibilidad, para adaptar las pol\u00edticas a las realidades locales; coherencia, para integrar a las RUP en todas las pol\u00edticas de la Uni\u00f3n; cohesi\u00f3n, para reducir las desigualdades en materia de desarrollo; y solidaridad, valor central del proyecto europeo.<\/p>\n<p>Nuestra labor constante y conjunta, y el di\u00e1logo permanente que mantenemos con las instituciones europeas permiten que se escuche la voz de los millones de ciudadanos a los que representamos.<\/p>\n<p>Esta voz es la de territorios comprometidos, audaces y portadores de soluciones; territorios que, cada d\u00eda, contribuyen a crear una Europa m\u00e1s fuerte, m\u00e1s inclusiva y m\u00e1s cercana a sus ciudadanos.<\/p>\n<p>&nbsp;<\/p>\n<p>Ary CHALUS<\/p>\n<div>\n<p><strong>Presidente del Consejo Regional de la Regi\u00f3n de Guadalupe<\/strong><\/p>\n<\/div>\n<p><\/p>","protected":false},"excerpt":{"rendered":"<p>Mensaje del presidente &nbsp; Las Regiones Ultraperif\u00e9ricas (RUP) encarnan la Europa del di\u00e1logo con el mundo, s\u00edmbolo de la proyecci\u00f3n de la influencia europea m\u00e1s all\u00e1 del territorio continental de la Uni\u00f3n. Por su historia, su geograf\u00eda y su diversidad cultural, tienden puentes entre la Uni\u00f3n Europea y las zonas geopol\u00edticas estrat\u00e9gicas. En v\u00edsperas de [&hellip;]<\/p>\n","protected":false},"author":37,"featured_media":0,"parent":5986,"menu_order":2,"comment_status":"closed","ping_status":"closed","template":"page-static-rich.php","meta":{"_acf_changed":false,"footnotes":"","_links_to":"","_links_to_target":""},"class_list":["post-5993","page","type-page","status-publish","hentry"],"acf":[],"_links":{"self":[{"href":"https:\/\/www.cp-rup.com\/es\/wp-json\/wp\/v2\/pages\/5993","targetHints":{"allow":["GET"]}}],"collection":[{"href":"https:\/\/www.cp-rup.com\/es\/wp-json\/wp\/v2\/pages"}],"about":[{"href":"https:\/\/www.cp-rup.com\/es\/wp-json\/wp\/v2\/types\/page"}],"author":[{"embeddable":true,"href":"https:\/\/www.cp-rup.com\/es\/wp-json\/wp\/v2\/users\/37"}],"replies":[{"embeddable":true,"href":"https:\/\/www.cp-rup.com\/es\/wp-json\/wp\/v2\/comments?post=5993"}],"version-history":[{"count":13,"href":"https:\/\/www.cp-rup.com\/es\/wp-json\/wp\/v2\/pages\/5993\/revisions"}],"predecessor-version":[{"id":10198,"href":"https:\/\/www.cp-rup.com\/es\/wp-json\/wp\/v2\/pages\/5993\/revisions\/10198"}],"up":[{"embeddable":true,"href":"https:\/\/www.cp-rup.com\/es\/wp-json\/wp\/v2\/pages\/5986"}],"wp:attachment":[{"href":"https:\/\/www.cp-rup.com\/es\/wp-json\/wp\/v2\/media?parent=5993"}],"curies":[{"name":"wp","href":"https:\/\/api.w.org\/{rel}","templated":true}]}}