{"id":6000,"date":"2021-03-19T20:03:15","date_gmt":"2021-03-19T20:03:15","guid":{"rendered":"https:\/\/cp-rup.com\/?page_id=6000"},"modified":"2025-09-05T13:15:41","modified_gmt":"2025-09-05T13:15:41","slug":"programa-presidencia","status":"publish","type":"page","link":"https:\/\/www.cp-rup.com\/es\/presidencia-anual\/programa-presidencia\/","title":{"rendered":"Programa Presidencia"},"content":{"rendered":"<p><\/p>\n<h2 style=\"text-align: center;\"><strong>Hoja de ruta para la presidencia Guadalupe\u00f1a de la CPRUP 2025\/2026<\/strong><\/h2>\n<p>&nbsp;<\/p>\n<ul>\n<li>Contribuir a sensibilizar a las instituciones europeas sobre la realidad ultraperif\u00e9rica, especialmente con respecto al contexto geopol\u00edtico actual;<\/li>\n<li>Garantizar la aplicaci\u00f3n del art\u00edculo 349 del TFUE en las futuras propuestas legislativas, concretamente en el marco financiero plurianual post 2027;<\/li>\n<li>Velar por la aplicaci\u00f3n del principio de subsidiariedad en la normativa que vaya a publicar la Comisi\u00f3n Europea;<\/li>\n<li>Promover las ventajas de las Regiones Ultraperif\u00e9ricas en lo referente a su ubicaci\u00f3n geoestrat\u00e9gica, en todas las pol\u00edticas europeas;<\/li>\n<li>Llevar a cabo el seguimiento de la aplicaci\u00f3n de la estrategia europea para las Regiones Ultraperif\u00e9ricas;<\/li>\n<li>Mantener un di\u00e1logo constante con las instituciones europeas, as\u00ed como con nuestros Estados miembros, para desarrollar una colaboraci\u00f3n activa;<\/li>\n<li>Apoyar el seguimiento de proyectos e iniciativas de inter\u00e9s com\u00fan.<\/li>\n<\/ul>\n<h4><\/h4>\n<p><\/p>","protected":false},"excerpt":{"rendered":"<p>Hoja de ruta para la presidencia Guadalupe\u00f1a de la CPRUP 2025\/2026 &nbsp; Contribuir a sensibilizar a las instituciones europeas sobre la realidad ultraperif\u00e9rica, especialmente con respecto al contexto geopol\u00edtico actual; Garantizar la aplicaci\u00f3n del art\u00edculo 349 del TFUE en las futuras propuestas legislativas, concretamente en el marco financiero plurianual post 2027; Velar por la aplicaci\u00f3n [&hellip;]<\/p>\n","protected":false},"author":37,"featured_media":0,"parent":5986,"menu_order":3,"comment_status":"closed","ping_status":"closed","template":"page-static-rich.php","meta":{"_acf_changed":false,"footnotes":"","_links_to":"","_links_to_target":""},"class_list":["post-6000","page","type-page","status-publish","hentry"],"acf":[],"_links":{"self":[{"href":"https:\/\/www.cp-rup.com\/es\/wp-json\/wp\/v2\/pages\/6000","targetHints":{"allow":["GET"]}}],"collection":[{"href":"https:\/\/www.cp-rup.com\/es\/wp-json\/wp\/v2\/pages"}],"about":[{"href":"https:\/\/www.cp-rup.com\/es\/wp-json\/wp\/v2\/types\/page"}],"author":[{"embeddable":true,"href":"https:\/\/www.cp-rup.com\/es\/wp-json\/wp\/v2\/users\/37"}],"replies":[{"embeddable":true,"href":"https:\/\/www.cp-rup.com\/es\/wp-json\/wp\/v2\/comments?post=6000"}],"version-history":[{"count":13,"href":"https:\/\/www.cp-rup.com\/es\/wp-json\/wp\/v2\/pages\/6000\/revisions"}],"predecessor-version":[{"id":10200,"href":"https:\/\/www.cp-rup.com\/es\/wp-json\/wp\/v2\/pages\/6000\/revisions\/10200"}],"up":[{"embeddable":true,"href":"https:\/\/www.cp-rup.com\/es\/wp-json\/wp\/v2\/pages\/5986"}],"wp:attachment":[{"href":"https:\/\/www.cp-rup.com\/es\/wp-json\/wp\/v2\/media?parent=6000"}],"curies":[{"name":"wp","href":"https:\/\/api.w.org\/{rel}","templated":true}]}}