{"id":6021,"date":"2021-03-19T22:53:21","date_gmt":"2021-03-19T22:53:21","guid":{"rendered":"https:\/\/cp-rup.com\/?page_id=6021"},"modified":"2021-03-19T22:53:21","modified_gmt":"2021-03-19T22:53:21","slug":"exencion-de-responsabilidad","status":"publish","type":"page","link":"https:\/\/www.cp-rup.com\/es\/exencion-de-responsabilidad\/","title":{"rendered":"Exenci\u00f3n de responsabilidad"},"content":{"rendered":"<h1 style=\"text-align: center;\">Cl\u00e1usula de exenci\u00f3n de responsabilidad<\/h1>\n<p>El presente sitio web tiene por objeto facilitar el acceso p\u00fablico a la informaci\u00f3n relacionada con La Conferencia de presidentes de las Regiones Ultraperif\u00e9ricas de la\u00a0 Uni\u00f3n Europea. Nuestro objetivo consiste en velar por la actualidad y exactitud de dicha informaci\u00f3n, no obstante no asumimos responsabilidad alguna en relaci\u00f3n con la informaci\u00f3n incluida en estas p\u00e1ginas.<\/p>\n<p>La Conferencia de presidentes se reserva la facultad de efectuar, en cualquier momento y sin necesidad de previo aviso, modificaciones y actualizaciones sobre la informaci\u00f3n contenida en su web o en su configuraci\u00f3n o presentaci\u00f3n. La Conferencia de presidentes no garantiza la inexistencia de errores en el acceso al portal o en su contenido ni que \u00e9ste se encuentre totalmente actualizado, aunque desarrollar\u00e1 los esfuerzos precisos para evitarlos y, en su caso, subsanarlos o actualizarlos a la mayor brevedad posible.<\/p>\n<p>La informaci\u00f3n proporcionada a trav\u00e9s del portal tiene car\u00e1cter meramente orientativo y en ning\u00fan caso podr\u00e1 ser vinculante para la resoluci\u00f3n de procedimientos administrativos, que se hallar\u00e1 sujeta exclusivamente a la normativa que les sea de aplicaci\u00f3n.<\/p>\n<p>Tanto el acceso a la web, como el uso que pueda hacerse de la informaci\u00f3n contenida en el mismo son de la exclusiva responsabilidad de quien lo realiza. La Conferencia de presidentes no responder\u00e1 de ninguna consecuencia, da\u00f1o o perjuicio que pudieran derivarse de dicho acceso o uso de informaci\u00f3n, con excepci\u00f3n de todas aquellas actuaciones que resulten de las disposiciones legales aplicables.<\/p>\n<p>En este sitio web se han incluido enlaces a p\u00e1ginas de sitios web de terceros (\u00ablinks\u00bb) que se han considerado de inter\u00e9s para los usuarios. No obstante, La Conferencia de presidentes no asume responsabilidad alguna derivada de la conexi\u00f3n o contenidos de los enlaces de terceros a los que se hace referencia en la web.<\/p>\n","protected":false},"excerpt":{"rendered":"<p>Cl\u00e1usula de exenci\u00f3n de responsabilidad El presente sitio web tiene por objeto facilitar el acceso p\u00fablico a la informaci\u00f3n relacionada con La Conferencia de presidentes de las Regiones Ultraperif\u00e9ricas de la\u00a0 Uni\u00f3n Europea. Nuestro objetivo consiste en velar por la actualidad y exactitud de dicha informaci\u00f3n, no obstante no asumimos responsabilidad alguna en relaci\u00f3n con [&hellip;]<\/p>\n","protected":false},"author":37,"featured_media":0,"parent":0,"menu_order":0,"comment_status":"closed","ping_status":"closed","template":"page-static-rich.php","meta":{"_acf_changed":false,"footnotes":"","_links_to":"","_links_to_target":""},"class_list":["post-6021","page","type-page","status-publish","hentry"],"acf":[],"_links":{"self":[{"href":"https:\/\/www.cp-rup.com\/es\/wp-json\/wp\/v2\/pages\/6021","targetHints":{"allow":["GET"]}}],"collection":[{"href":"https:\/\/www.cp-rup.com\/es\/wp-json\/wp\/v2\/pages"}],"about":[{"href":"https:\/\/www.cp-rup.com\/es\/wp-json\/wp\/v2\/types\/page"}],"author":[{"embeddable":true,"href":"https:\/\/www.cp-rup.com\/es\/wp-json\/wp\/v2\/users\/37"}],"replies":[{"embeddable":true,"href":"https:\/\/www.cp-rup.com\/es\/wp-json\/wp\/v2\/comments?post=6021"}],"version-history":[{"count":1,"href":"https:\/\/www.cp-rup.com\/es\/wp-json\/wp\/v2\/pages\/6021\/revisions"}],"predecessor-version":[{"id":6022,"href":"https:\/\/www.cp-rup.com\/es\/wp-json\/wp\/v2\/pages\/6021\/revisions\/6022"}],"wp:attachment":[{"href":"https:\/\/www.cp-rup.com\/es\/wp-json\/wp\/v2\/media?parent=6021"}],"curies":[{"name":"wp","href":"https:\/\/api.w.org\/{rel}","templated":true}]}}