{"id":6028,"date":"2021-03-19T22:57:01","date_gmt":"2021-03-19T22:57:01","guid":{"rendered":"https:\/\/cp-rup.com\/?page_id=6028"},"modified":"2021-03-19T22:57:01","modified_gmt":"2021-03-19T22:57:01","slug":"aviso-de-derechos-de-autor","status":"publish","type":"page","link":"https:\/\/www.cp-rup.com\/es\/aviso-de-derechos-de-autor\/","title":{"rendered":"Aviso de derechos de autor"},"content":{"rendered":"<h1 style=\"text-align: center;\">Aviso de derechos de autor<\/h1>\n<p>Se autoriza reproducci\u00f3n del contenido de est\u00e1s p\u00e1ginas siempre que se cite la fuente, salvo que se indique lo contrario. En aquellos casos en que sea necesaria una autorizaci\u00f3n previa para la reproducci\u00f3n o el uso de datos textuales o multimedia (sonidos, im\u00e1genes, programas, etc.), dicha autorizaci\u00f3n cancelar\u00e1 la autorizaci\u00f3n general antes citada y mencionar\u00e1 las posibles restricciones de uso.<\/p>\n<p>La utilizaci\u00f3n indebida o, en su caso, no autorizada, de la informaci\u00f3n contenida en esta web, as\u00ed como los perjuicios que se puedan ocasionar en los derechos de propiedad intelectual dar\u00e1 lugar al ejercicio de las acciones que legalmente correspondan y, si procede, a las responsabilidades que de dicho ejercicio se deriven.<\/p>\n","protected":false},"excerpt":{"rendered":"<p>Aviso de derechos de autor Se autoriza reproducci\u00f3n del contenido de est\u00e1s p\u00e1ginas siempre que se cite la fuente, salvo que se indique lo contrario. En aquellos casos en que sea necesaria una autorizaci\u00f3n previa para la reproducci\u00f3n o el uso de datos textuales o multimedia (sonidos, im\u00e1genes, programas, etc.), dicha autorizaci\u00f3n cancelar\u00e1 la autorizaci\u00f3n [&hellip;]<\/p>\n","protected":false},"author":37,"featured_media":0,"parent":0,"menu_order":0,"comment_status":"closed","ping_status":"closed","template":"page-static-rich.php","meta":{"_acf_changed":false,"footnotes":"","_links_to":"","_links_to_target":""},"class_list":["post-6028","page","type-page","status-publish","hentry"],"acf":[],"_links":{"self":[{"href":"https:\/\/www.cp-rup.com\/es\/wp-json\/wp\/v2\/pages\/6028","targetHints":{"allow":["GET"]}}],"collection":[{"href":"https:\/\/www.cp-rup.com\/es\/wp-json\/wp\/v2\/pages"}],"about":[{"href":"https:\/\/www.cp-rup.com\/es\/wp-json\/wp\/v2\/types\/page"}],"author":[{"embeddable":true,"href":"https:\/\/www.cp-rup.com\/es\/wp-json\/wp\/v2\/users\/37"}],"replies":[{"embeddable":true,"href":"https:\/\/www.cp-rup.com\/es\/wp-json\/wp\/v2\/comments?post=6028"}],"version-history":[{"count":1,"href":"https:\/\/www.cp-rup.com\/es\/wp-json\/wp\/v2\/pages\/6028\/revisions"}],"predecessor-version":[{"id":6029,"href":"https:\/\/www.cp-rup.com\/es\/wp-json\/wp\/v2\/pages\/6028\/revisions\/6029"}],"wp:attachment":[{"href":"https:\/\/www.cp-rup.com\/es\/wp-json\/wp\/v2\/media?parent=6028"}],"curies":[{"name":"wp","href":"https:\/\/api.w.org\/{rel}","templated":true}]}}