{"id":6035,"date":"2021-03-19T22:59:52","date_gmt":"2021-03-19T22:59:52","guid":{"rendered":"https:\/\/cp-rup.com\/?page_id=6035"},"modified":"2021-03-19T22:59:52","modified_gmt":"2021-03-19T22:59:52","slug":"politica-de-privacidad","status":"publish","type":"page","link":"https:\/\/www.cp-rup.com\/es\/politica-de-privacidad\/","title":{"rendered":"Pol\u00edtica de privacidad"},"content":{"rendered":"<h1 style=\"text-align: center;\">Pol\u00edtica de privacidad<\/h1>\n<p><span id=\"result_box\" class=\"\" lang=\"fr\"><span class=\"\">El usuario puede navegar por la mayor\u00eda de las p\u00e1ginas de este portal sin facilitar ninguna informaci\u00f3n personal, pero en el caso del formulario de Contacto, esta informaci\u00f3n es necesaria para proporcionarle la informaci\u00f3n que solicite.<\/span><\/span><\/p>\n<p><span class=\"\">El formulario de Contacto activa el correo electr\u00f3nico e invita a enviar comentarios a un buz\u00f3n funcional espec\u00edfico. Solamente se recogen los datos personales del remitente necesarios para responder, datos que no son usados para otro prop\u00f3sito.<\/span><\/p>\n<p><span class=\"\">Si desea preguntar o solicitar algo en relaci\u00f3n con el tratamiento de su mensaje electr\u00f3nico y sus datos personales, no dude en hacerlo en el propio mensaje.<\/span><\/p>\n","protected":false},"excerpt":{"rendered":"<p>Pol\u00edtica de privacidad El usuario puede navegar por la mayor\u00eda de las p\u00e1ginas de este portal sin facilitar ninguna informaci\u00f3n personal, pero en el caso del formulario de Contacto, esta informaci\u00f3n es necesaria para proporcionarle la informaci\u00f3n que solicite. El formulario de Contacto activa el correo electr\u00f3nico e invita a enviar comentarios a un buz\u00f3n [&hellip;]<\/p>\n","protected":false},"author":37,"featured_media":0,"parent":0,"menu_order":0,"comment_status":"closed","ping_status":"closed","template":"page-static-rich.php","meta":{"_acf_changed":false,"footnotes":"","_links_to":"","_links_to_target":""},"class_list":["post-6035","page","type-page","status-publish","hentry"],"acf":[],"_links":{"self":[{"href":"https:\/\/www.cp-rup.com\/es\/wp-json\/wp\/v2\/pages\/6035","targetHints":{"allow":["GET"]}}],"collection":[{"href":"https:\/\/www.cp-rup.com\/es\/wp-json\/wp\/v2\/pages"}],"about":[{"href":"https:\/\/www.cp-rup.com\/es\/wp-json\/wp\/v2\/types\/page"}],"author":[{"embeddable":true,"href":"https:\/\/www.cp-rup.com\/es\/wp-json\/wp\/v2\/users\/37"}],"replies":[{"embeddable":true,"href":"https:\/\/www.cp-rup.com\/es\/wp-json\/wp\/v2\/comments?post=6035"}],"version-history":[{"count":1,"href":"https:\/\/www.cp-rup.com\/es\/wp-json\/wp\/v2\/pages\/6035\/revisions"}],"predecessor-version":[{"id":6036,"href":"https:\/\/www.cp-rup.com\/es\/wp-json\/wp\/v2\/pages\/6035\/revisions\/6036"}],"wp:attachment":[{"href":"https:\/\/www.cp-rup.com\/es\/wp-json\/wp\/v2\/media?parent=6035"}],"curies":[{"name":"wp","href":"https:\/\/api.w.org\/{rel}","templated":true}]}}