{"id":6043,"date":"2021-03-19T23:01:20","date_gmt":"2021-03-19T23:01:20","guid":{"rendered":"https:\/\/cp-rup.com\/?page_id=6043"},"modified":"2021-03-19T23:01:20","modified_gmt":"2021-03-19T23:01:20","slug":"politica-de-cookies-2","status":"publish","type":"page","link":"https:\/\/www.cp-rup.com\/es\/politica-de-cookies-2\/","title":{"rendered":"Pol\u00edtica de cookies"},"content":{"rendered":"<h2><\/h2>\n<h2 style=\"text-align: left;\">Pol\u00edtica de cookies<\/h2>\n<p>La presente pol\u00edtica de cookies tiene por finalidad informarle de manera clara y precisa sobre las cookies que se utilizan en el portal web de la Conferencia de Presidentes de las Regiones Ultraperif\u00e9ricas.<\/p>\n<h2 style=\"text-align: left;\">\u00bfQu\u00e9 son las cookies?<\/h2>\n<p>Una cookie es un peque\u00f1o fichero de texto que los sitios web como \u00e9ste instalan en el ordenador o el dispositivo m\u00f3vil de los usuarios que los visitan. Las cookies hacen posible que el sitio web recuerde las acciones y preferencias del usuario (identificador de inicio de sesi\u00f3n, idioma, tama\u00f1o de letra y otras preferencias de visualizaci\u00f3n), para que este no tenga que volver a configurarlos cuando regrese al sitio o navegue por sus p\u00e1ginas. Las cookies no guardan datos personales del usuario.<\/p>\n<h2 style=\"text-align: left;\"><span id=\"result_box\" class=\"\" lang=\"es\"><span title=\"Funcionalidade dos cookies \">Funcionalidad de las cookies<\/span><\/span><\/h2>\n<p><span id=\"result_box\" class=\"\" lang=\"es\"><span title=\"Os cookies s\u00e3o usados para melhorar a experi\u00eancia de navega\u00e7\u00e3o do utilizador, aumentando a rapidez e efici\u00eancia de resposta e eliminam a necessidade de introduzir repetidamente as mesmas informa\u00e7\u00f5es.\">Las cookies se utilizan para mejorar la experiencia de navegaci\u00f3n del usuario, aumentando la rapidez y eficiencia de respuesta y eliminando la necesidad de introducir repetidamente la misma informaci\u00f3n. <\/span><span title=\"Cada cookie utilizado tem uma fun\u00e7\u00e3o e uma data de validade. \">Cada cookie utilizado tiene una funci\u00f3n y una fecha de caducidad.<\/span><\/span><\/p>\n<h2 style=\"text-align: left;\">Cookies utilizadas en esta web<\/h2>\n<p><strong>Cookies anal\u00edticas<\/strong>:\u00a0Se utilizan an\u00f3nimamente para la creaci\u00f3n y el an\u00e1lisis de estad\u00edsticas para mejorar el funcionamiento del sitio web;<\/p>\n<p><strong>Cookies t\u00e9cnicas<\/strong>:\u00a0Le permiten navegar por el sitio web, as\u00ed como acceder a \u00e1reas seguras del sitio web. Sin estas cookies, los servicios que haya solicitado no pueden ser prestados;<\/p>\n<p><strong>Cookies de funcionalidad (personalizaci\u00f3n)<\/strong>:\u00a0Guardan las preferencias del usuario con respecto al uso del sitio, por lo que no es necesario volver a configurar el sitio cada vez que lo visita.<\/p>\n<h2 style=\"text-align: left;\">C\u00f3mo modificar la configuraci\u00f3n de las cookies<\/h2>\n<p>Usted puede restringir, bloquear o borrar las cookies de este portal web o cualquier otra p\u00e1gina web utilizando su navegador. En cada navegador la operativa es diferente, la funci\u00f3n de \u00abAyuda\u00bb le mostrar\u00e1 c\u00f3mo hacerlo (para m\u00e1s informaci\u00f3n, consulte aboutcookies.org).\u00a0Pero tenga presente que, si rechaza las cookies, es posible que tenga que volver a configurar manualmente sus preferencias cada vez que visite un sitio y que dejen de funcionar determinados servicios y funcionalidades.<\/p>\n","protected":false},"excerpt":{"rendered":"<p>Pol\u00edtica de cookies La presente pol\u00edtica de cookies tiene por finalidad informarle de manera clara y precisa sobre las cookies que se utilizan en el portal web de la Conferencia de Presidentes de las Regiones Ultraperif\u00e9ricas. \u00bfQu\u00e9 son las cookies? Una cookie es un peque\u00f1o fichero de texto que los sitios web como \u00e9ste instalan [&hellip;]<\/p>\n","protected":false},"author":37,"featured_media":0,"parent":0,"menu_order":0,"comment_status":"closed","ping_status":"closed","template":"page-static-rich.php","meta":{"_acf_changed":false,"footnotes":"","_links_to":"","_links_to_target":""},"class_list":["post-6043","page","type-page","status-publish","hentry"],"acf":[],"_links":{"self":[{"href":"https:\/\/www.cp-rup.com\/es\/wp-json\/wp\/v2\/pages\/6043","targetHints":{"allow":["GET"]}}],"collection":[{"href":"https:\/\/www.cp-rup.com\/es\/wp-json\/wp\/v2\/pages"}],"about":[{"href":"https:\/\/www.cp-rup.com\/es\/wp-json\/wp\/v2\/types\/page"}],"author":[{"embeddable":true,"href":"https:\/\/www.cp-rup.com\/es\/wp-json\/wp\/v2\/users\/37"}],"replies":[{"embeddable":true,"href":"https:\/\/www.cp-rup.com\/es\/wp-json\/wp\/v2\/comments?post=6043"}],"version-history":[{"count":1,"href":"https:\/\/www.cp-rup.com\/es\/wp-json\/wp\/v2\/pages\/6043\/revisions"}],"predecessor-version":[{"id":6044,"href":"https:\/\/www.cp-rup.com\/es\/wp-json\/wp\/v2\/pages\/6043\/revisions\/6044"}],"wp:attachment":[{"href":"https:\/\/www.cp-rup.com\/es\/wp-json\/wp\/v2\/media?parent=6043"}],"curies":[{"name":"wp","href":"https:\/\/api.w.org\/{rel}","templated":true}]}}