{"id":6071,"date":"2021-03-19T23:52:47","date_gmt":"2021-03-19T23:52:47","guid":{"rendered":"https:\/\/cp-rup.com\/?page_id=6071"},"modified":"2021-03-19T23:52:47","modified_gmt":"2021-03-19T23:52:47","slug":"inscripcion-para-la-24a-conferencia-de-las-regiones-ultraperifericas","status":"publish","type":"page","link":"https:\/\/www.cp-rup.com\/es\/inscripcion-para-la-24a-conferencia-de-las-regiones-ultraperifericas\/","title":{"rendered":"Inscripci\u00f3n para la 24\u00aa Conferencia de las Regiones Ultraperifericas"},"content":{"rendered":"<p><img loading=\"lazy\" decoding=\"async\" class=\"size-full wp-image-4844 alignleft\" src=\"https:\/\/cp-rup.com\/wp-content\/uploads\/2019\/11\/logo-2.png\" alt=\"\" width=\"422\" height=\"172\" srcset=\"https:\/\/www.cp-rup.com\/wp-content\/uploads\/2019\/11\/logo-2.png 422w, https:\/\/www.cp-rup.com\/wp-content\/uploads\/2019\/11\/logo-2-300x122.png 300w\" sizes=\"auto, (max-width: 422px) 100vw, 422px\" \/><\/p>\n<p><strong><br \/>\n<\/strong><strong>Inscripci\u00f3n para la 24\u00aa Conferencia de las Regiones Ultraperifericas<br \/>\nSan Mart\u00edn, del 6 al 7 de Febrero de 2020<\/strong><\/p>\n<p><strong>\u00a0<\/strong><\/p>\n<p><img loading=\"lazy\" decoding=\"async\" class=\"wp-image-4846 alignright\" src=\"https:\/\/cp-rup.com\/wp-content\/uploads\/2019\/11\/carte-1.png\" alt=\"\" width=\"357\" height=\"266\" srcset=\"https:\/\/www.cp-rup.com\/wp-content\/uploads\/2019\/11\/carte-1.png 696w, https:\/\/www.cp-rup.com\/wp-content\/uploads\/2019\/11\/carte-1-300x223.png 300w\" sizes=\"auto, (max-width: 357px) 100vw, 357px\" \/><\/p>\n<p><strong>Informaciones practicas<\/strong><br \/>\nSan Mart\u00edn es una isla en el noreste del mar caribeno ubicada a 250 km al norte de Guadalupe y 240 km al este de Puerto Rico. Con una superficie de 93 km2, tiene alrededor de 75,000 habitantes.<br \/>\nEst\u00e1 dividida en dos estados por una frontera abierta de 10 km. La parte francesa ubicada en la parte norte de la isla, es una Collectivit\u00e9 Territorial desde 2007 con 35107 habitantes en 2014 (RUP);<br \/>\nLa parte holandesa ubicada en el sur de la isla es un estado aut\u00f3nomo del Reino de los Pa\u00edses Bajos desde el 10 de octubre de 2010, contando con 38 959 habitantes en 2007 (PTOM).<\/p>\n<p>La isla de San Mart\u00edn est\u00e1 a 8000 km del continente europeo, a 8 horas de vuelo desde Par\u00eds. El aeropuerto Princess Juliana, ubicado en la parte holandesa, es un centro internacional con vuelos regulares desde Par\u00eds y Amsterdam. El aeropuerto Grand Case ubicado en la parte francesa es un aeropuerto regional y ofrece conexiones diarias entre San Mart\u00edn \/ Guadalupe y Martinica.<br \/>\nLa isla tiene clima oce\u00e1nico intertropical, con una llamada estaci\u00f3n \u00abseca\u00bb (de diciembre a mayo) y una llamada \u00abestaci\u00f3n h\u00fameda\u00bb \/ temporada cicl\u00f3nica (de junio a noviembre). La temperatura promedio es de 27 \u00b0 C todo el a\u00f1o. La temperatura de la superficie del mar es bastante constante entre 25 \u00b0 C y 28 \u00b0 C.<br \/>\nLa capital de la parte francesa es Marigot y la del lado holand\u00e9s es Phillipsburg.<\/p>\n<p>&nbsp;<\/p>\n<p><img loading=\"lazy\" decoding=\"async\" class=\"wp-image-4845 alignright\" src=\"https:\/\/cp-rup.com\/wp-content\/uploads\/2019\/11\/carte.png\" alt=\"\" width=\"366\" height=\"222\" \/><strong><br \/>\nTtransferencias<br \/>\n<\/strong>La organizaci\u00f3n ha organizado la transferencia a la llegada y salida de las delegaciones, as\u00ed como todas las transferencias previstas durante la Conferencia.<br \/>\nPara garantizar el buen funcionamiento de la Conferencia, tenga en cuenta los horarios de salida y regreso indicados en el programa.<\/p>\n<p>&nbsp;<\/p>\n<p><strong>Vivienda<\/strong><\/p>\n<p>Hommage Hotel ubicado en 173 Rue de Baie Nettle Marigot, 97150, Saint-Martin <a href=\"https:\/\/hommagehotel.com\/\">https:\/\/hommagehotel.com\/<\/a><\/p>\n<p>Puede beneficiarse de estas tarifas preferenciales hasta el 31 de diciembre de 2019:<br \/>\nHabitaci\u00f3n est\u00e1ndar (lado de la calle): 189 euros<br \/>\nHabitaci\u00f3n superior: 198 euros.<br \/>\nJunior suite: \u20ac 220.50<br \/>\nDuplex: 261 euros<br \/>\n<strong>Para hacer su reserva, env\u00ede su solicitud por correo electr\u00f3nico a hello@hommagehotel.com, con el c\u00f3digo RUP2020.<\/strong><\/p>\n<p><strong>Informaciones complementarias<\/strong><br \/>\nPor razones de seguridad, porfavor utilice durante toda la Conferencia la terjeta identificaci\u00f3n que encontrar\u00e1 a su llegada al hotel.<\/p>\n<p><strong>Contactos<\/strong><br \/>\ninfo@cr-rup.com<\/p>\n<p><strong>\u00a0<\/strong><\/p>\n<p>&nbsp;<\/p>\n","protected":false},"excerpt":{"rendered":"<p>Inscripci\u00f3n para la 24\u00aa Conferencia de las Regiones Ultraperifericas San Mart\u00edn, del 6 al 7 de Febrero de 2020 \u00a0 Informaciones practicas San Mart\u00edn es una isla en el noreste del mar caribeno ubicada a 250 km al norte de Guadalupe y 240 km al este de Puerto Rico. Con una superficie de 93 km2, [&hellip;]<\/p>\n","protected":false},"author":37,"featured_media":0,"parent":0,"menu_order":0,"comment_status":"closed","ping_status":"closed","template":"","meta":{"_acf_changed":false,"footnotes":"","_links_to":"","_links_to_target":""},"class_list":["post-6071","page","type-page","status-publish","hentry"],"acf":[],"_links":{"self":[{"href":"https:\/\/www.cp-rup.com\/es\/wp-json\/wp\/v2\/pages\/6071","targetHints":{"allow":["GET"]}}],"collection":[{"href":"https:\/\/www.cp-rup.com\/es\/wp-json\/wp\/v2\/pages"}],"about":[{"href":"https:\/\/www.cp-rup.com\/es\/wp-json\/wp\/v2\/types\/page"}],"author":[{"embeddable":true,"href":"https:\/\/www.cp-rup.com\/es\/wp-json\/wp\/v2\/users\/37"}],"replies":[{"embeddable":true,"href":"https:\/\/www.cp-rup.com\/es\/wp-json\/wp\/v2\/comments?post=6071"}],"version-history":[{"count":1,"href":"https:\/\/www.cp-rup.com\/es\/wp-json\/wp\/v2\/pages\/6071\/revisions"}],"predecessor-version":[{"id":6072,"href":"https:\/\/www.cp-rup.com\/es\/wp-json\/wp\/v2\/pages\/6071\/revisions\/6072"}],"wp:attachment":[{"href":"https:\/\/www.cp-rup.com\/es\/wp-json\/wp\/v2\/media?parent=6071"}],"curies":[{"name":"wp","href":"https:\/\/api.w.org\/{rel}","templated":true}]}}