{"id":8957,"date":"2023-10-10T19:30:44","date_gmt":"2023-10-10T19:30:44","guid":{"rendered":"https:\/\/cp-rup.com\/?page_id=8957"},"modified":"2023-10-10T19:32:14","modified_gmt":"2023-10-10T19:32:14","slug":"xxviii-conferencia-de-presidentes-de-las-regiones-ultraperifericas","status":"publish","type":"page","link":"https:\/\/www.cp-rup.com\/es\/presidencia-anual\/xxviii-conferencia-de-presidentes-de-las-regiones-ultraperifericas\/","title":{"rendered":"XXVIII Conferencia de Presidentes de las Regiones Ultraperif\u00e9ricas"},"content":{"rendered":"<h2><\/h2>\n<h2><\/h2>\n<h2><\/h2>\n<h2 style=\"text-align: center;\">XXVIII Conferencia de Presidentes de las Regiones Ultraperif\u00e9ricas<\/h2>\n<p style=\"text-align: center;\">8 y 9 de noviembre de 2023, en Santa Cruz de Tenerife, Canarias.<\/p>\n<p style=\"text-align: center;\">M\u00e1s informaci\u00f3n e inscripciones en el siguiente <a href=\"https:\/\/xxviiicprup.org\/\">enlace<\/a><\/p>\n<p><img loading=\"lazy\" decoding=\"async\" class=\"wp-image-7684 aligncenter\" src=\"https:\/\/cp-rup.com\/wp-content\/uploads\/2022\/12\/FotodeFamilia.XXVII_.CP-RUP-300x100.jpg\" alt=\"\" width=\"450\" height=\"150\" srcset=\"https:\/\/www.cp-rup.com\/wp-content\/uploads\/2022\/12\/FotodeFamilia.XXVII_.CP-RUP-300x100.jpg 300w, https:\/\/www.cp-rup.com\/wp-content\/uploads\/2022\/12\/FotodeFamilia.XXVII_.CP-RUP-1024x341.jpg 1024w, https:\/\/www.cp-rup.com\/wp-content\/uploads\/2022\/12\/FotodeFamilia.XXVII_.CP-RUP-768x256.jpg 768w, https:\/\/www.cp-rup.com\/wp-content\/uploads\/2022\/12\/FotodeFamilia.XXVII_.CP-RUP.jpg 1200w\" sizes=\"auto, (max-width: 450px) 100vw, 450px\" \/><\/p>\n","protected":false},"excerpt":{"rendered":"<p>XXVIII Conferencia de Presidentes de las Regiones Ultraperif\u00e9ricas 8 y 9 de noviembre de 2023, en Santa Cruz de Tenerife, Canarias. M\u00e1s informaci\u00f3n e inscripciones en el siguiente enlace<\/p>\n","protected":false},"author":25,"featured_media":0,"parent":5986,"menu_order":0,"comment_status":"closed","ping_status":"closed","template":"","meta":{"_acf_changed":false,"footnotes":"","_links_to":"","_links_to_target":""},"class_list":["post-8957","page","type-page","status-publish","hentry"],"acf":[],"_links":{"self":[{"href":"https:\/\/www.cp-rup.com\/es\/wp-json\/wp\/v2\/pages\/8957","targetHints":{"allow":["GET"]}}],"collection":[{"href":"https:\/\/www.cp-rup.com\/es\/wp-json\/wp\/v2\/pages"}],"about":[{"href":"https:\/\/www.cp-rup.com\/es\/wp-json\/wp\/v2\/types\/page"}],"author":[{"embeddable":true,"href":"https:\/\/www.cp-rup.com\/es\/wp-json\/wp\/v2\/users\/25"}],"replies":[{"embeddable":true,"href":"https:\/\/www.cp-rup.com\/es\/wp-json\/wp\/v2\/comments?post=8957"}],"version-history":[{"count":5,"href":"https:\/\/www.cp-rup.com\/es\/wp-json\/wp\/v2\/pages\/8957\/revisions"}],"predecessor-version":[{"id":8962,"href":"https:\/\/www.cp-rup.com\/es\/wp-json\/wp\/v2\/pages\/8957\/revisions\/8962"}],"up":[{"embeddable":true,"href":"https:\/\/www.cp-rup.com\/es\/wp-json\/wp\/v2\/pages\/5986"}],"wp:attachment":[{"href":"https:\/\/www.cp-rup.com\/es\/wp-json\/wp\/v2\/media?parent=8957"}],"curies":[{"name":"wp","href":"https:\/\/api.w.org\/{rel}","templated":true}]}}