{"id":9644,"date":"2024-02-16T06:40:48","date_gmt":"2024-02-16T06:40:48","guid":{"rendered":"https:\/\/cp-rup.com\/?page_id=9644"},"modified":"2024-02-16T07:26:12","modified_gmt":"2024-02-16T07:26:12","slug":"publicacion-del-estudio-sobre-las-condiciones-de-vida-y-el-acceso-a-determinadas-necesidades-basicas-en-las-regiones-ultraperifericas-de-la-ue","status":"publish","type":"page","link":"https:\/\/www.cp-rup.com\/es\/las-rup-en-la-ue-2\/comision-europea\/publicacion-del-estudio-sobre-las-condiciones-de-vida-y-el-acceso-a-determinadas-necesidades-basicas-en-las-regiones-ultraperifericas-de-la-ue\/","title":{"rendered":"Publicaci\u00f3n del estudio sobre las condiciones de vida y el acceso a determinadas necesidades b\u00e1sicas en las regiones ultraperif\u00e9ricas de la UE"},"content":{"rendered":"<p><a href=\"https:\/\/cp-rup.com\/es\/convocatorias-de-propuestas-de-interes-para-las-rup\/logo-ce\/\" rel=\"attachment wp-att-8774\"><img loading=\"lazy\" decoding=\"async\" class=\"alignleft size-full wp-image-8774\" src=\"https:\/\/cp-rup.com\/wp-content\/uploads\/2023\/06\/Logo-CE.png\" alt=\"\" width=\"271\" height=\"186\" \/><\/a>Este estudio ofrece una visi\u00f3n general del acceso de la poblaci\u00f3n a una selecci\u00f3n de necesidades b\u00e1sicas como la vivienda, el agua potable y el saneamiento, la electricidad, la calefacci\u00f3n y la refrigeraci\u00f3n, as\u00ed como la conectividad a Internet y la telefon\u00eda, en todas las regiones ultraperif\u00e9ricas. Adem\u00e1s el estudio tambi\u00e9n ofrece un an\u00e1lisis espec\u00edfico sobre el acceso a dos de estas necesidades b\u00e1sicas identificadas como las m\u00e1s acuciantes en cada regi\u00f3n.<\/p>\n<p>Analiza los niveles de acceso, la infraestructura existente para permitir dicho acceso, identifica las tendencias, desarrolla un conjunto de indicadores para supervisar el progreso y formula recomendaciones. El estudio destaca las dem\u00e1s necesidades, los avances realizados en los \u00faltimos a\u00f1os y pone de relieve el apoyo de la UE, sobre todo a trav\u00e9s del Fondo Europeo de Desarrollo Regional (FEDER).<\/p>\n<p>Est\u00e1 disponible en: <a href=\"https:\/\/ec.europa.eu\/regional_policy\/whats-new\/newsroom\/02-06-2024-study-on-living-conditions-and-access-to-selected-basic-needs-in-the-eu-outermost-regions_en\">https:\/\/ec.europa.eu\/regional_policy\/whats-new\/newsroom\/02-06-2024-study-on-living-conditions-and-access-to-selected-basic-needs-in-the-eu-outermost-regions_en<\/a><\/p>\n","protected":false},"excerpt":{"rendered":"<p>Este estudio ofrece una visi\u00f3n general del acceso de la poblaci\u00f3n a una selecci\u00f3n de necesidades b\u00e1sicas como la vivienda, el agua potable y el saneamiento, la electricidad, la calefacci\u00f3n y la refrigeraci\u00f3n, as\u00ed como la conectividad a Internet y la telefon\u00eda, en todas las regiones ultraperif\u00e9ricas. Adem\u00e1s el estudio tambi\u00e9n ofrece un an\u00e1lisis espec\u00edfico [&hellip;]<\/p>\n","protected":false},"author":36,"featured_media":0,"parent":5907,"menu_order":1,"comment_status":"closed","ping_status":"closed","template":"","meta":{"_acf_changed":false,"footnotes":"","_links_to":"","_links_to_target":""},"class_list":["post-9644","page","type-page","status-publish","hentry"],"acf":[],"_links":{"self":[{"href":"https:\/\/www.cp-rup.com\/es\/wp-json\/wp\/v2\/pages\/9644","targetHints":{"allow":["GET"]}}],"collection":[{"href":"https:\/\/www.cp-rup.com\/es\/wp-json\/wp\/v2\/pages"}],"about":[{"href":"https:\/\/www.cp-rup.com\/es\/wp-json\/wp\/v2\/types\/page"}],"author":[{"embeddable":true,"href":"https:\/\/www.cp-rup.com\/es\/wp-json\/wp\/v2\/users\/36"}],"replies":[{"embeddable":true,"href":"https:\/\/www.cp-rup.com\/es\/wp-json\/wp\/v2\/comments?post=9644"}],"version-history":[{"count":2,"href":"https:\/\/www.cp-rup.com\/es\/wp-json\/wp\/v2\/pages\/9644\/revisions"}],"predecessor-version":[{"id":9646,"href":"https:\/\/www.cp-rup.com\/es\/wp-json\/wp\/v2\/pages\/9644\/revisions\/9646"}],"up":[{"embeddable":true,"href":"https:\/\/www.cp-rup.com\/es\/wp-json\/wp\/v2\/pages\/5907"}],"wp:attachment":[{"href":"https:\/\/www.cp-rup.com\/es\/wp-json\/wp\/v2\/media?parent=9644"}],"curies":[{"name":"wp","href":"https:\/\/api.w.org\/{rel}","templated":true}]}}