{"id":5775,"date":"2021-03-19T16:33:49","date_gmt":"2021-03-19T16:33:49","guid":{"rendered":"https:\/\/cp-rup.com\/?page_id=5775"},"modified":"2021-03-19T16:42:01","modified_gmt":"2021-03-19T16:42:01","slug":"regions-ultraperipheriques","status":"publish","type":"page","link":"https:\/\/www.cp-rup.com\/fr\/regions-ultraperipheriques\/","title":{"rendered":"R\u00e9gions ultrap\u00e9riph\u00e9riques"},"content":{"rendered":"<h2 style=\"text-align: center;\"><span id=\"result_box\" class=\"short_text\" lang=\"fr\">R\u00e9gions ultrap\u00e9riph\u00e9riques<\/span><\/h2>\n<p>&nbsp;<\/p>\n<h2 style=\"text-align: center;\">Les RUP<\/h2>\n<p>&nbsp;<\/p>\n<p>Les RUP repr\u00e9sentent un groupe de huit \u00eeles et archipels r\u00e9partis dans la Cara\u00efbe, l\u2019Oc\u00e9an Indien et la Macaron\u00e9sie, et un territoire continental enclav\u00e9 dans la for\u00eat amazonienne, compos\u00e9 de six collectivit\u00e9s fran\u00e7aises d&rsquo;outre-mer (Guyane fran\u00e7aise, Guadeloupe, Martinique, Mayotte, La R\u00e9union et Saint Martin), deux r\u00e9gions autonomes portugaises (les A\u00e7ores et Mad\u00e8re) et une communaut\u00e9 autonome espagnole (les \u00celes Canaries).<\/p>\n<p>Ces r\u00e9gions partagent des contraintes sp\u00e9cifiques dont la permanence et le cumul nuisent gravement \u00e0 leur d\u00e9veloppement \u00e9conomique et social :<\/p>\n<ul>\n<li>Un tr\u00e8s grand \u00e9loignement par rapport au continent europ\u00e9en, renforc\u00e9 par l&rsquo;insularit\u00e9 voire la double insularit\u00e9 (s\u2019agissant des archipels) ou par l\u2019enclavement territorial (s&rsquo;agissant de la Guyane), exposant ces r\u00e9gions \u00e0 d\u2019importantes difficult\u00e9s en mati\u00e8re d\u2019acc\u00e8s au march\u00e9 int\u00e9rieur de l&rsquo;UE et \u00e0 ses opportunit\u00e9s.<\/li>\n<li>Une int\u00e9gration au sein d&rsquo;un double espace constitu\u00e9 d&rsquo;une part, d&rsquo;une zone politico-\u00e9conomique d&rsquo;appartenance, et d&rsquo;autre part, d&rsquo;une aire g\u00e9ographique de proximit\u00e9 c\u00f4toyant des pays tiers de l&rsquo;UE, ou d&rsquo;un espace totalement isol\u00e9 ;<\/li>\n<li>L\u2019\u00e9troitesse du march\u00e9 local et la d\u00e9pendance \u00e9conomique vis-\u00e0-vis d\u2019un petit nombre de produits ;<\/li>\n<li>Des conditions g\u00e9ographiques et climatiques particuli\u00e8res qui freinent le d\u00e9veloppement endog\u00e8ne des secteurs primaires et secondaires.<\/li>\n<\/ul>\n<p>Le concept de l\u2019ultrap\u00e9riph\u00e9rie ne ressemble, en aucun cas, \u00e0 celui des r\u00e9gions de l\u2019UE \u00e0 caract\u00e9ristiques g\u00e9ographiques particuli\u00e8res, tels que les \u00eeles, les zones de montagne et les r\u00e9gions \u00e0 faible densit\u00e9 de population pour lesquelles il existe une diff\u00e9rence de nature et de droit avec ces r\u00e9gions. Ainsi, le droit primaire de l&rsquo;UE reconna\u00eet, \u00e0 l&rsquo;article 349 du Trait\u00e9 de Fonctionnement de l&rsquo;Union Europ\u00e9enne (TFUE), la sp\u00e9cificit\u00e9 de l&rsquo;ultrap\u00e9riph\u00e9rie, permettant express\u00e9ment au Conseil d\u2019adopter des dispositions sp\u00e9cifiques visant \u00e0 adapter le droit europ\u00e9en lors de son application \u00e0 ces r\u00e9gions.<\/p>\n<p>\u00c0 cet \u00e9gard, la CJUE, dans son arr\u00eat du 15 d\u00e9cembre 2015, reconna\u00eet que l\u2019article 349 du TFUE constitue une base juridique autonome et suffisante pour l\u2019adoption de mesures sp\u00e9cifiques visant notamment \u00e0 adapter le droit europ\u00e9en \u00e0 la r\u00e9alit\u00e9 des RUP.<\/p>\n\t<div class=\"rup_main_map__wrapper position-relative\">\n\t\t<div id=\"rup_main_map\" class=\"position-static\" style=\"background-image: url('https:\/\/www.cp-rup.com\/wp-content\/themes\/rup\/img\/MapaSVGCPRUP.svg');\">\n            <a href=\"https:\/\/www.cp-rup.com\/fr\/regions-ultraperipheriques\/acores\/\">\n\t\t\t\t<div class=\"map-marker--wrapper azores\" style=\"top: 35%; left: 39.7%;\">\n\t\t\t\t\t<div class=\"hover_title Azores\"> A\u00e7ores <\/div>\n\t\t\t\t\t<div class=\"map-marker  Azores\" title=\"A\u00e7ores\"><\/div>\n\t\t\t\t<\/div>\n\t\t\t<\/a>\n            <a href=\"https:\/\/www.cp-rup.com\/fr\/regions-ultraperipheriques\/madere\/\">\n\t\t\t\t<div class=\"map-marker--wrapper madeira\" style=\"top: 40%; left: 40.1%;\">\n\t\t\t\t\t<div class=\"hover_title Madeira\"> Madeira <\/div>\n\t\t\t\t\t<div class=\"map-marker  Madeira\" title=\"Madeira\"><\/div>\n\t\t\t\t<\/div>\n\t\t\t<\/a>\n            <a href=\"https:\/\/www.cp-rup.com\/fr\/regions-ultraperipheriques\/iles-canaries\/\">\n\t\t\t\t<div class=\"map-marker--wrapper canarias\" style=\"top: 44%; left: 40.5%;\">\n\t\t\t\t\t<div class=\"hover_title Canarias\"> Canarias <\/div>\n\t\t\t\t\t<div class=\"map-marker  Canarias\" title=\"Canarias\"><\/div>\n\t\t\t\t<\/div>\n\t\t\t<\/a>\n            <a href=\"https:\/\/www.cp-rup.com\/fr\/regions-ultraperipheriques\/saint-martin\/\">\n\t\t\t\t<div class=\"map-marker--wrapper saint-martin\" style=\"top: 46%; left: 30.7%;\">\n\t\t\t\t\t<div class=\"hover_title San_Martin\"> Saint-Martin <\/div>\n\t\t\t\t\t<div class=\"map-marker  San_Martin\" title=\"Saint-Martin\"><\/div>\n\t\t\t\t<\/div>\n\t\t\t<\/a>\n            <a href=\"https:\/\/www.cp-rup.com\/fr\/regions-ultraperipheriques\/guadeloupe\/\">\n\t\t\t\t<div class=\"map-marker--wrapper guadeloupe\" style=\"top: 48%; left: 31.7%;\">\n\t\t\t\t\t<div class=\"hover_title Guadalupe\"> Guadeloupe <\/div>\n\t\t\t\t\t<div class=\"map-marker  Guadalupe\" title=\"Guadeloupe\"><\/div>\n\t\t\t\t<\/div>\n\t\t\t<\/a>\n            <a href=\"https:\/\/www.cp-rup.com\/fr\/regions-ultraperipheriques\/martinique\/\">\n\t\t\t\t<div class=\"map-marker--wrapper martinica\" style=\"top: 51%; left: 31.7%;\">\n\t\t\t\t\t<div class=\"hover_title Martinica\" style=\"top: 5px !important;\"> Martinique <\/div>\n\t\t\t\t\t<div class=\"map-marker  Martinica\" title=\"Martinique\"><\/div>\n\t\t\t\t<\/div>\n\t\t\t<\/a>\n            <a href=\"https:\/\/www.cp-rup.com\/fr\/regions-ultraperipheriques\/guyane-francaise\/\">\n\t\t\t\t<div class=\"map-marker--wrapper guayana\" style=\"top: 55.2%; left: 32.2%;\">\n\t\t\t\t\t<div class=\"hover_title Guayana_Francesa\"> Guyane <\/div>\n\t\t\t\t\t<div class=\"map-marker  Guayana_Francesa\" title=\"Guyane\"><\/div>\n\t\t\t\t<\/div>\n\t\t\t<\/a>\n\t\t\t\t\n\t\t\t\n            <a href=\"https:\/\/www.cp-rup.com\/fr\/regions-ultraperipheriques\/mayotte\/\">\n\t\t\t\t<div class=\"map-marker--wrapper mayotte\" style=\"top: 67%; left: 52.7%;\">\n\t\t\t\t\t<div class=\"hover_title Mayotte\"> Mayotte <\/div>\n\t\t\t\t\t<div class=\"map-marker  Mayotte\" title=\"Mayotte\"><\/div>\n\t\t\t\t<\/div>\n\t\t\t<\/a>\n            <a href=\"https:\/\/www.cp-rup.com\/fr\/regions-ultraperipheriques\/reunion\/\">\n\t\t\t\t<div class=\"map-marker--wrapper reunion\" style=\"top: 72%; left: 55.2%;\">\n\t\t\t\t\t<div class=\"hover_title La_Reunion\"> R\u00e9union <\/div>\n\t\t\t\t\t<div class=\"map-marker  La_Reunion\" title=\"R\u00e9union\"><\/div>\n\t\t\t\t<\/div>\n\t\t\t<\/a>\n\t\t<\/div>\n\t<\/div>\n\n\t<style>\n\t.rup_main_map__wrapper:hover .hover_title {\n\t\topacity:1;\n\t}\n\t\n\t.hover_title {\n\t\tposition: absolute;\n\t\topacity:0;\n\t\ttransition: 0.15s opacity ease-in-out;\n\t\tbackground: rgba(255,255,255,0.75);\n\t\tborder-radius: 5px;\n\t\twidth: 60px;\n\t\tfont-size: 10px;\n\t}\n\n\t\t.hover_title:hover + .map-marker{\n\t\t\tanimation-name: animated-map-marker;\n\t\t\tanimation-duration: 0.5s;\n\t\t\tanimation-iteration-count: infinite;\n\t\t\tanimation-direction: alternate;\n\t\t}\n\t<\/style>\n\t<script>\n\tvar azores = jQuery('.map-marker[title=\"A\u00e7ores\"]');\n\tvar madeira = jQuery('.map-marker[title=\"Madeira\"]');\n\tvar canarias = jQuery('.map-marker[title=\"Canarias\"]');\n\tvar saint_martin = jQuery('.map-marker[title=\"Saint-Martin\"]');\n\tvar guadeloupe = jQuery('.map-marker[title=\"Guadeloupe\"]');\n\tvar martinique = jQuery('.map-marker[title=\"Martinique\"]');\n\tvar guyane = jQuery('.map-marker[title=\"Guyane\"]');\n\tvar mayotte = jQuery('.map-marker[title=\"Mayotte\"]');\n\tvar la_reunion  = jQuery('.map-marker[title=\"R\u00e9union\"]');\n\tvar rup = [ azores, madeira, canarias, mayotte, la_reunion, guyane, martinique, guadeloupe, saint_martin ];\n\tvar speed = 500;\n\tvar animation_from = {opacity: 0.25};\n\tvar animation_to = {opacity: 1};\n\tvar animation_easing = \"swing\";\n\t\n\tfunction animate(index){\n\t\trup[index].animate(animation_from, speed, animation_easing, function(){\n\t\t\trup[index].animate(animation_to, speed, animation_easing, function(){\n\t\t\t\tanimate((index+1) % rup.length);\n\t\t\t});\n\t\t});\n\t}\n\n\tanimate(0);\n\t\n\t<\/script>\n\t\n<h2><span id=\"result_box\" class=\"short_text\" lang=\"es\"><span class=\"alt-edited\"><div id=\"metaslider-id-2075\" style=\"width: 100%;\" class=\"ml-slider-3-20-3 metaslider metaslider-flex metaslider-2075 ml-slider\">\n    <div id=\"metaslider_container_2075\">\n        <div id=\"metaslider_2075\">\n            <ul aria-live=\"polite\" class=\"slides\">\n                <li style=\"display: block; width: 100%;\" class=\"slide-2377 ms-image\"><img loading=\"lazy\" decoding=\"async\" src=\"https:\/\/www.cp-rup.com\/wp-content\/uploads\/2018\/07\/Reuni\u00f3n-slider-6-1088x400.jpg\" height=\"400\" width=\"1088\" alt=\"\" class=\"slider-2075 slide-2377\" \/><div class=\"caption-wrap\"><div class=\"caption\">Reunion<\/div><\/div><\/li>\n                <li style=\"display: none; width: 100%;\" class=\"slide-2378 ms-image\"><img loading=\"lazy\" decoding=\"async\" src=\"https:\/\/www.cp-rup.com\/wp-content\/uploads\/2018\/07\/Madeira-slider-5-1-1088x400.jpg\" height=\"400\" width=\"1088\" alt=\"\" class=\"slider-2075 slide-2378\" \/><div class=\"caption-wrap\"><div class=\"caption\">Madeira<\/div><\/div><\/li>\n                <li style=\"display: none; width: 100%;\" class=\"slide-3662 ms-image\"><img loading=\"lazy\" decoding=\"async\" src=\"https:\/\/www.cp-rup.com\/wp-content\/uploads\/2018\/09\/SMT-7-1088x400.jpg\" height=\"400\" width=\"1088\" alt=\"\" class=\"slider-2075 slide-3662\" \/><div class=\"caption-wrap\"><div class=\"caption\">Saint Martin<\/div><\/div><\/li>\n                <li style=\"display: none; width: 100%;\" class=\"slide-3718 ms-image\"><img loading=\"lazy\" decoding=\"async\" src=\"https:\/\/www.cp-rup.com\/wp-content\/uploads\/2018\/10\/Azores-JAR-Flores-Island-1088x400.jpg\" height=\"400\" width=\"1088\" alt=\"\" class=\"slider-2075 slide-3718\" \/><div class=\"caption-wrap\"><div class=\"caption\">A\u00e7ores<\/div><\/div><\/li>\n                <li style=\"display: none; width: 100%;\" class=\"slide-3719 ms-image\"><img loading=\"lazy\" decoding=\"async\" src=\"https:\/\/www.cp-rup.com\/wp-content\/uploads\/2018\/10\/GUY-MER-\u00ceLES-DU-SALUT-03-1-1088x400.jpg\" height=\"400\" width=\"1088\" alt=\"\" class=\"slider-2075 slide-3719\" \/><div class=\"caption-wrap\"><div class=\"caption\">Guyane<\/div><\/div><\/li>\n                <li style=\"display: none; width: 100%;\" class=\"slide-3723 ms-image\"><img loading=\"lazy\" decoding=\"async\" src=\"https:\/\/www.cp-rup.com\/wp-content\/uploads\/2018\/09\/GUA-9-1-1088x400.jpg\" height=\"400\" width=\"1088\" alt=\"\" class=\"slider-2075 slide-3723\" \/><div class=\"caption-wrap\"><div class=\"caption\">Guadeloupe<\/div><\/div><\/li>\n                <li style=\"display: none; width: 100%;\" class=\"slide-3724 ms-image\"><img loading=\"lazy\" decoding=\"async\" src=\"https:\/\/www.cp-rup.com\/wp-content\/uploads\/2018\/06\/Parque-Nacional-Timanfaya-Lanzarote-1088x400.jpg\" height=\"400\" width=\"1088\" alt=\"\" class=\"slider-2075 slide-3724\" \/><div class=\"caption-wrap\"><div class=\"caption\">Canarias<\/div><\/div><\/li>\n            <\/ul>\n        <\/div>\n        \n    <\/div>\n<\/div><\/span><\/span><\/h2>\n","protected":false},"excerpt":{"rendered":"<p>R\u00e9gions ultrap\u00e9riph\u00e9riques &nbsp; Les RUP &nbsp; Les RUP repr\u00e9sentent un groupe de huit \u00eeles et archipels r\u00e9partis dans la Cara\u00efbe, l\u2019Oc\u00e9an Indien et la Macaron\u00e9sie, et un territoire continental enclav\u00e9 dans la for\u00eat amazonienne, compos\u00e9 de six collectivit\u00e9s fran\u00e7aises d&rsquo;outre-mer (Guyane fran\u00e7aise, Guadeloupe, Martinique, Mayotte, La R\u00e9union et Saint Martin), deux r\u00e9gions autonomes portugaises (les [&hellip;]<\/p>\n","protected":false},"author":37,"featured_media":0,"parent":0,"menu_order":0,"comment_status":"closed","ping_status":"closed","template":"page-static-rich.php","meta":{"_acf_changed":false,"footnotes":"","_links_to":"","_links_to_target":""},"class_list":["post-5775","page","type-page","status-publish","hentry"],"acf":[],"_links":{"self":[{"href":"https:\/\/www.cp-rup.com\/fr\/wp-json\/wp\/v2\/pages\/5775","targetHints":{"allow":["GET"]}}],"collection":[{"href":"https:\/\/www.cp-rup.com\/fr\/wp-json\/wp\/v2\/pages"}],"about":[{"href":"https:\/\/www.cp-rup.com\/fr\/wp-json\/wp\/v2\/types\/page"}],"author":[{"embeddable":true,"href":"https:\/\/www.cp-rup.com\/fr\/wp-json\/wp\/v2\/users\/37"}],"replies":[{"embeddable":true,"href":"https:\/\/www.cp-rup.com\/fr\/wp-json\/wp\/v2\/comments?post=5775"}],"version-history":[{"count":2,"href":"https:\/\/www.cp-rup.com\/fr\/wp-json\/wp\/v2\/pages\/5775\/revisions"}],"predecessor-version":[{"id":5783,"href":"https:\/\/www.cp-rup.com\/fr\/wp-json\/wp\/v2\/pages\/5775\/revisions\/5783"}],"wp:attachment":[{"href":"https:\/\/www.cp-rup.com\/fr\/wp-json\/wp\/v2\/media?parent=5775"}],"curies":[{"name":"wp","href":"https:\/\/api.w.org\/{rel}","templated":true}]}}