{"id":5798,"date":"2023-03-01T08:01:39","date_gmt":"2023-03-01T08:01:39","guid":{"rendered":"https:\/\/cp-rup.com\/?page_id=5798"},"modified":"2023-03-01T09:50:49","modified_gmt":"2023-03-01T09:50:49","slug":"iles-canaries","status":"publish","type":"page","link":"https:\/\/www.cp-rup.com\/fr\/regions-ultraperipheriques\/iles-canaries\/","title":{"rendered":"\u00celes Canaries"},"content":{"rendered":"<h2 style=\"text-align: center;\">Les \u00celes Canaries,\u00a0 un environnement multiculturel<\/h2>\n<p>L&rsquo;archipel des Canaries constitue une cha\u00eene d&rsquo;\u00eeles d&rsquo;origine volcanique qui occupe une zone maritime d&rsquo;environ 100 000 km\u00b2. Ses points extr\u00eames sont Punta de Mosejos sur l&rsquo;\u00eelot d&rsquo;Alegranza au nord et Punta de la Restinga sur l&rsquo;\u00eele d&rsquo;El Hierro au sud. Selon l&rsquo;Institut g\u00e9ographique national, la superficie totale de l&rsquo;archipel est de 7 447 km. La plus grande \u00eele est Tenerife avec 2034,21 km2 et la plus petite \u00eele est El Hierro avec 268,70 km2. Il est situ\u00e9 dans l&rsquo;oc\u00e9an Atlantique en Afrique du Nord, pr\u00e8s de la c\u00f4te sud du Maroc et du nord du Sahara. L&rsquo;\u00eele de Fuerteventura est \u00e0 environ 95 km de la c\u00f4te africaine. La distance \u00e0 la masse continentale europ\u00e9enne est d&rsquo;environ 940 km (de l&rsquo;\u00eelot d&rsquo;Alegranza \u00e0 la fin de San Vicente).<\/p>\n<p>En raison de son emplacement privil\u00e9gi\u00e9, il est consid\u00e9r\u00e9 comme un pont entre l&rsquo;Europe, l&rsquo;Afrique et l&rsquo;Am\u00e9rique.<\/p>\n<p>Elle compte 2 249 369 habitants (Eurostat, 2021), ce qui en fait la r\u00e9gion ultrap\u00e9riph\u00e9rique la plus peupl\u00e9e et a une densit\u00e9 de population de 301 habitants par km<sup>2<\/sup>.<\/p>\n<p>&nbsp;<\/p>\n\t<div class=\"rup_main_map__wrapper position-relative\">\n\t\t<div id=\"rup_main_map\" class=\"position-static\" style=\"background-image: url('https:\/\/www.cp-rup.com\/wp-content\/themes\/rup\/img\/MapaSVGCPRUP.svg');\">\n            <a href=\"https:\/\/www.cp-rup.com\/fr\/regions-ultraperipheriques\/acores\/\">\n\t\t\t\t<div class=\"map-marker--wrapper azores\" style=\"top: 35%; left: 39.7%;\">\n\t\t\t\t\t<div class=\"hover_title Azores\"> A\u00e7ores <\/div>\n\t\t\t\t\t<div class=\"map-marker  Azores\" title=\"A\u00e7ores\"><\/div>\n\t\t\t\t<\/div>\n\t\t\t<\/a>\n            <a href=\"https:\/\/www.cp-rup.com\/fr\/regions-ultraperipheriques\/madere\/\">\n\t\t\t\t<div class=\"map-marker--wrapper madeira\" style=\"top: 40%; left: 40.1%;\">\n\t\t\t\t\t<div class=\"hover_title Madeira\"> Madeira <\/div>\n\t\t\t\t\t<div class=\"map-marker  Madeira\" title=\"Madeira\"><\/div>\n\t\t\t\t<\/div>\n\t\t\t<\/a>\n            <a href=\"https:\/\/www.cp-rup.com\/fr\/regions-ultraperipheriques\/iles-canaries\/\">\n\t\t\t\t<div class=\"map-marker--wrapper canarias\" style=\"top: 44%; left: 40.5%;\">\n\t\t\t\t\t<div class=\"hover_title Canarias\"> Canarias <\/div>\n\t\t\t\t\t<div class=\"map-marker map-marker--selected Canarias\" title=\"Canarias\"><\/div>\n\t\t\t\t<\/div>\n\t\t\t<\/a>\n            <a href=\"https:\/\/www.cp-rup.com\/fr\/regions-ultraperipheriques\/saint-martin\/\">\n\t\t\t\t<div class=\"map-marker--wrapper saint-martin\" style=\"top: 46%; left: 30.7%;\">\n\t\t\t\t\t<div class=\"hover_title San_Martin\"> Saint-Martin <\/div>\n\t\t\t\t\t<div class=\"map-marker  San_Martin\" title=\"Saint-Martin\"><\/div>\n\t\t\t\t<\/div>\n\t\t\t<\/a>\n            <a href=\"https:\/\/www.cp-rup.com\/fr\/regions-ultraperipheriques\/guadeloupe\/\">\n\t\t\t\t<div class=\"map-marker--wrapper guadeloupe\" style=\"top: 48%; left: 31.7%;\">\n\t\t\t\t\t<div class=\"hover_title Guadalupe\"> Guadeloupe <\/div>\n\t\t\t\t\t<div class=\"map-marker  Guadalupe\" title=\"Guadeloupe\"><\/div>\n\t\t\t\t<\/div>\n\t\t\t<\/a>\n            <a href=\"https:\/\/www.cp-rup.com\/fr\/regions-ultraperipheriques\/martinique\/\">\n\t\t\t\t<div class=\"map-marker--wrapper martinica\" style=\"top: 51%; left: 31.7%;\">\n\t\t\t\t\t<div class=\"hover_title Martinica\" style=\"top: 5px !important;\"> Martinique <\/div>\n\t\t\t\t\t<div class=\"map-marker  Martinica\" title=\"Martinique\"><\/div>\n\t\t\t\t<\/div>\n\t\t\t<\/a>\n            <a href=\"https:\/\/www.cp-rup.com\/fr\/regions-ultraperipheriques\/guyane-francaise\/\">\n\t\t\t\t<div class=\"map-marker--wrapper guayana\" style=\"top: 55.2%; left: 32.2%;\">\n\t\t\t\t\t<div class=\"hover_title Guayana_Francesa\"> Guyane <\/div>\n\t\t\t\t\t<div class=\"map-marker  Guayana_Francesa\" title=\"Guyane\"><\/div>\n\t\t\t\t<\/div>\n\t\t\t<\/a>\n\t\t\t\t\n\t\t\t\n            <a href=\"https:\/\/www.cp-rup.com\/fr\/regions-ultraperipheriques\/mayotte\/\">\n\t\t\t\t<div class=\"map-marker--wrapper mayotte\" style=\"top: 67%; left: 52.7%;\">\n\t\t\t\t\t<div class=\"hover_title Mayotte\"> Mayotte <\/div>\n\t\t\t\t\t<div class=\"map-marker  Mayotte\" title=\"Mayotte\"><\/div>\n\t\t\t\t<\/div>\n\t\t\t<\/a>\n            <a href=\"https:\/\/www.cp-rup.com\/fr\/regions-ultraperipheriques\/reunion\/\">\n\t\t\t\t<div class=\"map-marker--wrapper reunion\" style=\"top: 72%; left: 55.2%;\">\n\t\t\t\t\t<div class=\"hover_title La_Reunion\"> R\u00e9union <\/div>\n\t\t\t\t\t<div class=\"map-marker  La_Reunion\" title=\"R\u00e9union\"><\/div>\n\t\t\t\t<\/div>\n\t\t\t<\/a>\n\t\t<\/div>\n\t<\/div>\n\n\t<style>\n\t.rup_main_map__wrapper:hover .hover_title {\n\t\topacity:1;\n\t}\n\t\n\t.hover_title {\n\t\tposition: absolute;\n\t\topacity:0;\n\t\ttransition: 0.15s opacity ease-in-out;\n\t\tbackground: rgba(255,255,255,0.75);\n\t\tborder-radius: 5px;\n\t\twidth: 60px;\n\t\tfont-size: 10px;\n\t}\n\n\t\t.hover_title:hover + .map-marker{\n\t\t\tanimation-name: animated-map-marker;\n\t\t\tanimation-duration: 0.5s;\n\t\t\tanimation-iteration-count: infinite;\n\t\t\tanimation-direction: alternate;\n\t\t}\n\t<\/style>\n\t<script>\n\tvar azores = jQuery('.map-marker[title=\"A\u00e7ores\"]');\n\tvar madeira = jQuery('.map-marker[title=\"Madeira\"]');\n\tvar canarias = jQuery('.map-marker[title=\"Canarias\"]');\n\tvar saint_martin = jQuery('.map-marker[title=\"Saint-Martin\"]');\n\tvar guadeloupe = jQuery('.map-marker[title=\"Guadeloupe\"]');\n\tvar martinique = jQuery('.map-marker[title=\"Martinique\"]');\n\tvar guyane = jQuery('.map-marker[title=\"Guyane\"]');\n\tvar mayotte = jQuery('.map-marker[title=\"Mayotte\"]');\n\tvar la_reunion  = jQuery('.map-marker[title=\"R\u00e9union\"]');\n\tvar rup = [ azores, madeira, canarias, mayotte, la_reunion, guyane, martinique, guadeloupe, saint_martin ];\n\tvar speed = 500;\n\tvar animation_from = {opacity: 0.25};\n\tvar animation_to = {opacity: 1};\n\tvar animation_easing = \"swing\";\n\t\n\tfunction animate(index){\n\t\trup[index].animate(animation_from, speed, animation_easing, function(){\n\t\t\trup[index].animate(animation_to, speed, animation_easing, function(){\n\t\t\t\tanimate((index+1) % rup.length);\n\t\t\t});\n\t\t});\n\t}\n\n\tanimate(0);\n\t\n\t<\/script>\n\t\n<h2 style=\"text-align: center;\">Description G\u00e9opolitique<\/h2>\n<p>Comme communaut\u00e9 autonome de l\u2019Etat espagnol, elle a un gouvernement et un parlement r\u00e9gional monocam\u00e9ral et est dot\u00e9e du statut d\u2019autonomie depuis 1982.<\/p>\n<p>Chacune des \u00eeles a un corps gouvernemental et administratif appel\u00e9 le Cabildo. En outre, aux \u00eeles Canaries, il existe 88 municipalit\u00e9s avec leurs conseils municipaux respectifs.<\/p>\n<p>Les \u00eeles, d&rsquo;origine volcanique, font partie de la r\u00e9gion naturelle de la Macaron\u00e9sie. Son climat est subtropical, bien qu&rsquo;il varie localement en fonction de l&rsquo;altitude et du versant nord ou sud. Cette variabilit\u00e9 climatique dans une grande diversit\u00e9 biologique, avec le paysage et la richesse g\u00e9ologique, justifie l&rsquo;existence des quatre parcs nationaux et les \u00eeles ont toutes les r\u00e9serves de biosph\u00e8re de l&rsquo;Unesco, et d&rsquo;autres domaines ont \u00e9t\u00e9 d\u00e9clar\u00e9s Patrimoine de l&rsquo;humanit\u00e9.<\/p>\n<p>&nbsp;<\/p>\n<p>&nbsp;<\/p>\n<p><img loading=\"lazy\" decoding=\"async\" class=\"alignnone wp-image-2197 size-full\" src=\"https:\/\/cp-rup.com\/wp-content\/uploads\/2018\/07\/170127_parque_eolico_ecoener_29-3.jpg\" alt=\"\" width=\"2074\" height=\"1017\" srcset=\"https:\/\/www.cp-rup.com\/wp-content\/uploads\/2018\/07\/170127_parque_eolico_ecoener_29-3.jpg 2074w, https:\/\/www.cp-rup.com\/wp-content\/uploads\/2018\/07\/170127_parque_eolico_ecoener_29-3-300x147.jpg 300w, https:\/\/www.cp-rup.com\/wp-content\/uploads\/2018\/07\/170127_parque_eolico_ecoener_29-3-768x377.jpg 768w, https:\/\/www.cp-rup.com\/wp-content\/uploads\/2018\/07\/170127_parque_eolico_ecoener_29-3-1024x502.jpg 1024w\" sizes=\"auto, (max-width: 2074px) 100vw, 2074px\" \/><\/p>\n<h2 style=\"text-align: center;\">Tissu productif<\/h2>\n<p>Les Canaries est la troisi\u00e8me r\u00e9gion espagnole avec le plus grand nombre de touristes \u00e9trangers, plus de 12,3 millions de touristes par an (INE, 2022).<\/p>\n<p>Par secteur d&rsquo;activit\u00e9, la plupart des entreprises appartiennent au secteur des services, suivi du secteur commercial. Son r\u00e9seau d\u2019entreprises se compose principalement de PME (entre 10 et 49 travailleurs) et de MICROPME (moins de 10 salari\u00e9s).<\/p>\n<p>Les activit\u00e9s traditionnelles des \u00eeles Canaries sont la culture des bananes, des tomates et des pommes de terre, l&rsquo;\u00e9levage, la p\u00eache, la pisciculture, la culture des plantes et des fleurs, Viticulture et de l&rsquo;industrie alimentaire, ainsi que l&rsquo;\u00e9nergie et le dessalement de l\u00b4eau de mer.<\/p>\n<p>Ses activit\u00e9s de pointe sont la recherche et le d\u00e9veloppement en biom\u00e9decine, en astronomie et en tourisme. Il a deux observatoire astrophysiques, l&rsquo;Observatoire du Teide sur l&rsquo;\u00eele de Tenerife, et l&rsquo;Observatoire Roque de los Muchachos sur l&rsquo;\u00eele de La Palma, qui a la plus nombreuse vari\u00e9t\u00e9 des t\u00e9lescopes du monde.<\/p>\n<p>En outre, le gouvernement des \u00eeles Canaries s\u2019engage activement dans la promotion des activit\u00e9s cin\u00e9matographiques et audiovisuelles. Ces derni\u00e8res ann\u00e9es, un grand nombre de films, nationaux et internationaux, ont \u00e9t\u00e9 tourn\u00e9s dans les \u00eeles.<\/p>\n<p>&nbsp;<\/p>\n\t\t<div class=\"col-12 mb-5\">\n\t\t\t<div class=\"row widget_picture_with_floating_text\">\n\t\t\t\t<div class=\"col-8  widget_picture_with_floating_text__picture\" style=\"background-image: url('https:\/\/cp-rup.com\/wp-content\/uploads\/2018\/07\/Platanos-w.jpg');\"><\/div>\n\t\t\t\t<div class=\"col-6 widget_picture_with_floating_text__text widget_picture_with_floating_text__text--right\">\n\t\t\t\t\t<h3>L'agriculture<\/h3>\n\t\t\t\t\t<p>Le secteur primaire des \u00eeles Canaries repr\u00e9sente 1,6% du produit int\u00e9rieur brut (PIB) des Canaries (Contabilidad Regional de Espa\u00f1a, 2021).<\/p>\n<p><\/p>\n\t\t\t\t<\/div>\n\t\t\t<\/div>\n\t\t<\/div>\n\n\n<p>&nbsp;<\/p>\n<p>&nbsp;<\/p>\n\t\t<div class=\"col-12 mb-5\">\n\t\t\t<div class=\"row widget_picture_with_floating_text\">\n\t\t\t\t<div class=\"col-8 offset-4 widget_picture_with_floating_text__picture\" style=\"background-image: url('https:\/\/cp-rup.com\/wp-content\/uploads\/2018\/07\/Muelle-Tenerife.jpg');\"><\/div>\n\t\t\t\t<div class=\"col-6 widget_picture_with_floating_text__text widget_picture_with_floating_text__text--left\">\n\t\t\t\t\t<h3>Logistique<\/h3>\n\t\t\t\t\t<p><\/p>\n<p class=\"Standard\" style=\"text-align: justify; text-justify: inter-ideograph;\">La situation g\u00e9ographique privil\u00e9gi\u00e9e de l&rsquo;archipel en fait une plateforme qui unit les continents de l&rsquo;Europe, de l&rsquo;Afrique et de l&rsquo;Am\u00e9rique.<\/p>\n\t\t\t\t<\/div>\n\t\t\t<\/div>\n\t\t<\/div>\n\n\n<p>&nbsp;<\/p>\n\t\t<div class=\"col-12 mb-5\">\n\t\t\t<div class=\"row widget_picture_with_floating_text\">\n\t\t\t\t<div class=\"col-8  widget_picture_with_floating_text__picture\" style=\"background-image: url('https:\/\/cp-rup.com\/wp-content\/uploads\/2018\/07\/Bosque-de-El-Cedro.jpg');\"><\/div>\n\t\t\t\t<div class=\"col-6 widget_picture_with_floating_text__text widget_picture_with_floating_text__text--right\">\n\t\t\t\t\t<h3>Paradis Touristique<\/h3>\n\t\t\t\t\t<p><\/p>\n<p class=\"Standard\" style=\"text-align: justify; text-justify: inter-ideograph;\">Son climat subtropical et sa richesse culturelle et paysag\u00e8re font de l&rsquo;archipel des Canaries l&rsquo;une des destinations touristiques pr\u00e9f\u00e9r\u00e9es des touristes europ\u00e9ens, en particulier du Royaume-Uni et de l&rsquo;Allemagne. En d\u00e9pit des cons\u00e9quences de la pand\u00e9mie sur le secteur touristique des \u00eeles, son importance pour l&rsquo;\u00e9conomie r\u00e9gionale est telle que le secteur g\u00e9n\u00e8re environ 25,7 % de l&#8217;emploi (196 446 emplois) et sa contribution au PIB d\u00e9passe 22,6 % (9 420 millions d&rsquo;euros), (Impactur Canarias, 2021).<\/p>\n<p><\/p>\n\t\t\t\t<\/div>\n\t\t\t<\/div>\n\t\t<\/div>\n\n\n<h2 style=\"text-align: center;\"><\/h2>\n<h2 style=\"text-align: center;\">Canaries en photos<\/h2>\n<div id=\"metaslider-id-2055\" style=\"width: 100%; margin: 0 auto;\" class=\"ml-slider-3-20-3 metaslider metaslider-flex metaslider-2055 ml-slider\">\n    <div id=\"metaslider_container_2055\">\n        <div id=\"metaslider_2055\">\n            <ul aria-live=\"polite\" class=\"slides\">\n                <li style=\"display: none; width: 100%;\" class=\"slide-2299 ms-image\"><img loading=\"lazy\" decoding=\"async\" src=\"https:\/\/www.cp-rup.com\/wp-content\/uploads\/2018\/07\/El-Golfo-El-Hierro-2-822x274.jpg\" height=\"400\" width=\"1200\" alt=\"\" class=\"slider-2055 slide-2299\" \/><div class=\"caption-wrap\"><div class=\"caption\">La Maceta, El Hierro<\/div><\/div><\/li>\n                <li style=\"display: none; width: 100%;\" class=\"slide-2304 ms-image\"><img loading=\"lazy\" decoding=\"async\" src=\"https:\/\/www.cp-rup.com\/wp-content\/uploads\/2018\/07\/La-Geria-Lanzarote-827x275.jpg\" height=\"400\" width=\"1200\" alt=\"\" class=\"slider-2055 slide-2304\" \/><div class=\"caption-wrap\"><div class=\"caption\">La Geria, Lanzarote<\/div><\/div><\/li>\n                <li style=\"display: none; width: 100%;\" class=\"slide-2314 ms-image\"><img loading=\"lazy\" decoding=\"async\" src=\"https:\/\/www.cp-rup.com\/wp-content\/uploads\/2018\/07\/GC-Presa-Sorueda-1200x400.jpg\" height=\"400\" width=\"1200\" alt=\"\" class=\"slider-2055 slide-2314\" \/><div class=\"caption-wrap\"><div class=\"caption\">Presa Sorueda, Gran Canaria<\/div><\/div><\/li>\n                <li style=\"display: none; width: 100%;\" class=\"slide-2316 ms-image\"><img loading=\"lazy\" decoding=\"async\" src=\"https:\/\/www.cp-rup.com\/wp-content\/uploads\/2018\/07\/Balcones-Santa-Cruz-de-La-Palma-1200x400.jpg\" height=\"400\" width=\"1200\" alt=\"\" class=\"slider-2055 slide-2316\" \/><div class=\"caption-wrap\"><div class=\"caption\">Balcones, Santa Cruz de La Palma<\/div><\/div><\/li>\n                <li style=\"display: none; width: 100%;\" class=\"slide-2318 ms-image\"><img loading=\"lazy\" decoding=\"async\" src=\"https:\/\/www.cp-rup.com\/wp-content\/uploads\/2018\/07\/Iglesia-en-Betancuria-Fuerteventura-1200x400.jpg\" height=\"400\" width=\"1200\" alt=\"\" class=\"slider-2055 slide-2318\" \/><div class=\"caption-wrap\"><div class=\"caption\">Betancuria, Fuerteventura<\/div><\/div><\/li>\n                <li style=\"display: none; width: 100%;\" class=\"slide-2328 ms-image\"><img loading=\"lazy\" decoding=\"async\" src=\"https:\/\/www.cp-rup.com\/wp-content\/uploads\/2018\/07\/Bosque-de-El-Cedro-560x186.jpg\" height=\"400\" width=\"1200\" alt=\"\" class=\"slider-2055 slide-2328\" \/><div class=\"caption-wrap\"><div class=\"caption\">Bosque del Cedro, La Gomera<\/div><\/div><\/li>\n                <li style=\"display: none; width: 100%;\" class=\"slide-3518 ms-image\"><img loading=\"lazy\" decoding=\"async\" src=\"https:\/\/www.cp-rup.com\/wp-content\/uploads\/2018\/10\/el-risco-1200x400.jpg\" height=\"400\" width=\"1200\" alt=\"\" class=\"slider-2055 slide-3518\" \/><div class=\"caption-wrap\"><div class=\"caption\">La Graciosa<\/div><\/div><\/li>\n                <li style=\"display: none; width: 100%;\" class=\"slide-3525 ms-image\"><img loading=\"lazy\" decoding=\"async\" src=\"https:\/\/www.cp-rup.com\/wp-content\/uploads\/2018\/10\/Teide-3-1160x386.jpg\" height=\"400\" width=\"1200\" alt=\"\" class=\"slider-2055 slide-3525\" \/><div class=\"caption-wrap\"><div class=\"caption\">El Teide, Tenerife<\/div><\/div><\/li>\n            <\/ul>\n        <\/div>\n        \n    <\/div>\n<\/div>\n","protected":false},"excerpt":{"rendered":"<p>Les \u00celes Canaries,\u00a0 un environnement multiculturel L&rsquo;archipel des Canaries constitue une cha\u00eene d&rsquo;\u00eeles d&rsquo;origine volcanique qui occupe une zone maritime d&rsquo;environ 100 000 km\u00b2. Ses points extr\u00eames sont Punta de Mosejos sur l&rsquo;\u00eelot d&rsquo;Alegranza au nord et Punta de la Restinga sur l&rsquo;\u00eele d&rsquo;El Hierro au sud. Selon l&rsquo;Institut g\u00e9ographique national, la superficie totale de [&hellip;]<\/p>\n","protected":false},"author":37,"featured_media":3796,"parent":5775,"menu_order":0,"comment_status":"closed","ping_status":"closed","template":"page-region-detail.php","meta":{"_acf_changed":false,"footnotes":"","_links_to":"","_links_to_target":""},"class_list":["post-5798","page","type-page","status-publish","has-post-thumbnail","hentry"],"acf":[],"_links":{"self":[{"href":"https:\/\/www.cp-rup.com\/fr\/wp-json\/wp\/v2\/pages\/5798","targetHints":{"allow":["GET"]}}],"collection":[{"href":"https:\/\/www.cp-rup.com\/fr\/wp-json\/wp\/v2\/pages"}],"about":[{"href":"https:\/\/www.cp-rup.com\/fr\/wp-json\/wp\/v2\/types\/page"}],"author":[{"embeddable":true,"href":"https:\/\/www.cp-rup.com\/fr\/wp-json\/wp\/v2\/users\/37"}],"replies":[{"embeddable":true,"href":"https:\/\/www.cp-rup.com\/fr\/wp-json\/wp\/v2\/comments?post=5798"}],"version-history":[{"count":4,"href":"https:\/\/www.cp-rup.com\/fr\/wp-json\/wp\/v2\/pages\/5798\/revisions"}],"predecessor-version":[{"id":8209,"href":"https:\/\/www.cp-rup.com\/fr\/wp-json\/wp\/v2\/pages\/5798\/revisions\/8209"}],"up":[{"embeddable":true,"href":"https:\/\/www.cp-rup.com\/fr\/wp-json\/wp\/v2\/pages\/5775"}],"wp:featuredmedia":[{"embeddable":true,"href":"https:\/\/www.cp-rup.com\/fr\/wp-json\/wp\/v2\/media\/3796"}],"wp:attachment":[{"href":"https:\/\/www.cp-rup.com\/fr\/wp-json\/wp\/v2\/media?parent=5798"}],"curies":[{"name":"wp","href":"https:\/\/api.w.org\/{rel}","templated":true}]}}