{"id":5806,"date":"2021-03-19T17:04:21","date_gmt":"2021-03-19T17:04:21","guid":{"rendered":"https:\/\/cp-rup.com\/?page_id=5806"},"modified":"2021-03-19T17:04:21","modified_gmt":"2021-03-19T17:04:21","slug":"guadeloupe","status":"publish","type":"page","link":"https:\/\/www.cp-rup.com\/fr\/regions-ultraperipheriques\/guadeloupe\/","title":{"rendered":"Guadeloupe"},"content":{"rendered":"<h2 style=\"text-align: center;\">Description territoriale et g\u00e9opolitique<\/h2>\n<p>Situ\u00e9e au c\u0153ur de l\u2019arc antillais, \u00e0 environ 6762 kilom\u00e8tres de la France hexagonale. La Guadeloupe est un archipel de 1628 km\u00b2 compos\u00e9e de six \u00eeles habit\u00e9es, aussi singuli\u00e8res les unes que les autres\u00a0: La Grande-Terre, la Basse-Terre, Marie Galante, Les Saintes, La D\u00e9sirade.<\/p>\n<p>La diversit\u00e9 de son patrimoine naturel, est la plus grande richesse de l\u2019Archipel. De la Soufri\u00e8re endormie, le plus haut volcan des petites Antilles, et ses massifs forestiers aux \u00eelets de pal\u00e9tuviers du Grand Cul-de-Sac Marin, la Guadeloupe est un haut lieu de la biodiversit\u00e9. L\u2019existence du Parc National de la Guadeloupe, d\u00e9sign\u00e9 comme R\u00e9serve de biosph\u00e8re par l\u2019UNESCO lui conc\u00e8de aussi une reconnaissance internationale.<\/p>\n<p>Carrefour de peuples et de cultures, au cours de leur histoire, l\u2019archipel guadeloup\u00e9en est marqu\u00e9 par un m\u00e9lange culturel qui a contribu\u00e9 \u00e0 construire son identit\u00e9. L\u2019identit\u00e9 guadeloup\u00e9enne s\u2019appuie sur \u00a0un melting-pot d\u2019us et de coutumes dont la musique gwo-ka inscrite au patrimoine culturel immat\u00e9riel de l\u2019humanit\u00e9, le Carnaval, et les c\u00e9r\u00e9monies des communaut\u00e9s qui la constituent\u00a0: indiennes, libanaises, ha\u00eftiennes. Notre archipel s\u2019illustre par sa vitalit\u00e9 et son foisonnement culturel, de la musique \u00e0 la peinture, en passant par la litt\u00e9rature.<\/p>\n<p>Avec son a\u00e9roport international P\u00f4le Cara\u00efbes desservant les Am\u00e9riques, la Cara\u00efbe et l\u2019Europe, la Guadeloupe est ouverte au Monde et aux \u00e9changes. Avec pr\u00e8s de 2,4 millions de passagers en 2017, l\u2019a\u00e9roport poursuit son objectif de devenir le hub europ\u00e9en de la Cara\u00efbe et se d\u00e9ploie avec l\u2019extension de sa piste et de son a\u00e9rogare. Le Grand Port de Guadeloupe, est le 6\u00e8me port fran\u00e7ais pour les conteneurs, contribue \u00e0 la cr\u00e9ation de richesse locale et aux \u00e9changes commerciaux.<\/p>\n<p>La Guadeloupe, \u00e9galement, r\u00e9gion ultra p\u00e9riph\u00e9rique fran\u00e7aise, affirme sa position strat\u00e9gique en s\u2019imposant comme passerelle entre la Cara\u00efbe et l\u2019Europe. Elle rayonne \u00e0 l\u2019\u00e9chelle nationale et internationale avec 649 891 touristes en 2017. La Guadeloupe est une destination de croisi\u00e8re \u00e0 fort potentiel, le projet <strong>Karukera Bay<\/strong> consistera \u00e0 r\u00e9am\u00e9nager les quais de croisi\u00e8re pour accueillir de plus grands paquebots, mais aussi de faciliter l\u2019acc\u00e8s et l\u2019accueil des touristes gr\u00e2ce \u00e0 une marina, des restaurants et un front de mer.<\/p>\n<p>Jarry, 3<sup>\u00e8me<\/sup> plus grande zone industrielle de France\u00a0 et\u00a0 poumon \u00e9conomique de l\u2019\u00eele, contribue au\u00a0 d\u00e9veloppement du territoire avec ses 15\u00a0000 emplois mais la Guadeloupe souffre aussi de grandes difficult\u00e9s. \u00a0L\u2019une des priorit\u00e9s est donc de \u00a0soutenir l\u2019activit\u00e9 \u00e9conomique au travers de la recherche et de l\u2019innovation, les aides aux entreprises, du d\u00e9veloppement de p\u00e9pini\u00e8re. L\u2019autre priorit\u00e9, est de former la jeunesse aux m\u00e9tiers de demain qui \u00a0garantissent aussi l\u2019attractivit\u00e9 du territoire. A ce titre, La R\u00e9gion Guadeloupe\u00a0soutient particuli\u00e8rement les fili\u00e8res vertes et bleues, les \u00e9nergies renouvelables, le d\u00e9veloppement de l\u2019offre \u00a0touristique avec l\u2019Universit\u00e9 des Antilles, du transport, le sport\u00a0 au travers du p\u00f4le d\u2019excellence du CREPS et \u00a0\u0153uvre \u00e0 la \u00a0structuration\u00a0 de l\u2019industrie audiovisuelle et cin\u00e9matographique.<\/p>\n<p>L\u2019archipel guadeloup\u00e9en est aussi de mani\u00e8re ind\u00e9niable, une grande et belle terre de sports o\u00f9 grandissent les champions de demain, en se fondant sur ses atouts : des amateurs d\u2019activit\u00e9s sportives, de plus en plus d\u2019\u00e9quipements de qualit\u00e9 sur tout le territoire, des encadrants sportifs form\u00e9s et dynamiques. La Guadeloupe se veut \u00eatre aussi une terre d\u2019accueil de grands \u00e9v\u00e9nements sportifs, La Route Du Rhum Destination Guadeloupe, La Karujet (Championnat international de Jet-Ski), Le Traditour, L\u2019Open International de Golf, \u00a0La Coupe Davis en 2016, des tournois internationaux de baskets et de handball.<\/p>\n\t<div class=\"rup_main_map__wrapper position-relative\">\n\t\t<div id=\"rup_main_map\" class=\"position-static\" style=\"background-image: url('https:\/\/www.cp-rup.com\/wp-content\/themes\/rup\/img\/MapaSVGCPRUP.svg');\">\n            <a href=\"https:\/\/www.cp-rup.com\/fr\/regions-ultraperipheriques\/acores\/\">\n\t\t\t\t<div class=\"map-marker--wrapper azores\" style=\"top: 35%; left: 39.7%;\">\n\t\t\t\t\t<div class=\"hover_title Azores\"> A\u00e7ores <\/div>\n\t\t\t\t\t<div class=\"map-marker  Azores\" title=\"A\u00e7ores\"><\/div>\n\t\t\t\t<\/div>\n\t\t\t<\/a>\n            <a href=\"https:\/\/www.cp-rup.com\/fr\/regions-ultraperipheriques\/madere\/\">\n\t\t\t\t<div class=\"map-marker--wrapper madeira\" style=\"top: 40%; left: 40.1%;\">\n\t\t\t\t\t<div class=\"hover_title Madeira\"> Madeira <\/div>\n\t\t\t\t\t<div class=\"map-marker  Madeira\" title=\"Madeira\"><\/div>\n\t\t\t\t<\/div>\n\t\t\t<\/a>\n            <a href=\"https:\/\/www.cp-rup.com\/fr\/regions-ultraperipheriques\/iles-canaries\/\">\n\t\t\t\t<div class=\"map-marker--wrapper canarias\" style=\"top: 44%; left: 40.5%;\">\n\t\t\t\t\t<div class=\"hover_title Canarias\"> Canarias <\/div>\n\t\t\t\t\t<div class=\"map-marker  Canarias\" title=\"Canarias\"><\/div>\n\t\t\t\t<\/div>\n\t\t\t<\/a>\n            <a href=\"https:\/\/www.cp-rup.com\/fr\/regions-ultraperipheriques\/saint-martin\/\">\n\t\t\t\t<div class=\"map-marker--wrapper saint-martin\" style=\"top: 46%; left: 30.7%;\">\n\t\t\t\t\t<div class=\"hover_title San_Martin\"> Saint-Martin <\/div>\n\t\t\t\t\t<div class=\"map-marker  San_Martin\" title=\"Saint-Martin\"><\/div>\n\t\t\t\t<\/div>\n\t\t\t<\/a>\n            <a href=\"https:\/\/www.cp-rup.com\/fr\/regions-ultraperipheriques\/guadeloupe\/\">\n\t\t\t\t<div class=\"map-marker--wrapper guadeloupe\" style=\"top: 48%; left: 31.7%;\">\n\t\t\t\t\t<div class=\"hover_title Guadalupe\"> Guadeloupe <\/div>\n\t\t\t\t\t<div class=\"map-marker map-marker--selected Guadalupe\" title=\"Guadeloupe\"><\/div>\n\t\t\t\t<\/div>\n\t\t\t<\/a>\n            <a href=\"https:\/\/www.cp-rup.com\/fr\/regions-ultraperipheriques\/martinique\/\">\n\t\t\t\t<div class=\"map-marker--wrapper martinica\" style=\"top: 51%; left: 31.7%;\">\n\t\t\t\t\t<div class=\"hover_title Martinica\" style=\"top: 5px !important;\"> Martinique <\/div>\n\t\t\t\t\t<div class=\"map-marker  Martinica\" title=\"Martinique\"><\/div>\n\t\t\t\t<\/div>\n\t\t\t<\/a>\n            <a href=\"https:\/\/www.cp-rup.com\/fr\/regions-ultraperipheriques\/guyane-francaise\/\">\n\t\t\t\t<div class=\"map-marker--wrapper guayana\" style=\"top: 55.2%; left: 32.2%;\">\n\t\t\t\t\t<div class=\"hover_title Guayana_Francesa\"> Guyane <\/div>\n\t\t\t\t\t<div class=\"map-marker  Guayana_Francesa\" title=\"Guyane\"><\/div>\n\t\t\t\t<\/div>\n\t\t\t<\/a>\n\t\t\t\t\n\t\t\t\n            <a href=\"https:\/\/www.cp-rup.com\/fr\/regions-ultraperipheriques\/mayotte\/\">\n\t\t\t\t<div class=\"map-marker--wrapper mayotte\" style=\"top: 67%; left: 52.7%;\">\n\t\t\t\t\t<div class=\"hover_title Mayotte\"> Mayotte <\/div>\n\t\t\t\t\t<div class=\"map-marker  Mayotte\" title=\"Mayotte\"><\/div>\n\t\t\t\t<\/div>\n\t\t\t<\/a>\n            <a href=\"https:\/\/www.cp-rup.com\/fr\/regions-ultraperipheriques\/reunion\/\">\n\t\t\t\t<div class=\"map-marker--wrapper reunion\" style=\"top: 72%; left: 55.2%;\">\n\t\t\t\t\t<div class=\"hover_title La_Reunion\"> R\u00e9union <\/div>\n\t\t\t\t\t<div class=\"map-marker  La_Reunion\" title=\"R\u00e9union\"><\/div>\n\t\t\t\t<\/div>\n\t\t\t<\/a>\n\t\t<\/div>\n\t<\/div>\n\n\t<style>\n\t.rup_main_map__wrapper:hover .hover_title {\n\t\topacity:1;\n\t}\n\t\n\t.hover_title {\n\t\tposition: absolute;\n\t\topacity:0;\n\t\ttransition: 0.15s opacity ease-in-out;\n\t\tbackground: rgba(255,255,255,0.75);\n\t\tborder-radius: 5px;\n\t\twidth: 60px;\n\t\tfont-size: 10px;\n\t}\n\n\t\t.hover_title:hover + .map-marker{\n\t\t\tanimation-name: animated-map-marker;\n\t\t\tanimation-duration: 0.5s;\n\t\t\tanimation-iteration-count: infinite;\n\t\t\tanimation-direction: alternate;\n\t\t}\n\t<\/style>\n\t<script>\n\tvar azores = jQuery('.map-marker[title=\"A\u00e7ores\"]');\n\tvar madeira = jQuery('.map-marker[title=\"Madeira\"]');\n\tvar canarias = jQuery('.map-marker[title=\"Canarias\"]');\n\tvar saint_martin = jQuery('.map-marker[title=\"Saint-Martin\"]');\n\tvar guadeloupe = jQuery('.map-marker[title=\"Guadeloupe\"]');\n\tvar martinique = jQuery('.map-marker[title=\"Martinique\"]');\n\tvar guyane = jQuery('.map-marker[title=\"Guyane\"]');\n\tvar mayotte = jQuery('.map-marker[title=\"Mayotte\"]');\n\tvar la_reunion  = jQuery('.map-marker[title=\"R\u00e9union\"]');\n\tvar rup = [ azores, madeira, canarias, mayotte, la_reunion, guyane, martinique, guadeloupe, saint_martin ];\n\tvar speed = 500;\n\tvar animation_from = {opacity: 0.25};\n\tvar animation_to = {opacity: 1};\n\tvar animation_easing = \"swing\";\n\t\n\tfunction animate(index){\n\t\trup[index].animate(animation_from, speed, animation_easing, function(){\n\t\t\trup[index].animate(animation_to, speed, animation_easing, function(){\n\t\t\t\tanimate((index+1) % rup.length);\n\t\t\t});\n\t\t});\n\t}\n\n\tanimate(0);\n\t\n\t<\/script>\n\t\n<ul>\n<li>Guadeloupe<\/li>\n<li>Chef-lieu\u00a0: Basse Terre<\/li>\n<li>Population\u00a0: 393\u00a0640 Croissance d\u00e9mographique\u00a0: &#8211; 0.3 \/ an<\/li>\n<li>Superficie\u00a0: 1628,4 km\u00b2<\/li>\n<li>Densit\u00e9\u00a0: 243,1 habitants \/ km<\/li>\n<li>PIB 2016\u00a0: 8, 8Md\u20ac<\/li>\n<li>PIB \/ Habitants 2016\u00a0: 22 121<\/li>\n<li>Taux du ch\u00f4mage 2014\u00a0: 24<\/li>\n<li>Esp\u00e9rance de vie\u00a0: 83.5 pour les femmes \/ 77 ans pour les hommes<\/li>\n<li>Taux de natalit\u00e9\u00a0: 12.9<\/li>\n<li>Indice de f\u00e9condit\u00e9\u00a0: 2,18<\/li>\n<li>Taux de mortalit\u00e9\u00a0: 7,1<\/li>\n<\/ul>\n<p>Source\u00a0: Insee<\/p>\n<h2 style=\"text-align: center;\">\u00c9conomie<\/h2>\n<p>La Guadeloupe pr\u00e9sente une \u00e9conomie moderne qui s\u2019est progressivement transform\u00e9e \u00e0 partir du d\u00e9but des ann\u00e9es 90. Traditionnellement pr\u00e9pond\u00e9rants, les secteurs de l\u2019agriculture, du petit commerce et du b\u00e2timent ont \u00e9t\u00e9 supplant\u00e9s par un secteur priv\u00e9, dynamique, de services en majorit\u00e9.<\/p>\n<p>L\u2019\u00eele compte pr\u00e8s de 40 000 entreprises, qui emploient, au total, un peu plus de 47 000 personnes.<\/p>\n<p>Sur la base d\u2019un nouveau mod\u00e8le \u00e9conomique, la r\u00e9gion Guadeloupe \u00a0veille au d\u00e9veloppement durable et \u00e9quilibr\u00e9 du territoire, avec l\u2019ambition d\u2019agir maintenant pour pr\u00e9parer au mieux l\u2019avenir. En effet, la r\u00e9gion figure en t\u00eate des r\u00e9gions fran\u00e7aises en termes de cr\u00e9ation d\u2019entreprise, majoritairement de tr\u00e8s petites entreprises, avec une moyenne tournant autour des 5000 entreprises par ann\u00e9e.<\/p>\n<p>Soutenus par un engagement fort \u00e0 d\u00e9velopper de la croissance verte et bleue, l&rsquo;agriculture, l\u2019\u00e9levage et la p\u00eache, constituent des secteurs fondamentaux qui doivent \u00eatre pr\u00e9serv\u00e9s et modernis\u00e9s. Ils emploient 12 % de la population active du territoire et contribue \u00e0 6 % du produit brut r\u00e9gional. L\u2019agriculture repose sur deux piliers traditionnels : les cultures de la canne \u00e0 sucre et de la banane.<\/p>\n<p>L\u2019industrie touristique est favorable depuis 6 ans, le nombre de touristes de s\u00e9jour ne cesse d&rsquo;augmenter.<\/p>\n<p>La situation \u00e9conomique difficile de la Guadeloupe est traduite par deux chiffres significatifs\u00a0: le taux de ch\u00f4mage (23,7\u00a0% de la population active en 2015, et le taux de couverture des importations par les exportations (6\u00a0% en 1996)\u00a0; elle se classe au second rang des r\u00e9gions les plus touch\u00e9es par le ch\u00f4mage dans l&rsquo;Union europ\u00e9enne66.<\/p>\n<h2 style=\"text-align: center;\">\u00a0Tourisme<\/h2>\n<p>&nbsp;<\/p>\n<p>Le\u00a0 tourisme repr\u00e9sente aujourd&rsquo;hui un secteur-phare de notre \u00e9conomie.<\/p>\n<p>La fr\u00e9quentation touristique est en forte croissance depuis 6 ans en Guadeloupe avec 720\u00a0304 touristes dont 234\u00a0304 croisi\u00e9ristes. En 2016, plus de 600 millions d\u2019euros ont \u00e9t\u00e9 d\u00e9pens\u00e9s dans notre archipel qui favorise l\u2019\u00e9conomie locale.<\/p>\n<p>En 2017, la fr\u00e9quentation h\u00f4teli\u00e8re a \u00e9t\u00e9 excellente avec une hausse de 25%\u00a0 sur l\u2019ann\u00e9e 2016. L\u2019accompagnement de la R\u00e9gion se traduit globalement par une attention particuli\u00e8re port\u00e9e aux \u00e9quipements structurants mais aussi directement, par l\u2019aide \u00e0 la r\u00e9novation et la mont\u00e9e en gamme des parcs h\u00f4teliers, en aidant les petites structures d\u2019h\u00e9bergements telles que les g\u00eetes\u00a0 et une attention port\u00e9e au \u00a0d\u00e9veloppement du tourisme de sant\u00e9\u00a0emmen\u00e9 par l\u2019H\u00f4tel Arawak et le futur centre de Thalassoth\u00e9rapie du Moule.<\/p>\n<p>L\u2019ouverture de nouvelles desserte pointe \u00e0 pitre\/Atlanta, pointe \u00e0 pitre\/Montr\u00e9al, \u00a0l\u2019arriv\u00e9e de nouvelles compagnies comme Level ou encore Norwegian favorisent l\u2019accessibilit\u00e9 et\u00a0 l\u2019attractivit\u00e9 du territoire et sont autant de levier d\u2019atteinte de l\u2019objectif r\u00e9gional d\u2019 1 million de touristes, 1 milliard d\u2019euros de chiffre d\u2019affaires, 1 000 emplois nouveaux d\u2019ici 2020.<\/p>\n\t\t<div class=\"col-12 mb-5\">\n\t\t\t<div class=\"row widget_picture_with_floating_text\">\n\t\t\t\t<div class=\"col-8  widget_picture_with_floating_text__picture\" style=\"background-image: url('https:\/\/cp-rup.com\/wp-content\/uploads\/2018\/09\/GUA-4Les-Saintes.jpeg');\"><\/div>\n\t\t\t\t<div class=\"col-6 widget_picture_with_floating_text__text widget_picture_with_floating_text__text--right\">\n\t\t\t\t\t<h3><\/h3>\n\t\t\t\t\t<p>L\u2019ouverture de nouvelles desserte pointe \u00e0 pitre\/Atlanta, pointe \u00e0 pitre\/Montr\u00e9al, \u00a0l\u2019arriv\u00e9e de nouvelles compagnies comme Level ou encore Norwegian favorisent l\u2019accessibilit\u00e9 et\u00a0 l\u2019attractivit\u00e9 du territoire et sont autant de levier d\u2019atteinte de l\u2019objectif r\u00e9gional d\u2019 1 million de touristes, 1 milliard d\u2019euros de chiffre d\u2019affaires, 1 000 emplois nouveaux d\u2019ici 2020..\u00a0 <\/p>\n\t\t\t\t<\/div>\n\t\t\t<\/div>\n\t\t<\/div>\n\n\n<p>&nbsp;<\/p>\n<h2 style=\"text-align: center;\">\u00a0Transport<\/h2>\n<p>Qu&rsquo;ils soient routiers, a\u00e9riens ou maritimes, les transports tiennent une place d&rsquo;autant plus pr\u00e9pond\u00e9rante en Guadeloupe, que notre archipel est compos\u00e9 de six \u00eeles principales. Du fait du d\u00e9veloppement des espaces urbains, de l\u2019augmentation du nombre de v\u00e9hicules en circulation sur nos routes, les points de congestion aux heures de pointes se multiplient et s\u2019intensifient. De gros travaux d\u2019am\u00e9nagement routiers sont men\u00e9s pour am\u00e9liorer le r\u00e9seau.<\/p>\n<p>L\u2019accent est aussi mis sur le d\u00e9ploiement d\u2019un r\u00e9seau urbain de bus \u00e0 haut niveau de service en TCSP afin de faciliter le d\u00e9placement entre les diff\u00e9rentes communes.<\/p>\n<p>Pour d\u00e9charger le r\u00e9seau routier terrestre, la r\u00e9appropriation des routes maritimes devient une \u00e9vidence. Le projet \u00ab\u00a0Bus De Mer\u00a0\u00bb qui entrera en phase de lancement en fin 2018 permettra aux habitants de la Grande-Terre et de la Basse-Terre de se rendre au c\u0153ur de l\u2019\u00eele et relier, entre elles<\/p>\n\t\t<div class=\"col-12 mb-5\">\n\t\t\t<div class=\"row widget_picture_with_floating_text\">\n\t\t\t\t<div class=\"col-8 offset-4 widget_picture_with_floating_text__picture\" style=\"background-image: url('https:\/\/cp-rup.com\/wp-content\/uploads\/2018\/09\/GUA-1-e1536150349976.jpeg');\"><\/div>\n\t\t\t\t<div class=\"col-6 widget_picture_with_floating_text__text widget_picture_with_floating_text__text--left\">\n\t\t\t\t\t<h3><\/h3>\n\t\t\t\t\t<p>Qu&rsquo;ils soient routiers, a\u00e9riens ou maritimes, les transports tiennent une place d&rsquo;autant plus pr\u00e9pond\u00e9rante en Guadeloupe, que notre archipel est compos\u00e9 de six \u00eeles principales.\u00a0 <\/p>\n\t\t\t\t<\/div>\n\t\t\t<\/div>\n\t\t<\/div>\n\n\n<h2 style=\"text-align: center;\">\u00c9nergies\u00a0Renouvelables<\/h2>\n<p>Par son emplacement, notre archipel b\u00e9n\u00e9ficie de nombreuses ressources \u00e9nerg\u00e9tiques locales qui peuvent lui permettre de substituer int\u00e9gralement aux sources d\u2019\u00e9nergies fossiles\u00a0: <strong>la g\u00e9othermie<\/strong>, repr\u00e9sente 4.69%, trait\u00e9e par la centrale de Bouillante, premi\u00e8re de la Cara\u00efbe et premi\u00e8re centrale productrice d\u2019\u00e9lectricit\u00e9 industrielle en France, <strong>et la biomasse<\/strong> qui repr\u00e9sente aujourd\u2019hui 2,78%.<\/p>\n\t\t<div class=\"col-12 mb-5\">\n\t\t\t<div class=\"row widget_picture_with_floating_text\">\n\t\t\t\t<div class=\"col-8  widget_picture_with_floating_text__picture\" style=\"background-image: url('https:\/\/cp-rup.com\/wp-content\/uploads\/2018\/09\/GUA-13.jpg');\"><\/div>\n\t\t\t\t<div class=\"col-6 widget_picture_with_floating_text__text widget_picture_with_floating_text__text--right\">\n\t\t\t\t\t<h3>L'Agriculture<\/h3>\n\t\t\t\t\t<p>Soutenus par un engagement fort \u00e0 d\u00e9velopper de la croissance verte et bleue, l&rsquo;agriculture, l\u2019\u00e9levage et la p\u00eache, constituent des secteurs fondamentaux qui doivent \u00eatre pr\u00e9serv\u00e9s et modernis\u00e9s<\/p>\n\t\t\t\t<\/div>\n\t\t\t<\/div>\n\t\t<\/div>\n\n\n<hr \/>\n<h2><\/h2>\n<h2 style=\"text-align: center;\">Guadeloupe en photos<\/h2>\n<p>&nbsp;<\/p>\n<div id=\"metaslider-id-1096\" style=\"width: 100%; margin: 0 auto;\" class=\"ml-slider-3-20-3 metaslider metaslider-flex metaslider-1096 ml-slider\">\n    <div id=\"metaslider_container_1096\">\n        <div id=\"metaslider_1096\">\n            <ul aria-live=\"polite\" class=\"slides\">\n                <li style=\"display: none; width: 100%;\" class=\"slide-2734 ms-image\"><img loading=\"lazy\" decoding=\"async\" src=\"https:\/\/www.cp-rup.com\/wp-content\/uploads\/2018\/09\/GUA-9-1-1200x400.jpg\" height=\"400\" width=\"1200\" alt=\"\" class=\"slider-1096 slide-2734\" \/><\/li>\n                <li style=\"display: none; width: 100%;\" class=\"slide-2735 ms-image\"><img loading=\"lazy\" decoding=\"async\" src=\"https:\/\/www.cp-rup.com\/wp-content\/uploads\/2018\/09\/GUA-8-Panorama-2-e1536147709874-1200x400.jpg\" height=\"400\" width=\"1200\" alt=\"\" class=\"slider-1096 slide-2735\" \/><\/li>\n                <li style=\"display: none; width: 100%;\" class=\"slide-2736 ms-image\"><img loading=\"lazy\" decoding=\"async\" src=\"https:\/\/www.cp-rup.com\/wp-content\/uploads\/2018\/09\/GUA-6-1200x400.jpeg\" height=\"400\" width=\"1200\" alt=\"\" class=\"slider-1096 slide-2736\" \/><\/li>\n                <li style=\"display: none; width: 100%;\" class=\"slide-2737 ms-image\"><img loading=\"lazy\" decoding=\"async\" src=\"https:\/\/www.cp-rup.com\/wp-content\/uploads\/2018\/09\/GUA-3-1200x400.jpg\" height=\"400\" width=\"1200\" alt=\"\" class=\"slider-1096 slide-2737\" \/><\/li>\n                <li style=\"display: none; width: 100%;\" class=\"slide-2738 ms-image\"><img loading=\"lazy\" decoding=\"async\" src=\"https:\/\/www.cp-rup.com\/wp-content\/uploads\/2018\/09\/GUA-4Les-Saintes-1200x400.jpeg\" height=\"400\" width=\"1200\" alt=\"\" class=\"slider-1096 slide-2738\" \/><\/li>\n                <li style=\"display: none; width: 100%;\" class=\"slide-2739 ms-image\"><img loading=\"lazy\" decoding=\"async\" src=\"https:\/\/www.cp-rup.com\/wp-content\/uploads\/2018\/09\/GUA-11-e1536147504950-1200x400.jpg\" height=\"400\" width=\"1200\" alt=\"\" class=\"slider-1096 slide-2739\" \/><\/li>\n                <li style=\"display: none; width: 100%;\" class=\"slide-2743 ms-image\"><img loading=\"lazy\" decoding=\"async\" src=\"https:\/\/www.cp-rup.com\/wp-content\/uploads\/2018\/09\/GUA-13-1024x341.jpg\" height=\"400\" width=\"1200\" alt=\"\" class=\"slider-1096 slide-2743\" \/><\/li>\n            <\/ul>\n        <\/div>\n        \n    <\/div>\n<\/div>\n<p>&nbsp;<\/p>\n","protected":false},"excerpt":{"rendered":"<p>Description territoriale et g\u00e9opolitique Situ\u00e9e au c\u0153ur de l\u2019arc antillais, \u00e0 environ 6762 kilom\u00e8tres de la France hexagonale. La Guadeloupe est un archipel de 1628 km\u00b2 compos\u00e9e de six \u00eeles habit\u00e9es, aussi singuli\u00e8res les unes que les autres\u00a0: La Grande-Terre, la Basse-Terre, Marie Galante, Les Saintes, La D\u00e9sirade. La diversit\u00e9 de son patrimoine naturel, est [&hellip;]<\/p>\n","protected":false},"author":37,"featured_media":2728,"parent":5775,"menu_order":0,"comment_status":"closed","ping_status":"closed","template":"page-region-detail.php","meta":{"_acf_changed":false,"footnotes":"","_links_to":"","_links_to_target":""},"class_list":["post-5806","page","type-page","status-publish","has-post-thumbnail","hentry"],"acf":[],"_links":{"self":[{"href":"https:\/\/www.cp-rup.com\/fr\/wp-json\/wp\/v2\/pages\/5806","targetHints":{"allow":["GET"]}}],"collection":[{"href":"https:\/\/www.cp-rup.com\/fr\/wp-json\/wp\/v2\/pages"}],"about":[{"href":"https:\/\/www.cp-rup.com\/fr\/wp-json\/wp\/v2\/types\/page"}],"author":[{"embeddable":true,"href":"https:\/\/www.cp-rup.com\/fr\/wp-json\/wp\/v2\/users\/37"}],"replies":[{"embeddable":true,"href":"https:\/\/www.cp-rup.com\/fr\/wp-json\/wp\/v2\/comments?post=5806"}],"version-history":[{"count":1,"href":"https:\/\/www.cp-rup.com\/fr\/wp-json\/wp\/v2\/pages\/5806\/revisions"}],"predecessor-version":[{"id":5807,"href":"https:\/\/www.cp-rup.com\/fr\/wp-json\/wp\/v2\/pages\/5806\/revisions\/5807"}],"up":[{"embeddable":true,"href":"https:\/\/www.cp-rup.com\/fr\/wp-json\/wp\/v2\/pages\/5775"}],"wp:featuredmedia":[{"embeddable":true,"href":"https:\/\/www.cp-rup.com\/fr\/wp-json\/wp\/v2\/media\/2728"}],"wp:attachment":[{"href":"https:\/\/www.cp-rup.com\/fr\/wp-json\/wp\/v2\/media?parent=5806"}],"curies":[{"name":"wp","href":"https:\/\/api.w.org\/{rel}","templated":true}]}}