{"id":5814,"date":"2021-03-19T17:08:59","date_gmt":"2021-03-19T17:08:59","guid":{"rendered":"https:\/\/cp-rup.com\/?page_id=5814"},"modified":"2021-03-19T17:08:59","modified_gmt":"2021-03-19T17:08:59","slug":"guyane-francaise","status":"publish","type":"page","link":"https:\/\/www.cp-rup.com\/fr\/regions-ultraperipheriques\/guyane-francaise\/","title":{"rendered":"Guyane fran\u00e7aise"},"content":{"rendered":"<h2 style=\"text-align: center;\">La Guyane fran\u00e7aise : des fleuves aux \u00e9toiles<\/h2>\n<p>Enclave fran\u00e7aise en Am\u00e9rique du Sud, la Guyane est le plus grand d\u00e9partement d\u2019Outre-mer.<\/p>\n<p>Terre de potentialit\u00e9s, cette r\u00e9gion authentique et dynamique d\u00e9borde de vie sous toutes ses formes.<\/p>\n<p>Sillonner ce territoire c\u2019est aller \u00e0 la rencontre de sa mosa\u00efque de peuples et de son m\u00e9tissage culturel qui allie traditions et savoir-faire.<\/p>\n<p>Avec sa for\u00eat amazonienne majestueuse, myst\u00e9rieuse et unique au monde, la Guyane renferme les secrets de la biodiversit\u00e9.<\/p>\n<p>C\u2019est \u00e9galement une terre d\u2019innovation o\u00f9 son centre spatial ultra moderne est le point de d\u00e9collage des fus\u00e9es Ariane, Soyouz et V\u00e9ga, fleurons de l\u2019industrie europ\u00e9enne.<\/p>\n<p>Un pont sur le fleuve Oyapock unit via la Guyane, la France et le Br\u00e9sil, l\u2019Am\u00e9rique du Sud \u00e0 l\u2019Europe.<\/p>\n\t<div class=\"rup_main_map__wrapper position-relative\">\n\t\t<div id=\"rup_main_map\" class=\"position-static\" style=\"background-image: url('https:\/\/www.cp-rup.com\/wp-content\/themes\/rup\/img\/MapaSVGCPRUP.svg');\">\n            <a href=\"https:\/\/www.cp-rup.com\/fr\/regions-ultraperipheriques\/acores\/\">\n\t\t\t\t<div class=\"map-marker--wrapper azores\" style=\"top: 35%; left: 39.7%;\">\n\t\t\t\t\t<div class=\"hover_title Azores\"> A\u00e7ores <\/div>\n\t\t\t\t\t<div class=\"map-marker  Azores\" title=\"A\u00e7ores\"><\/div>\n\t\t\t\t<\/div>\n\t\t\t<\/a>\n            <a href=\"https:\/\/www.cp-rup.com\/fr\/regions-ultraperipheriques\/madere\/\">\n\t\t\t\t<div class=\"map-marker--wrapper madeira\" style=\"top: 40%; left: 40.1%;\">\n\t\t\t\t\t<div class=\"hover_title Madeira\"> Madeira <\/div>\n\t\t\t\t\t<div class=\"map-marker  Madeira\" title=\"Madeira\"><\/div>\n\t\t\t\t<\/div>\n\t\t\t<\/a>\n            <a href=\"https:\/\/www.cp-rup.com\/fr\/regions-ultraperipheriques\/iles-canaries\/\">\n\t\t\t\t<div class=\"map-marker--wrapper canarias\" style=\"top: 44%; left: 40.5%;\">\n\t\t\t\t\t<div class=\"hover_title Canarias\"> Canarias <\/div>\n\t\t\t\t\t<div class=\"map-marker  Canarias\" title=\"Canarias\"><\/div>\n\t\t\t\t<\/div>\n\t\t\t<\/a>\n            <a href=\"https:\/\/www.cp-rup.com\/fr\/regions-ultraperipheriques\/saint-martin\/\">\n\t\t\t\t<div class=\"map-marker--wrapper saint-martin\" style=\"top: 46%; left: 30.7%;\">\n\t\t\t\t\t<div class=\"hover_title San_Martin\"> Saint-Martin <\/div>\n\t\t\t\t\t<div class=\"map-marker  San_Martin\" title=\"Saint-Martin\"><\/div>\n\t\t\t\t<\/div>\n\t\t\t<\/a>\n            <a href=\"https:\/\/www.cp-rup.com\/fr\/regions-ultraperipheriques\/guadeloupe\/\">\n\t\t\t\t<div class=\"map-marker--wrapper guadeloupe\" style=\"top: 48%; left: 31.7%;\">\n\t\t\t\t\t<div class=\"hover_title Guadalupe\"> Guadeloupe <\/div>\n\t\t\t\t\t<div class=\"map-marker  Guadalupe\" title=\"Guadeloupe\"><\/div>\n\t\t\t\t<\/div>\n\t\t\t<\/a>\n            <a href=\"https:\/\/www.cp-rup.com\/fr\/regions-ultraperipheriques\/martinique\/\">\n\t\t\t\t<div class=\"map-marker--wrapper martinica\" style=\"top: 51%; left: 31.7%;\">\n\t\t\t\t\t<div class=\"hover_title Martinica\" style=\"top: 5px !important;\"> Martinique <\/div>\n\t\t\t\t\t<div class=\"map-marker  Martinica\" title=\"Martinique\"><\/div>\n\t\t\t\t<\/div>\n\t\t\t<\/a>\n            <a href=\"https:\/\/www.cp-rup.com\/fr\/regions-ultraperipheriques\/guyane-francaise\/\">\n\t\t\t\t<div class=\"map-marker--wrapper guayana\" style=\"top: 55.2%; left: 32.2%;\">\n\t\t\t\t\t<div class=\"hover_title Guayana_Francesa\"> Guyane <\/div>\n\t\t\t\t\t<div class=\"map-marker map-marker--selected Guayana_Francesa\" title=\"Guyane\"><\/div>\n\t\t\t\t<\/div>\n\t\t\t<\/a>\n\t\t\t\t\n\t\t\t\n            <a href=\"https:\/\/www.cp-rup.com\/fr\/regions-ultraperipheriques\/mayotte\/\">\n\t\t\t\t<div class=\"map-marker--wrapper mayotte\" style=\"top: 67%; left: 52.7%;\">\n\t\t\t\t\t<div class=\"hover_title Mayotte\"> Mayotte <\/div>\n\t\t\t\t\t<div class=\"map-marker  Mayotte\" title=\"Mayotte\"><\/div>\n\t\t\t\t<\/div>\n\t\t\t<\/a>\n            <a href=\"https:\/\/www.cp-rup.com\/fr\/regions-ultraperipheriques\/reunion\/\">\n\t\t\t\t<div class=\"map-marker--wrapper reunion\" style=\"top: 72%; left: 55.2%;\">\n\t\t\t\t\t<div class=\"hover_title La_Reunion\"> R\u00e9union <\/div>\n\t\t\t\t\t<div class=\"map-marker  La_Reunion\" title=\"R\u00e9union\"><\/div>\n\t\t\t\t<\/div>\n\t\t\t<\/a>\n\t\t<\/div>\n\t<\/div>\n\n\t<style>\n\t.rup_main_map__wrapper:hover .hover_title {\n\t\topacity:1;\n\t}\n\t\n\t.hover_title {\n\t\tposition: absolute;\n\t\topacity:0;\n\t\ttransition: 0.15s opacity ease-in-out;\n\t\tbackground: rgba(255,255,255,0.75);\n\t\tborder-radius: 5px;\n\t\twidth: 60px;\n\t\tfont-size: 10px;\n\t}\n\n\t\t.hover_title:hover + .map-marker{\n\t\t\tanimation-name: animated-map-marker;\n\t\t\tanimation-duration: 0.5s;\n\t\t\tanimation-iteration-count: infinite;\n\t\t\tanimation-direction: alternate;\n\t\t}\n\t<\/style>\n\t<script>\n\tvar azores = jQuery('.map-marker[title=\"A\u00e7ores\"]');\n\tvar madeira = jQuery('.map-marker[title=\"Madeira\"]');\n\tvar canarias = jQuery('.map-marker[title=\"Canarias\"]');\n\tvar saint_martin = jQuery('.map-marker[title=\"Saint-Martin\"]');\n\tvar guadeloupe = jQuery('.map-marker[title=\"Guadeloupe\"]');\n\tvar martinique = jQuery('.map-marker[title=\"Martinique\"]');\n\tvar guyane = jQuery('.map-marker[title=\"Guyane\"]');\n\tvar mayotte = jQuery('.map-marker[title=\"Mayotte\"]');\n\tvar la_reunion  = jQuery('.map-marker[title=\"R\u00e9union\"]');\n\tvar rup = [ azores, madeira, canarias, mayotte, la_reunion, guyane, martinique, guadeloupe, saint_martin ];\n\tvar speed = 500;\n\tvar animation_from = {opacity: 0.25};\n\tvar animation_to = {opacity: 1};\n\tvar animation_easing = \"swing\";\n\t\n\tfunction animate(index){\n\t\trup[index].animate(animation_from, speed, animation_easing, function(){\n\t\t\trup[index].animate(animation_to, speed, animation_easing, function(){\n\t\t\t\tanimate((index+1) % rup.length);\n\t\t\t});\n\t\t});\n\t}\n\n\tanimate(0);\n\t\n\t<\/script>\n\t\n<h2 style=\"text-align: center;\">Localisation<\/h2>\n<p>La Guyane est situ\u00e9e dans le Nord-Est de l\u2019Am\u00e9rique du Sud, entre le Surinam et le Br\u00e9sil. C&rsquo;est un d\u00e9partement-r\u00e9gion d&rsquo;outre-mer (DROM) qui a une superficie de 83.853 km\u00b2.<\/p>\n<p>Ainsi, c&rsquo;est la deuxi\u00e8me plus vaste r\u00e9gion de France derri\u00e8re la Nouvelle-Aquitaine avec une population de 262 381 habitants au 1er\u00a0janvier 2018.<\/p>\n<p>Elle est d\u00e9limit\u00e9e :<\/p>\n<ul>\n<li>Au nord, par la c\u00f4te qui, dans son ensemble, est plate et mar\u00e9cageuse et form\u00e9e de terrains s\u00e9dimentaires r\u00e9cents ;<\/li>\n<li>\u00a0A l\u2019est, par le fleuve Oyapock, entre la Guyane et le Br\u00e9sil ;<\/li>\n<li>A l\u2019ouest, par le fleuve Maroni, s\u00e9parant la Guyane du Surinam ;<\/li>\n<li>Au sud, la fronti\u00e8re avec le Br\u00e9sil est mat\u00e9rialis\u00e9e par la ligne de partage des eaux avec le bassin de l\u2019Amazone.<\/li>\n<\/ul>\n<p>La Guyane poss\u00e8de 300 km de c\u00f4tes, 520 km de fronti\u00e8res avec le Surinam et 700 km de fronti\u00e8res avec le Br\u00e9sil.<\/p>\n<p>Cayenne est le chef-lieu du d\u00e9partement et se situe \u00e0 7.072 km de Paris, \u00e0 5.000 km de Rio de Janeiro et 5.000 km de New York.<\/p>\n<h2 style=\"text-align: center;\">Economie<\/h2>\n<p>La Guyane compte aujourd\u2019hui plusieurs secteurs \u00e9conomiques dynamiques. En premier lieu, le spatial qui reste la locomotive de l\u2019\u00e9conomie guyanaise repr\u00e9sentant 15% du PIB du territoire et 4 500 emplois en 2017. Il en suit le B\u00e2timents et Travaux Publics (BTP). Apr\u00e8s une p\u00e9riode mitig\u00e9e jusqu\u2019en 2016, la relance de la commande publique redynamise ce secteur.<\/p>\n<p>Ce sont des piliers auxquels il s\u2019av\u00e8re n\u00e9cessaire d\u2019adjoindre d\u2019autres moteurs. Ainsi, une d\u00e9marche de transformation du tissu \u00e9conomique est actuellement impuls\u00e9e par la politique territoriale, par l\u2019appui des fili\u00e8res qui ont pour point commun, de puiser dans les ressources locales : le secteur du bois, les activit\u00e9s mini\u00e8res et extractives, le tourisme, l\u2019agriculture et la p\u00eache.<\/p>\n<p>Au regard du co\u00fbt de la vie impact\u00e9 par l\u2019offre insuffisante et la r\u00e9percussion du co\u00fbt de l\u2019importation, cela en fait des candidats id\u00e9aux pour \u00e9tablir des leviers de cr\u00e9ation de richesse et d\u2019emplois afin de r\u00e9duire la d\u00e9pendance \u00e9conomique de la Guyane.<\/p>\n<p>La consommation des m\u00e9nages et l\u2019investissement des entreprises sont orient\u00e9s comme le montrent l\u2019activit\u00e9 bancaire et les ventes d\u2019automobiles. Si l\u2019on d\u00e9plore un taux de ch\u00f4mage \u00e0 26% au sens du BIT, depuis 2017, l\u2019emploi salari\u00e9 et l\u2019int\u00e9rim repartent en hausse.<\/p>\n<p>En 2018, le nombre de cr\u00e9ations d\u2019entreprises poursuit sa croissance et atteint un volume record. La cr\u00e9ation d\u2019entreprises individuelles est particuli\u00e8rement forte. Tous les secteurs d\u2019activit\u00e9 sont concern\u00e9s par ce dynamisme.<\/p>\n\t\t<div class=\"col-12 mb-5\">\n\t\t\t<div class=\"row widget_picture_with_floating_text\">\n\t\t\t\t<div class=\"col-8  widget_picture_with_floating_text__picture\" style=\"background-image: url('https:\/\/cp-rup.com\/wp-content\/uploads\/2018\/10\/GUY-Spatial.jpg');\"><\/div>\n\t\t\t\t<div class=\"col-6 widget_picture_with_floating_text__text widget_picture_with_floating_text__text--right\">\n\t\t\t\t\t<h3>Le spatial<\/h3>\n\t\t\t\t\t<p>Le spatial qui reste la locomotive de l\u2019\u00e9conomie guyanaise repr\u00e9sentant 15% du PIB du territoire et 4 500 emplois en 2017.<\/p>\n<p><\/p>\n\t\t\t\t<\/div>\n\t\t\t<\/div>\n\t\t<\/div>\n\n\n\t\t<div class=\"col-12 mb-5\">\n\t\t\t<div class=\"row widget_picture_with_floating_text\">\n\t\t\t\t<div class=\"col-8 offset-4 widget_picture_with_floating_text__picture\" style=\"background-image: url('https:\/\/cp-rup.com\/wp-content\/uploads\/2018\/10\/GUY-BATIMENT-DE-LA-CTG-03-1.jpg');\"><\/div>\n\t\t\t\t<div class=\"col-6 widget_picture_with_floating_text__text widget_picture_with_floating_text__text--left\">\n\t\t\t\t\t<h3>Le B\u00e2timent et Travaux Publics<\/h3>\n\t\t\t\t\t<p><\/p>\n<p class=\"Standard\">Apr\u00e8s une p\u00e9riode mitig\u00e9e jusqu\u2019en 2016, la relance de la commande publique redynamise ce secteur.<\/p>\n<p><\/p>\n\t\t\t\t<\/div>\n\t\t\t<\/div>\n\t\t<\/div>\n\n\n<h2 style=\"text-align: center;\">Politique<\/h2>\n<p>La Guyane est un d\u00e9partement d&rsquo;outre-mer depuis 1946 et une r\u00e9gion depuis les lois de d\u00e9centralisations de 1982.<\/p>\n<p>La Guyane fait partie int\u00e9grante du syst\u00e8me administratif et politique fran\u00e7ais. L\u2019\u00c9tat est repr\u00e9sent\u00e9 sur le territoire par le Pr\u00e9fet de R\u00e9gion, qui a la charge des int\u00e9r\u00eats nationaux, du respect des lois, de la s\u00e9curit\u00e9 et du contr\u00f4le administratif. Le territoire guyanais est organis\u00e9 en deux arrondissements, Cayenne et Saint-Laurent du Maroni qui est la sous-Pr\u00e9fecture.<\/p>\n<p>Depuis 2016, la Guyane est administr\u00e9e localement par la Collectivit\u00e9 Territoriale de Guyane o\u00f9 chaque projet est soumis au vote de l\u2019assembl\u00e9e territoriale compos\u00e9e 51 conseillers r\u00e9gionaux, \u00e9lus pour 6 ans.<\/p>\n<p>A l\u2019\u00e9chelon national, la Guyane est repr\u00e9sent\u00e9e par des parlementaires, soient deux d\u00e9put\u00e9s et deux s\u00e9nateurs.<\/p>\n<p>En tant que d\u00e9partement-r\u00e9gion d&rsquo;outre-mer (DROM), la Guyane fait partie int\u00e9grante de l\u2019Union Europ\u00e9enne au sein de laquelle elle constitue une r\u00e9gion ultrap\u00e9riph\u00e9rique. A ce titre elle b\u00e9n\u00e9ficie de \u00ab\u00a0mesures sp\u00e9cifiques\u00a0\u00bb visant \u00e0 adapter le droit communautaire en tenant compte des caract\u00e9ristiques et contraintes particuli\u00e8res de ces r\u00e9gions.<\/p>\n<h2 style=\"text-align: center;\">La Guyane en photos<\/h2>\n<hr \/>\n<h2><\/h2>\n<h2 style=\"text-align: center;\"><div id=\"metaslider-id-3626\" style=\"width: 100%; margin: 0 auto;\" class=\"ml-slider-3-20-3 metaslider metaslider-flex metaslider-3626 ml-slider\">\n    <div id=\"metaslider_container_3626\">\n        <div id=\"metaslider_3626\">\n            <ul aria-live=\"polite\" class=\"slides\">\n                <li style=\"display: none; width: 100%;\" class=\"slide-3627 ms-image\"><img loading=\"lazy\" decoding=\"async\" src=\"https:\/\/www.cp-rup.com\/wp-content\/uploads\/2018\/10\/GUY-FLEUVE-MARONI-01-1200x400.jpg\" height=\"400\" width=\"1200\" alt=\"\" class=\"slider-3626 slide-3627\" \/><div class=\"caption-wrap\"><div class=\"caption\">Fleuve Maroni <\/div><\/div><\/li>\n                <li style=\"display: none; width: 100%;\" class=\"slide-3628 ms-image\"><img loading=\"lazy\" decoding=\"async\" src=\"https:\/\/www.cp-rup.com\/wp-content\/uploads\/2018\/10\/GUY-FLEUVE-OYAPOCK-01-1200x400.jpg\" height=\"400\" width=\"1200\" alt=\"\" class=\"slider-3626 slide-3628\" \/><div class=\"caption-wrap\"><div class=\"caption\">Fleuve Oyapock<\/div><\/div><\/li>\n                <li style=\"display: none; width: 100%;\" class=\"slide-3629 ms-image\"><img loading=\"lazy\" decoding=\"async\" src=\"https:\/\/www.cp-rup.com\/wp-content\/uploads\/2018\/10\/GUY-FOR\u00caT-01-1200x400.jpg\" height=\"400\" width=\"1200\" alt=\"\" class=\"slider-3626 slide-3629\" \/><div class=\"caption-wrap\"><div class=\"caption\">Foret<\/div><\/div><\/li>\n                <li style=\"display: none; width: 100%;\" class=\"slide-3630 ms-image\"><img loading=\"lazy\" decoding=\"async\" src=\"https:\/\/www.cp-rup.com\/wp-content\/uploads\/2018\/10\/GUY-FLEUVE-OYAPOCK-02-1200x400.jpg\" height=\"400\" width=\"1200\" alt=\"\" class=\"slider-3626 slide-3630\" \/><div class=\"caption-wrap\"><div class=\"caption\">Fleuve Oyapock<\/div><\/div><\/li>\n                <li style=\"display: none; width: 100%;\" class=\"slide-3631 ms-image\"><img loading=\"lazy\" decoding=\"async\" src=\"https:\/\/www.cp-rup.com\/wp-content\/uploads\/2018\/10\/GUY-MER-\u00ceLES-DU-SALUT-03-1-1200x400.jpg\" height=\"400\" width=\"1200\" alt=\"\" class=\"slider-3626 slide-3631\" \/><div class=\"caption-wrap\"><div class=\"caption\">Mer Iles du Salut<\/div><\/div><\/li>\n                <li style=\"display: none; width: 100%;\" class=\"slide-3632 ms-image\"><img loading=\"lazy\" decoding=\"async\" src=\"https:\/\/www.cp-rup.com\/wp-content\/uploads\/2018\/10\/GUY-RIVIERE-LA-COMTE-02-1200x400.jpg\" height=\"400\" width=\"1200\" alt=\"\" class=\"slider-3626 slide-3632\" \/><div class=\"caption-wrap\"><div class=\"caption\">Riviere La Comte<\/div><\/div><\/li>\n            <\/ul>\n        <\/div>\n        \n    <\/div>\n<\/div><\/h2>\n<p>&nbsp;<\/p>\n<p>&nbsp;<\/p>\n<p>&nbsp;<\/p>\n","protected":false},"excerpt":{"rendered":"<p>La Guyane fran\u00e7aise : des fleuves aux \u00e9toiles Enclave fran\u00e7aise en Am\u00e9rique du Sud, la Guyane est le plus grand d\u00e9partement d\u2019Outre-mer. Terre de potentialit\u00e9s, cette r\u00e9gion authentique et dynamique d\u00e9borde de vie sous toutes ses formes. Sillonner ce territoire c\u2019est aller \u00e0 la rencontre de sa mosa\u00efque de peuples et de son m\u00e9tissage culturel [&hellip;]<\/p>\n","protected":false},"author":37,"featured_media":3572,"parent":5775,"menu_order":0,"comment_status":"closed","ping_status":"closed","template":"page-region-detail.php","meta":{"_acf_changed":false,"footnotes":"","_links_to":"","_links_to_target":""},"class_list":["post-5814","page","type-page","status-publish","has-post-thumbnail","hentry"],"acf":[],"_links":{"self":[{"href":"https:\/\/www.cp-rup.com\/fr\/wp-json\/wp\/v2\/pages\/5814","targetHints":{"allow":["GET"]}}],"collection":[{"href":"https:\/\/www.cp-rup.com\/fr\/wp-json\/wp\/v2\/pages"}],"about":[{"href":"https:\/\/www.cp-rup.com\/fr\/wp-json\/wp\/v2\/types\/page"}],"author":[{"embeddable":true,"href":"https:\/\/www.cp-rup.com\/fr\/wp-json\/wp\/v2\/users\/37"}],"replies":[{"embeddable":true,"href":"https:\/\/www.cp-rup.com\/fr\/wp-json\/wp\/v2\/comments?post=5814"}],"version-history":[{"count":1,"href":"https:\/\/www.cp-rup.com\/fr\/wp-json\/wp\/v2\/pages\/5814\/revisions"}],"predecessor-version":[{"id":5815,"href":"https:\/\/www.cp-rup.com\/fr\/wp-json\/wp\/v2\/pages\/5814\/revisions\/5815"}],"up":[{"embeddable":true,"href":"https:\/\/www.cp-rup.com\/fr\/wp-json\/wp\/v2\/pages\/5775"}],"wp:featuredmedia":[{"embeddable":true,"href":"https:\/\/www.cp-rup.com\/fr\/wp-json\/wp\/v2\/media\/3572"}],"wp:attachment":[{"href":"https:\/\/www.cp-rup.com\/fr\/wp-json\/wp\/v2\/media?parent=5814"}],"curies":[{"name":"wp","href":"https:\/\/api.w.org\/{rel}","templated":true}]}}