{"id":5821,"date":"2021-03-19T17:13:06","date_gmt":"2021-03-19T17:13:06","guid":{"rendered":"https:\/\/cp-rup.com\/?page_id=5821"},"modified":"2021-03-19T17:13:06","modified_gmt":"2021-03-19T17:13:06","slug":"madere","status":"publish","type":"page","link":"https:\/\/www.cp-rup.com\/fr\/regions-ultraperipheriques\/madere\/","title":{"rendered":"Mad\u00e8re"},"content":{"rendered":"<h2 style=\"text-align: center;\">Mad\u00e8re, un \u00e9cran \u00e0 deux couleurs:<br \/>\nvert et bleu<\/h2>\n<p>Avec un milieu naturel tr\u00e8s vari\u00e9 et riche, mer et montagne, la R\u00e9gion Autonome de Mad\u00e8re est une R\u00e9gion Ultrap\u00e9riph\u00e9rique tr\u00e8s appr\u00e9ci\u00e9e pour sa grande biodiversit\u00e9. Dans la tranquillit\u00e9 de la nature, des exp\u00e9riences \u00e9blouissantes nous sont propos\u00e9es, soit faire des \u00ab\u00a0levadas\u00a0\u00bb -des randonn\u00e9es le long des canaux d&rsquo;irrigation qui pompent l&rsquo;eau de la montagne-, soit jouer au golf ou profiter d&rsquo;une relaxante promenade en bateau. Pour \u00e9veiller l&rsquo;adr\u00e9naline, les d\u00e9fis peuvent inclure le canyoning, le VTT, les balades en jeep ou m\u00eame le parapente. Outre le patrimoine naturel, en soulignant la laurisilva reconnue par l&rsquo;UNESCO comme patrimoine mondial, le patrimoine culturel est un pr\u00e9cieux t\u00e9moignage de l\u2019histoire et l&rsquo;h\u00e9ritage d\u2019une r\u00e9gion qui faisait partie des principales routes commerciales de l&rsquo;Europe. Il en existent des exemples tels que la diversit\u00e9 mus\u00e9ologique -gardienne de ces souvenirs- et des styles architecturaux bien marqu\u00e9s comme le gothique et manu\u00e9lin, particuli\u00e8rement visible dans la cath\u00e9drale de Funchal, ce qui renforce le caract\u00e8re turistique de cette ville.<\/p>\n<h2 style=\"text-align: center;\">\t<div class=\"rup_main_map__wrapper position-relative\">\n\t\t<div id=\"rup_main_map\" class=\"position-static\" style=\"background-image: url('https:\/\/www.cp-rup.com\/wp-content\/themes\/rup\/img\/MapaSVGCPRUP.svg');\">\n            <a href=\"https:\/\/www.cp-rup.com\/fr\/regions-ultraperipheriques\/acores\/\">\n\t\t\t\t<div class=\"map-marker--wrapper azores\" style=\"top: 35%; left: 39.7%;\">\n\t\t\t\t\t<div class=\"hover_title Azores\"> A\u00e7ores <\/div>\n\t\t\t\t\t<div class=\"map-marker  Azores\" title=\"A\u00e7ores\"><\/div>\n\t\t\t\t<\/div>\n\t\t\t<\/a>\n            <a href=\"https:\/\/www.cp-rup.com\/fr\/regions-ultraperipheriques\/madere\/\">\n\t\t\t\t<div class=\"map-marker--wrapper madeira\" style=\"top: 40%; left: 40.1%;\">\n\t\t\t\t\t<div class=\"hover_title Madeira\"> Madeira <\/div>\n\t\t\t\t\t<div class=\"map-marker map-marker--selected Madeira\" title=\"Madeira\"><\/div>\n\t\t\t\t<\/div>\n\t\t\t<\/a>\n            <a href=\"https:\/\/www.cp-rup.com\/fr\/regions-ultraperipheriques\/iles-canaries\/\">\n\t\t\t\t<div class=\"map-marker--wrapper canarias\" style=\"top: 44%; left: 40.5%;\">\n\t\t\t\t\t<div class=\"hover_title Canarias\"> Canarias <\/div>\n\t\t\t\t\t<div class=\"map-marker  Canarias\" title=\"Canarias\"><\/div>\n\t\t\t\t<\/div>\n\t\t\t<\/a>\n            <a href=\"https:\/\/www.cp-rup.com\/fr\/regions-ultraperipheriques\/saint-martin\/\">\n\t\t\t\t<div class=\"map-marker--wrapper saint-martin\" style=\"top: 46%; left: 30.7%;\">\n\t\t\t\t\t<div class=\"hover_title San_Martin\"> Saint-Martin <\/div>\n\t\t\t\t\t<div class=\"map-marker  San_Martin\" title=\"Saint-Martin\"><\/div>\n\t\t\t\t<\/div>\n\t\t\t<\/a>\n            <a href=\"https:\/\/www.cp-rup.com\/fr\/regions-ultraperipheriques\/guadeloupe\/\">\n\t\t\t\t<div class=\"map-marker--wrapper guadeloupe\" style=\"top: 48%; left: 31.7%;\">\n\t\t\t\t\t<div class=\"hover_title Guadalupe\"> Guadeloupe <\/div>\n\t\t\t\t\t<div class=\"map-marker  Guadalupe\" title=\"Guadeloupe\"><\/div>\n\t\t\t\t<\/div>\n\t\t\t<\/a>\n            <a href=\"https:\/\/www.cp-rup.com\/fr\/regions-ultraperipheriques\/martinique\/\">\n\t\t\t\t<div class=\"map-marker--wrapper martinica\" style=\"top: 51%; left: 31.7%;\">\n\t\t\t\t\t<div class=\"hover_title Martinica\" style=\"top: 5px !important;\"> Martinique <\/div>\n\t\t\t\t\t<div class=\"map-marker  Martinica\" title=\"Martinique\"><\/div>\n\t\t\t\t<\/div>\n\t\t\t<\/a>\n            <a href=\"https:\/\/www.cp-rup.com\/fr\/regions-ultraperipheriques\/guyane-francaise\/\">\n\t\t\t\t<div class=\"map-marker--wrapper guayana\" style=\"top: 55.2%; left: 32.2%;\">\n\t\t\t\t\t<div class=\"hover_title Guayana_Francesa\"> Guyane <\/div>\n\t\t\t\t\t<div class=\"map-marker  Guayana_Francesa\" title=\"Guyane\"><\/div>\n\t\t\t\t<\/div>\n\t\t\t<\/a>\n\t\t\t\t\n\t\t\t\n            <a href=\"https:\/\/www.cp-rup.com\/fr\/regions-ultraperipheriques\/mayotte\/\">\n\t\t\t\t<div class=\"map-marker--wrapper mayotte\" style=\"top: 67%; left: 52.7%;\">\n\t\t\t\t\t<div class=\"hover_title Mayotte\"> Mayotte <\/div>\n\t\t\t\t\t<div class=\"map-marker  Mayotte\" title=\"Mayotte\"><\/div>\n\t\t\t\t<\/div>\n\t\t\t<\/a>\n            <a href=\"https:\/\/www.cp-rup.com\/fr\/regions-ultraperipheriques\/reunion\/\">\n\t\t\t\t<div class=\"map-marker--wrapper reunion\" style=\"top: 72%; left: 55.2%;\">\n\t\t\t\t\t<div class=\"hover_title La_Reunion\"> R\u00e9union <\/div>\n\t\t\t\t\t<div class=\"map-marker  La_Reunion\" title=\"R\u00e9union\"><\/div>\n\t\t\t\t<\/div>\n\t\t\t<\/a>\n\t\t<\/div>\n\t<\/div>\n\n\t<style>\n\t.rup_main_map__wrapper:hover .hover_title {\n\t\topacity:1;\n\t}\n\t\n\t.hover_title {\n\t\tposition: absolute;\n\t\topacity:0;\n\t\ttransition: 0.15s opacity ease-in-out;\n\t\tbackground: rgba(255,255,255,0.75);\n\t\tborder-radius: 5px;\n\t\twidth: 60px;\n\t\tfont-size: 10px;\n\t}\n\n\t\t.hover_title:hover + .map-marker{\n\t\t\tanimation-name: animated-map-marker;\n\t\t\tanimation-duration: 0.5s;\n\t\t\tanimation-iteration-count: infinite;\n\t\t\tanimation-direction: alternate;\n\t\t}\n\t<\/style>\n\t<script>\n\tvar azores = jQuery('.map-marker[title=\"A\u00e7ores\"]');\n\tvar madeira = jQuery('.map-marker[title=\"Madeira\"]');\n\tvar canarias = jQuery('.map-marker[title=\"Canarias\"]');\n\tvar saint_martin = jQuery('.map-marker[title=\"Saint-Martin\"]');\n\tvar guadeloupe = jQuery('.map-marker[title=\"Guadeloupe\"]');\n\tvar martinique = jQuery('.map-marker[title=\"Martinique\"]');\n\tvar guyane = jQuery('.map-marker[title=\"Guyane\"]');\n\tvar mayotte = jQuery('.map-marker[title=\"Mayotte\"]');\n\tvar la_reunion  = jQuery('.map-marker[title=\"R\u00e9union\"]');\n\tvar rup = [ azores, madeira, canarias, mayotte, la_reunion, guyane, martinique, guadeloupe, saint_martin ];\n\tvar speed = 500;\n\tvar animation_from = {opacity: 0.25};\n\tvar animation_to = {opacity: 1};\n\tvar animation_easing = \"swing\";\n\t\n\tfunction animate(index){\n\t\trup[index].animate(animation_from, speed, animation_easing, function(){\n\t\t\trup[index].animate(animation_to, speed, animation_easing, function(){\n\t\t\t\tanimate((index+1) % rup.length);\n\t\t\t});\n\t\t});\n\t}\n\n\tanimate(0);\n\t\n\t<\/script>\n\t<\/h2>\n<h2 style=\"text-align: center;\">G\u00e9ographie<\/h2>\n<p>L&rsquo;archipel de Mad\u00e8re, dont la capitale est Funchal, est situ\u00e9 sur la plaque africaine, dans l&rsquo;oc\u00e9an Atlantique, entre 30\u00b0 et 33\u00b0 de latitude nord, presque \u00e0 la m\u00eame latitude que Casablanca; 978 km au sud-ouest de Lisbonne, \u00e0 environ 700 km \u00e0 l&rsquo;ouest de la c\u00f4te de l&rsquo;Afrique et \u00e0 450 km au nord des \u00eeles Canaries.<\/p>\n<p>Cet archipel est compos\u00e9 de l&rsquo;\u00eele de Mad\u00e8re, comptant une superficie de 741 km\u00b2; de l&rsquo;\u00eele de Porto Santo, avec 42,5 km\u00b2; des \u00eeles Desertas, avec un total de 14,2 km\u00b2 dans l&rsquo;ensemble des trois \u00eeles; et des \u00eeles Selvagens, dont l&rsquo;ensemble de trois \u00eeles et seize petits \u00eelots comptent une superficie de 3,6 km\u00b2. Seulement Mad\u00e8re et Porto Santo sont habit\u00e9s. La r\u00e9gion autonome de Mad\u00e8re compte \u00e9galement la mer environnante et ses fonds, en particulier les eaux territoriales et la zone \u00e9conomique exclusive. Sa situation g\u00e9ographique privil\u00e9gi\u00e9e et son terrain montagneux donne l&rsquo;\u00eele de Mad\u00e8re une enorme diversit\u00e9 climatique avec des temp\u00e9ratures moyennes tr\u00e8s douces comprises entre 25 \u00b0C en \u00e9t\u00e9 et 17 \u00b0C en hiver, li\u00e9es \u00e0 une humidit\u00e9 mod\u00e9r\u00e9e. En raison de l&rsquo;influence du courant chaud du golfe du Mexique, l&rsquo;eau de mer est \u00e9galement tr\u00e8s temp\u00e9r\u00e9e, avec des moyennes d&rsquo;\u00e9t\u00e9 de 22 \u00baC et de 18 \u00b0C en hiver. La R\u00e9gion Autonome de Mad\u00e8re compte environ 255 mille habitants et a une densit\u00e9 de population de 318 habitants \/ km\u00b2.<\/p>\n<h2 style=\"text-align: center;\">Syst\u00e8me politique<\/h2>\n<p>Mad\u00e8re est une r\u00e9gion autonome de la R\u00e9publique portugaise reconnue par la Constitution portugaise de 1976. Son autonomie politique, administrative, financi\u00e8re, \u00e9conomique et fiscale ne porte pas atteinte \u00e0 l&rsquo;int\u00e9grit\u00e9 de la souverainet\u00e9 de l&rsquo;\u00c9tat et est exerc\u00e9e dans le cadre de la Constitution et du Statut Politique et administrative approuv\u00e9e par la loi n\u00b0 13\/91 du 5 juin et r\u00e9vis\u00e9e par la loi n\u00b0 130\/99 du 21 ao\u00fbt. Cette r\u00e9gion ultrap\u00e9riph\u00e9rique portugaise a ses propres organes directeurs: l&rsquo;Assembl\u00e9e l\u00e9gislative et le gouvernement r\u00e9gional.<\/p>\n<h2 style=\"text-align: center;\">\u00c9conomie<\/h2>\n<p>L&rsquo;\u00e9conomie de Mad\u00e8re est bas\u00e9e sur le secteur des services (85% du PIB), le tourisme \u00e9tant le principal moteur et la principale source de revenus dans la r\u00e9gion par l&rsquo;effet multiplicateur dans les diff\u00e9rents secteurs et en particulier la contribution \u00e0 la cr\u00e9ation d&#8217;emplois. L&rsquo;industrie r\u00e9gionale est domin\u00e9e par les petites et moyennes entreprises. Des activit\u00e9s artisanales y coexistent (comme la c\u00e9l\u00e8bre broderie, les tapisseries et la vannerie) avec les industries agro-alimentaires, des boissons et du tabac. Le r\u00f4le jou\u00e9 par la zone de libre-\u00e9change de Mad\u00e8re dans la diversification et la modernisation de l&rsquo;\u00e9conomie r\u00e9gionale est tr\u00e8s remarquable. Dans le secteur primaire (2% du PIB) destaquent, dans l&rsquo;agriculture, la production de bananes, fleurs, fruits subtropicaux et raisins pour la production de vin, l&rsquo;un des plus embl\u00e9matiques des produits de la r\u00e9gion. La production agricole est entrav\u00e9e par ses caract\u00e9ristiques orographiques, en particulier par le fort d\u00e9clin du terrain, la petite taille de la zone agricole utile et la pr\u00e9dominance des petites propri\u00e9t\u00e9s. L&rsquo;activit\u00e9 de p\u00eache a une importance \u00e9conomique et sociale remarquable dans certaines communaut\u00e9s d\u00e9pendantes de la p\u00eache. Elle est pratiqu\u00e9e par une flotte de petite taille, la p\u00eache de l&rsquo;espadon noir et du thon \u00e9tant la plus significative. Compte tenu des contraintes g\u00e9ographiques, la R\u00e9gion a d\u00fb investir massivement dans l&rsquo;am\u00e9lioration de l&rsquo;accessibilit\u00e9 pour le d\u00e9veloppement \u00e9conomique, comme des infrastructures soutenant le r\u00e9seau routier \u2013 routes, viaducs, ponts et tunnels; l&rsquo;expansion de l&rsquo;a\u00e9roport de Mad\u00e8re; et le nouveau train maritime international du port de Funchal.<\/p>\n<h2><\/h2>\n<p>&nbsp;<\/p>\n<p>&nbsp;<\/p>\n<p>&nbsp;<\/p>\n\t\t<div class=\"col-12 mb-5\">\n\t\t\t<div class=\"row widget_picture_with_floating_text\">\n\t\t\t\t<div class=\"col-8 offset-4 widget_picture_with_floating_text__picture\" style=\"background-image: url('https:\/\/cp-rup.com\/wp-content\/uploads\/2018\/07\/Madeira-slider-2-1.jpg.');\"><\/div>\n\t\t\t\t<div class=\"col-6 widget_picture_with_floating_text__text widget_picture_with_floating_text__text--left\">\n\t\t\t\t\t<h3>Infrastructures<\/h3>\n\t\t\t\t\t<p> la R\u00e9gion a d\u00fb investir massivement dans l&rsquo;am\u00e9lioration de l&rsquo;accessibilit\u00e9 pour le d\u00e9veloppement \u00e9conomique. <\/p>\n\t\t\t\t<\/div>\n\t\t\t<\/div>\n\t\t<\/div>\n\n\n<p>&nbsp;<\/p>\n\t\t<div class=\"col-12 mb-5\">\n\t\t\t<div class=\"row widget_picture_with_floating_text\">\n\t\t\t\t<div class=\"col-8  widget_picture_with_floating_text__picture\" style=\"background-image: url('https:\/\/cp-rup.com\/wp-content\/uploads\/2018\/07\/Madeira-slider-3-1.jpg.');\"><\/div>\n\t\t\t\t<div class=\"col-6 widget_picture_with_floating_text__text widget_picture_with_floating_text__text--right\">\n\t\t\t\t\t<h3>Paradis Touristique<\/h3>\n\t\t\t\t\t<p>L&rsquo;\u00e9conomie de Mad\u00e8re est bas\u00e9e sur le secteur des services (85% du PIB), le tourisme \u00e9tant le principal moteur et la principale source de revenus dans la regi\u00f3n. <\/p>\n\t\t\t\t<\/div>\n\t\t\t<\/div>\n\t\t<\/div>\n\n\n\t\t<div class=\"col-12 mb-5\">\n\t\t\t<div class=\"row widget_picture_with_floating_text\">\n\t\t\t\t<div class=\"col-8 offset-4 widget_picture_with_floating_text__picture\" style=\"background-image: url('https:\/\/cp-rup.com\/wp-content\/uploads\/2018\/07\/Madeira-slider-6-1.jpg.');\"><\/div>\n\t\t\t\t<div class=\"col-6 widget_picture_with_floating_text__text widget_picture_with_floating_text__text--left\">\n\t\t\t\t\t<h3>Industrie<\/h3>\n\t\t\t\t\t<p> L&rsquo;industrie r\u00e9gionale est domin\u00e9e par les petites et moyennes entreprises. Des activit\u00e9s artisanales y coexistent (comme la c\u00e9l\u00e8bre broderie, les tapisseries et la vannerie) avec les industries agro-alimentaires, des boissons et du tabac. <\/p>\n\t\t\t\t<\/div>\n\t\t\t<\/div>\n\t\t<\/div>\n\n\n<hr \/>\n<h2><\/h2>\n<h2>Mad\u00e8re en photos<\/h2>\n<div id=\"metaslider-id-1888\" style=\"max-width: 1200px;\" class=\"ml-slider-3-20-3 metaslider metaslider-flex metaslider-1888 ml-slider\">\n    <div id=\"metaslider_container_1888\">\n        <div id=\"metaslider_1888\">\n            <ul aria-live=\"polite\" class=\"slides\">\n                <li style=\"display: block; width: 100%;\" class=\"slide-2336 ms-image\"><img loading=\"lazy\" decoding=\"async\" src=\"https:\/\/www.cp-rup.com\/wp-content\/uploads\/2018\/07\/Madeira-slider-5-1200x400.jpg\" height=\"400\" width=\"1200\" alt=\"\" class=\"slider-1888 slide-2336\" \/><\/li>\n                <li style=\"display: none; width: 100%;\" class=\"slide-2337 ms-image\"><img loading=\"lazy\" decoding=\"async\" src=\"https:\/\/www.cp-rup.com\/wp-content\/uploads\/2018\/07\/Madeira-slider-1-1-1200x400.jpg\" height=\"400\" width=\"1200\" alt=\"\" class=\"slider-1888 slide-2337\" \/><\/li>\n                <li style=\"display: none; width: 100%;\" class=\"slide-2340 ms-image\"><img loading=\"lazy\" decoding=\"async\" src=\"https:\/\/www.cp-rup.com\/wp-content\/uploads\/2018\/07\/Madeira-slider-4-1-871x290.jpg\" height=\"400\" width=\"1200\" alt=\"\" class=\"slider-1888 slide-2340\" \/><\/li>\n                <li style=\"display: none; width: 100%;\" class=\"slide-2556 ms-image\"><img loading=\"lazy\" decoding=\"async\" src=\"https:\/\/www.cp-rup.com\/wp-content\/uploads\/2018\/08\/Madeira-slider-3-1200x400.jpg\" height=\"400\" width=\"1200\" alt=\"\" class=\"slider-1888 slide-2556\" \/><\/li>\n                <li style=\"display: none; width: 100%;\" class=\"slide-2782 ms-image\"><img loading=\"lazy\" decoding=\"async\" src=\"https:\/\/www.cp-rup.com\/wp-content\/uploads\/2018\/09\/MAD-Foto-tejido-productivo-1-e1536667459100-1200x400.jpg\" height=\"400\" width=\"1200\" alt=\"\" class=\"slider-1888 slide-2782\" \/><\/li>\n                <li style=\"display: none; width: 100%;\" class=\"slide-2783 ms-image\"><img loading=\"lazy\" decoding=\"async\" src=\"https:\/\/www.cp-rup.com\/wp-content\/uploads\/2018\/09\/MAD-Foto-cabecera-1-1200x400.jpg\" height=\"400\" width=\"1200\" alt=\"\" class=\"slider-1888 slide-2783\" \/><\/li>\n                <li style=\"display: none; width: 100%;\" class=\"slide-2796 ms-image\"><img loading=\"lazy\" decoding=\"async\" src=\"https:\/\/www.cp-rup.com\/wp-content\/uploads\/2018\/09\/MAD-Foto-tejido-productivo-2-1200x400.jpg\" height=\"400\" width=\"1200\" alt=\"\" class=\"slider-1888 slide-2796\" \/><\/li>\n            <\/ul>\n        <\/div>\n        \n    <\/div>\n<\/div>\n<p>&nbsp;<\/p>\n","protected":false},"excerpt":{"rendered":"<p>Mad\u00e8re, un \u00e9cran \u00e0 deux couleurs: vert et bleu Avec un milieu naturel tr\u00e8s vari\u00e9 et riche, mer et montagne, la R\u00e9gion Autonome de Mad\u00e8re est une R\u00e9gion Ultrap\u00e9riph\u00e9rique tr\u00e8s appr\u00e9ci\u00e9e pour sa grande biodiversit\u00e9. Dans la tranquillit\u00e9 de la nature, des exp\u00e9riences \u00e9blouissantes nous sont propos\u00e9es, soit faire des \u00ab\u00a0levadas\u00a0\u00bb -des randonn\u00e9es le long [&hellip;]<\/p>\n","protected":false},"author":37,"featured_media":2334,"parent":5775,"menu_order":0,"comment_status":"closed","ping_status":"closed","template":"page-region-detail.php","meta":{"_acf_changed":false,"footnotes":"","_links_to":"","_links_to_target":""},"class_list":["post-5821","page","type-page","status-publish","has-post-thumbnail","hentry"],"acf":[],"_links":{"self":[{"href":"https:\/\/www.cp-rup.com\/fr\/wp-json\/wp\/v2\/pages\/5821","targetHints":{"allow":["GET"]}}],"collection":[{"href":"https:\/\/www.cp-rup.com\/fr\/wp-json\/wp\/v2\/pages"}],"about":[{"href":"https:\/\/www.cp-rup.com\/fr\/wp-json\/wp\/v2\/types\/page"}],"author":[{"embeddable":true,"href":"https:\/\/www.cp-rup.com\/fr\/wp-json\/wp\/v2\/users\/37"}],"replies":[{"embeddable":true,"href":"https:\/\/www.cp-rup.com\/fr\/wp-json\/wp\/v2\/comments?post=5821"}],"version-history":[{"count":1,"href":"https:\/\/www.cp-rup.com\/fr\/wp-json\/wp\/v2\/pages\/5821\/revisions"}],"predecessor-version":[{"id":5822,"href":"https:\/\/www.cp-rup.com\/fr\/wp-json\/wp\/v2\/pages\/5821\/revisions\/5822"}],"up":[{"embeddable":true,"href":"https:\/\/www.cp-rup.com\/fr\/wp-json\/wp\/v2\/pages\/5775"}],"wp:featuredmedia":[{"embeddable":true,"href":"https:\/\/www.cp-rup.com\/fr\/wp-json\/wp\/v2\/media\/2334"}],"wp:attachment":[{"href":"https:\/\/www.cp-rup.com\/fr\/wp-json\/wp\/v2\/media?parent=5821"}],"curies":[{"name":"wp","href":"https:\/\/api.w.org\/{rel}","templated":true}]}}