{"id":5843,"date":"2021-03-19T17:26:09","date_gmt":"2021-03-19T17:26:09","guid":{"rendered":"https:\/\/cp-rup.com\/?page_id=5843"},"modified":"2025-06-25T15:09:39","modified_gmt":"2025-06-25T15:09:39","slug":"mayotte","status":"publish","type":"page","link":"https:\/\/www.cp-rup.com\/fr\/regions-ultraperipheriques\/mayotte\/","title":{"rendered":"Mayotte"},"content":{"rendered":"<p><strong>Localisation g\u00e9ographique<\/strong><\/p>\n<p>Mayotte est une \u00eele d\u2019origine volcanique qui s\u2019\u00e9l\u00e8ve des profondeurs des oc\u00e9ans \u00e0 plus de 3 000 m.<img loading=\"lazy\" decoding=\"async\" class=\" wp-image-4931 alignright\" src=\"https:\/\/cp-rup.com\/wp-content\/uploads\/2020\/01\/vueareriennegenerale.jpg\" alt=\"\" width=\"462\" height=\"231\" srcset=\"https:\/\/www.cp-rup.com\/wp-content\/uploads\/2020\/01\/vueareriennegenerale.jpg 800w, https:\/\/www.cp-rup.com\/wp-content\/uploads\/2020\/01\/vueareriennegenerale-300x150.jpg 300w, https:\/\/www.cp-rup.com\/wp-content\/uploads\/2020\/01\/vueareriennegenerale-768x384.jpg 768w\" sizes=\"auto, (max-width: 462px) 100vw, 462px\" \/> Son existence remonte \u00e0 il y a environ huit millions d\u2019ann\u00e9es. Situ\u00e9e dans l\u2019h\u00e9misph\u00e8re sud entre l\u2019Equateur et le tropique du Capricorne, elle est la plus ancienne des \u00ab Djazair Al Kamar \u00bb ou les \u00ab \u00eeles de la lune \u00bb (selon l\u2019appellation donn\u00e9e par les g\u00e9ographes arabes). Mayotte compte \u00e0 ce jour 270 372 habitants recens\u00e9s.<\/p>\n<p>L\u2019\u00eele de Mayotte se trouve tout au sud, dans la partie Ouest de l\u2019Oc\u00e9an Indien entre la c\u00f4te Est africaine et le nord-Ouest de Madagascar, \u00e0 l\u2019entr\u00e9e nord du canal de Mozambique au niveau du 45\u00e8me M\u00e9ridien Est et entre les 12\u00e8me et 13\u00e8me Parall\u00e8les sud.<\/p>\n<p><img loading=\"lazy\" decoding=\"async\" class=\" wp-image-4930 aligncenter\" src=\"https:\/\/cp-rup.com\/wp-content\/uploads\/2020\/01\/sport-1024x683.jpg\" alt=\"\" width=\"441\" height=\"294\" srcset=\"https:\/\/www.cp-rup.com\/wp-content\/uploads\/2020\/01\/sport-1024x683.jpg 1024w, https:\/\/www.cp-rup.com\/wp-content\/uploads\/2020\/01\/sport-300x200.jpg 300w, https:\/\/www.cp-rup.com\/wp-content\/uploads\/2020\/01\/sport-768x512.jpg 768w\" sizes=\"auto, (max-width: 441px) 100vw, 441px\" \/><\/p>\n<div class=\"col-12 mb-5\">\n<div class=\"row\">\n<div class=\"col-12 col-sm-12 col-md-12\">\n                    \t<div class=\"rup_main_map__wrapper position-relative\">\n\t\t<div id=\"rup_main_map\" class=\"position-static\" style=\"background-image: url('https:\/\/www.cp-rup.com\/wp-content\/themes\/rup\/img\/MapaSVGCPRUP.svg');\">\n            <a href=\"https:\/\/www.cp-rup.com\/fr\/regions-ultraperipheriques\/acores\/\">\n\t\t\t\t<div class=\"map-marker--wrapper azores\" style=\"top: 35%; left: 39.7%;\">\n\t\t\t\t\t<div class=\"hover_title Azores\"> A\u00e7ores <\/div>\n\t\t\t\t\t<div class=\"map-marker  Azores\" title=\"A\u00e7ores\"><\/div>\n\t\t\t\t<\/div>\n\t\t\t<\/a>\n            <a href=\"https:\/\/www.cp-rup.com\/fr\/regions-ultraperipheriques\/madere\/\">\n\t\t\t\t<div class=\"map-marker--wrapper madeira\" style=\"top: 40%; left: 40.1%;\">\n\t\t\t\t\t<div class=\"hover_title Madeira\"> Madeira <\/div>\n\t\t\t\t\t<div class=\"map-marker  Madeira\" title=\"Madeira\"><\/div>\n\t\t\t\t<\/div>\n\t\t\t<\/a>\n            <a href=\"https:\/\/www.cp-rup.com\/fr\/regions-ultraperipheriques\/iles-canaries\/\">\n\t\t\t\t<div class=\"map-marker--wrapper canarias\" style=\"top: 44%; left: 40.5%;\">\n\t\t\t\t\t<div class=\"hover_title Canarias\"> Canarias <\/div>\n\t\t\t\t\t<div class=\"map-marker  Canarias\" title=\"Canarias\"><\/div>\n\t\t\t\t<\/div>\n\t\t\t<\/a>\n            <a href=\"https:\/\/www.cp-rup.com\/fr\/regions-ultraperipheriques\/saint-martin\/\">\n\t\t\t\t<div class=\"map-marker--wrapper saint-martin\" style=\"top: 46%; left: 30.7%;\">\n\t\t\t\t\t<div class=\"hover_title San_Martin\"> Saint-Martin <\/div>\n\t\t\t\t\t<div class=\"map-marker  San_Martin\" title=\"Saint-Martin\"><\/div>\n\t\t\t\t<\/div>\n\t\t\t<\/a>\n            <a href=\"https:\/\/www.cp-rup.com\/fr\/regions-ultraperipheriques\/guadeloupe\/\">\n\t\t\t\t<div class=\"map-marker--wrapper guadeloupe\" style=\"top: 48%; left: 31.7%;\">\n\t\t\t\t\t<div class=\"hover_title Guadalupe\"> Guadeloupe <\/div>\n\t\t\t\t\t<div class=\"map-marker  Guadalupe\" title=\"Guadeloupe\"><\/div>\n\t\t\t\t<\/div>\n\t\t\t<\/a>\n            <a href=\"https:\/\/www.cp-rup.com\/fr\/regions-ultraperipheriques\/martinique\/\">\n\t\t\t\t<div class=\"map-marker--wrapper martinica\" style=\"top: 51%; left: 31.7%;\">\n\t\t\t\t\t<div class=\"hover_title Martinica\" style=\"top: 5px !important;\"> Martinique <\/div>\n\t\t\t\t\t<div class=\"map-marker  Martinica\" title=\"Martinique\"><\/div>\n\t\t\t\t<\/div>\n\t\t\t<\/a>\n            <a href=\"https:\/\/www.cp-rup.com\/fr\/regions-ultraperipheriques\/guyane-francaise\/\">\n\t\t\t\t<div class=\"map-marker--wrapper guayana\" style=\"top: 55.2%; left: 32.2%;\">\n\t\t\t\t\t<div class=\"hover_title Guayana_Francesa\"> Guyane <\/div>\n\t\t\t\t\t<div class=\"map-marker  Guayana_Francesa\" title=\"Guyane\"><\/div>\n\t\t\t\t<\/div>\n\t\t\t<\/a>\n\t\t\t\t\n\t\t\t\n            <a href=\"https:\/\/www.cp-rup.com\/fr\/regions-ultraperipheriques\/mayotte\/\">\n\t\t\t\t<div class=\"map-marker--wrapper mayotte\" style=\"top: 67%; left: 52.7%;\">\n\t\t\t\t\t<div class=\"hover_title Mayotte\"> Mayotte <\/div>\n\t\t\t\t\t<div class=\"map-marker map-marker--selected Mayotte\" title=\"Mayotte\"><\/div>\n\t\t\t\t<\/div>\n\t\t\t<\/a>\n            <a href=\"https:\/\/www.cp-rup.com\/fr\/regions-ultraperipheriques\/reunion\/\">\n\t\t\t\t<div class=\"map-marker--wrapper reunion\" style=\"top: 72%; left: 55.2%;\">\n\t\t\t\t\t<div class=\"hover_title La_Reunion\"> R\u00e9union <\/div>\n\t\t\t\t\t<div class=\"map-marker  La_Reunion\" title=\"R\u00e9union\"><\/div>\n\t\t\t\t<\/div>\n\t\t\t<\/a>\n\t\t<\/div>\n\t<\/div>\n\n\t<style>\n\t.rup_main_map__wrapper:hover .hover_title {\n\t\topacity:1;\n\t}\n\t\n\t.hover_title {\n\t\tposition: absolute;\n\t\topacity:0;\n\t\ttransition: 0.15s opacity ease-in-out;\n\t\tbackground: rgba(255,255,255,0.75);\n\t\tborder-radius: 5px;\n\t\twidth: 60px;\n\t\tfont-size: 10px;\n\t}\n\n\t\t.hover_title:hover + .map-marker{\n\t\t\tanimation-name: animated-map-marker;\n\t\t\tanimation-duration: 0.5s;\n\t\t\tanimation-iteration-count: infinite;\n\t\t\tanimation-direction: alternate;\n\t\t}\n\t<\/style>\n\t<script>\n\tvar azores = jQuery('.map-marker[title=\"A\u00e7ores\"]');\n\tvar madeira = jQuery('.map-marker[title=\"Madeira\"]');\n\tvar canarias = jQuery('.map-marker[title=\"Canarias\"]');\n\tvar saint_martin = jQuery('.map-marker[title=\"Saint-Martin\"]');\n\tvar guadeloupe = jQuery('.map-marker[title=\"Guadeloupe\"]');\n\tvar martinique = jQuery('.map-marker[title=\"Martinique\"]');\n\tvar guyane = jQuery('.map-marker[title=\"Guyane\"]');\n\tvar mayotte = jQuery('.map-marker[title=\"Mayotte\"]');\n\tvar la_reunion  = jQuery('.map-marker[title=\"R\u00e9union\"]');\n\tvar rup = [ azores, madeira, canarias, mayotte, la_reunion, guyane, martinique, guadeloupe, saint_martin ];\n\tvar speed = 500;\n\tvar animation_from = {opacity: 0.25};\n\tvar animation_to = {opacity: 1};\n\tvar animation_easing = \"swing\";\n\t\n\tfunction animate(index){\n\t\trup[index].animate(animation_from, speed, animation_easing, function(){\n\t\t\trup[index].animate(animation_to, speed, animation_easing, function(){\n\t\t\t\tanimate((index+1) % rup.length);\n\t\t\t});\n\t\t});\n\t}\n\n\tanimate(0);\n\t\n\t<\/script>\n\t\n                <\/div>\n<\/p><\/div>\n<\/p><\/div>\n<p><strong>Un territoire fran\u00e7ais<\/strong><\/p>\n<p>Territoire fran\u00e7ais depuis le 25 avril 1841 (date de la signature du trait\u00e9 de cession de Mayotte \u00e0 la France entre le Capitaine Passot et le dernier Sultan de l\u2019\u00eele Andriantsouli); l\u2019\u00eele hippocampe se situe \u00e0 10 000 km de la m\u00e9tropole, \u00e0 1500 km de l\u2019\u00eele de La R\u00e9union, \u00e0 400 km de la c\u00f4te Est africaine et \u00e0 300 km de la c\u00f4te Ouest de Madagascar. Sa superficie est de 375 km2. L\u2019\u00eele au lagon est elle-m\u00eame un archipel d\u2019une trentaine de petits \u00eelots dont les principaux et habit\u00e9s, la \u00ab Grande Terre et la Petite Terre \u00bb sont s\u00e9par\u00e9s par un grand bras de mer d\u2019environ 2,8 km. La liaison est assur\u00e9e par un navire maritime du d\u00e9partement, environ toutes les demi-heures et tous les jours jusqu\u2019\u00e0 minuit. Notons que l\u2019\u00eele a \u00e9t\u00e9 frapp\u00e9e par un essaim de s\u00e9isme en mai 2018, un ph\u00e9nom\u00e8ne naturel qui dura plus d\u2019un an et marque la naissance d\u2019un volcan sous-marin \u00e0 plus de 50 km de Pamandzi (selon les informations de la mission scientifique en mai 2019).<\/p>\n<p><img loading=\"lazy\" decoding=\"async\" class=\" wp-image-4926 aligncenter\" src=\"https:\/\/cp-rup.com\/wp-content\/uploads\/2020\/01\/baobab.jpg\" alt=\"\" width=\"436\" height=\"656\" srcset=\"https:\/\/www.cp-rup.com\/wp-content\/uploads\/2020\/01\/baobab.jpg 531w, https:\/\/www.cp-rup.com\/wp-content\/uploads\/2020\/01\/baobab-199x300.jpg 199w\" sizes=\"auto, (max-width: 436px) 100vw, 436px\" \/><\/p>\n<p><strong>Un concentr\u00e9 d\u2019atouts <\/strong><\/p>\n<p>Le 101\u00e8me d\u00e9partement, est sans aucun doute le territoire de France qui b\u00e9n\u00e9ficiera d\u2019une croissance \u00e0 deux chiffres sur la prochaine d\u00e9cennie. Le premier d\u00e9fi de l\u2019\u00eele est bien entendu celui de sa population, qui atteindra la barre des 400 000 habitants \u00e0 l\u2019horizon 2030, de son bien-\u00eatre et de son d\u00e9veloppement. Un challenge \u00a0relev\u00e9 gr\u00e2ce \u00e0 un d\u00e9veloppement \u00e9conomique soutenu, l\u2019investissement et la formation avec pour corollaire la cr\u00e9ation d\u2019emplois. L\u2019\u00eele Mayotte poss\u00e8de \u00e9galement un fort potentiel en mati\u00e8re culturelle et patrimoniale. Pourtant, la richesse de ce territoire semble encore bien sous-estim\u00e9e. Sa\u00a0 mise en exergue par le D\u00e9partement s\u2019est pos\u00e9e comme un v\u00e9ritable devoir, bien au-del\u00e0 de la mission institutionnelle. \u00a0Mayotte est un territoire sportif. L\u2019accueil des Jeux des Iles de l\u2019Oc\u00e9an indien en 2027 devrait constituer un puissant levier en termes d\u2019am\u00e9nagement. Le D\u00e9partement de Mayotte s\u2019est aussi attach\u00e9 \u00e0 faire face aux diff\u00e9rents enjeux li\u00e9s \u00e0 l\u2019environnement : g\u00e9rer de mani\u00e8re coh\u00e9rente les ressources en eau et assainissement ; g\u00e9rer les d\u00e9chets du territoire ;\u00a0 prot\u00e9ger le patrimoine naturel ou promouvoir le d\u00e9veloppement d\u2019\u00e9nergie renouvelable, la lutte contre le r\u00e9chauffement climatique et la pollution de l\u2019air.\u00a0 Des politiques publiques fortes \u00e0 l\u2019heure du changement climatique annonc\u00e9.\u00a0 Confront\u00e9e \u00e0 une grande pauvret\u00e9, Mayotte est \u00e0 l\u2019offensive et affirme fi\u00e8rement sa volont\u00e9 d\u2019incarner un territoire d\u2019avenir.<\/p>\n<p>&nbsp;<\/p>\n<p><img loading=\"lazy\" decoding=\"async\" class=\"alignnone wp-image-4932\" src=\"https:\/\/cp-rup.com\/wp-content\/uploads\/2020\/01\/vueg\u00e9n\u00e9ralepetiteterre-1024x682.jpg\" alt=\"\" width=\"551\" height=\"367\" srcset=\"https:\/\/www.cp-rup.com\/wp-content\/uploads\/2020\/01\/vueg\u00e9n\u00e9ralepetiteterre-1024x682.jpg 1024w, https:\/\/www.cp-rup.com\/wp-content\/uploads\/2020\/01\/vueg\u00e9n\u00e9ralepetiteterre-300x200.jpg 300w, https:\/\/www.cp-rup.com\/wp-content\/uploads\/2020\/01\/vueg\u00e9n\u00e9ralepetiteterre-768x512.jpg 768w, https:\/\/www.cp-rup.com\/wp-content\/uploads\/2020\/01\/vueg\u00e9n\u00e9ralepetiteterre.jpg 2000w\" sizes=\"auto, (max-width: 551px) 100vw, 551px\" \/><\/p>\n<p>&nbsp;<\/p>\n<div id=\"metaslider-id-3880\" style=\"max-width: 1200px;\" class=\"ml-slider-3-20-3 metaslider metaslider-flex metaslider-3880 ml-slider\">\n    <div id=\"metaslider_container_3880\">\n        <div id=\"metaslider_3880\">\n            <ul aria-live=\"polite\" class=\"slides\">\n                <li style=\"display: block; width: 100%;\" class=\"slide-5426 ms-image\"><img loading=\"lazy\" decoding=\"async\" src=\"https:\/\/www.cp-rup.com\/wp-content\/uploads\/2020\/07\/109915337_1684830265014718_5731765665403614709_n-960x320.jpg\" height=\"400\" width=\"1200\" alt=\"\" class=\"slider-3880 slide-5426\" \/><\/li>\n                <li style=\"display: none; width: 100%;\" class=\"slide-5535 ms-image\"><img loading=\"lazy\" decoding=\"async\" src=\"https:\/\/www.cp-rup.com\/wp-content\/uploads\/2020\/11\/IMG-20200207-WA0017-1200x400.jpg\" height=\"400\" width=\"1200\" alt=\"\" class=\"slider-3880 slide-5535\" \/><\/li>\n                <li style=\"display: none; width: 100%;\" class=\"slide-5531 ms-image\"><img loading=\"lazy\" decoding=\"async\" src=\"https:\/\/www.cp-rup.com\/wp-content\/uploads\/2020\/11\/IMG-20201016-WA0035-1200x400.jpg\" height=\"400\" width=\"1200\" alt=\"\" class=\"slider-3880 slide-5531\" \/><\/li>\n                <li style=\"display: none; width: 100%;\" class=\"slide-5533 ms-image\"><img loading=\"lazy\" decoding=\"async\" src=\"https:\/\/www.cp-rup.com\/wp-content\/uploads\/2020\/11\/IMG-20200208-WA0005-1200x400.jpg\" height=\"400\" width=\"1200\" alt=\"\" class=\"slider-3880 slide-5533\" \/><\/li>\n                <li style=\"display: none; width: 100%;\" class=\"slide-4073 ms-image\"><img loading=\"lazy\" decoding=\"async\" src=\"https:\/\/www.cp-rup.com\/wp-content\/uploads\/2018\/11\/Gwen-Le-Bigot-il\u00f4t-Dzaoudzi-1200x400.jpg\" height=\"400\" width=\"1200\" alt=\"\" class=\"slider-3880 slide-4073\" \/><\/li>\n            <\/ul>\n        <\/div>\n        \n    <\/div>\n<\/div>\n","protected":false},"excerpt":{"rendered":"<p>Localisation g\u00e9ographique Mayotte est une \u00eele d\u2019origine volcanique qui s\u2019\u00e9l\u00e8ve des profondeurs des oc\u00e9ans \u00e0 plus de 3 000 m. Son existence remonte \u00e0 il y a environ huit millions d\u2019ann\u00e9es. Situ\u00e9e dans l\u2019h\u00e9misph\u00e8re sud entre l\u2019Equateur et le tropique du Capricorne, elle est la plus ancienne des \u00ab Djazair Al Kamar \u00bb ou les [&hellip;]<\/p>\n","protected":false},"author":37,"featured_media":4069,"parent":5775,"menu_order":0,"comment_status":"closed","ping_status":"closed","template":"page-region-detail.php","meta":{"_acf_changed":false,"footnotes":"","_links_to":"","_links_to_target":""},"class_list":["post-5843","page","type-page","status-publish","has-post-thumbnail","hentry"],"acf":[],"_links":{"self":[{"href":"https:\/\/www.cp-rup.com\/fr\/wp-json\/wp\/v2\/pages\/5843","targetHints":{"allow":["GET"]}}],"collection":[{"href":"https:\/\/www.cp-rup.com\/fr\/wp-json\/wp\/v2\/pages"}],"about":[{"href":"https:\/\/www.cp-rup.com\/fr\/wp-json\/wp\/v2\/types\/page"}],"author":[{"embeddable":true,"href":"https:\/\/www.cp-rup.com\/fr\/wp-json\/wp\/v2\/users\/37"}],"replies":[{"embeddable":true,"href":"https:\/\/www.cp-rup.com\/fr\/wp-json\/wp\/v2\/comments?post=5843"}],"version-history":[{"count":3,"href":"https:\/\/www.cp-rup.com\/fr\/wp-json\/wp\/v2\/pages\/5843\/revisions"}],"predecessor-version":[{"id":9873,"href":"https:\/\/www.cp-rup.com\/fr\/wp-json\/wp\/v2\/pages\/5843\/revisions\/9873"}],"up":[{"embeddable":true,"href":"https:\/\/www.cp-rup.com\/fr\/wp-json\/wp\/v2\/pages\/5775"}],"wp:featuredmedia":[{"embeddable":true,"href":"https:\/\/www.cp-rup.com\/fr\/wp-json\/wp\/v2\/media\/4069"}],"wp:attachment":[{"href":"https:\/\/www.cp-rup.com\/fr\/wp-json\/wp\/v2\/media?parent=5843"}],"curies":[{"name":"wp","href":"https:\/\/api.w.org\/{rel}","templated":true}]}}