{"id":5858,"date":"2021-03-19T17:36:14","date_gmt":"2021-03-19T17:36:14","guid":{"rendered":"https:\/\/cp-rup.com\/?page_id=5858"},"modified":"2021-03-19T17:36:14","modified_gmt":"2021-03-19T17:36:14","slug":"saint-martin","status":"publish","type":"page","link":"https:\/\/www.cp-rup.com\/fr\/regions-ultraperipheriques\/saint-martin\/","title":{"rendered":"Saint-Martin"},"content":{"rendered":"<h2>Saint-Martin, <span id=\"result_box\" class=\"short_text\" lang=\"fr\">un environnement multiculturel<\/span><\/h2>\n<p>Saint-Martin est une \u00eele binationale de 87 km\u00b2 situ\u00e9e dans la partie nord de l\u2019arc antillais, entour\u00e9e par l&rsquo;oc\u00e9an Atlantique et la mer des Cara\u00efbes. Depuis le Trait\u00e9 de Concordia de 1648, l\u2019\u00eele est partag\u00e9e entre partie fran\u00e7aise au nord (56 km\u00b2) et partie n\u00e9erlandaise au sud (31 km\u00b2) par une fronti\u00e8re ouverte et symbolique. Deux \u00eelots non habit\u00e9s lui sont rattach\u00e9\u00a0: l\u2019\u00eele de Tintamarre d\u2019une superficie de 1.2 km2 et situ\u00e9 \u00e0 3km au nord-est et l\u2019\u00eelet Pinel petit de 0,0115 km2 et situ\u00e9 \u00e0 170 m \u00e0 l&rsquo;Est.<\/p>\n<p>Le chef-lieu de la partie fran\u00e7aise est Marigot, situ\u00e9 sur la c\u00f4te ouest du territoire.<\/p>\n<p>&nbsp;<\/p>\n\t<div class=\"rup_main_map__wrapper position-relative\">\n\t\t<div id=\"rup_main_map\" class=\"position-static\" style=\"background-image: url('https:\/\/www.cp-rup.com\/wp-content\/themes\/rup\/img\/MapaSVGCPRUP.svg');\">\n            <a href=\"https:\/\/www.cp-rup.com\/fr\/regions-ultraperipheriques\/acores\/\">\n\t\t\t\t<div class=\"map-marker--wrapper azores\" style=\"top: 35%; left: 39.7%;\">\n\t\t\t\t\t<div class=\"hover_title Azores\"> A\u00e7ores <\/div>\n\t\t\t\t\t<div class=\"map-marker  Azores\" title=\"A\u00e7ores\"><\/div>\n\t\t\t\t<\/div>\n\t\t\t<\/a>\n            <a href=\"https:\/\/www.cp-rup.com\/fr\/regions-ultraperipheriques\/madere\/\">\n\t\t\t\t<div class=\"map-marker--wrapper madeira\" style=\"top: 40%; left: 40.1%;\">\n\t\t\t\t\t<div class=\"hover_title Madeira\"> Madeira <\/div>\n\t\t\t\t\t<div class=\"map-marker  Madeira\" title=\"Madeira\"><\/div>\n\t\t\t\t<\/div>\n\t\t\t<\/a>\n            <a href=\"https:\/\/www.cp-rup.com\/fr\/regions-ultraperipheriques\/iles-canaries\/\">\n\t\t\t\t<div class=\"map-marker--wrapper canarias\" style=\"top: 44%; left: 40.5%;\">\n\t\t\t\t\t<div class=\"hover_title Canarias\"> Canarias <\/div>\n\t\t\t\t\t<div class=\"map-marker  Canarias\" title=\"Canarias\"><\/div>\n\t\t\t\t<\/div>\n\t\t\t<\/a>\n            <a href=\"https:\/\/www.cp-rup.com\/fr\/regions-ultraperipheriques\/saint-martin\/\">\n\t\t\t\t<div class=\"map-marker--wrapper saint-martin\" style=\"top: 46%; left: 30.7%;\">\n\t\t\t\t\t<div class=\"hover_title San_Martin\"> Saint-Martin <\/div>\n\t\t\t\t\t<div class=\"map-marker map-marker--selected San_Martin\" title=\"Saint-Martin\"><\/div>\n\t\t\t\t<\/div>\n\t\t\t<\/a>\n            <a href=\"https:\/\/www.cp-rup.com\/fr\/regions-ultraperipheriques\/guadeloupe\/\">\n\t\t\t\t<div class=\"map-marker--wrapper guadeloupe\" style=\"top: 48%; left: 31.7%;\">\n\t\t\t\t\t<div class=\"hover_title Guadalupe\"> Guadeloupe <\/div>\n\t\t\t\t\t<div class=\"map-marker  Guadalupe\" title=\"Guadeloupe\"><\/div>\n\t\t\t\t<\/div>\n\t\t\t<\/a>\n            <a href=\"https:\/\/www.cp-rup.com\/fr\/regions-ultraperipheriques\/martinique\/\">\n\t\t\t\t<div class=\"map-marker--wrapper martinica\" style=\"top: 51%; left: 31.7%;\">\n\t\t\t\t\t<div class=\"hover_title Martinica\" style=\"top: 5px !important;\"> Martinique <\/div>\n\t\t\t\t\t<div class=\"map-marker  Martinica\" title=\"Martinique\"><\/div>\n\t\t\t\t<\/div>\n\t\t\t<\/a>\n            <a href=\"https:\/\/www.cp-rup.com\/fr\/regions-ultraperipheriques\/guyane-francaise\/\">\n\t\t\t\t<div class=\"map-marker--wrapper guayana\" style=\"top: 55.2%; left: 32.2%;\">\n\t\t\t\t\t<div class=\"hover_title Guayana_Francesa\"> Guyane <\/div>\n\t\t\t\t\t<div class=\"map-marker  Guayana_Francesa\" title=\"Guyane\"><\/div>\n\t\t\t\t<\/div>\n\t\t\t<\/a>\n\t\t\t\t\n\t\t\t\n            <a href=\"https:\/\/www.cp-rup.com\/fr\/regions-ultraperipheriques\/mayotte\/\">\n\t\t\t\t<div class=\"map-marker--wrapper mayotte\" style=\"top: 67%; left: 52.7%;\">\n\t\t\t\t\t<div class=\"hover_title Mayotte\"> Mayotte <\/div>\n\t\t\t\t\t<div class=\"map-marker  Mayotte\" title=\"Mayotte\"><\/div>\n\t\t\t\t<\/div>\n\t\t\t<\/a>\n            <a href=\"https:\/\/www.cp-rup.com\/fr\/regions-ultraperipheriques\/reunion\/\">\n\t\t\t\t<div class=\"map-marker--wrapper reunion\" style=\"top: 72%; left: 55.2%;\">\n\t\t\t\t\t<div class=\"hover_title La_Reunion\"> R\u00e9union <\/div>\n\t\t\t\t\t<div class=\"map-marker  La_Reunion\" title=\"R\u00e9union\"><\/div>\n\t\t\t\t<\/div>\n\t\t\t<\/a>\n\t\t<\/div>\n\t<\/div>\n\n\t<style>\n\t.rup_main_map__wrapper:hover .hover_title {\n\t\topacity:1;\n\t}\n\t\n\t.hover_title {\n\t\tposition: absolute;\n\t\topacity:0;\n\t\ttransition: 0.15s opacity ease-in-out;\n\t\tbackground: rgba(255,255,255,0.75);\n\t\tborder-radius: 5px;\n\t\twidth: 60px;\n\t\tfont-size: 10px;\n\t}\n\n\t\t.hover_title:hover + .map-marker{\n\t\t\tanimation-name: animated-map-marker;\n\t\t\tanimation-duration: 0.5s;\n\t\t\tanimation-iteration-count: infinite;\n\t\t\tanimation-direction: alternate;\n\t\t}\n\t<\/style>\n\t<script>\n\tvar azores = jQuery('.map-marker[title=\"A\u00e7ores\"]');\n\tvar madeira = jQuery('.map-marker[title=\"Madeira\"]');\n\tvar canarias = jQuery('.map-marker[title=\"Canarias\"]');\n\tvar saint_martin = jQuery('.map-marker[title=\"Saint-Martin\"]');\n\tvar guadeloupe = jQuery('.map-marker[title=\"Guadeloupe\"]');\n\tvar martinique = jQuery('.map-marker[title=\"Martinique\"]');\n\tvar guyane = jQuery('.map-marker[title=\"Guyane\"]');\n\tvar mayotte = jQuery('.map-marker[title=\"Mayotte\"]');\n\tvar la_reunion  = jQuery('.map-marker[title=\"R\u00e9union\"]');\n\tvar rup = [ azores, madeira, canarias, mayotte, la_reunion, guyane, martinique, guadeloupe, saint_martin ];\n\tvar speed = 500;\n\tvar animation_from = {opacity: 0.25};\n\tvar animation_to = {opacity: 1};\n\tvar animation_easing = \"swing\";\n\t\n\tfunction animate(index){\n\t\trup[index].animate(animation_from, speed, animation_easing, function(){\n\t\t\trup[index].animate(animation_to, speed, animation_easing, function(){\n\t\t\t\tanimate((index+1) % rup.length);\n\t\t\t});\n\t\t});\n\t}\n\n\tanimate(0);\n\t\n\t<\/script>\n\t\n<p>&nbsp;<\/p>\n<h2>Emplacement \u00e0 Saint-Martin<\/h2>\n<p>Situ\u00e9 \u00e0 environ 7000 km du continent europ\u00e9en, Saint-Martin est la r\u00e9gion fran\u00e7aise la plus proche du continent am\u00e9ricain et pr\u00e9sente ainsi un avantage g\u00e9ostrat\u00e9gique au sein de son bassin.<\/p>\n<p>L\u2019\u00eele appartient \u00e9galement \u00e0 une zone g\u00e9ographique appel\u00e9e \u00ab\u00a0Leward islands\u00a0\u00bb (les \u00eeles Sous-le-Vent) dont fait partie Anguilla, l\u2019\u00eele voisine la plus proche, Saint-Kitts-et-Nevis, Antigua-et-Barbuda, Montserrat et les \u00celes vierges.<\/p>\n<p>Les derniers chiffres \u00e9tablis en 2014 comptent une population de 35 107 habitants en partie fran\u00e7aise. L\u2019\u00eele s\u2019apparente \u00e0 un v\u00e9ritable \u00ab melting pot \u00bb accueillant plus de 101 nationalit\u00e9s sur le territoire marqu\u00e9 d\u2019un fort multilinguisme (anglais, fran\u00e7ais et espagnol principalement).<\/p>\n<p>Saint-Martin b\u00e9n\u00e9ficie d\u2019un climat tropical avec des temp\u00e9ratures variant entre 27\u00b0 et 32\u00b0. La saison s\u00e8che s\u2019\u00e9tend g\u00e9n\u00e9ralement entre f\u00e9vrier et avril et la saison des pluies, qui correspond \u00e0 la saison cyclonique, s&rsquo;\u00e9tend de juin \u00e0 novembre. En septembre 2017, Saint-Martin a s\u00e9v\u00e8rement \u00e9t\u00e9 frapp\u00e9 par l\u2019ouragan Irma, le plus puissant cyclone enregistr\u00e9 dans la Cara\u00efbes.<\/p>\n<p>En 2007, suite au r\u00e9f\u00e9rendum exprim\u00e9 en faveur de l\u2019article 74 de la Constitution, Saint-Martin -anciennement commune de Guadeloupe- acc\u00e8de au statut de Collectivit\u00e9 d\u2019Outre-mer. Celle-ci exerce ainsi l\u2019ensemble des comp\u00e9tences relevant de la commune, du d\u00e9partement et de la r\u00e9gion ainsi que celles transf\u00e9r\u00e9es par l\u2019Etat.<\/p>\n<p>Par ailleurs, Saint-Martin se caract\u00e9rise \u00e9galement par sa singularit\u00e9 institutionnelle \u00e0 l\u2019\u00e9chelle europ\u00e9enne, poss\u00e9dant deux statuts europ\u00e9ens distincts : au nord une R\u00e9gion ultrap\u00e9riph\u00e9rique (RUP) et au sud un Pays et territoire d\u2019outre-mer (PTOM).<\/p>\n\t\t<div class=\"col-12 mb-5\">\n\t\t\t<div class=\"row widget_picture_with_floating_text\">\n\t\t\t\t<div class=\"col-8  widget_picture_with_floating_text__picture\" style=\"background-image: url('https:\/\/cp-rup.com\/wp-content\/uploads\/2018\/09\/SMT-5.jpg');\"><\/div>\n\t\t\t\t<div class=\"col-6 widget_picture_with_floating_text__text widget_picture_with_floating_text__text--right\">\n\t\t\t\t\t<h3>Emplacement<\/h3>\n\t\t\t\t\t<p> Situ\u00e9 \u00e0 environ 7000 km du continent europ\u00e9en, Saint-Martin est la r\u00e9gion fran\u00e7aise la plus proche du continent am\u00e9ricain et pr\u00e9sente ainsi un avantage g\u00e9ostrat\u00e9gique au sein de son bassin.<\/p>\n\t\t\t\t<\/div>\n\t\t\t<\/div>\n\t\t<\/div>\n\n\n<p>&nbsp;<\/p>\n<hr \/>\n<h2><\/h2>\n<h2>Industries\u00a0\u00e0 Saint-Martin<\/h2>\n<p>Le secteur touristique constitue le pilier de l\u2019\u00e9conomie local. Il regroupe une vari\u00e9t\u00e9 de services li\u00e9s \u00e0 l\u2019h\u00f4tellerie, \u00e0 la restauration, aux activit\u00e9s de croisi\u00e8re et de plaisance et d\u2019autres types d\u2019activit\u00e9s touristiques. L\u2019agriculture, l\u2019\u00e9levage et la p\u00eache repr\u00e9sentent \u00e0 l\u2019inverse une part moins importante du secteur \u00e9conomique. Ces derniers ont toutefois vocation \u00e0 se structurer afin d\u2019en tirer tout leur potentiel. Le tissu entrepreneurial est lui caract\u00e9ris\u00e9 par une pr\u00e9dominance de TPE et PME.<\/p>\n\t\t<div class=\"col-12 mb-5\">\n\t\t\t<div class=\"row widget_picture_with_floating_text\">\n\t\t\t\t<div class=\"col-8 offset-4 widget_picture_with_floating_text__picture\" style=\"background-image: url('https:\/\/cp-rup.com\/wp-content\/uploads\/2018\/09\/SMT-1.jpg');\"><\/div>\n\t\t\t\t<div class=\"col-6 widget_picture_with_floating_text__text widget_picture_with_floating_text__text--left\">\n\t\t\t\t\t<h3>Tourisme<\/h3>\n\t\t\t\t\t<p> Le secteur touristique constitue le pilier de l\u2019\u00e9conomie local. Il regroupe une vari\u00e9t\u00e9 de services li\u00e9s \u00e0 l\u2019h\u00f4tellerie, \u00e0 la restauration, aux activit\u00e9s de croisi\u00e8re et de plaisance et d\u2019autres types d\u2019activit\u00e9s touristiques <\/p>\n\t\t\t\t<\/div>\n\t\t\t<\/div>\n\t\t<\/div>\n\n\n<p>Les atouts tant naturels que g\u00e9ographiques de Saint-Martin, constituent un important levier en faveur du d\u00e9veloppement socio-\u00e9conomique de l\u2019\u00eele, permettant \u00e9galement l\u2019\u00e9mergence de nouvelles niches d\u2019activit\u00e9s.<\/p>\n<h2>Saint-Martin en photos<\/h2>\n<p>&nbsp;<\/p>\n<div id=\"metaslider-id-2768\" style=\"width: 100%; margin: 0 auto;\" class=\"ml-slider-3-20-3 metaslider metaslider-flex metaslider-2768 ml-slider\">\n    <div id=\"metaslider_container_2768\">\n        <div id=\"metaslider_2768\">\n            <ul aria-live=\"polite\" class=\"slides\">\n                <li style=\"display: none; width: 100%;\" class=\"slide-2769 ms-image\"><img loading=\"lazy\" decoding=\"async\" src=\"https:\/\/www.cp-rup.com\/wp-content\/uploads\/2018\/09\/SMT-9-1200x400.jpg\" height=\"400\" width=\"1200\" alt=\"\" class=\"slider-2768 slide-2769\" \/><\/li>\n                <li style=\"display: none; width: 100%;\" class=\"slide-2770 ms-image\"><img loading=\"lazy\" decoding=\"async\" src=\"https:\/\/www.cp-rup.com\/wp-content\/uploads\/2018\/09\/SMT-8-1200x400.jpg\" height=\"400\" width=\"1200\" alt=\"\" class=\"slider-2768 slide-2770\" \/><\/li>\n                <li style=\"display: none; width: 100%;\" class=\"slide-2771 ms-image\"><img loading=\"lazy\" decoding=\"async\" src=\"https:\/\/www.cp-rup.com\/wp-content\/uploads\/2018\/09\/SMT-7-1200x400.jpg\" height=\"400\" width=\"1200\" alt=\"\" class=\"slider-2768 slide-2771\" \/><\/li>\n                <li style=\"display: none; width: 100%;\" class=\"slide-2773 ms-image\"><img loading=\"lazy\" decoding=\"async\" src=\"https:\/\/www.cp-rup.com\/wp-content\/uploads\/2018\/09\/SMT-4-1200x400.jpg\" height=\"400\" width=\"1200\" alt=\"\" class=\"slider-2768 slide-2773\" \/><\/li>\n                <li style=\"display: none; width: 100%;\" class=\"slide-2774 ms-image\"><img loading=\"lazy\" decoding=\"async\" src=\"https:\/\/www.cp-rup.com\/wp-content\/uploads\/2018\/09\/SMT-3-1200x400.jpg\" height=\"400\" width=\"1200\" alt=\"\" class=\"slider-2768 slide-2774\" \/><\/li>\n                <li style=\"display: none; width: 100%;\" class=\"slide-2778 ms-image\"><img loading=\"lazy\" decoding=\"async\" src=\"https:\/\/www.cp-rup.com\/wp-content\/uploads\/2018\/09\/SMT-1-1200x400.jpg\" height=\"400\" width=\"1200\" alt=\"\" class=\"slider-2768 slide-2778\" \/><\/li>\n            <\/ul>\n        <\/div>\n        \n    <\/div>\n<\/div>\n","protected":false},"excerpt":{"rendered":"<p>Saint-Martin, un environnement multiculturel Saint-Martin est une \u00eele binationale de 87 km\u00b2 situ\u00e9e dans la partie nord de l\u2019arc antillais, entour\u00e9e par l&rsquo;oc\u00e9an Atlantique et la mer des Cara\u00efbes. Depuis le Trait\u00e9 de Concordia de 1648, l\u2019\u00eele est partag\u00e9e entre partie fran\u00e7aise au nord (56 km\u00b2) et partie n\u00e9erlandaise au sud (31 km\u00b2) par une [&hellip;]<\/p>\n","protected":false},"author":37,"featured_media":2715,"parent":5775,"menu_order":0,"comment_status":"closed","ping_status":"closed","template":"page-region-detail.php","meta":{"_acf_changed":false,"footnotes":"","_links_to":"","_links_to_target":""},"class_list":["post-5858","page","type-page","status-publish","has-post-thumbnail","hentry"],"acf":[],"_links":{"self":[{"href":"https:\/\/www.cp-rup.com\/fr\/wp-json\/wp\/v2\/pages\/5858","targetHints":{"allow":["GET"]}}],"collection":[{"href":"https:\/\/www.cp-rup.com\/fr\/wp-json\/wp\/v2\/pages"}],"about":[{"href":"https:\/\/www.cp-rup.com\/fr\/wp-json\/wp\/v2\/types\/page"}],"author":[{"embeddable":true,"href":"https:\/\/www.cp-rup.com\/fr\/wp-json\/wp\/v2\/users\/37"}],"replies":[{"embeddable":true,"href":"https:\/\/www.cp-rup.com\/fr\/wp-json\/wp\/v2\/comments?post=5858"}],"version-history":[{"count":1,"href":"https:\/\/www.cp-rup.com\/fr\/wp-json\/wp\/v2\/pages\/5858\/revisions"}],"predecessor-version":[{"id":5859,"href":"https:\/\/www.cp-rup.com\/fr\/wp-json\/wp\/v2\/pages\/5858\/revisions\/5859"}],"up":[{"embeddable":true,"href":"https:\/\/www.cp-rup.com\/fr\/wp-json\/wp\/v2\/pages\/5775"}],"wp:featuredmedia":[{"embeddable":true,"href":"https:\/\/www.cp-rup.com\/fr\/wp-json\/wp\/v2\/media\/2715"}],"wp:attachment":[{"href":"https:\/\/www.cp-rup.com\/fr\/wp-json\/wp\/v2\/media?parent=5858"}],"curies":[{"name":"wp","href":"https:\/\/api.w.org\/{rel}","templated":true}]}}