{"id":5889,"date":"2021-03-19T18:59:07","date_gmt":"2021-03-19T18:59:07","guid":{"rendered":"https:\/\/cp-rup.com\/?page_id=5889"},"modified":"2022-12-16T17:00:34","modified_gmt":"2022-12-16T17:00:34","slug":"conseil-europeen","status":"publish","type":"page","link":"https:\/\/www.cp-rup.com\/fr\/les-rup-dans-lue\/conseil-europeen\/","title":{"rendered":"Conseil europ\u00e9en"},"content":{"rendered":"<h1 style=\"text-align: center;\">Conseil europ\u00e9en<\/h1>\n<p>Le Conseil europ\u00e9en r\u00e9unit les dirigeants des pays membres de l&rsquo;UE afin de d\u00e9finir les priorit\u00e9s politiques de l&rsquo;UE. Il repr\u00e9sente le plus haut niveau de coop\u00e9ration politique entre les pays de l&rsquo;UE.<\/p>\n<p>C&rsquo;est l&rsquo;une des 7 institutions officielles de l&rsquo;UE. Il prend la forme de sommets, g\u00e9n\u00e9ralement trimestriels, r\u00e9unissant les dirigeants des pays de l&rsquo;UE. Il est plac\u00e9 sous la direction d&rsquo;un pr\u00e9sident permanent<\/p>\n<p>Les RUP, par l&rsquo;interm\u00e9diaire des chefs d&rsquo;\u00c9tat ou de gouvernement de leur \u00c9tat respectif, invitent r\u00e9guli\u00e8rement cette institution \u00e0 prendre en compte leurs int\u00e9r\u00eats, comme en t\u00e9moigne la <a href=\"https:\/\/cp-rup.com\/wp-content\/uploads\/2018\/09\/28-Declaration-CPRUP-MFP-post-2020-finale.pdf\">d\u00e9claration des pr\u00e9sidents de la Conf\u00e9rence des pr\u00e9sidents des RUP relative au cadre financier pluriannuel apr\u00e8s 2020.<\/a><\/p>\n","protected":false},"excerpt":{"rendered":"<p>Conseil europ\u00e9en Le Conseil europ\u00e9en r\u00e9unit les dirigeants des pays membres de l&rsquo;UE afin de d\u00e9finir les priorit\u00e9s politiques de l&rsquo;UE. Il repr\u00e9sente le plus haut niveau de coop\u00e9ration politique entre les pays de l&rsquo;UE. C&rsquo;est l&rsquo;une des 7 institutions officielles de l&rsquo;UE. Il prend la forme de sommets, g\u00e9n\u00e9ralement trimestriels, r\u00e9unissant les dirigeants des [&hellip;]<\/p>\n","protected":false},"author":37,"featured_media":0,"parent":5875,"menu_order":1,"comment_status":"closed","ping_status":"closed","template":"page-static-rich.php","meta":{"_acf_changed":false,"footnotes":"","_links_to":"","_links_to_target":""},"class_list":["post-5889","page","type-page","status-publish","hentry"],"acf":[],"_links":{"self":[{"href":"https:\/\/www.cp-rup.com\/fr\/wp-json\/wp\/v2\/pages\/5889","targetHints":{"allow":["GET"]}}],"collection":[{"href":"https:\/\/www.cp-rup.com\/fr\/wp-json\/wp\/v2\/pages"}],"about":[{"href":"https:\/\/www.cp-rup.com\/fr\/wp-json\/wp\/v2\/types\/page"}],"author":[{"embeddable":true,"href":"https:\/\/www.cp-rup.com\/fr\/wp-json\/wp\/v2\/users\/37"}],"replies":[{"embeddable":true,"href":"https:\/\/www.cp-rup.com\/fr\/wp-json\/wp\/v2\/comments?post=5889"}],"version-history":[{"count":3,"href":"https:\/\/www.cp-rup.com\/fr\/wp-json\/wp\/v2\/pages\/5889\/revisions"}],"predecessor-version":[{"id":7744,"href":"https:\/\/www.cp-rup.com\/fr\/wp-json\/wp\/v2\/pages\/5889\/revisions\/7744"}],"up":[{"embeddable":true,"href":"https:\/\/www.cp-rup.com\/fr\/wp-json\/wp\/v2\/pages\/5875"}],"wp:attachment":[{"href":"https:\/\/www.cp-rup.com\/fr\/wp-json\/wp\/v2\/media?parent=5889"}],"curies":[{"name":"wp","href":"https:\/\/api.w.org\/{rel}","templated":true}]}}