{"id":5896,"date":"2021-03-19T19:04:05","date_gmt":"2021-03-19T19:04:05","guid":{"rendered":"https:\/\/cp-rup.com\/?page_id=5896"},"modified":"2021-03-19T19:04:05","modified_gmt":"2021-03-19T19:04:05","slug":"conseil-de-lue","status":"publish","type":"page","link":"https:\/\/www.cp-rup.com\/fr\/les-rup-dans-lue\/conseil-de-lue\/","title":{"rendered":"Conseil de l&rsquo;UE"},"content":{"rendered":"<h1 style=\"text-align: center;\"><span id=\"result_box\" class=\"short_text\" lang=\"fr\">Le Conseil de l&rsquo;UE<\/span><\/h1>\n<p>Les ministres nationaux de chaque pays de l\u2019UE se rencontrent au sein du Conseil afin d&rsquo;examiner, de modifier et d&rsquo;adopter des lois et de coordonner les politiques. Ils sont habilit\u00e9s \u00e0 engager l&rsquo;action de leur gouvernement sur les points convenus lors des r\u00e9unions.<\/p>\n<p>Il constitue, avec le Parlement europ\u00e9en, le principal organe de d\u00e9cision de l&rsquo;UE. C&rsquo;est l&rsquo;institution responsable de l&rsquo;adoption du budget de l&rsquo;UE avec le Parlement europ\u00e9en.<\/p>\n<p>Il existe un groupe de travail \u00ab\u00a0R\u00e9gions ultrap\u00e9riph\u00e9riques\u00a0\u00bb qui se r\u00e9unit pour discuter des propositions de la Commission europ\u00e9enne qui ont pour base juridique l&rsquo;article 349 du TFUE. Jusqu&rsquo;\u00e0 pr\u00e9sent, l&rsquo;implication des trois \u00c9tats membres dans leurs r\u00e9gions ultrap\u00e9riph\u00e9riques a permis d&rsquo;obtenir les mentions suivantes relatives aux r\u00e9gions ultrap\u00e9riph\u00e9riques au sein des conclusions du Conseil:<\/p>\n<ul>\n<li><a href=\"https:\/\/cp-rup.com\/wp-content\/uploads\/2018\/09\/library_files\/CONSEIL_EUROP\u00c9EN_2000_-06_Conclusions_de_la_Pr\u00e9sidence-Santa_Maria_de_Feire-_point_53.pdf\" rel=\"noopener noreferrer\" target=\"_blank\">Conclusions de la Pr\u00e9sidence du Conseil de Santa Maria da Feira de 2000<\/a><\/li>\n<li><a href=\"https:\/\/cp-rup.com\/wp-content\/uploads\/2018\/09\/library_files\/CONSEIL_EUROPEEN_2000_-_03_Conclusions_de_la_Presidence_-Lisbonne-_point_59.pdf\" rel=\"noopener noreferrer\" target=\"_blank\">Conclusions de la Pr\u00e9sidence du Conseil de Lisbonne de 2000<\/a><\/li>\n<li><a href=\"https:\/\/cp-rup.com\/wp-content\/uploads\/2018\/09\/library_files\/CONSEIL_EUROP\u00c9EN_2000_-12_Conclusions_de_la_Pr\u00e9sidence-Nice-_points_53_et_54.pdf\" rel=\"noopener noreferrer\" target=\"_blank\">Conclusions de la Pr\u00e9sidence du Conseil de Nice de 2000<\/a><\/li>\n<li><a href=\"https:\/\/cp-rup.com\/wp-content\/uploads\/2018\/09\/library_files\/CONSEIL_EUROPEEN_2002_-_06_Conclusions_de_la_Pr\u00e9sidence_-Seville-points_58_et_59.pdf\" rel=\"noopener noreferrer\" target=\"_blank\">Conclusions de la Pr\u00e9sidence du Conseil de Seville de 2002<\/a><\/li>\n<li><a href=\"https:\/\/cp-rup.com\/wp-content\/uploads\/2018\/09\/library_files\/CONSEIL_EUROPEEN_2000_-_03_Conclusions_de_la_Presidence_-Lisbonne-_point_59.pdf\" rel=\"noopener noreferrer\" target=\"_blank\">Conclusions de la Pr\u00e9sidence du Conseil de Bruxelles de 2004<\/a><\/li>\n<li><a href=\"https:\/\/cp-rup.com\/wp-content\/uploads\/2018\/09\/library_files\/CONSEIL_EUROP\u00c9EN_2007_-12_Conclusions_de_la_Pr\u00e9sidence-pages_17-18.pdf\" rel=\"noopener noreferrer\" target=\"_blank\">Conclusions de la Pr\u00e9sidence du Conseil de Bruxelles de 2007<\/a><\/li>\n<li><a href=\"https:\/\/cp-rup.com\/wp-content\/uploads\/2018\/09\/library_files\/CONSEIL_EUROP\u00c9EN_2007_-12_Conclusions_de_la_Pr\u00e9sidence-pages_17-18.pdf\" rel=\"noopener noreferrer\" target=\"_blank\">Conclusions de la Pr\u00e9sidence du Conseil de Lisbonne de 2007<\/a><\/li>\n<li><a href=\"https:\/\/cp-rup.com\/wp-content\/uploads\/2018\/09\/library_files\/CONSEIL_EUROP\u00c9EN_2009-_12_Conclusions_de_la_Pr\u00e9sidence_-page_8.pdf\" rel=\"noopener noreferrer\" target=\"_blank\">Conclusions de la Pr\u00e9sidence du Conseil de Bruxelles de 2009<\/a><\/li>\n<\/ul>\n<p>&nbsp;<\/p>\n<p><a href=\"https:\/\/cp-rup.com\/wp-content\/uploads\/2018\/03\/Consejo.de_.le_.UE_.01-w.jpg\"><img loading=\"lazy\" decoding=\"async\" class=\"aligncenter size-full wp-image-1360\" src=\"https:\/\/cp-rup.com\/wp-content\/uploads\/2018\/03\/Consejo.de_.le_.UE_.01-w.jpg\" alt=\"\" width=\"1170\" height=\"400\" srcset=\"https:\/\/www.cp-rup.com\/wp-content\/uploads\/2018\/03\/Consejo.de_.le_.UE_.01-w.jpg 1170w, https:\/\/www.cp-rup.com\/wp-content\/uploads\/2018\/03\/Consejo.de_.le_.UE_.01-w-300x103.jpg 300w, https:\/\/www.cp-rup.com\/wp-content\/uploads\/2018\/03\/Consejo.de_.le_.UE_.01-w-768x263.jpg 768w, https:\/\/www.cp-rup.com\/wp-content\/uploads\/2018\/03\/Consejo.de_.le_.UE_.01-w-1024x350.jpg 1024w\" sizes=\"auto, (max-width: 1170px) 100vw, 1170px\" \/><\/a><\/p>\n<p>&nbsp;<\/p>\n","protected":false},"excerpt":{"rendered":"<p>Le Conseil de l&rsquo;UE Les ministres nationaux de chaque pays de l\u2019UE se rencontrent au sein du Conseil afin d&rsquo;examiner, de modifier et d&rsquo;adopter des lois et de coordonner les politiques. Ils sont habilit\u00e9s \u00e0 engager l&rsquo;action de leur gouvernement sur les points convenus lors des r\u00e9unions. Il constitue, avec le Parlement europ\u00e9en, le principal [&hellip;]<\/p>\n","protected":false},"author":37,"featured_media":0,"parent":5875,"menu_order":2,"comment_status":"closed","ping_status":"closed","template":"page-static-rich.php","meta":{"_acf_changed":false,"footnotes":"","_links_to":"","_links_to_target":""},"class_list":["post-5896","page","type-page","status-publish","hentry"],"acf":[],"_links":{"self":[{"href":"https:\/\/www.cp-rup.com\/fr\/wp-json\/wp\/v2\/pages\/5896","targetHints":{"allow":["GET"]}}],"collection":[{"href":"https:\/\/www.cp-rup.com\/fr\/wp-json\/wp\/v2\/pages"}],"about":[{"href":"https:\/\/www.cp-rup.com\/fr\/wp-json\/wp\/v2\/types\/page"}],"author":[{"embeddable":true,"href":"https:\/\/www.cp-rup.com\/fr\/wp-json\/wp\/v2\/users\/37"}],"replies":[{"embeddable":true,"href":"https:\/\/www.cp-rup.com\/fr\/wp-json\/wp\/v2\/comments?post=5896"}],"version-history":[{"count":1,"href":"https:\/\/www.cp-rup.com\/fr\/wp-json\/wp\/v2\/pages\/5896\/revisions"}],"predecessor-version":[{"id":5897,"href":"https:\/\/www.cp-rup.com\/fr\/wp-json\/wp\/v2\/pages\/5896\/revisions\/5897"}],"up":[{"embeddable":true,"href":"https:\/\/www.cp-rup.com\/fr\/wp-json\/wp\/v2\/pages\/5875"}],"wp:attachment":[{"href":"https:\/\/www.cp-rup.com\/fr\/wp-json\/wp\/v2\/media?parent=5896"}],"curies":[{"name":"wp","href":"https:\/\/api.w.org\/{rel}","templated":true}]}}