{"id":5939,"date":"2021-03-19T19:37:58","date_gmt":"2021-03-19T19:37:58","guid":{"rendered":"https:\/\/cp-rup.com\/?page_id=5939"},"modified":"2023-11-09T11:45:22","modified_gmt":"2023-11-09T11:45:22","slug":"conference-des-presidents","status":"publish","type":"page","link":"https:\/\/www.cp-rup.com\/fr\/conference-des-presidents\/","title":{"rendered":"Conf\u00e9rence des Pr\u00e9sidents"},"content":{"rendered":"<h1 style=\"text-align: center;\">Conf\u00e9rence des pr\u00e9sidents<\/h1>\n<h1 style=\"text-align: center;\"><img loading=\"lazy\" decoding=\"async\" class=\"alignnone wp-image-7476\" src=\"https:\/\/cp-rup.com\/wp-content\/uploads\/2022\/07\/CHM7852-2-300x200.jpg\" alt=\"\" width=\"560\" height=\"373\" srcset=\"https:\/\/www.cp-rup.com\/wp-content\/uploads\/2022\/07\/CHM7852-2-300x200.jpg 300w, https:\/\/www.cp-rup.com\/wp-content\/uploads\/2022\/07\/CHM7852-2-1024x682.jpg 1024w, https:\/\/www.cp-rup.com\/wp-content\/uploads\/2022\/07\/CHM7852-2-768x511.jpg 768w, https:\/\/www.cp-rup.com\/wp-content\/uploads\/2022\/07\/CHM7852-2-1536x1023.jpg 1536w, https:\/\/www.cp-rup.com\/wp-content\/uploads\/2022\/07\/CHM7852-2-2048x1364.jpg 2048w\" sizes=\"auto, (max-width: 560px) 100vw, 560px\" \/><\/h1>\n<p>La Conf\u00e9rence des pr\u00e9sidents des RUP constitue la principale structure de coop\u00e9ration politique et technique entre les pr\u00e9sidents des organes ex\u00e9cutifs des A\u00e7ores, des Canaries, de la Guadeloupe, de la Guyane, de Mad\u00e8re, de la Martinique, de Mayotte, de La R\u00e9union et de Saint Martin.<\/p>\n<h2 style=\"text-align: center;\">Objectifs de la coop\u00e9ration <u><\/u><\/h2>\n<p>La Conf\u00e9rence d\u00e9finit les orientations de la coop\u00e9ration des RUP, dont les missions essentielles sont \u00e0 suivre :<\/p>\n<ul>\n<li>La coordination de leur action commune et l&rsquo;adoption des positions communes afin de d\u00e9fendre les int\u00e9r\u00eats des RUP aupr\u00e8s de l&rsquo;Union europ\u00e9enne;<\/li>\n<li>Le renforcement de l&rsquo;action europ\u00e9enne en ce qui concerne les RUP, sur la base des dispositions des Trait\u00e9s ;<\/li>\n<li>Le renforcement des int\u00e9r\u00eats communs des RUP dans toutes les organisations europ\u00e9ennes et internationales \u00e0 vocation r\u00e9gionale dans lesquelles elles sont repr\u00e9sent\u00e9es ;<\/li>\n<li>Le renforcement de la coop\u00e9ration entre les RUP dans le cadre de projets de coop\u00e9ration conjoints.<\/li>\n<\/ul>\n<h2 style=\"text-align: center;\">Organisation et fonctionnement <u><\/u><\/h2>\n<p>La pr\u00e9sidence de la Conf\u00e9rence est une pr\u00e9sidence tournante, exerc\u00e9e dans le cadre d\u2019un mandat d&rsquo;au moins un an. Elle se r\u00e9unit en session ordinaire, au moins une fois par an, dans la r\u00e9gion qui assure la pr\u00e9sidence, et adopte ses conclusions sous la forme d&rsquo;une d\u00e9claration finale dans laquelle sont refl\u00e9t\u00e9es les positions politiques communes des RUP.<\/p>\n<p><a href=\"https:\/\/cp-rup.com\/wp-content\/uploads\/2018\/09\/library_files\/1993_-_Declaraci\u00f3n_de_Saint_Malo_FR.pdf\" target=\"_blank\" rel=\"noopener noreferrer\">D\u00e9claration finale &#8211; Saint Mal\u00f3 1993<\/a><br \/>\n<a href=\"https:\/\/cp-rup.com\/wp-content\/uploads\/2018\/09\/library_files\/1995_-_Declaraci\u00f3n_de_Gourbeyre_-_Guadalupe_FR.pdf\" target=\"_blank\" rel=\"noopener noreferrer\">D\u00e9claration finale- Point \u00e0 Pitre 1995<\/a><br \/>\n<a href=\"https:\/\/cp-rup.com\/wp-content\/uploads\/2018\/09\/library_files\/1996_-_Declaracion_de_Funchal_-_Madeira_FR.pdf\" target=\"_blank\" rel=\"noopener noreferrer\">D\u00e9claration finale- Funchal 1996<\/a><br \/>\n<a href=\"https:\/\/cp-rup.com\/wp-content\/uploads\/2018\/09\/library_files\/1996_-_Declaraci\u00f3n_de_Tenerife_-CRPM-_ES_-esc\u00e1ner-.pdf\" target=\"_blank\" rel=\"noopener noreferrer\">D\u00e9claration finale- Puerto de la Cruz 1996<\/a><br \/>\nD\u00e9claration finale- La Rochelle 1997<br \/>\n<a href=\"https:\/\/cp-rup.com\/wp-content\/uploads\/2018\/09\/library_files\/1997_-_Declaraci\u00f3n_de_Saint_Denis_-_La_Reuni\u00f3n_FR_-esc\u00e1ner-.pdf\" target=\"_blank\" rel=\"noopener noreferrer\">D\u00e9claration finale\u00a0&#8211; Saint-Denis 1997<\/a><br \/>\n<a href=\"https:\/\/cp-rup.com\/wp-content\/uploads\/2018\/09\/library_files\/1998_-_Declaraci\u00f3n_de_Ponta_Delgada_-_Azores_FR.pdf\" target=\"_blank\" rel=\"noopener noreferrer\">D\u00e9claration finale- Ponta Delgada 1998<\/a><br \/>\n<a href=\"https:\/\/cp-rup.com\/wp-content\/uploads\/2018\/09\/library_files\/1999_-_Declaration_Guayana_V._O._FR.pdf\" target=\"_blank\" rel=\"noopener noreferrer\">D\u00e9claration finale- R\u00e9mire-Montjoly 1999<\/a><br \/>\n<a href=\"https:\/\/cp-rup.com\/wp-content\/uploads\/2018\/09\/library_files\/2000_-_Declaraci\u00f3n_de_Funchal_-_Madeira_FR.pdf\" target=\"_blank\" rel=\"noopener noreferrer\">D\u00e9claration finale- Funchal 2000<\/a><br \/>\n<a href=\"https:\/\/cp-rup.com\/wp-content\/uploads\/2018\/09\/library_files\/2001_-_Declaraci\u00f3n_Final_Lanzarote_FR.pdf\" target=\"_blank\" rel=\"noopener noreferrer\">D\u00e9claration finale- Lanzarote 2001<\/a><br \/>\n<a href=\"https:\/\/cp-rup.com\/wp-content\/uploads\/2018\/09\/library_files\/2002_-_D\u00e9claration_finale_RUP_La_Palma_2002_FR.pdf\" target=\"_blank\" rel=\"noopener noreferrer\">D\u00e9claration finale\u00a0&#8211; La Palma 2002<\/a><br \/>\n<a href=\"https:\/\/cp-rup.com\/wp-content\/uploads\/2018\/09\/library_files\/2003_-_Declaraci\u00f3n_de_Martinica_FR.pdf\" target=\"_blank\" rel=\"noopener noreferrer\">D\u00e9claration finale- Martinique 2003<\/a><br \/>\n<a href=\"https:\/\/cp-rup.com\/wp-content\/uploads\/2018\/09\/library_files\/2004_-_Declaraci\u00f3n_de_Ponta_Delgada_-_Azores_FR.pdf\" target=\"_blank\" rel=\"noopener noreferrer\">D\u00e9claration finale\u00a0&#8211; Ponta Delgada 2004<\/a><br \/>\n<a href=\"https:\/\/cp-rup.com\/wp-content\/uploads\/2018\/09\/library_files\/2005_-_Declaraci\u00f3n_de_Saint-Denis_-_La_Reuni\u00f3n_FR.pdf\" target=\"_blank\" rel=\"noopener noreferrer\">D\u00e9claration finale\u00a0&#8211; Saint-Denis 2005<\/a><br \/>\n<a href=\"https:\/\/cp-rup.com\/wp-content\/uploads\/2018\/09\/library_files\/2006_-_Declaraci\u00f3n_de_Basse-Terre_-_Guadalupe_FR_-esc\u00e1ner-.pdf\" target=\"_blank\" rel=\"noopener noreferrer\">D\u00e9claration finale- Basse-Terre 2006<\/a><br \/>\n<a href=\"https:\/\/cp-rup.com\/wp-content\/uploads\/2018\/09\/library_files\/2007_-_Declaraci\u00f3n_de_Funchal_-_Madeira_FR.pdf\" target=\"_blank\" rel=\"noopener noreferrer\">D\u00e9claration finale- Funchal 2007<\/a><br \/>\n<a href=\"https:\/\/cp-rup.com\/wp-content\/uploads\/2018\/09\/library_files\/2008_Declaraci\u00f3n_Presidentes_RUP_Guayana_2008_FR_-_byn.pdf\" target=\"_blank\" rel=\"noopener noreferrer\">D\u00e9claration finale\u00a0&#8211; Cayenne 2008<\/a><br \/>\n<a href=\"https:\/\/cp-rup.com\/wp-content\/uploads\/2018\/09\/library_files\/2009_-_Declaraci\u00f3n_de_Las_Palmas_de_Gran_Canaria_FR.pdf\" target=\"_blank\" rel=\"noopener noreferrer\">D\u00e9claration finale- Las Palmas 2009<\/a><br \/>\n<a href=\"https:\/\/cp-rup.com\/wp-content\/uploads\/2018\/09\/library_files\/2009_-_Declaraci\u00f3n_de_Las_Palmas_de_Gran_Canaria_FR.pdf\" target=\"_blank\" rel=\"noopener noreferrer\">D\u00e9claration finale-\u00a0 Santa Cruz de Tenerife 2010<\/a><br \/>\n<a href=\"https:\/\/cp-rup.com\/wp-content\/uploads\/2018\/09\/library_files\/2011_-_Declaraci\u00f3n_de_Martinica_FR_-esc\u00e1ner-.pdf\" target=\"_blank\" rel=\"noopener noreferrer\">D\u00e9claration finale\u00a0&#8211; Fort-de-France 2011<\/a><br \/>\n<a href=\"https:\/\/cp-rup.com\/wp-content\/uploads\/2018\/09\/library_files\/2012_-_Declaraci\u00f3n_de_Horta_-_Azores_FR_-esc\u00e1ner-.pdf\" target=\"_blank\" rel=\"noopener noreferrer\">D\u00e9claration finale\u00a0&#8211; Horta 2012<\/a><br \/>\n<a href=\"https:\/\/cp-rup.com\/wp-content\/uploads\/2018\/09\/library_files\/2013_-_D\u00e9claration_finale_R\u00e9union_FR.pdf\" target=\"_blank\" rel=\"noopener noreferrer\">D\u00e9claration finale\u00a0&#8211; Saint-Denis 2013<\/a><br \/>\n<a href=\"https:\/\/cp-rup.com\/wp-content\/uploads\/2018\/09\/library_files\/2015_-_D\u00e9claration_finale_Guadeloupe_sin_MYT.pdf\" target=\"_blank\" rel=\"noopener noreferrer\">D\u00e9claration finale- Basse-Terre 2015<\/a><br \/>\n<a href=\"https:\/\/cp-rup.com\/wp-content\/uploads\/2018\/09\/library_files\/2016_-_D\u00e9claration_finale_XXIe_CP_RUP.pdf\" target=\"_blank\" rel=\"noopener noreferrer\">D\u00e9claration finale- Funchal 2016<\/a><br \/>\n<a href=\"https:\/\/cp-rup.com\/wp-content\/uploads\/2018\/09\/library_files\/2017-D\u00e9claration_finale_XXII_CPRUP.pdf\" target=\"_blank\" rel=\"noopener noreferrer\">D\u00e9claration finale\u00a0&#8211; Kourou 2017<\/a><br \/>\n<a href=\"https:\/\/cp-rup.com\/wp-content\/uploads\/2022\/12\/2018-Declaracion-Final-Frances.pdf\">D\u00e9claration finale &#8211; Las Palmas de Gran Canaria 2018<\/a><br \/>\n<a href=\"https:\/\/cp-rup.com\/wp-content\/uploads\/2022\/12\/2020-02-06-CPRUP-SXM_Declaration-finale_FR-firmada.pdf\">D\u00e9claration finale &#8211; St. Martin 2020<\/a><br \/>\n<a href=\"https:\/\/cp-rup.com\/wp-content\/uploads\/2022\/12\/2020-11-26-Declaration_Finale_FR_XXV_CPRUP.pdf\">D\u00e9claration finale &#8211; Mayotte 2020<\/a><br \/>\n<a href=\"https:\/\/cp-rup.com\/wp-content\/uploads\/2022\/12\/2021-Declaration-Finale-FR-Signee.pdf\">D\u00e9claration finale &#8211; Ponta Delgada 2021<\/a><br \/>\n<a href=\"https:\/\/cp-rup.com\/wp-content\/uploads\/2022\/12\/2022-Declaration-finale-CPRUP-FR.pdf\">D\u00e9claration finale &#8211; Bruxelles 2022<\/a><br \/>\n<a href=\"https:\/\/cp-rup.com\/wp-content\/uploads\/2023\/11\/Declaration-Finale-XXVIII-CPRUP.pdf\">D\u00e9claration finale &#8211; Santa Cruz de Tenerife 2023<\/a><\/p>\n<p>Ses fonctions sont les suivantes:<\/p>\n<ul>\n<li>D\u00e9finir et promouvoir les orientations politiques strat\u00e9giques fondamentales de cette coop\u00e9ration\u00a0;<\/li>\n<li>Repr\u00e9senter les int\u00e9r\u00eats communs de l&rsquo;ultrap\u00e9riph\u00e9rie entre les institutions, les organes et les organismes europ\u00e9ens ;<\/li>\n<li>Choisir parmi les r\u00e9gions membres une pr\u00e9sidence tournante de la Conf\u00e9rence, pour une dur\u00e9e d&rsquo;au moins un an ;<\/li>\n<\/ul>\n<p>Adopter toutes les d\u00e9cisions n\u00e9cessaires pour atteindre les objectifs de la coop\u00e9ration.<\/p>\n<div id=\"metaslider-id-3731\" style=\"width: 100%; margin: 0 auto;\" class=\"ml-slider-3-20-3 metaslider metaslider-flex metaslider-3731 ml-slider\">\n    <div id=\"metaslider_container_3731\">\n        <div id=\"metaslider_3731\">\n            <ul aria-live=\"polite\" class=\"slides\">\n                <li style=\"display: block; width: 100%;\" class=\"slide-3732 ms-image\"><img loading=\"lazy\" decoding=\"async\" src=\"https:\/\/www.cp-rup.com\/wp-content\/uploads\/2018\/08\/Presidentes-RUP-y-banderas-1024x376.jpg\" height=\"400\" width=\"1088\" alt=\"\" class=\"slider-3731 slide-3732\" \/><div class=\"caption-wrap\"><div class=\"caption\">XXII CP-RUP Guayana 2016-2017<\/div><\/div><\/li>\n                <li style=\"display: none; width: 100%;\" class=\"slide-3821 ms-image\"><img loading=\"lazy\" decoding=\"async\" src=\"https:\/\/www.cp-rup.com\/wp-content\/uploads\/2018\/10\/CP-RUP2009_gc_001-1-e1539257374414-1088x400.jpg\" height=\"400\" width=\"1088\" alt=\"\" class=\"slider-3731 slide-3821\" \/><div class=\"caption-wrap\"><div class=\"caption\">XV CP-RUP Canarias 2009-2010<\/div><\/div><\/li>\n                <li style=\"display: none; width: 100%;\" class=\"slide-3822 ms-image\"><img loading=\"lazy\" decoding=\"async\" src=\"https:\/\/www.cp-rup.com\/wp-content\/uploads\/2018\/10\/CPRUP-2016-Guayana-e1539256309190-1013x372.jpg\" height=\"400\" width=\"1088\" alt=\"\" class=\"slider-3731 slide-3822\" \/><div class=\"caption-wrap\"><div class=\"caption\">XXII CP-RUP Guayana 2016-2017<\/div><\/div><\/li>\n                <li style=\"display: none; width: 100%;\" class=\"slide-3825 ms-image\"><img loading=\"lazy\" decoding=\"async\" src=\"https:\/\/www.cp-rup.com\/wp-content\/uploads\/2018\/10\/CP-RUP2010-251-e1539257284906-1088x400.jpg\" height=\"400\" width=\"1088\" alt=\"\" class=\"slider-3731 slide-3825\" \/><div class=\"caption-wrap\"><div class=\"caption\">XVI CP-RUP Canarias 2009-2010<\/div><\/div><\/li>\n                <li style=\"display: none; width: 100%;\" class=\"slide-3837 ms-image\"><img loading=\"lazy\" decoding=\"async\" src=\"https:\/\/www.cp-rup.com\/wp-content\/uploads\/2018\/10\/28-10-2010-171-e1539260221205-1088x400.jpg\" height=\"400\" width=\"1088\" alt=\"\" class=\"slider-3731 slide-3837\" \/><div class=\"caption-wrap\"><div class=\"caption\">XVI CP-RUP Canarias 2009-2010<\/div><\/div><\/li>\n                <li style=\"display: none; width: 100%;\" class=\"slide-3839 ms-image\"><img loading=\"lazy\" decoding=\"async\" src=\"https:\/\/www.cp-rup.com\/wp-content\/uploads\/2018\/10\/28-10-2010-142-1088x400.jpg\" height=\"400\" width=\"1088\" alt=\"\" class=\"slider-3731 slide-3839\" \/><div class=\"caption-wrap\"><div class=\"caption\">XVI  CP-RUP Canarias 2009-2010<\/div><\/div><\/li>\n                <li style=\"display: none; width: 100%;\" class=\"slide-3862 ms-image\"><img loading=\"lazy\" decoding=\"async\" src=\"https:\/\/www.cp-rup.com\/wp-content\/uploads\/2018\/10\/CP_RUP-2016-Banderas-CPRUP-e1539607176862-1024x376.jpg\" height=\"400\" width=\"1088\" alt=\"\" class=\"slider-3731 slide-3862\" \/><div class=\"caption-wrap\"><div class=\"caption\">XXII CP-RUP Guayana 2016-2017<\/div><\/div><\/li>\n            <\/ul>\n        <\/div>\n        \n    <\/div>\n<\/div>\n","protected":false},"excerpt":{"rendered":"<p>Conf\u00e9rence des pr\u00e9sidents La Conf\u00e9rence des pr\u00e9sidents des RUP constitue la principale structure de coop\u00e9ration politique et technique entre les pr\u00e9sidents des organes ex\u00e9cutifs des A\u00e7ores, des Canaries, de la Guadeloupe, de la Guyane, de Mad\u00e8re, de la Martinique, de Mayotte, de La R\u00e9union et de Saint Martin. Objectifs de la coop\u00e9ration La Conf\u00e9rence d\u00e9finit [&hellip;]<\/p>\n","protected":false},"author":37,"featured_media":0,"parent":0,"menu_order":1,"comment_status":"closed","ping_status":"closed","template":"page-static-rich.php","meta":{"_acf_changed":false,"footnotes":"","_links_to":"","_links_to_target":""},"class_list":["post-5939","page","type-page","status-publish","hentry"],"acf":[],"_links":{"self":[{"href":"https:\/\/www.cp-rup.com\/fr\/wp-json\/wp\/v2\/pages\/5939","targetHints":{"allow":["GET"]}}],"collection":[{"href":"https:\/\/www.cp-rup.com\/fr\/wp-json\/wp\/v2\/pages"}],"about":[{"href":"https:\/\/www.cp-rup.com\/fr\/wp-json\/wp\/v2\/types\/page"}],"author":[{"embeddable":true,"href":"https:\/\/www.cp-rup.com\/fr\/wp-json\/wp\/v2\/users\/37"}],"replies":[{"embeddable":true,"href":"https:\/\/www.cp-rup.com\/fr\/wp-json\/wp\/v2\/comments?post=5939"}],"version-history":[{"count":15,"href":"https:\/\/www.cp-rup.com\/fr\/wp-json\/wp\/v2\/pages\/5939\/revisions"}],"predecessor-version":[{"id":10334,"href":"https:\/\/www.cp-rup.com\/fr\/wp-json\/wp\/v2\/pages\/5939\/revisions\/10334"}],"wp:attachment":[{"href":"https:\/\/www.cp-rup.com\/fr\/wp-json\/wp\/v2\/media?parent=5939"}],"curies":[{"name":"wp","href":"https:\/\/api.w.org\/{rel}","templated":true}]}}