{"id":5954,"date":"2021-03-19T19:46:51","date_gmt":"2021-03-19T19:46:51","guid":{"rendered":"https:\/\/cp-rup.com\/?page_id=5954"},"modified":"2022-12-16T16:39:41","modified_gmt":"2022-12-16T16:39:41","slug":"positions-conjointes","status":"publish","type":"page","link":"https:\/\/www.cp-rup.com\/fr\/conference-des-presidents\/positions-conjointes\/","title":{"rendered":"Positions conjointes"},"content":{"rendered":"<h1 style=\"text-align: center;\">Positions conjointes<\/h1>\n<p>La collaboration des RUP depuis la fin des ann\u00e9es 1980, dans la d\u00e9fense de leurs sp\u00e9cificit\u00e9s, a permis la construction progressive d\u2019un cadre juridique sp\u00e9cifique au traitement de l\u2019ultrap\u00e9riph\u00e9rie.<\/p>\n<h2 style=\"text-align: center;\">Protocoles de Coop\u00e9ration<\/h2>\n<p>Les R\u00e9gions ultrap\u00e9riph\u00e9riques savaient d\u00e8s le d\u00e9part que, seule une action commune et concert\u00e9e offrirait une visibilit\u00e9 suffisante en Europe pour obtenir, maintenir et approfondir un cadre juridique sp\u00e9cifique.<\/p>\n<p>Par souci de coh\u00e9rence et d&rsquo;efficacit\u00e9, les RUP ont \u00e9t\u00e9 capable de s&rsquo;exprimer d&rsquo;une seule voix sur les questions qui rev\u00eatent une importance particuli\u00e8re et ont toujours fait le n\u00e9cessaire pour que des positions communes et des points de vue communs puissent \u00eatre d\u00e9finis de mani\u00e8re efficace et en temps opportun pour \u00eatre pr\u00e9sent\u00e9s dans les enceintes europ\u00e9ennes.<\/p>\n<h2 style=\"text-align: center;\">Memorandums<\/h2>\n<p>Les m\u00e9morandums conjoints sont des documents strat\u00e9giques dans lesquels, une fois le plus petit d\u00e9nominateur commun parmi les RUP identifi\u00e9 et approuv\u00e9, des propositions concr\u00e8tes sont \u00e9labor\u00e9es invitant les institutions europ\u00e9ennes \u00e0 toujours renforcer et d\u00e9velopper leur strat\u00e9gie en faveur de ces r\u00e9gions.<\/p>\n<p>Au travers de chaque m\u00e9morandum, un \u00e9quilibre est constamment recherch\u00e9 entre la strat\u00e9gie de la Commission europ\u00e9enne en faveur des RUP et les propositions des RUP visant \u00e0 approfondir la prise en compte de leurs sp\u00e9cificit\u00e9s sur la base juridique de l\u2019article 349 TFUE, notamment au niveau du cadre budg\u00e9taire et r\u00e9glementaire.<\/p>\n<ul>\n<li><a href=\"https:\/\/cp-rup.com\/wp-content\/uploads\/2018\/09\/library_files\/1999-Memorandum-nos-differences-se-ressemblent-...nous-rassemblent-1999-fr.pdf\">M\u00e9morandum des R\u00e9gions Ultrap\u00e9riph\u00e9riques \u00ab\u00a0Nos diff\u00e9rences se ressemblent&#8230; nous rassemblent\u00a0\u00bb<\/a><\/li>\n<li><a href=\"https:\/\/cp-rup.com\/wp-content\/uploads\/2018\/09\/library_files\/2010_Memorandum_finale_FR.pdf\">M\u00e9morandum conjoint de l&rsquo;Espagne, la France et le Portugal et les R\u00e9gions Ultrap\u00e9riph\u00e9riques \u00ab\u00a0Pour une vision renouvel\u00e9e de la strat\u00e9gie europ\u00e9enne \u00e0 l&rsquo;\u00e9gard de l&rsquo;ultrap\u00e9riph\u00e9rie\u00a0\u00bb <\/a><\/li>\n<li><a href=\"https:\/\/cp-rup.com\/wp-content\/uploads\/2018\/09\/library_files\/2009_M\u00e9morandum_Les_RUP_\u00e0_l'horizon_2020_FR.pdf\">M\u00e9morandum conjoint des R\u00e9gions Ultrap\u00e9riph\u00e9riques \u00ab\u00a0Les RUP \u00e0 l&rsquo;horizon 2020\u00a0\u00bb<\/a><\/li>\n<li><a href=\"https:\/\/cp-rup.com\/wp-content\/uploads\/2018\/09\/library_files\/2017-Pour_un_nouvel_\u00e9lan_dans_la_mise_en_oeuvre_de_l\u00b4article_349_TFUE.pdf\">M\u00e9morandum conjoint des R\u00e9gions Ultrap\u00e9riph\u00e9riques \u00ab\u00a0Pour un nouvel \u00e9lan dans la mise en oeuvre de l&rsquo;article 349 du TFUE\u00a0\u00bb<\/a><\/li>\n<\/ul>\n<h2 style=\"text-align: center;\">Contributions conjointes <u><\/u><\/h2>\n<p>L&rsquo;\u00e9volution du contexte europ\u00e9en et mondial conduit \u00e0 un processus continu de mise \u00e0 jour et d&rsquo;ajustement du cadre juridique europ\u00e9en. Dans ce contexte, les institutions europ\u00e9ennes, en particulier la Commission europ\u00e9enne, lancent p\u00e9riodiquement des consultations sur l&rsquo;avenir de leurs politiques, initiatives, programmes et actions dans diff\u00e9rents domaines. Dans ce contexte, les RUP adoptent des positions communes qu\u2019ils portent \u00e0 la connaissance des institutions europ\u00e9ennes afin qu\u2019elles soient prises en compte dans les futures propositions l\u00e9gislatives.<\/p>\n<p style=\"text-align: center;\"><a href=\"https:\/\/cp-rup.com\/fr\/bibliotheque\/?file_name=&amp;file_category=none&amp;search=true\">Contributions conjointes pr\u00e9sent\u00e9es par la Conf\u00e9rence des Pr\u00e9sidents des RUP <\/a><\/p>\n","protected":false},"excerpt":{"rendered":"<p>Positions conjointes La collaboration des RUP depuis la fin des ann\u00e9es 1980, dans la d\u00e9fense de leurs sp\u00e9cificit\u00e9s, a permis la construction progressive d\u2019un cadre juridique sp\u00e9cifique au traitement de l\u2019ultrap\u00e9riph\u00e9rie. Protocoles de Coop\u00e9ration Les R\u00e9gions ultrap\u00e9riph\u00e9riques savaient d\u00e8s le d\u00e9part que, seule une action commune et concert\u00e9e offrirait une visibilit\u00e9 suffisante en Europe pour [&hellip;]<\/p>\n","protected":false},"author":37,"featured_media":0,"parent":5939,"menu_order":3,"comment_status":"closed","ping_status":"closed","template":"page-static-rich.php","meta":{"_acf_changed":false,"footnotes":"","_links_to":"","_links_to_target":""},"class_list":["post-5954","page","type-page","status-publish","hentry"],"acf":[],"_links":{"self":[{"href":"https:\/\/www.cp-rup.com\/fr\/wp-json\/wp\/v2\/pages\/5954","targetHints":{"allow":["GET"]}}],"collection":[{"href":"https:\/\/www.cp-rup.com\/fr\/wp-json\/wp\/v2\/pages"}],"about":[{"href":"https:\/\/www.cp-rup.com\/fr\/wp-json\/wp\/v2\/types\/page"}],"author":[{"embeddable":true,"href":"https:\/\/www.cp-rup.com\/fr\/wp-json\/wp\/v2\/users\/37"}],"replies":[{"embeddable":true,"href":"https:\/\/www.cp-rup.com\/fr\/wp-json\/wp\/v2\/comments?post=5954"}],"version-history":[{"count":3,"href":"https:\/\/www.cp-rup.com\/fr\/wp-json\/wp\/v2\/pages\/5954\/revisions"}],"predecessor-version":[{"id":7731,"href":"https:\/\/www.cp-rup.com\/fr\/wp-json\/wp\/v2\/pages\/5954\/revisions\/7731"}],"up":[{"embeddable":true,"href":"https:\/\/www.cp-rup.com\/fr\/wp-json\/wp\/v2\/pages\/5939"}],"wp:attachment":[{"href":"https:\/\/www.cp-rup.com\/fr\/wp-json\/wp\/v2\/media?parent=5954"}],"curies":[{"name":"wp","href":"https:\/\/api.w.org\/{rel}","templated":true}]}}