{"id":5968,"date":"2021-03-19T19:51:09","date_gmt":"2021-03-19T19:51:09","guid":{"rendered":"https:\/\/cp-rup.com\/?page_id=5968"},"modified":"2021-04-23T11:56:32","modified_gmt":"2021-04-23T11:56:32","slug":"bibliotheque","status":"publish","type":"page","link":"https:\/\/www.cp-rup.com\/fr\/bibliotheque\/","title":{"rendered":"Biblioth\u00e8que"},"content":{"rendered":"<h1 style=\"text-align: center;\"><span id=\"result_box\" class=\"short_text\" lang=\"fr\"><span class=\"\">Biblioth\u00e8que<\/span><\/span><\/h1>\n<p><span id=\"result_box\" class=\"\" lang=\"fr\">Nous avons l&rsquo;intention de collecter et classer dans cette biblioth\u00e8que les documents relatifs aux r\u00e9gions ultrap\u00e9riph\u00e9riques que nous consid\u00e9rons comme les plus pertinents. Nous avons fait une premi\u00e8re classification des documents selon l&rsquo;organisation d&rsquo;origine de la m\u00eame. <span class=\"\">Ainsi, on peut trouver, d&rsquo;une part, des documents g\u00e9n\u00e9r\u00e9s par la Commission europ\u00e9enne, par le Comit\u00e9 des R\u00e9gions, par le Comit\u00e9 \u00e9conomique et social europ\u00e9en ou par le Parlement europ\u00e9en (Communications, Avis, R\u00e9solutions, etc.).<\/span> <span class=\"\">D&rsquo;un autre c\u00f4t\u00e9, ils peuvent \u00e9galement obtenir dans cette biblioth\u00e8que des documents g\u00e9n\u00e9r\u00e9s par les RUP eux-m\u00eames (m\u00e9morandums, contributions communes, protocoles de coop\u00e9ration, etc.).<\/span><\/span><\/p>\n<p><span class=\"\">La recherche avanc\u00e9e vous permet de s\u00e9lectionner les documents en fonction de l&rsquo;origine de l&rsquo;organisation (Commission europ\u00e9enne, Comit\u00e9 des r\u00e9gions &#8230;), des libell\u00e9s (sujets abord\u00e9s par le document) ou des mots faisant partie du titre du document.<\/span><\/p>\n<p>&nbsp;<\/p>\n    <div id=\"library_plugin\">\n        <div class=\"modal modal col-10 offset-1 col-sm-8 offset-sm-2\" id=\"file_modal\" tabindex=\"-1\" role=\"dialog\"\n             aria-labelledby=\"file_modal\">\n            <div class=\"modal-dialog\" role=\"document\">\n                <div class=\"modal-content\">\n                    <div class=\"modal-header\">\n                        <h4 class=\"modal-title\">File Info<\/h4>\n                        <button type=\"button\" class=\"close\" data-dismiss=\"modal\" aria-label=\"Close\"><span\n                                    aria-hidden=\"true\">&times;<\/span><\/button>\n                    <\/div>\n                    <div class=\"modal-body\">\n                        <div class=\"row\">\n                            <div class=\"col-12 col-md-9\">\n                                <h3>TituloTitle:<\/h3>\n                                <p class=\"file_modal-title\">TITLE<\/p>\n                                <h3>Description:<\/h3>\n                                <p class=\"file_modal-description\">DESCRIPTION<\/p>\n                                <h3>Cat\u00e9gorie:<\/h3>\n                                <p class=\"file_modal-category\">CATEGORY<\/p>\n                                <h3>Date:<\/h3>\n                                <p class=\"file_modal-date\">DATE<\/p>\n                            <\/div>\n                            <div class=\"col-12 col-md-3\">\n                                <div class=\"file_modal-preview\">\n                                    <img decoding=\"async\" class=\"thumbnail\" src=\"\"\/>\n                                <\/div>\n                            <\/div>\n                        <\/div>\n                    <\/div>\n                    <div class=\"modal-footer\">\n                        <button type=\"button\" class=\"btn btn-default\"\n                                data-dismiss=\"modal\">Close<\/button>\n                        <a href=\"#\" class=\"btn btn-primary file_modal-download\"\n                           target=\"_new\">DOWNLOAD<\/a>\n                    <\/div>\n                <\/div>\n            <\/div>\n        <\/div>\n                <div class=\"search_results\" id=\"search_results\">\n            \n                    <a href=\"https:\/\/www.cp-rup.com\/fr\/bibliotheque\/?file_name=&file_category=\" class=\"breadcrumb_link\">\n            <span class=\"breadcrumb_title--active\">Documents<\/span>\n        <\/a>\n                    <a href=\"https:\/\/www.cp-rup.com\/fr\/bibliotheque\/?file_name=&file_category=none&search=true\" class=\"pull-right advanced_search\">\n            <i class=\"fa fa-search\" aria-hidden=\"true\"><\/i>\n            <span class=\"text-underline\">Recherche avanc\u00e9e<\/span>\n        <\/a>\n            <div class=\"table-responsive\">\n            <table class=\"table\">\n                <tr>\n                    <th class=\"header-icon-padding\">Nom<\/th>\n                    <th>Mots cl\u00e9s<\/th>\n                                    <\/tr>\n                                            <tr>\n                                <td>\n                                                                        <!-- file_name -->\n                                    <!-- file_tags -->\n                                    <!-- file_category -->\n                                    <a href=\"https:\/\/www.cp-rup.com\/fr\/bibliotheque\/?file_name=&file_category=comite-des-regions\" class=\"folder_link\">\n                                        <i class=\"icon-padding fa fa-folder\" aria-hidden=\"true\"><\/i>\n                                        <span class=\"folder_title\">Comit\u00e9 des r\u00e9gions\t\t\t\t\t\t\t\t\t\t<\/span>\n                                    <\/a>\n                                <\/td>\n                                <td><\/td>\n                            <\/tr>\n                                                    <tr>\n                                <td>\n                                                                        <!-- file_name -->\n                                    <!-- file_tags -->\n                                    <!-- file_category -->\n                                    <a href=\"https:\/\/www.cp-rup.com\/fr\/bibliotheque\/?file_name=&file_category=comite-economique-et-social\" class=\"folder_link\">\n                                        <i class=\"icon-padding fa fa-folder\" aria-hidden=\"true\"><\/i>\n                                        <span class=\"folder_title\">Comit\u00e9 \u00e9conomique et social\t\t\t\t\t\t\t\t\t\t<\/span>\n                                    <\/a>\n                                <\/td>\n                                <td><\/td>\n                            <\/tr>\n                                                    <tr>\n                                <td>\n                                                                        <!-- file_name -->\n                                    <!-- file_tags -->\n                                    <!-- file_category -->\n                                    <a href=\"https:\/\/www.cp-rup.com\/fr\/bibliotheque\/?file_name=&file_category=commission-europeenne\" class=\"folder_link\">\n                                        <i class=\"icon-padding fa fa-folder\" aria-hidden=\"true\"><\/i>\n                                        <span class=\"folder_title\">Commission europ\u00e9enne\t\t\t\t\t\t\t\t\t\t<\/span>\n                                    <\/a>\n                                <\/td>\n                                <td><\/td>\n                            <\/tr>\n                                                    <tr>\n                                <td>\n                                                                        <!-- file_name -->\n                                    <!-- file_tags -->\n                                    <!-- file_category -->\n                                    <a href=\"https:\/\/www.cp-rup.com\/fr\/bibliotheque\/?file_name=&file_category=conseil-europeen\" class=\"folder_link\">\n                                        <i class=\"icon-padding fa fa-folder\" aria-hidden=\"true\"><\/i>\n                                        <span class=\"folder_title\">Conseil europ\u00e9en\t\t\t\t\t\t\t\t\t\t<\/span>\n                                    <\/a>\n                                <\/td>\n                                <td><\/td>\n                            <\/tr>\n                                                    <tr>\n                                <td>\n                                                                        <!-- file_name -->\n                                    <!-- file_tags -->\n                                    <!-- file_category -->\n                                    <a href=\"https:\/\/www.cp-rup.com\/fr\/bibliotheque\/?file_name=&file_category=cour-de-justice-de-lue\" class=\"folder_link\">\n                                        <i class=\"icon-padding fa fa-folder\" aria-hidden=\"true\"><\/i>\n                                        <span class=\"folder_title\">Cour de justice de l'UE\t\t\t\t\t\t\t\t\t\t<\/span>\n                                    <\/a>\n                                <\/td>\n                                <td><\/td>\n                            <\/tr>\n                                                    <tr>\n                                <td>\n                                                                        <!-- file_name -->\n                                    <!-- file_tags -->\n                                    <!-- file_category -->\n                                    <a href=\"https:\/\/www.cp-rup.com\/fr\/bibliotheque\/?file_name=&file_category=cprup-fr\" class=\"folder_link\">\n                                        <i class=\"icon-padding fa fa-folder\" aria-hidden=\"true\"><\/i>\n                                        <span class=\"folder_title\">CPRUP FR\t\t\t\t\t\t\t\t\t\t<\/span>\n                                    <\/a>\n                                <\/td>\n                                <td><\/td>\n                            <\/tr>\n                                                    <tr>\n                                <td>\n                                                                        <!-- file_name -->\n                                    <!-- file_tags -->\n                                    <!-- file_category -->\n                                    <a href=\"https:\/\/www.cp-rup.com\/fr\/bibliotheque\/?file_name=&file_category=parlement-europeen\" class=\"folder_link\">\n                                        <i class=\"icon-padding fa fa-folder\" aria-hidden=\"true\"><\/i>\n                                        <span class=\"folder_title\">Parlement europ\u00e9en\t\t\t\t\t\t\t\t\t\t<\/span>\n                                    <\/a>\n                                <\/td>\n                                <td><\/td>\n                            <\/tr>\n                                                    <tr>\n                                <td>\n                                                                        <!-- file_name -->\n                                    <!-- file_tags -->\n                                    <!-- file_category -->\n                                    <a href=\"https:\/\/www.cp-rup.com\/fr\/bibliotheque\/?file_name=&file_category=traites\" class=\"folder_link\">\n                                        <i class=\"icon-padding fa fa-folder\" aria-hidden=\"true\"><\/i>\n                                        <span class=\"folder_title\">Trait\u00e9s\t\t\t\t\t\t\t\t\t\t<\/span>\n                                    <\/a>\n                                <\/td>\n                                <td><\/td>\n                            <\/tr>\n                        \n            <\/table>\n            <div class=\"library-pagination\">\n                            <\/div>\n        <\/div>\n            <\/div>\n    <\/div>\n\n    \n","protected":false},"excerpt":{"rendered":"<p>Biblioth\u00e8que Nous avons l&rsquo;intention de collecter et classer dans cette biblioth\u00e8que les documents relatifs aux r\u00e9gions ultrap\u00e9riph\u00e9riques que nous consid\u00e9rons comme les plus pertinents. Nous avons fait une premi\u00e8re classification des documents selon l&rsquo;organisation d&rsquo;origine de la m\u00eame. Ainsi, on peut trouver, d&rsquo;une part, des documents g\u00e9n\u00e9r\u00e9s par la Commission europ\u00e9enne, par le Comit\u00e9 des [&hellip;]<\/p>\n","protected":false},"author":37,"featured_media":0,"parent":0,"menu_order":0,"comment_status":"closed","ping_status":"closed","template":"page-static-rich.php","meta":{"_acf_changed":false,"footnotes":"","_links_to":"","_links_to_target":""},"class_list":["post-5968","page","type-page","status-publish","hentry"],"acf":[],"_links":{"self":[{"href":"https:\/\/www.cp-rup.com\/fr\/wp-json\/wp\/v2\/pages\/5968","targetHints":{"allow":["GET"]}}],"collection":[{"href":"https:\/\/www.cp-rup.com\/fr\/wp-json\/wp\/v2\/pages"}],"about":[{"href":"https:\/\/www.cp-rup.com\/fr\/wp-json\/wp\/v2\/types\/page"}],"author":[{"embeddable":true,"href":"https:\/\/www.cp-rup.com\/fr\/wp-json\/wp\/v2\/users\/37"}],"replies":[{"embeddable":true,"href":"https:\/\/www.cp-rup.com\/fr\/wp-json\/wp\/v2\/comments?post=5968"}],"version-history":[{"count":1,"href":"https:\/\/www.cp-rup.com\/fr\/wp-json\/wp\/v2\/pages\/5968\/revisions"}],"predecessor-version":[{"id":5969,"href":"https:\/\/www.cp-rup.com\/fr\/wp-json\/wp\/v2\/pages\/5968\/revisions\/5969"}],"wp:attachment":[{"href":"https:\/\/www.cp-rup.com\/fr\/wp-json\/wp\/v2\/media?parent=5968"}],"curies":[{"name":"wp","href":"https:\/\/api.w.org\/{rel}","templated":true}]}}