{"id":5989,"date":"2021-03-19T19:57:24","date_gmt":"2021-03-19T19:57:24","guid":{"rendered":"https:\/\/cp-rup.com\/?page_id=5989"},"modified":"2025-07-16T07:55:30","modified_gmt":"2025-07-16T07:55:30","slug":"message-du-president","status":"publish","type":"page","link":"https:\/\/www.cp-rup.com\/fr\/presidence-annuelle\/message-du-president\/","title":{"rendered":"Mot du Pr\u00e9sident"},"content":{"rendered":"<p><\/p>\n<h1 style=\"text-align: center;\"><span id=\"result_box\" class=\"short_text\" lang=\"fr\">Mot du Pr\u00e9sident<br \/>\n<\/span><\/h1>\n<p>&nbsp;<\/p>\n<p>&nbsp;<\/p>\n<p><img loading=\"lazy\" decoding=\"async\" class=\"size-medium wp-image-9998 alignleft\" src=\"https:\/\/www.cp-rup.com\/wp-content\/uploads\/2025\/07\/IMG-REGION-RUP41-200x300.jpg\" alt=\"\" width=\"200\" height=\"300\" srcset=\"https:\/\/www.cp-rup.com\/wp-content\/uploads\/2025\/07\/IMG-REGION-RUP41-200x300.jpg 200w, https:\/\/www.cp-rup.com\/wp-content\/uploads\/2025\/07\/IMG-REGION-RUP41-683x1024.jpg 683w, https:\/\/www.cp-rup.com\/wp-content\/uploads\/2025\/07\/IMG-REGION-RUP41-768x1152.jpg 768w, https:\/\/www.cp-rup.com\/wp-content\/uploads\/2025\/07\/IMG-REGION-RUP41-1024x1536.jpg 1024w, https:\/\/www.cp-rup.com\/wp-content\/uploads\/2025\/07\/IMG-REGION-RUP41-1365x2048.jpg 1365w, https:\/\/www.cp-rup.com\/wp-content\/uploads\/2025\/07\/IMG-REGION-RUP41-scaled.jpg 1707w\" sizes=\"auto, (max-width: 200px) 100vw, 200px\" \/><\/p>\n<p>&nbsp;<\/p>\n<p>Les R\u00e9gions Ultrap\u00e9riph\u00e9riques incarnent une Europe en dialogue avec le monde, symbole de l\u2019extension de l\u2019influence europ\u00e9enne au-del\u00e0 de l\u2019ancrage continentale de l\u2019Union. Par leur histoire, leur g\u00e9ographie, leur diversit\u00e9 culturelle, elles forment des ponts entre l\u2019Union europ\u00e9enne et des aires g\u00e9opolitiques strat\u00e9giques.<\/p>\n<p>\u00c0 l\u2019aube de la d\u00e9finition du futur CFP post 2027, la CPRUP \u0153uvre pour rappeler l\u2019importance de la prise en compte des sp\u00e9cificit\u00e9s de ces territoires \u00e9loign\u00e9s, notamment \u00e0 travers l\u2019utilisation rigoureuse de l\u2019article 349 du TFUE et le renouvellement de la strat\u00e9gie des RUP.<\/p>\n<p>Cette future strat\u00e9gie devra s\u2019appuyer sur quatre principes fondamentaux : flexibilit\u00e9, pour adapter les politiques aux r\u00e9alit\u00e9s locales\u202f; coh\u00e9rence, pour int\u00e9grer les RUP dans l\u2019ensemble des politiques de l\u2019Union ; coh\u00e9sion, pour r\u00e9duire les \u00e9carts de d\u00e9veloppement ; et solidarit\u00e9, valeur centrale du projet europ\u00e9en.<\/p>\n<p>Notre mobilisation constante, collective et le dialogue permanent que nous entretenons avec les institutions europ\u00e9ennes nous permettent de porter la voix des millions de citoyens que nous repr\u00e9sentons.<\/p>\n<p>Cette voix est celle de territoires engag\u00e9s, ambitieux, porteurs de solutions. Des territoires qui, chaque jour, contribuent \u00e0 rendre l\u2019Europe plus forte, plus inclusive et plus proche de ses peuples.<\/p>\n<p>&nbsp;<\/p>\n<p>Ary CHALUS<\/p>\n<p>Pr\u00e9sident du Conseil R\u00e9gional de la R\u00e9gion Guadeloupe,<\/p>","protected":false},"excerpt":{"rendered":"<p>Mot du Pr\u00e9sident &nbsp; &nbsp; &nbsp; Les R\u00e9gions Ultrap\u00e9riph\u00e9riques incarnent une Europe en dialogue avec le monde, symbole de l\u2019extension de l\u2019influence europ\u00e9enne au-del\u00e0 de l\u2019ancrage continentale de l\u2019Union. Par leur histoire, leur g\u00e9ographie, leur diversit\u00e9 culturelle, elles forment des ponts entre l\u2019Union europ\u00e9enne et des aires g\u00e9opolitiques strat\u00e9giques. \u00c0 l\u2019aube de la d\u00e9finition du [&hellip;]<\/p>\n","protected":false},"author":37,"featured_media":0,"parent":5982,"menu_order":2,"comment_status":"closed","ping_status":"closed","template":"page-static-rich.php","meta":{"_acf_changed":false,"footnotes":"","_links_to":"","_links_to_target":""},"class_list":["post-5989","page","type-page","status-publish","hentry"],"acf":[],"_links":{"self":[{"href":"https:\/\/www.cp-rup.com\/fr\/wp-json\/wp\/v2\/pages\/5989","targetHints":{"allow":["GET"]}}],"collection":[{"href":"https:\/\/www.cp-rup.com\/fr\/wp-json\/wp\/v2\/pages"}],"about":[{"href":"https:\/\/www.cp-rup.com\/fr\/wp-json\/wp\/v2\/types\/page"}],"author":[{"embeddable":true,"href":"https:\/\/www.cp-rup.com\/fr\/wp-json\/wp\/v2\/users\/37"}],"replies":[{"embeddable":true,"href":"https:\/\/www.cp-rup.com\/fr\/wp-json\/wp\/v2\/comments?post=5989"}],"version-history":[{"count":10,"href":"https:\/\/www.cp-rup.com\/fr\/wp-json\/wp\/v2\/pages\/5989\/revisions"}],"predecessor-version":[{"id":10027,"href":"https:\/\/www.cp-rup.com\/fr\/wp-json\/wp\/v2\/pages\/5989\/revisions\/10027"}],"up":[{"embeddable":true,"href":"https:\/\/www.cp-rup.com\/fr\/wp-json\/wp\/v2\/pages\/5982"}],"wp:attachment":[{"href":"https:\/\/www.cp-rup.com\/fr\/wp-json\/wp\/v2\/media?parent=5989"}],"curies":[{"name":"wp","href":"https:\/\/api.w.org\/{rel}","templated":true}]}}