{"id":5996,"date":"2021-03-19T20:02:25","date_gmt":"2021-03-19T20:02:25","guid":{"rendered":"https:\/\/cp-rup.com\/?page_id=5996"},"modified":"2025-07-15T10:59:58","modified_gmt":"2025-07-15T10:59:58","slug":"programme-presidence","status":"publish","type":"page","link":"https:\/\/www.cp-rup.com\/fr\/presidence-annuelle\/programme-presidence\/","title":{"rendered":"Programme Pr\u00e9sidence"},"content":{"rendered":"<p><\/p>\n<h3 style=\"text-align: center;\">FEUILLE DE ROUTE DE LA PRESIDENCE GUADELOUPEENNE DE LA CPRUP<\/h3>\n<h3 style=\"text-align: center;\">2025\/2026<\/h3>\n<p>&nbsp;<\/p>\n<ul>\n<li style=\"list-style-type: none;\">\n<ul>\n<li>Contribuer \u00e0 sensibiliser les institutions europ\u00e9ennes\u00a0sur la r\u00e9alit\u00e9 de l\u2019ultrap\u00e9riph\u00e9rie, notamment au regard du contexte g\u00e9opolitique actuel ;<\/li>\n<li>Veiller \u00e0 la prise en compte de l\u2019article 349 du Trait\u00e9 sur le fonctionnement de l\u2019UE dans les futures propositions l\u00e9gislatives, en particulier le cadre financier pluriannuel post 2027\u00a0;<\/li>\n<li>Rester vigilant sur l\u2019application du principe de subsidiarit\u00e9 dans les l\u00e9gislations qui vont \u00eatre publi\u00e9es par la Commission europ\u00e9enne\u00a0;<\/li>\n<li>Faire valoir les atouts des R\u00e9gions ultrap\u00e9riph\u00e9riques au regard de leur emplacement g\u00e9ostrat\u00e9gique dans toutes les politiques europ\u00e9ennes\u00a0;<\/li>\n<li>Suivre les \u00e9volutions de la mise en \u0153uvre de la strat\u00e9gie europ\u00e9enne en faveur de l\u2019ultrap\u00e9riph\u00e9rie\u00a0;<\/li>\n<li>Poursuivre un dialogue r\u00e9gulier avec les institutions europ\u00e9ennes, ainsi que nos Etats membres, dans un esprit de partenariat actif\u00a0;<\/li>\n<li>Accompagner le suivi de projets et d\u2019initiatives d\u2019int\u00e9r\u00eat conjoint\u00a0;<\/li>\n<\/ul>\n<\/li>\n<\/ul>\n<p>&nbsp;<\/p>\n<h4><\/h4>\n<p><\/p>","protected":false},"excerpt":{"rendered":"<p>FEUILLE DE ROUTE DE LA PRESIDENCE GUADELOUPEENNE DE LA CPRUP 2025\/2026 &nbsp; Contribuer \u00e0 sensibiliser les institutions europ\u00e9ennes\u00a0sur la r\u00e9alit\u00e9 de l\u2019ultrap\u00e9riph\u00e9rie, notamment au regard du contexte g\u00e9opolitique actuel ; Veiller \u00e0 la prise en compte de l\u2019article 349 du Trait\u00e9 sur le fonctionnement de l\u2019UE dans les futures propositions l\u00e9gislatives, en particulier le cadre [&hellip;]<\/p>\n","protected":false},"author":37,"featured_media":0,"parent":5982,"menu_order":3,"comment_status":"closed","ping_status":"closed","template":"page-static-rich.php","meta":{"_acf_changed":false,"footnotes":"","_links_to":"","_links_to_target":""},"class_list":["post-5996","page","type-page","status-publish","hentry"],"acf":[],"_links":{"self":[{"href":"https:\/\/www.cp-rup.com\/fr\/wp-json\/wp\/v2\/pages\/5996","targetHints":{"allow":["GET"]}}],"collection":[{"href":"https:\/\/www.cp-rup.com\/fr\/wp-json\/wp\/v2\/pages"}],"about":[{"href":"https:\/\/www.cp-rup.com\/fr\/wp-json\/wp\/v2\/types\/page"}],"author":[{"embeddable":true,"href":"https:\/\/www.cp-rup.com\/fr\/wp-json\/wp\/v2\/users\/37"}],"replies":[{"embeddable":true,"href":"https:\/\/www.cp-rup.com\/fr\/wp-json\/wp\/v2\/comments?post=5996"}],"version-history":[{"count":24,"href":"https:\/\/www.cp-rup.com\/fr\/wp-json\/wp\/v2\/pages\/5996\/revisions"}],"predecessor-version":[{"id":10025,"href":"https:\/\/www.cp-rup.com\/fr\/wp-json\/wp\/v2\/pages\/5996\/revisions\/10025"}],"up":[{"embeddable":true,"href":"https:\/\/www.cp-rup.com\/fr\/wp-json\/wp\/v2\/pages\/5982"}],"wp:attachment":[{"href":"https:\/\/www.cp-rup.com\/fr\/wp-json\/wp\/v2\/media?parent=5996"}],"curies":[{"name":"wp","href":"https:\/\/api.w.org\/{rel}","templated":true}]}}