{"id":6003,"date":"2020-11-25T15:07:46","date_gmt":"2020-11-25T15:07:46","guid":{"rendered":"https:\/\/cp-rup.com\/?page_id=6003"},"modified":"2023-10-10T19:23:48","modified_gmt":"2023-10-10T19:23:48","slug":"xxve-conference-des-presidents-des-regions-ultraperipheriques","status":"publish","type":"page","link":"https:\/\/www.cp-rup.com\/fr\/presidence-annuelle\/xxve-conference-des-presidents-des-regions-ultraperipheriques\/","title":{"rendered":"XXVIII Conf\u00e9rence des Pr\u00e9sidents des R\u00e9gions Ultrap\u00e9riph\u00e9riques"},"content":{"rendered":"<h1 style=\"text-align: center;\">XXVIII Conf\u00e9rence des Pr\u00e9sidents des R\u00e9gions Ultrap\u00e9riph\u00e9riques<\/h1>\n<p style=\"text-align: center;\">du 8 au 9 novembre de 2023 \u00e0 Santa Cruz de Tenerife, Canaries<\/p>\n<p style=\"text-align: center;\">Plus d\u2019informations et inscriptions sur ce <a href=\"https:\/\/xxviiicprup.org\/fr\/\">lien<\/a><\/p>\n<p style=\"text-align: center;\"><img loading=\"lazy\" decoding=\"async\" class=\"alignnone wp-image-7684\" src=\"https:\/\/cp-rup.com\/wp-content\/uploads\/2022\/12\/FotodeFamilia.XXVII_.CP-RUP-300x100.jpg\" alt=\"\" width=\"450\" height=\"150\" srcset=\"https:\/\/www.cp-rup.com\/wp-content\/uploads\/2022\/12\/FotodeFamilia.XXVII_.CP-RUP-300x100.jpg 300w, https:\/\/www.cp-rup.com\/wp-content\/uploads\/2022\/12\/FotodeFamilia.XXVII_.CP-RUP-1024x341.jpg 1024w, https:\/\/www.cp-rup.com\/wp-content\/uploads\/2022\/12\/FotodeFamilia.XXVII_.CP-RUP-768x256.jpg 768w, https:\/\/www.cp-rup.com\/wp-content\/uploads\/2022\/12\/FotodeFamilia.XXVII_.CP-RUP.jpg 1200w\" sizes=\"auto, (max-width: 450px) 100vw, 450px\" \/><\/p>\n","protected":false},"excerpt":{"rendered":"<p>XXVIII Conf\u00e9rence des Pr\u00e9sidents des R\u00e9gions Ultrap\u00e9riph\u00e9riques du 8 au 9 novembre de 2023 \u00e0 Santa Cruz de Tenerife, Canaries Plus d\u2019informations et inscriptions sur ce lien<\/p>\n","protected":false},"author":37,"featured_media":0,"parent":5982,"menu_order":0,"comment_status":"closed","ping_status":"closed","template":"","meta":{"_acf_changed":false,"footnotes":"","_links_to":"","_links_to_target":""},"class_list":["post-6003","page","type-page","status-publish","hentry"],"acf":[],"_links":{"self":[{"href":"https:\/\/www.cp-rup.com\/fr\/wp-json\/wp\/v2\/pages\/6003","targetHints":{"allow":["GET"]}}],"collection":[{"href":"https:\/\/www.cp-rup.com\/fr\/wp-json\/wp\/v2\/pages"}],"about":[{"href":"https:\/\/www.cp-rup.com\/fr\/wp-json\/wp\/v2\/types\/page"}],"author":[{"embeddable":true,"href":"https:\/\/www.cp-rup.com\/fr\/wp-json\/wp\/v2\/users\/37"}],"replies":[{"embeddable":true,"href":"https:\/\/www.cp-rup.com\/fr\/wp-json\/wp\/v2\/comments?post=6003"}],"version-history":[{"count":6,"href":"https:\/\/www.cp-rup.com\/fr\/wp-json\/wp\/v2\/pages\/6003\/revisions"}],"predecessor-version":[{"id":8955,"href":"https:\/\/www.cp-rup.com\/fr\/wp-json\/wp\/v2\/pages\/6003\/revisions\/8955"}],"up":[{"embeddable":true,"href":"https:\/\/www.cp-rup.com\/fr\/wp-json\/wp\/v2\/pages\/5982"}],"wp:attachment":[{"href":"https:\/\/www.cp-rup.com\/fr\/wp-json\/wp\/v2\/media?parent=6003"}],"curies":[{"name":"wp","href":"https:\/\/api.w.org\/{rel}","templated":true}]}}