{"id":6017,"date":"2021-03-19T22:52:49","date_gmt":"2021-03-19T22:52:49","guid":{"rendered":"https:\/\/cp-rup.com\/?page_id=6017"},"modified":"2021-03-19T22:52:49","modified_gmt":"2021-03-19T22:52:49","slug":"clause-de-non-responsabilite","status":"publish","type":"page","link":"https:\/\/www.cp-rup.com\/fr\/clause-de-non-responsabilite\/","title":{"rendered":"Clause de non-responsabilit\u00e9"},"content":{"rendered":"<h1 style=\"text-align: center;\">Clause de non-responsabilit\u00e9<\/h1>\n<p><span id=\"result_box\" class=\"\" lang=\"fr\"><span title=\"El presente sitio web tiene por objeto facilitar el acceso p\u00fablico a la informaci\u00f3n relacionada con La Conferencia de presidentes de las Regiones Ultraperif\u00e9ricas de la Uni\u00f3n Europea.\">Le but de ce site web est de faciliter l&rsquo;acc\u00e8s du public aux informations relatives \u00e0 la Conf\u00e9rence des Pr\u00e9sidents des R\u00e9gions Ultrap\u00e9riph\u00e9riques de l&rsquo;Union Europ\u00e9enne. <\/span><span title=\"Nuestro objetivo consiste en velar por la actualidad y exactitud de dicha informaci\u00f3n, no obstante no asumimos responsabilidad alguna en relaci\u00f3n con la informaci\u00f3n incluida en estas p\u00e1ginas. \">Notre objectif est d&rsquo;assurer la rapidit\u00e9 et la pr\u00e9cision de ces informations, cependant nous n&rsquo;assumons aucune responsabilit\u00e9 par rapport aux informations contenues dans ces pages.<\/span><\/span><\/p>\n<p><span title=\"La Conferencia de presidentes se reserva la facultad de efectuar, en cualquier momento y sin necesidad de previo aviso, modificaciones y actualizaciones sobre la informaci\u00f3n contenida en su web o en su configuraci\u00f3n o presentaci\u00f3n.\">La Conf\u00e9rence des Pr\u00e9sidents se r\u00e9serve le droit de faire, \u00e0 tout moment et sans pr\u00e9avis, des modifications et des mises \u00e0 jour sur les informations contenues sur son site internet ou sur sa configuration ou sa pr\u00e9sentation. <\/span><span title=\"La Conferencia de presidentes no garantiza la inexistencia de errores en el acceso al portal o en su contenido ni que \u00e9ste se encuentre totalmente actualizado, aunque desarrollar\u00e1 los esfuerzos precisos para evitarlos y, en su caso, subsanarlos o actualizarlos a la mayor brevedad posible. \">La Conf\u00e9rence des pr\u00e9sidents ne garantit pas l&rsquo;absence d&rsquo;erreurs dans l&rsquo;acc\u00e8s au portail ou dans son contenu, ni ne le met \u00e0 jour int\u00e9gralement, mais d\u00e9ploiera les efforts n\u00e9cessaires pour les \u00e9viter et, si n\u00e9cessaire, les corriger ou les mettre \u00e0 jour le plus rapidement possible.<\/span><\/p>\n<p><span title=\"La informaci\u00f3n proporcionada a trav\u00e9s del portal tiene car\u00e1cter meramente orientativo y en ning\u00fan caso podr\u00e1 ser vinculante para la resoluci\u00f3n de procedimientos administrativos, que se hallar\u00e1 sujeta exclusivamente a la normativa que les sea de aplicaci\u00f3n.\">Les informations fournies par le biais du portail sont purement indicatives et ne peuvent en aucun cas engager la r\u00e9solution des proc\u00e9dures administratives, qui seront exclusivement soumises \u00e0 la r\u00e9glementation qui leur est applicable.\u00a0<\/span><\/p>\n<p><span title=\"Tanto el acceso a la web, como el uso que pueda hacerse de la informaci\u00f3n contenida en el mismo son de la exclusiva responsabilidad de quien lo realiza.\">L&rsquo;acc\u00e8s au site et l&rsquo;utilisation qui peut en \u00eatre faite des informations qui y sont contenues sont la responsabilit\u00e9 exclusive de la personne qui l&rsquo;ex\u00e9cute. <\/span><span title=\"La Conferencia de presidentes no responder\u00e1 de ninguna consecuencia, da\u00f1o o perjuicio que pudieran derivarse de dicho acceso o uso de informaci\u00f3n, con excepci\u00f3n de todas aquellas actuaciones que resulten de las disposiciones legales aplicables. \">La Conf\u00e9rence des pr\u00e9sidents n&rsquo;est pas responsable des cons\u00e9quences, dommages ou pr\u00e9judices pouvant r\u00e9sulter de cet acc\u00e8s ou de cette utilisation des informations, \u00e0 l&rsquo;exception de toutes les actions r\u00e9sultant des dispositions l\u00e9gales applicables.<\/span><\/p>\n<p><span title=\"En este sitio web se han incluido enlaces a p\u00e1ginas de sitios web de terceros (\u201clinks\u201d) que se han considerado de inter\u00e9s para los usuarios.\">Sur ce site, des liens ont \u00e9t\u00e9 inclus vers des pages de sites Web de tiers (\u00abliens\u00bb) qui ont \u00e9t\u00e9 consid\u00e9r\u00e9s d&rsquo;int\u00e9r\u00eat pour les utilisateurs. <\/span><span title=\"No obstante, La Conferencia de presidentes no asume responsabilidad alguna derivada de la conexi\u00f3n o contenidos de los enlaces de terceros a los que se hace referencia en la web.\">Cependant, la Conf\u00e9rence des pr\u00e9sidents n&rsquo;assume aucune responsabilit\u00e9 d\u00e9riv\u00e9e de la connexion ou du contenu des liens de tiers r\u00e9f\u00e9renc\u00e9s sur le web.<\/span><\/p>\n","protected":false},"excerpt":{"rendered":"<p>Clause de non-responsabilit\u00e9 Le but de ce site web est de faciliter l&rsquo;acc\u00e8s du public aux informations relatives \u00e0 la Conf\u00e9rence des Pr\u00e9sidents des R\u00e9gions Ultrap\u00e9riph\u00e9riques de l&rsquo;Union Europ\u00e9enne. Notre objectif est d&rsquo;assurer la rapidit\u00e9 et la pr\u00e9cision de ces informations, cependant nous n&rsquo;assumons aucune responsabilit\u00e9 par rapport aux informations contenues dans ces pages. La [&hellip;]<\/p>\n","protected":false},"author":37,"featured_media":0,"parent":0,"menu_order":0,"comment_status":"closed","ping_status":"closed","template":"page-static-rich.php","meta":{"_acf_changed":false,"footnotes":"","_links_to":"","_links_to_target":""},"class_list":["post-6017","page","type-page","status-publish","hentry"],"acf":[],"_links":{"self":[{"href":"https:\/\/www.cp-rup.com\/fr\/wp-json\/wp\/v2\/pages\/6017","targetHints":{"allow":["GET"]}}],"collection":[{"href":"https:\/\/www.cp-rup.com\/fr\/wp-json\/wp\/v2\/pages"}],"about":[{"href":"https:\/\/www.cp-rup.com\/fr\/wp-json\/wp\/v2\/types\/page"}],"author":[{"embeddable":true,"href":"https:\/\/www.cp-rup.com\/fr\/wp-json\/wp\/v2\/users\/37"}],"replies":[{"embeddable":true,"href":"https:\/\/www.cp-rup.com\/fr\/wp-json\/wp\/v2\/comments?post=6017"}],"version-history":[{"count":1,"href":"https:\/\/www.cp-rup.com\/fr\/wp-json\/wp\/v2\/pages\/6017\/revisions"}],"predecessor-version":[{"id":6018,"href":"https:\/\/www.cp-rup.com\/fr\/wp-json\/wp\/v2\/pages\/6017\/revisions\/6018"}],"wp:attachment":[{"href":"https:\/\/www.cp-rup.com\/fr\/wp-json\/wp\/v2\/media?parent=6017"}],"curies":[{"name":"wp","href":"https:\/\/api.w.org\/{rel}","templated":true}]}}