{"id":6024,"date":"2021-03-19T22:56:31","date_gmt":"2021-03-19T22:56:31","guid":{"rendered":"https:\/\/cp-rup.com\/?page_id=6024"},"modified":"2021-03-19T22:56:31","modified_gmt":"2021-03-19T22:56:31","slug":"avis-de-droit-dauteur","status":"publish","type":"page","link":"https:\/\/www.cp-rup.com\/fr\/avis-de-droit-dauteur\/","title":{"rendered":"Avis de droit d&rsquo;auteur"},"content":{"rendered":"<h1 style=\"text-align: center;\">Avis de droit d&rsquo;auteur<\/h1>\n<p><span id=\"result_box\" class=\"\" lang=\"fr\"><span class=\"\">La reproduction du contenu de ces pages est autoris\u00e9e \u00e0 condition que la source soit cit\u00e9e, sauf indication contraire.<\/span> <span class=\"\">Dans les cas o\u00f9 une autorisation pr\u00e9alable est n\u00e9cessaire pour la reproduction ou l&rsquo;utilisation de donn\u00e9es textuelles ou multim\u00e9dia (sons, images, programmes, etc.), ladite autorisation annulera l&rsquo;autorisation g\u00e9n\u00e9rale susmentionn\u00e9e et mentionnera d&rsquo;\u00e9ventuelles restrictions d&rsquo;utilisation.<\/span><\/span><\/p>\n<p><span class=\"\">L&rsquo;utilisation abusive ou, le cas \u00e9ch\u00e9ant, non autoris\u00e9e des informations contenues dans ce site, ainsi que les dommages qui pourraient \u00eatre caus\u00e9s aux droits de propri\u00e9t\u00e9 intellectuelle donneront lieu \u00e0 l&rsquo;exercice des actions qui correspondent l\u00e9galement et, le cas \u00e9ch\u00e9ant, \u00e0<\/span> <span class=\"\">les responsabilit\u00e9s qui d\u00e9coulent de cet exercice.<\/span><\/p>\n","protected":false},"excerpt":{"rendered":"<p>Avis de droit d&rsquo;auteur La reproduction du contenu de ces pages est autoris\u00e9e \u00e0 condition que la source soit cit\u00e9e, sauf indication contraire. Dans les cas o\u00f9 une autorisation pr\u00e9alable est n\u00e9cessaire pour la reproduction ou l&rsquo;utilisation de donn\u00e9es textuelles ou multim\u00e9dia (sons, images, programmes, etc.), ladite autorisation annulera l&rsquo;autorisation g\u00e9n\u00e9rale susmentionn\u00e9e et mentionnera d&rsquo;\u00e9ventuelles [&hellip;]<\/p>\n","protected":false},"author":37,"featured_media":0,"parent":0,"menu_order":0,"comment_status":"closed","ping_status":"closed","template":"page-static-rich.php","meta":{"_acf_changed":false,"footnotes":"","_links_to":"","_links_to_target":""},"class_list":["post-6024","page","type-page","status-publish","hentry"],"acf":[],"_links":{"self":[{"href":"https:\/\/www.cp-rup.com\/fr\/wp-json\/wp\/v2\/pages\/6024","targetHints":{"allow":["GET"]}}],"collection":[{"href":"https:\/\/www.cp-rup.com\/fr\/wp-json\/wp\/v2\/pages"}],"about":[{"href":"https:\/\/www.cp-rup.com\/fr\/wp-json\/wp\/v2\/types\/page"}],"author":[{"embeddable":true,"href":"https:\/\/www.cp-rup.com\/fr\/wp-json\/wp\/v2\/users\/37"}],"replies":[{"embeddable":true,"href":"https:\/\/www.cp-rup.com\/fr\/wp-json\/wp\/v2\/comments?post=6024"}],"version-history":[{"count":1,"href":"https:\/\/www.cp-rup.com\/fr\/wp-json\/wp\/v2\/pages\/6024\/revisions"}],"predecessor-version":[{"id":6025,"href":"https:\/\/www.cp-rup.com\/fr\/wp-json\/wp\/v2\/pages\/6024\/revisions\/6025"}],"wp:attachment":[{"href":"https:\/\/www.cp-rup.com\/fr\/wp-json\/wp\/v2\/media?parent=6024"}],"curies":[{"name":"wp","href":"https:\/\/api.w.org\/{rel}","templated":true}]}}