{"id":6031,"date":"2021-03-19T22:59:22","date_gmt":"2021-03-19T22:59:22","guid":{"rendered":"https:\/\/cp-rup.com\/?page_id=6031"},"modified":"2021-03-19T22:59:22","modified_gmt":"2021-03-19T22:59:22","slug":"politique-de-confidentialite","status":"publish","type":"page","link":"https:\/\/www.cp-rup.com\/fr\/politique-de-confidentialite\/","title":{"rendered":"Politique de confidentialit\u00e9"},"content":{"rendered":"<h1 style=\"text-align: center;\">Politique de confidentialit\u00e9<\/h1>\n<p><span id=\"result_box\" class=\"\" lang=\"fr\"><span class=\"\">L&rsquo;utilisateur peut naviguer dans la plupart des pages de ce portail sans fournir d&rsquo;informations personnelles, mais dans le cas du formulaire de contact, cette information est n\u00e9cessaire pour fournir les informations demand\u00e9es.<\/span><\/span><\/p>\n<p><span class=\"\">Le formulaire Contact active l&rsquo;e-mail et vous invite \u00e0 envoyer des commentaires \u00e0 une bo\u00eete aux lettres fonctionnelle sp\u00e9cifique.<\/span> <span class=\"\">Seules les donn\u00e9es personnelles de l&rsquo;exp\u00e9diteur n\u00e9cessaires pour r\u00e9pondre sont collect\u00e9es, donn\u00e9es qui ne sont pas utilis\u00e9es \u00e0 d&rsquo;autres fins.<\/span><\/p>\n<p><span class=\"\">Si vous souhaitez demander ou demander quelque chose en relation avec le traitement de votre message \u00e9lectronique et vos donn\u00e9es personnelles, n&rsquo;h\u00e9sitez pas \u00e0 le faire dans le message lui-m\u00eame.<\/span><\/p>\n","protected":false},"excerpt":{"rendered":"<p>Politique de confidentialit\u00e9 L&rsquo;utilisateur peut naviguer dans la plupart des pages de ce portail sans fournir d&rsquo;informations personnelles, mais dans le cas du formulaire de contact, cette information est n\u00e9cessaire pour fournir les informations demand\u00e9es. Le formulaire Contact active l&rsquo;e-mail et vous invite \u00e0 envoyer des commentaires \u00e0 une bo\u00eete aux lettres fonctionnelle sp\u00e9cifique. Seules [&hellip;]<\/p>\n","protected":false},"author":37,"featured_media":0,"parent":0,"menu_order":0,"comment_status":"closed","ping_status":"closed","template":"page-static-rich.php","meta":{"_acf_changed":false,"footnotes":"","_links_to":"","_links_to_target":""},"class_list":["post-6031","page","type-page","status-publish","hentry"],"acf":[],"_links":{"self":[{"href":"https:\/\/www.cp-rup.com\/fr\/wp-json\/wp\/v2\/pages\/6031","targetHints":{"allow":["GET"]}}],"collection":[{"href":"https:\/\/www.cp-rup.com\/fr\/wp-json\/wp\/v2\/pages"}],"about":[{"href":"https:\/\/www.cp-rup.com\/fr\/wp-json\/wp\/v2\/types\/page"}],"author":[{"embeddable":true,"href":"https:\/\/www.cp-rup.com\/fr\/wp-json\/wp\/v2\/users\/37"}],"replies":[{"embeddable":true,"href":"https:\/\/www.cp-rup.com\/fr\/wp-json\/wp\/v2\/comments?post=6031"}],"version-history":[{"count":1,"href":"https:\/\/www.cp-rup.com\/fr\/wp-json\/wp\/v2\/pages\/6031\/revisions"}],"predecessor-version":[{"id":6032,"href":"https:\/\/www.cp-rup.com\/fr\/wp-json\/wp\/v2\/pages\/6031\/revisions\/6032"}],"wp:attachment":[{"href":"https:\/\/www.cp-rup.com\/fr\/wp-json\/wp\/v2\/media?parent=6031"}],"curies":[{"name":"wp","href":"https:\/\/api.w.org\/{rel}","templated":true}]}}