{"id":6039,"date":"2021-03-19T23:00:49","date_gmt":"2021-03-19T23:00:49","guid":{"rendered":"https:\/\/cp-rup.com\/?page_id=6039"},"modified":"2021-03-19T23:00:49","modified_gmt":"2021-03-19T23:00:49","slug":"politique-de-cookies","status":"publish","type":"page","link":"https:\/\/www.cp-rup.com\/fr\/politique-de-cookies\/","title":{"rendered":"Politique de cookies"},"content":{"rendered":"<h2 style=\"text-align: left;\">Politique de cookies<\/h2>\n<p>Le but de cette politique de cookie est de vous informer de fa\u00e7on claire et pr\u00e9cise sur les cookies qui sont utilis\u00e9s dans le portail web de la Conf\u00e9rence des Pr\u00e9sidents des R\u00e9gions Ultrap\u00e9riph\u00e9riques.<\/p>\n<h2 style=\"text-align: left;\">Que sont les cookies?<\/h2>\n<p>Un cookie est un petit fichier texte que des sites comme celui-ci installent sur l&rsquo;ordinateur ou l&rsquo;appareil mobile des utilisateurs qui les visitent. Les cookies permettent au site de se rappeler les actions et les pr\u00e9f\u00e9rences de l&rsquo;utilisateur (ouverture de session ID, la langue, la taille des caract\u00e8res et d&rsquo;autres pr\u00e9f\u00e9rences d&rsquo;affichage), pour que vous n&rsquo;ayez pas \u00e0 r\u00e9indiquer ces informations \u00e0 chaque fois vous consultez ces sites ou naviguez d&rsquo;une page \u00e0 une autre. Les cookies ne stockent pas les donn\u00e9es personnelles de l&rsquo;utilisateur.<\/p>\n<h2 style=\"text-align: left;\">Fonctionnalit\u00e9 des cookies<\/h2>\n<p>Les cookies sont utilis\u00e9s pour am\u00e9liorer l&rsquo;exp\u00e9rience de navigation de l&rsquo;utilisateur, en augmentant la vitesse et l&rsquo;efficacit\u00e9 de la r\u00e9ponse et en \u00e9liminant la n\u00e9cessit\u00e9 d&rsquo;entrer de mani\u00e8re r\u00e9p\u00e9t\u00e9e les m\u00eames informations. Chaque cookie utilis\u00e9 a une fonction et une date d&rsquo;expiration.<\/p>\n<h2 style=\"text-align: left;\">Cookies utilis\u00e9s sur ce site<\/h2>\n<p><strong>Cookies analytiques<\/strong>: Ils sont utilis\u00e9s de mani\u00e8re anonyme pour la cr\u00e9ation et l&rsquo;analyse de statistiques afin d&rsquo;am\u00e9liorer le fonctionnement du site;<\/p>\n<p><strong>Cookies techniques<\/strong>: vous permettent de naviguer sur le site, ainsi que d&rsquo;acc\u00e9der aux zones s\u00e9curis\u00e9es du site. Sans ces cookies, les services que vous avez demand\u00e9s ne peuvent pas \u00eatre fournis;<\/p>\n<p><strong>Cookies de fonctionnalit\u00e9 (personnalisation)<\/strong>: Ils conservent les pr\u00e9f\u00e9rences de l&rsquo;utilisateur concernant l&rsquo;utilisation du site, il n&rsquo;est donc pas n\u00e9cessaire de reconfigurer le site chaque fois que vous le visitez.<\/p>\n<h2 style=\"text-align: left;\">Comment modifier la configuration des cookies<\/h2>\n<p>Vous pouvez restreindre, bloquer ou supprimer les cookies de ce site Web ou de tout autre site Web \u00e0 l&rsquo;aide de votre navigateur. Dans chaque navigateur, l&rsquo;op\u00e9ration est diff\u00e9rente, la fonction \u00ab\u00a0Aide\u00a0\u00bb vous montrera comment le faire (pour plus d&rsquo;informations, voir aboutcookies.org). Mais gardez \u00e0 l&rsquo;esprit que, si vous refusez les cookies, vous devrez peut-\u00eatre reconfigurer manuellement vos pr\u00e9f\u00e9rences chaque fois que vous visitez un site et que certains services et fonctionnalit\u00e9s cessent de fonctionner.<\/p>\n","protected":false},"excerpt":{"rendered":"<p>Politique de cookies Le but de cette politique de cookie est de vous informer de fa\u00e7on claire et pr\u00e9cise sur les cookies qui sont utilis\u00e9s dans le portail web de la Conf\u00e9rence des Pr\u00e9sidents des R\u00e9gions Ultrap\u00e9riph\u00e9riques. Que sont les cookies? Un cookie est un petit fichier texte que des sites comme celui-ci installent sur [&hellip;]<\/p>\n","protected":false},"author":37,"featured_media":0,"parent":0,"menu_order":0,"comment_status":"closed","ping_status":"closed","template":"page-static-rich.php","meta":{"_acf_changed":false,"footnotes":"","_links_to":"","_links_to_target":""},"class_list":["post-6039","page","type-page","status-publish","hentry"],"acf":[],"_links":{"self":[{"href":"https:\/\/www.cp-rup.com\/fr\/wp-json\/wp\/v2\/pages\/6039","targetHints":{"allow":["GET"]}}],"collection":[{"href":"https:\/\/www.cp-rup.com\/fr\/wp-json\/wp\/v2\/pages"}],"about":[{"href":"https:\/\/www.cp-rup.com\/fr\/wp-json\/wp\/v2\/types\/page"}],"author":[{"embeddable":true,"href":"https:\/\/www.cp-rup.com\/fr\/wp-json\/wp\/v2\/users\/37"}],"replies":[{"embeddable":true,"href":"https:\/\/www.cp-rup.com\/fr\/wp-json\/wp\/v2\/comments?post=6039"}],"version-history":[{"count":1,"href":"https:\/\/www.cp-rup.com\/fr\/wp-json\/wp\/v2\/pages\/6039\/revisions"}],"predecessor-version":[{"id":6040,"href":"https:\/\/www.cp-rup.com\/fr\/wp-json\/wp\/v2\/pages\/6039\/revisions\/6040"}],"wp:attachment":[{"href":"https:\/\/www.cp-rup.com\/fr\/wp-json\/wp\/v2\/media?parent=6039"}],"curies":[{"name":"wp","href":"https:\/\/api.w.org\/{rel}","templated":true}]}}