{"id":6067,"date":"2021-03-19T23:52:15","date_gmt":"2021-03-19T23:52:15","guid":{"rendered":"https:\/\/cp-rup.com\/?page_id=6067"},"modified":"2021-03-19T23:52:15","modified_gmt":"2021-03-19T23:52:15","slug":"formulaire-24eme-rup","status":"publish","type":"page","link":"https:\/\/www.cp-rup.com\/fr\/formulaire-24eme-rup\/","title":{"rendered":"Formulaire 24\u00e8me RUP"},"content":{"rendered":"<p><img loading=\"lazy\" decoding=\"async\" class=\"size-full wp-image-4844 alignleft\" src=\"https:\/\/cp-rup.com\/wp-content\/uploads\/2019\/11\/logo-2.png\" alt=\"\" width=\"422\" height=\"172\" srcset=\"https:\/\/www.cp-rup.com\/wp-content\/uploads\/2019\/11\/logo-2.png 422w, https:\/\/www.cp-rup.com\/wp-content\/uploads\/2019\/11\/logo-2-300x122.png 300w\" sizes=\"auto, (max-width: 422px) 100vw, 422px\" \/><\/p>\n<p><strong><br \/>\nX<\/strong><strong>XIV Conf\u00e9rence des Pr\u00e9sidents des R\u00e9gions ultrap\u00e9riph\u00e9riques<br \/>\nSaint Martin (partie fran\u00e7aise) 6-7 f\u00e9vrier 2020<\/strong><\/p>\n<p><strong>\u00a0<\/strong><\/p>\n<p><img loading=\"lazy\" decoding=\"async\" class=\"wp-image-4846 alignright\" src=\"https:\/\/cp-rup.com\/wp-content\/uploads\/2019\/11\/carte-1.png\" alt=\"\" width=\"357\" height=\"266\" srcset=\"https:\/\/www.cp-rup.com\/wp-content\/uploads\/2019\/11\/carte-1.png 696w, https:\/\/www.cp-rup.com\/wp-content\/uploads\/2019\/11\/carte-1-300x223.png 300w\" sizes=\"auto, (max-width: 357px) 100vw, 357px\" \/><\/p>\n<p>&nbsp;<\/p>\n<p>&nbsp;<\/p>\n<p style=\"text-align: center;\"><strong>Informations Pratiques<\/strong><\/p>\n<p>Saint Martin est une \u00eele du nord-est des Antilles situ\u00e9e \u00e0 250 km au nord de la Guadeloupe et<br \/>\n240 km \u00e0 l&rsquo;est de Porto Rico. Avec sa superficie de 93 km2, elle compte environ 75\u00a0000 habitants.<br \/>\nElle est partag\u00e9e en deux \u00c9tats par une fronti\u00e8re ouverte de 10 km. La partie fran\u00e7aise situ\u00e9e dans le nord de l&rsquo;\u00eele, collectivit\u00e9 d&rsquo;outre-mer depuis 2007 comptant 35107 habitants en 2014 (RUP) ;<br \/>\nLa partie n\u00e9erlandaise situ\u00e9e dans le sud de l&rsquo;\u00eele, \u00c9tat autonome du royaume des Pays-Bas depuis le 10 octobre 2010, comptant 38 959 habitants en 2007 (PTOM).<\/p>\n<p>L\u2019\u00eele de Saint Martin se trouve \u00e0 8000 km du continent europ\u00e9en, soit \u00e0 8h de vol de Paris. L\u2019a\u00e9roport \u00ab Princess Juliana \u00bb, situ\u00e9 en partie n\u00e9erlandaise, est un hub international avec des vols r\u00e9gulier de Paris et Amsterdam. L\u2019a\u00e9roport de Grand Case quant \u00e0 lui est un a\u00e9roport r\u00e9gional et assure des liaisons quotidiennes entre Saint-Martin \/Guadeloupe et Martinique.<br \/>\nL&rsquo;\u00eele conna\u00eet un climat oc\u00e9anique intertropicale, avec une saison dite \u00ab\u00a0s\u00e8che\u00a0\u00bb (de d\u00e9cembre \u00e0 mai) et une saison dite \u00ab\u00a0humide\u00a0\u00bb\/ Saison cyclonique (de juin \u00e0 novembre) La temp\u00e9rature est en &#8211; 2 &#8211; moyenne de 27 \u00b0C toute l\u2019ann\u00e9e. La temp\u00e9rature de la mer en surface est assez constante entre 25 \u00b0C et 28 \u00b0C.<br \/>\nLa capitale de de la partie fran\u00e7aise est Marigot et celle du c\u00f4t\u00e9 hollandais est Phillipsburg.<\/p>\n<p>&nbsp;<\/p>\n<p><img loading=\"lazy\" decoding=\"async\" class=\"wp-image-4845 alignright\" src=\"https:\/\/cp-rup.com\/wp-content\/uploads\/2019\/11\/carte.png\" alt=\"\" width=\"366\" height=\"222\" \/><strong><br \/>\nTransferts<br \/>\n<\/strong>L\u00b4organisation a pr\u00e9vu le transfert \u00e0 l\u00b4arriv\u00e9e et au d\u00e9part des d\u00e9l\u00e9gations ainsi que tous les transferts pr\u00e9vus durant la Conf\u00e9rence.<br \/>\nAfin d\u2019assurer le bon d\u00e9roulement de la Conf\u00e9rence merci de prendre en compte les horaires de d\u00e9part et de retour \u2013indiqu\u00e9s dans le programme.<\/p>\n<p><strong>Logement<\/strong><br \/>\nH\u00f4tel Hommage situ\u00e9 au 173 Rue de Baie Nettle Marigot, 97150, Saint-Martin <a href=\"https:\/\/hommagehotel.com\/\">https:\/\/hommagehotel.com\/<\/a><\/p>\n<p>Vous pouvez b\u00e9n\u00e9ficier des tarifs pr\u00e9f\u00e9rentiels ci-dessous jusqu\u2019au 31 d\u00e9cembre 2019 :<br \/>\nChambre standard (c\u00f4t\u00e9 rue) : 189 euros<br \/>\nChambre sup\u00e9rieure : 198 euros<br \/>\nJunior suite : 220,50 euros<br \/>\nDuplex : 261 euros<br \/>\n<strong>Afin d\u2019effectuer votre r\u00e9servation, veuillez transmettre votre demande par mail \u00e0 hello@hommagehotel.com, avec le code RUP2020.<\/strong><br \/>\nInformations compl\u00e9mentaires<br \/>\nPour des raisons de s\u00e9curit\u00e9 nous vous prions d\u00b4utiliser pendant toute la Conf\u00e9rence, le badge d\u00b4identification que vous trouverez \u00e0 votre arriv\u00e9e \u00e0 l\u00b4h\u00f4tel.<\/p>\n<p><strong>Contacts :<\/strong><br \/>\ninfo@cr-rup.com<\/p>\n<p>&nbsp;<\/p>\n","protected":false},"excerpt":{"rendered":"<p>XXIV Conf\u00e9rence des Pr\u00e9sidents des R\u00e9gions ultrap\u00e9riph\u00e9riques Saint Martin (partie fran\u00e7aise) 6-7 f\u00e9vrier 2020 \u00a0 &nbsp; &nbsp; Informations Pratiques Saint Martin est une \u00eele du nord-est des Antilles situ\u00e9e \u00e0 250 km au nord de la Guadeloupe et 240 km \u00e0 l&rsquo;est de Porto Rico. Avec sa superficie de 93 km2, elle compte environ 75\u00a0000 [&hellip;]<\/p>\n","protected":false},"author":37,"featured_media":0,"parent":0,"menu_order":0,"comment_status":"closed","ping_status":"closed","template":"","meta":{"_acf_changed":false,"footnotes":"","_links_to":"","_links_to_target":""},"class_list":["post-6067","page","type-page","status-publish","hentry"],"acf":[],"_links":{"self":[{"href":"https:\/\/www.cp-rup.com\/fr\/wp-json\/wp\/v2\/pages\/6067","targetHints":{"allow":["GET"]}}],"collection":[{"href":"https:\/\/www.cp-rup.com\/fr\/wp-json\/wp\/v2\/pages"}],"about":[{"href":"https:\/\/www.cp-rup.com\/fr\/wp-json\/wp\/v2\/types\/page"}],"author":[{"embeddable":true,"href":"https:\/\/www.cp-rup.com\/fr\/wp-json\/wp\/v2\/users\/37"}],"replies":[{"embeddable":true,"href":"https:\/\/www.cp-rup.com\/fr\/wp-json\/wp\/v2\/comments?post=6067"}],"version-history":[{"count":1,"href":"https:\/\/www.cp-rup.com\/fr\/wp-json\/wp\/v2\/pages\/6067\/revisions"}],"predecessor-version":[{"id":6068,"href":"https:\/\/www.cp-rup.com\/fr\/wp-json\/wp\/v2\/pages\/6067\/revisions\/6068"}],"wp:attachment":[{"href":"https:\/\/www.cp-rup.com\/fr\/wp-json\/wp\/v2\/media?parent=6067"}],"curies":[{"name":"wp","href":"https:\/\/api.w.org\/{rel}","templated":true}]}}