{"id":6096,"date":"2021-03-20T00:01:21","date_gmt":"2021-03-20T00:01:21","guid":{"rendered":"https:\/\/cp-rup.com\/?page_id=6096"},"modified":"2021-03-20T00:01:33","modified_gmt":"2021-03-20T00:01:33","slug":"fr-24-conference-des-presidents-des-regions-ultraperipheriques-3","status":"publish","type":"page","link":"https:\/\/www.cp-rup.com\/fr\/fr-24-conference-des-presidents-des-regions-ultraperipheriques-3\/","title":{"rendered":""},"content":{"rendered":"<h1 style=\"text-align: center;\">XXVe Conf\u00e9rence des Pr\u00e9sidents des R\u00e9gions Ultrap\u00e9riph\u00e9riques<\/h1>\n<p style=\"text-align: center;\">du 26 au 27 Novembre de 2020 \u00e0 Mayotte par visioconf\u00e9rence<\/p>\n<p style=\"text-align: center;\"><a href=\"https:\/\/cp-rup.com\/wp-content\/uploads\/2020\/11\/WEB-PROGRAM-EN.pdf\"><strong>Programme de la Conf\u00e9rence<\/strong><\/a><\/p>\n<p style=\"text-align: center;\"><a href=\"https:\/\/cp-rup.com\/wp-content\/uploads\/2020\/11\/Communique_Mayotte_25_NOV.pdf\">Communiqu\u00e9 de presse du 25 novembre<\/a><\/p>\n<p style=\"text-align: center;\"><a href=\"https:\/\/cp-rup.com\/wp-content\/uploads\/2020\/11\/Version_Finale_Act%C3%A9_VF.pdf\">D\u00e9claration Finale<\/a><\/p>\n<p style=\"text-align: center;\">Pour toute information, veuillez \u00e9crire un e-mail \u00e0 <a href=\"mailto:contact@cp-rupmayotte.com\">contact@cp-rupmayotte.com<\/a><\/p>\n<p style=\"text-align: center;\"><div id=\"metaslider-id-3880\" style=\"max-width: 1200px;\" class=\"ml-slider-3-20-3 metaslider metaslider-flex metaslider-3880 ml-slider\">\n    <div id=\"metaslider_container_3880\">\n        <div id=\"metaslider_3880\">\n            <ul aria-live=\"polite\" class=\"slides\">\n                <li style=\"display: block; width: 100%;\" class=\"slide-5426 ms-image\"><img loading=\"lazy\" decoding=\"async\" src=\"https:\/\/www.cp-rup.com\/wp-content\/uploads\/2020\/07\/109915337_1684830265014718_5731765665403614709_n-960x320.jpg\" height=\"400\" width=\"1200\" alt=\"\" class=\"slider-3880 slide-5426\" \/><\/li>\n                <li style=\"display: none; width: 100%;\" class=\"slide-5535 ms-image\"><img loading=\"lazy\" decoding=\"async\" src=\"https:\/\/www.cp-rup.com\/wp-content\/uploads\/2020\/11\/IMG-20200207-WA0017-1200x400.jpg\" height=\"400\" width=\"1200\" alt=\"\" class=\"slider-3880 slide-5535\" \/><\/li>\n                <li style=\"display: none; width: 100%;\" class=\"slide-5531 ms-image\"><img loading=\"lazy\" decoding=\"async\" src=\"https:\/\/www.cp-rup.com\/wp-content\/uploads\/2020\/11\/IMG-20201016-WA0035-1200x400.jpg\" height=\"400\" width=\"1200\" alt=\"\" class=\"slider-3880 slide-5531\" \/><\/li>\n                <li style=\"display: none; width: 100%;\" class=\"slide-5533 ms-image\"><img loading=\"lazy\" decoding=\"async\" src=\"https:\/\/www.cp-rup.com\/wp-content\/uploads\/2020\/11\/IMG-20200208-WA0005-1200x400.jpg\" height=\"400\" width=\"1200\" alt=\"\" class=\"slider-3880 slide-5533\" \/><\/li>\n                <li style=\"display: none; width: 100%;\" class=\"slide-4073 ms-image\"><img loading=\"lazy\" decoding=\"async\" src=\"https:\/\/www.cp-rup.com\/wp-content\/uploads\/2018\/11\/Gwen-Le-Bigot-il\u00f4t-Dzaoudzi-1200x400.jpg\" height=\"400\" width=\"1200\" alt=\"\" class=\"slider-3880 slide-4073\" \/><\/li>\n            <\/ul>\n        <\/div>\n        \n    <\/div>\n<\/div><\/p>\n","protected":false},"excerpt":{"rendered":"<p>XXVe Conf\u00e9rence des Pr\u00e9sidents des R\u00e9gions Ultrap\u00e9riph\u00e9riques du 26 au 27 Novembre de 2020 \u00e0 Mayotte par visioconf\u00e9rence Programme de la Conf\u00e9rence Communiqu\u00e9 de presse du 25 novembre D\u00e9claration Finale Pour toute information, veuillez \u00e9crire un e-mail \u00e0 contact@cp-rupmayotte.com<\/p>\n","protected":false},"author":37,"featured_media":0,"parent":0,"menu_order":0,"comment_status":"closed","ping_status":"closed","template":"","meta":{"_acf_changed":false,"footnotes":"","_links_to":"","_links_to_target":""},"class_list":["post-6096","page","type-page","status-publish","hentry"],"acf":[],"_links":{"self":[{"href":"https:\/\/www.cp-rup.com\/fr\/wp-json\/wp\/v2\/pages\/6096","targetHints":{"allow":["GET"]}}],"collection":[{"href":"https:\/\/www.cp-rup.com\/fr\/wp-json\/wp\/v2\/pages"}],"about":[{"href":"https:\/\/www.cp-rup.com\/fr\/wp-json\/wp\/v2\/types\/page"}],"author":[{"embeddable":true,"href":"https:\/\/www.cp-rup.com\/fr\/wp-json\/wp\/v2\/users\/37"}],"replies":[{"embeddable":true,"href":"https:\/\/www.cp-rup.com\/fr\/wp-json\/wp\/v2\/comments?post=6096"}],"version-history":[{"count":2,"href":"https:\/\/www.cp-rup.com\/fr\/wp-json\/wp\/v2\/pages\/6096\/revisions"}],"predecessor-version":[{"id":6098,"href":"https:\/\/www.cp-rup.com\/fr\/wp-json\/wp\/v2\/pages\/6096\/revisions\/6098"}],"wp:attachment":[{"href":"https:\/\/www.cp-rup.com\/fr\/wp-json\/wp\/v2\/media?parent=6096"}],"curies":[{"name":"wp","href":"https:\/\/api.w.org\/{rel}","templated":true}]}}