{"id":9415,"date":"2023-11-29T15:05:50","date_gmt":"2023-11-29T15:05:50","guid":{"rendered":"https:\/\/cp-rup.com\/?page_id=9415"},"modified":"2024-01-08T08:55:47","modified_gmt":"2024-01-08T08:55:47","slug":"xxviii-cprup","status":"publish","type":"page","link":"https:\/\/www.cp-rup.com\/fr\/presidence-annuelle\/xxviii-cprup\/","title":{"rendered":"XXVIII CPRUP"},"content":{"rendered":"<p><img loading=\"lazy\" decoding=\"async\" class=\"alignnone wp-image-9282 size-full\" src=\"https:\/\/cp-rup.com\/wp-content\/uploads\/2023\/11\/Escalera2-DSC04813.png\" alt=\"\" width=\"1200\" height=\"593\" srcset=\"https:\/\/www.cp-rup.com\/wp-content\/uploads\/2023\/11\/Escalera2-DSC04813.png 1200w, https:\/\/www.cp-rup.com\/wp-content\/uploads\/2023\/11\/Escalera2-DSC04813-300x148.png 300w, https:\/\/www.cp-rup.com\/wp-content\/uploads\/2023\/11\/Escalera2-DSC04813-1024x506.png 1024w, https:\/\/www.cp-rup.com\/wp-content\/uploads\/2023\/11\/Escalera2-DSC04813-768x380.png 768w\" sizes=\"auto, (max-width: 1200px) 100vw, 1200px\" \/><\/p>\n<h1>XXVIII\u00e8me Conf\u00e9rence des pr\u00e9sidents des RUP<\/h1>\n<p>Compos\u00e9e des pr\u00e9sidents des r\u00e9gions ultrap\u00e9riph\u00e9riques de l&rsquo;UE, la Conf\u00e9rence des RUP se r\u00e9unit chaque ann\u00e9e dans la r\u00e9gion ultrap\u00e9riph\u00e9rique qui assure la pr\u00e9sidence tournante annuelle, afin d&rsquo;\u00e9tablir les axes fondamentaux de l&rsquo;action de ces r\u00e9gions dans les contextes national, europ\u00e9en et international. Ce travail, qui se traduirait par une d\u00e9claration finale de tous les gouvernements des RUP, devient la feuille de route de l&rsquo;action politique des RUP de l&rsquo;Espagne, de la France et du Portugal chaque ann\u00e9e.<\/p>\n<p>La XXVIII\u00e8me Conf\u00e9rence des Pr\u00e9sidents des r\u00e9gions ultrap\u00e9riph\u00e9riques (CPRUP) de l&rsquo;Union europ\u00e9enne (UE) s&rsquo;est tenue les 8 et 9 novembre au si\u00e8ge de la Pr\u00e9sidence du Gouvernement des Canaries \u00e0 Santa Cruz de Tenerife, en pr\u00e9sence de hauts repr\u00e9sentants des gouvernements d\u2019appartenance des RUP de l&rsquo;Espagne, de la France et du Portugal, dont le Pr\u00e9sident de Mad\u00e8re, Miguel Albuquerque,\u00a0 la Pr\u00e9sidente de la R\u00e9union, Huguette Bello, le Chef de l&rsquo;Ex\u00e9cutif de Saint-Martin, Louis Mussington, ainsi que des repr\u00e9sentants des gouvernements des autres r\u00e9gions : Pedro Faria e Castro, secr\u00e9taire r\u00e9gional de la pr\u00e9sidence du gouvernement de la r\u00e9gion autonome des A\u00e7ores, ainsi que les vice-pr\u00e9sidents de la Guadeloupe, Patrick Sellin, de la Guyane, Thibault Lechat-Vega, de Mayotte, Zamimou Ahamadi, et de la Martinique, Patricia Telle.<\/p>\n<p>Une importante d\u00e9l\u00e9gation de repr\u00e9sentants politiques r\u00e9gionaux, nationaux et europ\u00e9ens a \u00e9galement particip\u00e9 \u00e0 la session de partenariat de la XXVIII\u00e8me CPRUP le 9 novembre, dont la commissaire europ\u00e9enne charg\u00e9e de la coh\u00e9sion et des r\u00e9formes, Elisa Ferreira, de nationalit\u00e9 portugaise, le Ministre d\u00e9l\u00e9gu\u00e9 fran\u00e7ais charg\u00e9 des Outre-mer, Philippe Vigier, le Secr\u00e9taire d&rsquo;\u00c9tat portugais charg\u00e9s des affaires europ\u00e9ennes, Tiago Antunes, et son homologue au sein du Gouvernement espagnol, Pascual Navarro. Gabriel Mato, Juan Fernando L\u00f3pez Aguilar, St\u00e9phane Bijoux, Max Orville et Maxette Pirbakas, ainsi que le repr\u00e9sentant du Comit\u00e9 \u00e9conomique et social europ\u00e9en, Jo\u00ebl Destom, ont \u00e9galement pris la parole.<\/p>\n<p><img loading=\"lazy\" decoding=\"async\" class=\"alignnone wp-image-9379 size-full\" src=\"https:\/\/cp-rup.com\/wp-content\/uploads\/2023\/11\/XXVIIICPRUP_dia9-DSC05940.png\" alt=\"\" width=\"1200\" height=\"680\" srcset=\"https:\/\/www.cp-rup.com\/wp-content\/uploads\/2023\/11\/XXVIIICPRUP_dia9-DSC05940.png 1200w, https:\/\/www.cp-rup.com\/wp-content\/uploads\/2023\/11\/XXVIIICPRUP_dia9-DSC05940-300x170.png 300w, https:\/\/www.cp-rup.com\/wp-content\/uploads\/2023\/11\/XXVIIICPRUP_dia9-DSC05940-1024x580.png 1024w, https:\/\/www.cp-rup.com\/wp-content\/uploads\/2023\/11\/XXVIIICPRUP_dia9-DSC05940-768x435.png 768w\" sizes=\"auto, (max-width: 1200px) 100vw, 1200px\" \/><\/p>\n<p>Mercredi 8 novembre, la CPRUP a adopt\u00e9 une <strong><a href=\"https:\/\/cp-rup.com\/wp-content\/uploads\/2023\/11\/Declaration-Finale-XXVIII-CPRUP-1.pdf\" target=\"_blank\" rel=\"noopener noreferrer\">d\u00e9claration commune<\/a><\/strong> des neuf territoires faisant partie de l&rsquo;UE en vue d\u2019exiger aux instances europ\u00e9ennes de tenir compte des sp\u00e9cificit\u00e9s des RUP dans tout projet ou toute action politique au sein de l&rsquo;UE-27.<\/p>\n<p>Dans cette d\u00e9claration, les neuf r\u00e9gions ultrap\u00e9riph\u00e9riques de l&rsquo;UE mettent l&rsquo;accent sur les politiques de l&rsquo;UE en mati\u00e8re de coh\u00e9sion \u00e9conomique et sociale, d&rsquo;int\u00e9gration budg\u00e9taire, d&rsquo;\u00e9nergie, de migration, de lutte contre le changement climatique, de fiscalit\u00e9, de douanes, de transports, de coop\u00e9ration territoriale, d&rsquo;agriculture et de p\u00eache. Dans ce contexte, les RUP soulignent l&rsquo;impact sur ces territoires du\u00a0pr\u00e9sent \u00ab\u00a0contexte g\u00e9opolitique, marqu\u00e9 par une d\u00e9gradation de la situation internationale, qui a encore exacerb\u00e9 leur vuln\u00e9rabilit\u00e9 et leur d\u00e9pendance \u00e0 l\u2019\u00e9gard de l\u2019ext\u00e9rieur\u00a0\u00bb. Cette d\u00e9claration finale a indiqu\u00e9 \u00e9galement que \u00ab\u00a0les conflits arm\u00e9s dans le monde et l&rsquo;instabilit\u00e9 de nos environnements g\u00e9ographiques, en particulier en Afrique et dans les Cara\u00efbes, appellent des r\u00e9ponses concr\u00e8tes en vue d\u2019assurer la s\u00e9curit\u00e9 et la stabilit\u00e9 dans l&rsquo;ensemble de l&rsquo;Union europ\u00e9enne, y compris dans ses territoires les plus \u00e9loign\u00e9s\u00a0\u00bb, ainsi que le risque \u00ab\u00a0encore plus incertain\u00a0\u00bb que repr\u00e9sente l&rsquo;\u00e9ventuel \u00e9largissement de l&rsquo;UE dans les ann\u00e9es \u00e0 venir.<\/p>\n<p>Ces approches des RUP ont \u00e9t\u00e9 abord\u00e9es lors de la conf\u00e9rence d&rsquo;information donn\u00e9e par le Pr\u00e9sident des Canaries, Fernando Clavijo Batlle, et la Pr\u00e9sidente de La R\u00e9union, Huguette Bello, visant \u00e0 pr\u00e9senter la d\u00e9claration finale de la XXVIII\u00e8me CPRUP.<\/p>\n<p>A l&rsquo;issue de la Conf\u00e9rence, comme chaque ann\u00e9e, la pr\u00e9sidence de cet organe repr\u00e9sentatif des r\u00e9gions ultrap\u00e9riph\u00e9riques a \u00e9t\u00e9 transmise, \u00e0 cette occasion, \u00e0 la r\u00e9gion fran\u00e7aise de La R\u00e9union.<\/p>\n<div id=\"metaslider-id-9357\" style=\"max-width: 1200px; margin: 0 auto;\" class=\"ml-slider-3-20-3 metaslider metaslider-flex metaslider-9357 ml-slider\">\n    <div id=\"metaslider_container_9357\">\n        <div id=\"metaslider_9357\">\n            <ul aria-live=\"polite\" class=\"slides\">\n                <li style=\"display: block; width: 100%;\" class=\"slide-9382 ms-image\"><img loading=\"lazy\" decoding=\"async\" src=\"https:\/\/www.cp-rup.com\/wp-content\/uploads\/2023\/11\/FotoFamilia-1200-1200x500.jpg\" height=\"500\" width=\"1200\" alt=\"\" class=\"slider-9357 slide-9382\" title=\"FotoFamilia-1200\" \/><\/li>\n                <li style=\"display: none; width: 100%;\" class=\"slide-9366 ms-image\"><img loading=\"lazy\" decoding=\"async\" src=\"https:\/\/www.cp-rup.com\/wp-content\/uploads\/2023\/11\/xxviiiCPRUP-dia9-DSC05976.png\" height=\"500\" width=\"1200\" alt=\"\" class=\"slider-9357 slide-9366\" title=\"xxviiiCPRUP-dia9-DSC05976\" \/><\/li>\n                <li style=\"display: none; width: 100%;\" class=\"slide-9367 ms-image\"><img loading=\"lazy\" decoding=\"async\" src=\"https:\/\/www.cp-rup.com\/wp-content\/uploads\/2023\/11\/xxviiiCPRUP-dia9-DSC05700.jpg\" height=\"500\" width=\"1200\" alt=\"\" class=\"slider-9357 slide-9367\" title=\"xxviiiCPRUP-dia9-DSC05700\" \/><\/li>\n                <li style=\"display: none; width: 100%;\" class=\"slide-9368 ms-image\"><img loading=\"lazy\" decoding=\"async\" src=\"https:\/\/www.cp-rup.com\/wp-content\/uploads\/2023\/11\/xxviiiCPRUP-dia9-DSC05621.png\" height=\"500\" width=\"1200\" alt=\"\" class=\"slider-9357 slide-9368\" title=\"xxviiiCPRUP-dia9-DSC05621\" \/><\/li>\n                <li style=\"display: none; width: 100%;\" class=\"slide-9369 ms-image\"><img loading=\"lazy\" decoding=\"async\" src=\"https:\/\/www.cp-rup.com\/wp-content\/uploads\/2023\/11\/xxviiiCPRUP-dia9-DSC05604.png\" height=\"500\" width=\"1200\" alt=\"\" class=\"slider-9357 slide-9369\" title=\"xxviiiCPRUP-dia9-DSC05604\" \/><\/li>\n                <li style=\"display: none; width: 100%;\" class=\"slide-9370 ms-image\"><img loading=\"lazy\" decoding=\"async\" src=\"https:\/\/www.cp-rup.com\/wp-content\/uploads\/2023\/11\/xxviiiCPRUP-dia9-DSC05566.png\" height=\"500\" width=\"1200\" alt=\"\" class=\"slider-9357 slide-9370\" title=\"xxviiiCPRUP-dia9-DSC05566\" \/><\/li>\n                <li style=\"display: none; width: 100%;\" class=\"slide-9373 ms-image\"><img loading=\"lazy\" decoding=\"async\" src=\"https:\/\/www.cp-rup.com\/wp-content\/uploads\/2023\/11\/xxviiiCPRUP-dia8-DSC05214.png\" height=\"500\" width=\"1200\" alt=\"\" class=\"slider-9357 slide-9373\" title=\"xxviiiCPRUP-dia8-DSC05214\" \/><\/li>\n                <li style=\"display: none; width: 100%;\" class=\"slide-9371 ms-image\"><img loading=\"lazy\" decoding=\"async\" src=\"https:\/\/www.cp-rup.com\/wp-content\/uploads\/2023\/11\/xxviiiCPRUP-dia8-DSC05549.png\" height=\"500\" width=\"1200\" alt=\"\" class=\"slider-9357 slide-9371\" title=\"xxviiiCPRUP-dia8-DSC05549\" \/><\/li>\n                <li style=\"display: none; width: 100%;\" class=\"slide-9372 ms-image\"><img loading=\"lazy\" decoding=\"async\" src=\"https:\/\/www.cp-rup.com\/wp-content\/uploads\/2023\/11\/xxviiiCPRUP-dia8-DSC05284.png\" height=\"500\" width=\"1200\" alt=\"\" class=\"slider-9357 slide-9372\" title=\"xxviiiCPRUP-dia8-DSC05284\" \/><\/li>\n            <\/ul>\n        <\/div>\n        \n    <\/div>\n<\/div>\n","protected":false},"excerpt":{"rendered":"<p>XXVIII\u00e8me Conf\u00e9rence des pr\u00e9sidents des RUP Compos\u00e9e des pr\u00e9sidents des r\u00e9gions ultrap\u00e9riph\u00e9riques de l&rsquo;UE, la Conf\u00e9rence des RUP se r\u00e9unit chaque ann\u00e9e dans la r\u00e9gion ultrap\u00e9riph\u00e9rique qui assure la pr\u00e9sidence tournante annuelle, afin d&rsquo;\u00e9tablir les axes fondamentaux de l&rsquo;action de ces r\u00e9gions dans les contextes national, europ\u00e9en et international. Ce travail, qui se traduirait par [&hellip;]<\/p>\n","protected":false},"author":37,"featured_media":0,"parent":5982,"menu_order":6,"comment_status":"closed","ping_status":"closed","template":"page-static-rich.php","meta":{"_acf_changed":false,"footnotes":"","_links_to":"","_links_to_target":""},"class_list":["post-9415","page","type-page","status-publish","hentry"],"acf":[],"_links":{"self":[{"href":"https:\/\/www.cp-rup.com\/fr\/wp-json\/wp\/v2\/pages\/9415","targetHints":{"allow":["GET"]}}],"collection":[{"href":"https:\/\/www.cp-rup.com\/fr\/wp-json\/wp\/v2\/pages"}],"about":[{"href":"https:\/\/www.cp-rup.com\/fr\/wp-json\/wp\/v2\/types\/page"}],"author":[{"embeddable":true,"href":"https:\/\/www.cp-rup.com\/fr\/wp-json\/wp\/v2\/users\/37"}],"replies":[{"embeddable":true,"href":"https:\/\/www.cp-rup.com\/fr\/wp-json\/wp\/v2\/comments?post=9415"}],"version-history":[{"count":4,"href":"https:\/\/www.cp-rup.com\/fr\/wp-json\/wp\/v2\/pages\/9415\/revisions"}],"predecessor-version":[{"id":9483,"href":"https:\/\/www.cp-rup.com\/fr\/wp-json\/wp\/v2\/pages\/9415\/revisions\/9483"}],"up":[{"embeddable":true,"href":"https:\/\/www.cp-rup.com\/fr\/wp-json\/wp\/v2\/pages\/5982"}],"wp:attachment":[{"href":"https:\/\/www.cp-rup.com\/fr\/wp-json\/wp\/v2\/media?parent=9415"}],"curies":[{"name":"wp","href":"https:\/\/api.w.org\/{rel}","templated":true}]}}