{"id":9604,"date":"2024-02-14T12:06:22","date_gmt":"2024-02-14T12:06:22","guid":{"rendered":"https:\/\/cp-rup.com\/?page_id=9604"},"modified":"2024-02-16T07:31:40","modified_gmt":"2024-02-16T07:31:40","slug":"publication-de-letude-sur-les-conditions-de-vie-et-lacces-a-certains-besoins-fondamentaux-dans-les-regions-ultraperipheriques-de-lue","status":"publish","type":"page","link":"https:\/\/www.cp-rup.com\/fr\/les-rup-dans-lue\/publication-de-letude-sur-les-conditions-de-vie-et-lacces-a-certains-besoins-fondamentaux-dans-les-regions-ultraperipheriques-de-lue\/","title":{"rendered":"Publication de l\u2019\u00e9tude sur les conditions de vie et l&rsquo;acc\u00e8s \u00e0 certains besoins fondamentaux dans les r\u00e9gions ultrap\u00e9riph\u00e9riques de l&rsquo;UE"},"content":{"rendered":"<p><a href=\"https:\/\/cp-rup.com\/fr\/appels-a-propositions-qui-constituent-un-interet-pour-les-rup\/logo-ce-3\/\" rel=\"attachment wp-att-8776\"><img loading=\"lazy\" decoding=\"async\" class=\"alignleft size-full wp-image-8776\" src=\"https:\/\/cp-rup.com\/wp-content\/uploads\/2023\/06\/Logo-CE-2.png\" alt=\"\" width=\"271\" height=\"186\" \/><\/a>Cette \u00e9tude\u00a0offre un aper\u00e7u de l&rsquo;acc\u00e8s des populations \u00e0 une s\u00e9lection de besoins fondamentaux\u00a0tels que le logement, l&rsquo;eau potable et l&rsquo;assainissement, l&rsquo;\u00e9lectricit\u00e9, le chauffage et la climatisation, ainsi que la connectivit\u00e9 Internet et t\u00e9l\u00e9phonique, dans toutes les r\u00e9gions ultrap\u00e9riph\u00e9riques. Cette \u00e9tude propose \u00e9galement une analyse cibl\u00e9e par r\u00e9gion sur l&rsquo;acc\u00e8s \u00e0 deux de ces besoins fondamentaux.<\/p>\n<p>Elle analyse les\u00a0niveaux d&rsquo;acc\u00e8s, l&rsquo;infrastructure\u00a0en place pour permettre l&rsquo;acc\u00e8s, identifie les\u00a0tendances, \u00e9labore un\u00a0ensemble d&rsquo;indicateurs\u00a0pour suivre les progr\u00e8s et formule des\u00a0recommandations. L&rsquo;\u00e9tude souligne les besoins restants, les progr\u00e8s r\u00e9alis\u00e9s au cours des derni\u00e8res ann\u00e9es et met en avant le soutien de l&rsquo;UE, en particulier par le biais du Fonds Europ\u00e9en de D\u00e9veloppement R\u00e9gional (FEDER).<\/p>\n<p>L&rsquo;\u00e9tude est disponible\u00a0sur le site\u00a0: <a href=\"https:\/\/ec.europa.eu\/regional_policy\/whats-new\/newsroom\/02-06-2024-study-on-living-conditions-and-access-to-selected-basic-needs-in-the-eu-outermost-regions_en\">https:\/\/ec.europa.eu\/regional_policy\/whats-new\/newsroom\/02-06-2024-study-on-living-conditions-and-access-to-selected-basic-needs-in-the-eu-outermost-regions_en<\/a><\/p>\n","protected":false},"excerpt":{"rendered":"<p>Cette \u00e9tude\u00a0offre un aper\u00e7u de l&rsquo;acc\u00e8s des populations \u00e0 une s\u00e9lection de besoins fondamentaux\u00a0tels que le logement, l&rsquo;eau potable et l&rsquo;assainissement, l&rsquo;\u00e9lectricit\u00e9, le chauffage et la climatisation, ainsi que la connectivit\u00e9 Internet et t\u00e9l\u00e9phonique, dans toutes les r\u00e9gions ultrap\u00e9riph\u00e9riques. Cette \u00e9tude propose \u00e9galement une analyse cibl\u00e9e par r\u00e9gion sur l&rsquo;acc\u00e8s \u00e0 deux de ces besoins [&hellip;]<\/p>\n","protected":false},"author":36,"featured_media":0,"parent":5875,"menu_order":1,"comment_status":"closed","ping_status":"closed","template":"page-static-rich.php","meta":{"_acf_changed":false,"footnotes":"","_links_to":"","_links_to_target":""},"class_list":["post-9604","page","type-page","status-publish","hentry"],"acf":[],"_links":{"self":[{"href":"https:\/\/www.cp-rup.com\/fr\/wp-json\/wp\/v2\/pages\/9604","targetHints":{"allow":["GET"]}}],"collection":[{"href":"https:\/\/www.cp-rup.com\/fr\/wp-json\/wp\/v2\/pages"}],"about":[{"href":"https:\/\/www.cp-rup.com\/fr\/wp-json\/wp\/v2\/types\/page"}],"author":[{"embeddable":true,"href":"https:\/\/www.cp-rup.com\/fr\/wp-json\/wp\/v2\/users\/36"}],"replies":[{"embeddable":true,"href":"https:\/\/www.cp-rup.com\/fr\/wp-json\/wp\/v2\/comments?post=9604"}],"version-history":[{"count":3,"href":"https:\/\/www.cp-rup.com\/fr\/wp-json\/wp\/v2\/pages\/9604\/revisions"}],"predecessor-version":[{"id":9659,"href":"https:\/\/www.cp-rup.com\/fr\/wp-json\/wp\/v2\/pages\/9604\/revisions\/9659"}],"up":[{"embeddable":true,"href":"https:\/\/www.cp-rup.com\/fr\/wp-json\/wp\/v2\/pages\/5875"}],"wp:attachment":[{"href":"https:\/\/www.cp-rup.com\/fr\/wp-json\/wp\/v2\/media?parent=9604"}],"curies":[{"name":"wp","href":"https:\/\/api.w.org\/{rel}","templated":true}]}}