{"id":1144,"date":"2018-03-08T11:20:57","date_gmt":"2018-03-08T11:20:57","guid":{"rendered":"https:\/\/cp-rup.com\/?page_id=1144"},"modified":"2021-03-19T23:00:35","modified_gmt":"2021-03-19T23:00:35","slug":"politica-de-cookies","status":"publish","type":"page","link":"https:\/\/www.cp-rup.com\/pt\/politica-de-cookies\/","title":{"rendered":"Pol\u00edtica de cookies"},"content":{"rendered":"<h2 style=\"text-align: left;\">Pol\u00edtica de cookies<\/h2>\n<p>O objetivo desta pol\u00edtica de cookies \u00e9 inform\u00e1-lo de forma clara e precisa sobre as cookies que s\u00e3o utilizados no portal da Confer\u00eancia dos Presidentes das Regi\u00f5es Ultraperif\u00e9ricas.<\/p>\n<h2 style=\"text-align: left;\">O que s\u00e3o cookies?<\/h2>\n<p>Uma cookie \u00e9 um pequeno arquivo de texto que sites como este instalam no computador ou dispositivo m\u00f3vel dos utilizadores que o visitam. As cookies tornam poss\u00edvel que o site lembre as a\u00e7\u00f5es e prefer\u00eancias do utilizador (login, idioma, tamanho da fonte e outras prefer\u00eancias de exibi\u00e7\u00e3o), de modo que n\u00e3o precisa ser reconfigurado quando retorna ao site ou navegue pelo site.\u00a0 As cookies n\u00e3o armazenam dados pessoais do utilizador.<\/p>\n<h2 style=\"text-align: left;\">Funcionalidade das cookies<\/h2>\n<p>As cookies s\u00e3o usadas para melhorar a experi\u00eancia de navega\u00e7\u00e3o do utilizador, aumentando a rapidez e efici\u00eancia de resposta e eliminam a necessidade de introduzir repetidamente as mesmas informa\u00e7\u00f5es. Cada cookie tem uma fun\u00e7\u00e3o e uma data de validade<\/p>\n<h2 style=\"text-align: left;\">Cookies usadas neste site<\/h2>\n<p><strong>Cookies anal\u00edticos<\/strong>: S\u00e3o utilizadas anonimamente para efeitos de cria\u00e7\u00e3o e an\u00e1lise de estat\u00edsticas, no sentido de melhorar o funcionamento do website;<\/p>\n<p><strong>Cookies t\u00e9cnicos<\/strong>: permitem navegar no site, bem como aceder \u00e1reas seguras do site. Sem esses cookies, os servi\u00e7os solicitados n\u00e3o podem ser fornecidos;<\/p>\n<p><strong>Cookies de funcionalidade (personaliza\u00e7\u00e3o)<\/strong>: Guardam as prefer\u00eancias do utilizador relativamente \u00e0 utiliza\u00e7\u00e3o do site, de forma que n\u00e3o seja necess\u00e1rio voltar a configurar o site sempre que o visita.<\/p>\n<h2 style=\"text-align: left;\">Como modificar a configura\u00e7\u00e3o de cookies<\/h2>\n<p>Pode restringir, bloquear ou excluir cookies deste site ou de qualquer outro site usando seu navegador. Em cada navegador, a opera\u00e7\u00e3o \u00e9 diferente, a fun\u00e7\u00e3o &#8220;Ajuda&#8221; ir\u00e1 mostrar-lhe como faz\u00ea-lo (para mais informa\u00e7\u00f5es, veja aboutcookies.org). Mas tenha presente que, se voc\u00ea rejeitar cookies, talvez seja necess\u00e1rio reconfigurar as suas prefer\u00eancias manualmente sempre que visitar um site e que determinados servi\u00e7os e recursos parem de funcionar.<\/p>\n","protected":false},"excerpt":{"rendered":"<p>Pol\u00edtica de cookies O objetivo desta pol\u00edtica de cookies \u00e9 inform\u00e1-lo de forma clara e precisa sobre as cookies que s\u00e3o utilizados no portal da Confer\u00eancia dos Presidentes das Regi\u00f5es Ultraperif\u00e9ricas. O que s\u00e3o cookies? Uma cookie \u00e9 um pequeno arquivo de texto que sites como este instalam no computador ou dispositivo m\u00f3vel dos utilizadores [&hellip;]<\/p>\n","protected":false},"author":45,"featured_media":0,"parent":0,"menu_order":0,"comment_status":"closed","ping_status":"closed","template":"page-static-rich.php","meta":{"_acf_changed":false,"footnotes":"","_links_to":"","_links_to_target":""},"class_list":["post-1144","page","type-page","status-publish","hentry"],"acf":[],"_links":{"self":[{"href":"https:\/\/www.cp-rup.com\/pt\/wp-json\/wp\/v2\/pages\/1144","targetHints":{"allow":["GET"]}}],"collection":[{"href":"https:\/\/www.cp-rup.com\/pt\/wp-json\/wp\/v2\/pages"}],"about":[{"href":"https:\/\/www.cp-rup.com\/pt\/wp-json\/wp\/v2\/types\/page"}],"author":[{"embeddable":true,"href":"https:\/\/www.cp-rup.com\/pt\/wp-json\/wp\/v2\/users\/45"}],"replies":[{"embeddable":true,"href":"https:\/\/www.cp-rup.com\/pt\/wp-json\/wp\/v2\/comments?post=1144"}],"version-history":[{"count":19,"href":"https:\/\/www.cp-rup.com\/pt\/wp-json\/wp\/v2\/pages\/1144\/revisions"}],"predecessor-version":[{"id":6037,"href":"https:\/\/www.cp-rup.com\/pt\/wp-json\/wp\/v2\/pages\/1144\/revisions\/6037"}],"wp:attachment":[{"href":"https:\/\/www.cp-rup.com\/pt\/wp-json\/wp\/v2\/media?parent=1144"}],"curies":[{"name":"wp","href":"https:\/\/api.w.org\/{rel}","templated":true}]}}