{"id":13,"date":"2017-09-20T08:43:46","date_gmt":"2017-09-20T08:43:46","guid":{"rendered":"http:\/\/rup.dev\/?page_id=13"},"modified":"2023-04-20T13:21:17","modified_gmt":"2023-04-20T13:21:17","slug":"regioes-ultraperifericas","status":"publish","type":"page","link":"https:\/\/www.cp-rup.com\/pt\/regioes-ultraperifericas\/","title":{"rendered":"Regi\u00f5es Ultraperif\u00e9ricas"},"content":{"rendered":"<h2 style=\"text-align: center;\">Regi\u00f5es Ultraperif\u00e9ricas<\/h2>\n<p>&nbsp;<\/p>\n<p style=\"text-align: center;\"><strong>As RUP<\/strong><\/p>\n<p>As Regi\u00f5es Ultraperif\u00e9ricas (RUP) da Uni\u00e3o Europeia representam um grupo de oito ilhas e arquip\u00e9lagos distribu\u00eddos pelo mar das Cara\u00edbas, Oceano \u00cdndico e Macaron\u00e9sia, e um enclave continental na floresta amaz\u00f3nica, compostas por seis coletividades francesas do ultramar (Guiana, Guadalupe, Martinica, Maiote, Reuni\u00e3o e Saint-Martin), duas regi\u00f5es aut\u00f3nomas portuguesas (A\u00e7ores e Madeira) e uma comunidade aut\u00f3noma espanhola (as Ilhas Can\u00e1rias).<\/p>\n<p>Estas regi\u00f5es partilham constrangimentos espec\u00edficos, cuja persist\u00eancia e conjuga\u00e7\u00e3o prejudicam gravemente o seu desenvolvimento econ\u00f3mico e social:<\/p>\n<ul>\n<li>Um grande <strong>afastamento<\/strong> do continente europeu, refor\u00e7ado pela <strong>insularidade<\/strong> ou at\u00e9 pela <strong>dupla insularidade<\/strong> (tratando-se dos arquip\u00e9lagos) ou pelo <strong>encravamento territorial<\/strong> (tratando-se da Guiana), fazem estas regi\u00f5es confrontar-se com uma enorme dificuldade em beneficiar das vantagens do mercado interno da UE;<\/li>\n<li>Uma <strong>integra\u00e7\u00e3o no seio de um duplo espa\u00e7o<\/strong> constitu\u00eddo, por um lado, por uma zona pol\u00edtico-econ\u00f3mica de perten\u00e7a, e, por outro, por uma \u00e1rea geogr\u00e1fica de proximidade de pa\u00edses terceiros da UE ou por um espa\u00e7o totalmente isolado;<\/li>\n<li>A exiguidade do mercado local e a depend\u00eancia econ\u00f3mica em rela\u00e7\u00e3o a um pequeno n\u00famero de produtos;<\/li>\n<li>Condi\u00e7\u00f5es geogr\u00e1ficas e clim\u00e1ticas particulares que travam o desenvolvimento end\u00f3geno dos setores prim\u00e1rio e secund\u00e1rio.<\/li>\n<\/ul>\n<p>O conceito da ultraperiferia n\u00e3o se assemelha, em caso algum, ao das regi\u00f5es da UE com caracter\u00edsticas geogr\u00e1ficas particulares tais como as ilhas, zonas de montanha ou regi\u00f5es com fraca densidade populacional, em rela\u00e7\u00e3o \u00e0s quais existe uma diferen\u00e7a de natureza e de direito. Assim, o direito comunit\u00e1rio prim\u00e1rio da UE reconhece, no artigo 349.\u00ba do TFUE, a especificidade da ultraperiferia, permitindo expressamente ao Conselho adotar disposi\u00e7\u00f5es espec\u00edficas destinadas a adaptar a aplica\u00e7\u00e3o do direito europeu a estas regi\u00f5es.<\/p>\n<p>A este respeito, o Tribunal de Justi\u00e7a da Uni\u00e3o Europeia (TJUE), no seu ac\u00f3rd\u00e3o de 15 de dezembro de 2015, reconhece que o artigo 349.\u00ba do TFUE constitui uma base jur\u00eddica aut\u00f3noma e suficiente para adotar medidas espec\u00edficas destinadas, em particular, a adaptar o direito europeu \u00e0 realidade das RUP.<\/p>\n<div class=\"col-12 mb-5\">\n<div class=\"row\">\n<div class=\"col-12 col-sm-12 col-md-12\">\n                    \t<div class=\"rup_main_map__wrapper position-relative\">\n\t\t<div id=\"rup_main_map\" class=\"position-static\" style=\"background-image: url('https:\/\/www.cp-rup.com\/wp-content\/themes\/rup\/img\/MapaSVGCPRUP.svg');\">\n            <a href=\"https:\/\/www.cp-rup.com\/pt\/regioes-ultraperifericas\/acores\/\">\n\t\t\t\t<div class=\"map-marker--wrapper azores\" style=\"top: 35%; left: 39.7%;\">\n\t\t\t\t\t<div class=\"hover_title Azores\"> A\u00e7ores <\/div>\n\t\t\t\t\t<div class=\"map-marker  Azores\" title=\"A\u00e7ores\"><\/div>\n\t\t\t\t<\/div>\n\t\t\t<\/a>\n            <a href=\"https:\/\/www.cp-rup.com\/pt\/regioes-ultraperifericas\/madeira\/\">\n\t\t\t\t<div class=\"map-marker--wrapper madeira\" style=\"top: 40%; left: 40.1%;\">\n\t\t\t\t\t<div class=\"hover_title Madeira\"> Madeira <\/div>\n\t\t\t\t\t<div class=\"map-marker  Madeira\" title=\"Madeira\"><\/div>\n\t\t\t\t<\/div>\n\t\t\t<\/a>\n            <a href=\"https:\/\/www.cp-rup.com\/pt\/regioes-ultraperifericas\/canarias\/\">\n\t\t\t\t<div class=\"map-marker--wrapper canarias\" style=\"top: 44%; left: 40.5%;\">\n\t\t\t\t\t<div class=\"hover_title Canarias\"> Canarias <\/div>\n\t\t\t\t\t<div class=\"map-marker  Canarias\" title=\"Canarias\"><\/div>\n\t\t\t\t<\/div>\n\t\t\t<\/a>\n            <a href=\"https:\/\/www.cp-rup.com\/pt\/regioes-ultraperifericas\/saint-martin\/\">\n\t\t\t\t<div class=\"map-marker--wrapper saint-martin\" style=\"top: 46%; left: 30.7%;\">\n\t\t\t\t\t<div class=\"hover_title San_Martin\"> Saint-Martin <\/div>\n\t\t\t\t\t<div class=\"map-marker  San_Martin\" title=\"Saint-Martin\"><\/div>\n\t\t\t\t<\/div>\n\t\t\t<\/a>\n            <a href=\"https:\/\/www.cp-rup.com\/pt\/regioes-ultraperifericas\/guadalupe\/\">\n\t\t\t\t<div class=\"map-marker--wrapper guadeloupe\" style=\"top: 48%; left: 31.7%;\">\n\t\t\t\t\t<div class=\"hover_title Guadalupe\"> Guadeloupe <\/div>\n\t\t\t\t\t<div class=\"map-marker  Guadalupe\" title=\"Guadeloupe\"><\/div>\n\t\t\t\t<\/div>\n\t\t\t<\/a>\n            <a href=\"https:\/\/www.cp-rup.com\/pt\/regioes-ultraperifericas\/martinica\/\">\n\t\t\t\t<div class=\"map-marker--wrapper martinica\" style=\"top: 51%; left: 31.7%;\">\n\t\t\t\t\t<div class=\"hover_title Martinica\" style=\"top: 5px !important;\"> Martinique <\/div>\n\t\t\t\t\t<div class=\"map-marker  Martinica\" title=\"Martinique\"><\/div>\n\t\t\t\t<\/div>\n\t\t\t<\/a>\n            <a href=\"https:\/\/www.cp-rup.com\/pt\/regioes-ultraperifericas\/guiana-francesa\/\">\n\t\t\t\t<div class=\"map-marker--wrapper guayana\" style=\"top: 55.2%; left: 32.2%;\">\n\t\t\t\t\t<div class=\"hover_title Guayana_Francesa\"> Guyane <\/div>\n\t\t\t\t\t<div class=\"map-marker  Guayana_Francesa\" title=\"Guyane\"><\/div>\n\t\t\t\t<\/div>\n\t\t\t<\/a>\n\t\t\t\t\n\t\t\t\n            <a href=\"https:\/\/www.cp-rup.com\/pt\/regioes-ultraperifericas\/maiote\/\">\n\t\t\t\t<div class=\"map-marker--wrapper mayotte\" style=\"top: 67%; left: 52.7%;\">\n\t\t\t\t\t<div class=\"hover_title Mayotte\"> Mayotte <\/div>\n\t\t\t\t\t<div class=\"map-marker  Mayotte\" title=\"Mayotte\"><\/div>\n\t\t\t\t<\/div>\n\t\t\t<\/a>\n            <a href=\"https:\/\/www.cp-rup.com\/pt\/regioes-ultraperifericas\/reuniao\/\">\n\t\t\t\t<div class=\"map-marker--wrapper reunion\" style=\"top: 72%; left: 55.2%;\">\n\t\t\t\t\t<div class=\"hover_title La_Reunion\"> R\u00e9union <\/div>\n\t\t\t\t\t<div class=\"map-marker  La_Reunion\" title=\"R\u00e9union\"><\/div>\n\t\t\t\t<\/div>\n\t\t\t<\/a>\n\t\t<\/div>\n\t<\/div>\n\n\t<style>\n\t.rup_main_map__wrapper:hover .hover_title {\n\t\topacity:1;\n\t}\n\t\n\t.hover_title {\n\t\tposition: absolute;\n\t\topacity:0;\n\t\ttransition: 0.15s opacity ease-in-out;\n\t\tbackground: rgba(255,255,255,0.75);\n\t\tborder-radius: 5px;\n\t\twidth: 60px;\n\t\tfont-size: 10px;\n\t}\n\n\t\t.hover_title:hover + .map-marker{\n\t\t\tanimation-name: animated-map-marker;\n\t\t\tanimation-duration: 0.5s;\n\t\t\tanimation-iteration-count: infinite;\n\t\t\tanimation-direction: alternate;\n\t\t}\n\t<\/style>\n\t<script>\n\tvar azores = jQuery('.map-marker[title=\"A\u00e7ores\"]');\n\tvar madeira = jQuery('.map-marker[title=\"Madeira\"]');\n\tvar canarias = jQuery('.map-marker[title=\"Canarias\"]');\n\tvar saint_martin = jQuery('.map-marker[title=\"Saint-Martin\"]');\n\tvar guadeloupe = jQuery('.map-marker[title=\"Guadeloupe\"]');\n\tvar martinique = jQuery('.map-marker[title=\"Martinique\"]');\n\tvar guyane = jQuery('.map-marker[title=\"Guyane\"]');\n\tvar mayotte = jQuery('.map-marker[title=\"Mayotte\"]');\n\tvar la_reunion  = jQuery('.map-marker[title=\"R\u00e9union\"]');\n\tvar rup = [ azores, madeira, canarias, mayotte, la_reunion, guyane, martinique, guadeloupe, saint_martin ];\n\tvar speed = 500;\n\tvar animation_from = {opacity: 0.25};\n\tvar animation_to = {opacity: 1};\n\tvar animation_easing = \"swing\";\n\t\n\tfunction animate(index){\n\t\trup[index].animate(animation_from, speed, animation_easing, function(){\n\t\t\trup[index].animate(animation_to, speed, animation_easing, function(){\n\t\t\t\tanimate((index+1) % rup.length);\n\t\t\t});\n\t\t});\n\t}\n\n\tanimate(0);\n\t\n\t<\/script>\n\t\n                <\/div>\n<\/p><\/div>\n<\/p><\/div>\n<p>&nbsp;<\/p>\n<p>&nbsp;<\/p>\n<h2><span id=\"result_box\" class=\"short_text\" lang=\"es\"><span class=\"alt-edited\"><div id=\"metaslider-id-2075\" style=\"width: 100%;\" class=\"ml-slider-3-20-3 metaslider metaslider-flex metaslider-2075 ml-slider\">\n    <div id=\"metaslider_container_2075\">\n        <div id=\"metaslider_2075\">\n            <ul aria-live=\"polite\" class=\"slides\">\n                <li style=\"display: block; width: 100%;\" class=\"slide-2377 ms-image\"><img loading=\"lazy\" decoding=\"async\" src=\"https:\/\/www.cp-rup.com\/wp-content\/uploads\/2018\/07\/Reuni\u00f3n-slider-6-1088x400.jpg\" height=\"400\" width=\"1088\" alt=\"\" class=\"slider-2075 slide-2377\" \/><div class=\"caption-wrap\"><div class=\"caption\">Reunion<\/div><\/div><\/li>\n                <li style=\"display: none; width: 100%;\" class=\"slide-2378 ms-image\"><img loading=\"lazy\" decoding=\"async\" src=\"https:\/\/www.cp-rup.com\/wp-content\/uploads\/2018\/07\/Madeira-slider-5-1-1088x400.jpg\" height=\"400\" width=\"1088\" alt=\"\" class=\"slider-2075 slide-2378\" \/><div class=\"caption-wrap\"><div class=\"caption\">Madeira<\/div><\/div><\/li>\n                <li style=\"display: none; width: 100%;\" class=\"slide-3662 ms-image\"><img loading=\"lazy\" decoding=\"async\" src=\"https:\/\/www.cp-rup.com\/wp-content\/uploads\/2018\/09\/SMT-7-1088x400.jpg\" height=\"400\" width=\"1088\" alt=\"\" class=\"slider-2075 slide-3662\" \/><div class=\"caption-wrap\"><div class=\"caption\">Saint Martin<\/div><\/div><\/li>\n                <li style=\"display: none; width: 100%;\" class=\"slide-3718 ms-image\"><img loading=\"lazy\" decoding=\"async\" src=\"https:\/\/www.cp-rup.com\/wp-content\/uploads\/2018\/10\/Azores-JAR-Flores-Island-1088x400.jpg\" height=\"400\" width=\"1088\" alt=\"\" class=\"slider-2075 slide-3718\" \/><div class=\"caption-wrap\"><div class=\"caption\">A\u00e7ores<\/div><\/div><\/li>\n                <li style=\"display: none; width: 100%;\" class=\"slide-3719 ms-image\"><img loading=\"lazy\" decoding=\"async\" src=\"https:\/\/www.cp-rup.com\/wp-content\/uploads\/2018\/10\/GUY-MER-\u00ceLES-DU-SALUT-03-1-1088x400.jpg\" height=\"400\" width=\"1088\" alt=\"\" class=\"slider-2075 slide-3719\" \/><div class=\"caption-wrap\"><div class=\"caption\">Guyane<\/div><\/div><\/li>\n                <li style=\"display: none; width: 100%;\" class=\"slide-3723 ms-image\"><img loading=\"lazy\" decoding=\"async\" src=\"https:\/\/www.cp-rup.com\/wp-content\/uploads\/2018\/09\/GUA-9-1-1088x400.jpg\" height=\"400\" width=\"1088\" alt=\"\" class=\"slider-2075 slide-3723\" \/><div class=\"caption-wrap\"><div class=\"caption\">Guadeloupe<\/div><\/div><\/li>\n                <li style=\"display: none; width: 100%;\" class=\"slide-3724 ms-image\"><img loading=\"lazy\" decoding=\"async\" src=\"https:\/\/www.cp-rup.com\/wp-content\/uploads\/2018\/06\/Parque-Nacional-Timanfaya-Lanzarote-1088x400.jpg\" height=\"400\" width=\"1088\" alt=\"\" class=\"slider-2075 slide-3724\" \/><div class=\"caption-wrap\"><div class=\"caption\">Canarias<\/div><\/div><\/li>\n            <\/ul>\n        <\/div>\n        \n    <\/div>\n<\/div><\/span><\/span><\/h2>\n","protected":false},"excerpt":{"rendered":"<p>Regi\u00f5es Ultraperif\u00e9ricas &nbsp; As RUP As Regi\u00f5es Ultraperif\u00e9ricas (RUP) da Uni\u00e3o Europeia representam um grupo de oito ilhas e arquip\u00e9lagos distribu\u00eddos pelo mar das Cara\u00edbas, Oceano \u00cdndico e Macaron\u00e9sia, e um enclave continental na floresta amaz\u00f3nica, compostas por seis coletividades francesas do ultramar (Guiana, Guadalupe, Martinica, Maiote, Reuni\u00e3o e Saint-Martin), duas regi\u00f5es aut\u00f3nomas portuguesas (A\u00e7ores [&hellip;]<\/p>\n","protected":false},"author":45,"featured_media":0,"parent":0,"menu_order":0,"comment_status":"closed","ping_status":"closed","template":"page-static-rich.php","meta":{"_acf_changed":false,"footnotes":"","_links_to":"","_links_to_target":""},"class_list":["post-13","page","type-page","status-publish","hentry"],"acf":[],"_links":{"self":[{"href":"https:\/\/www.cp-rup.com\/pt\/wp-json\/wp\/v2\/pages\/13","targetHints":{"allow":["GET"]}}],"collection":[{"href":"https:\/\/www.cp-rup.com\/pt\/wp-json\/wp\/v2\/pages"}],"about":[{"href":"https:\/\/www.cp-rup.com\/pt\/wp-json\/wp\/v2\/types\/page"}],"author":[{"embeddable":true,"href":"https:\/\/www.cp-rup.com\/pt\/wp-json\/wp\/v2\/users\/45"}],"replies":[{"embeddable":true,"href":"https:\/\/www.cp-rup.com\/pt\/wp-json\/wp\/v2\/comments?post=13"}],"version-history":[{"count":38,"href":"https:\/\/www.cp-rup.com\/pt\/wp-json\/wp\/v2\/pages\/13\/revisions"}],"predecessor-version":[{"id":8577,"href":"https:\/\/www.cp-rup.com\/pt\/wp-json\/wp\/v2\/pages\/13\/revisions\/8577"}],"wp:attachment":[{"href":"https:\/\/www.cp-rup.com\/pt\/wp-json\/wp\/v2\/media?parent=13"}],"curies":[{"name":"wp","href":"https:\/\/api.w.org\/{rel}","templated":true}]}}