{"id":15,"date":"2023-03-01T08:44:32","date_gmt":"2023-03-01T08:44:32","guid":{"rendered":"http:\/\/rup.dev\/?page_id=15"},"modified":"2023-03-01T09:40:52","modified_gmt":"2023-03-01T09:40:52","slug":"canarias","status":"publish","type":"page","link":"https:\/\/www.cp-rup.com\/pt\/regioes-ultraperifericas\/canarias\/","title":{"rendered":"Can\u00e1rias"},"content":{"rendered":"<p>&nbsp;<\/p>\n<h2 style=\"text-align: center;\">Can\u00e1rias, um ambiente multicultural<\/h2>\n<p>&nbsp;<\/p>\n<p>O arquip\u00e9lago das Can\u00e1rias \u00e9 constitu\u00eddo por um conjunto de ilhas de origem vulc\u00e2nica que ocupa uma \u00e1rea mar\u00edtima de cerca de 100.000 km\u00b2. Os seus pontos extremos s\u00e3o, a norte, a <em>Punta de Mosejos<\/em>, na ilha de Alegranza, e, a sul, a <em>Punta de la Restinga<\/em>, na ilha de El Hierro. A superf\u00edcie total do arquip\u00e9lago, segundo o Instituto Geogr\u00e1fico Nacional, \u00e9 de 7.447 km. A maior ilha \u00e9 Tenerife com 2034,21 km<sup>2<\/sup> e a menor \u00e9 El Hierro com 268,70 km<sup>2<\/sup>. Localiza-se no Oceano Atl\u00e2ntico, no norte de \u00c1frica, pr\u00f3ximo da costa sul de Marrocos e a norte do Saara. A ilha de Forteventura fica a cerca de 95 km da costa africana. A dist\u00e2ncia em rela\u00e7\u00e3o ao continente europeu \u00e9 de cerca de 940 km (da ilha de Alegranza ao final de San Vicente).<\/p>\n<p>Devido \u00e0 sua localiza\u00e7\u00e3o privilegiada, as Can\u00e1rias podem ser consideradas uma ponte entre a Europa, \u00c1frica e Am\u00e9rica.<\/p>\n<p>Com uma popula\u00e7\u00e3o de 2.249.369 habitantes (Eurostat, 2021), as Can\u00e1rias s\u00e3o a regi\u00e3o ultraperif\u00e9rica mais habitada, com uma densidade populacional de 301 habitantes por km<sup>2<\/sup>.<\/p>\n\t<div class=\"rup_main_map__wrapper position-relative\">\n\t\t<div id=\"rup_main_map\" class=\"position-static\" style=\"background-image: url('https:\/\/www.cp-rup.com\/wp-content\/themes\/rup\/img\/MapaSVGCPRUP.svg');\">\n            <a href=\"https:\/\/www.cp-rup.com\/pt\/regioes-ultraperifericas\/acores\/\">\n\t\t\t\t<div class=\"map-marker--wrapper azores\" style=\"top: 35%; left: 39.7%;\">\n\t\t\t\t\t<div class=\"hover_title Azores\"> A\u00e7ores <\/div>\n\t\t\t\t\t<div class=\"map-marker  Azores\" title=\"A\u00e7ores\"><\/div>\n\t\t\t\t<\/div>\n\t\t\t<\/a>\n            <a href=\"https:\/\/www.cp-rup.com\/pt\/regioes-ultraperifericas\/madeira\/\">\n\t\t\t\t<div class=\"map-marker--wrapper madeira\" style=\"top: 40%; left: 40.1%;\">\n\t\t\t\t\t<div class=\"hover_title Madeira\"> Madeira <\/div>\n\t\t\t\t\t<div class=\"map-marker  Madeira\" title=\"Madeira\"><\/div>\n\t\t\t\t<\/div>\n\t\t\t<\/a>\n            <a href=\"https:\/\/www.cp-rup.com\/pt\/regioes-ultraperifericas\/canarias\/\">\n\t\t\t\t<div class=\"map-marker--wrapper canarias\" style=\"top: 44%; left: 40.5%;\">\n\t\t\t\t\t<div class=\"hover_title Canarias\"> Canarias <\/div>\n\t\t\t\t\t<div class=\"map-marker map-marker--selected Canarias\" title=\"Canarias\"><\/div>\n\t\t\t\t<\/div>\n\t\t\t<\/a>\n            <a href=\"https:\/\/www.cp-rup.com\/pt\/regioes-ultraperifericas\/saint-martin\/\">\n\t\t\t\t<div class=\"map-marker--wrapper saint-martin\" style=\"top: 46%; left: 30.7%;\">\n\t\t\t\t\t<div class=\"hover_title San_Martin\"> Saint-Martin <\/div>\n\t\t\t\t\t<div class=\"map-marker  San_Martin\" title=\"Saint-Martin\"><\/div>\n\t\t\t\t<\/div>\n\t\t\t<\/a>\n            <a href=\"https:\/\/www.cp-rup.com\/pt\/regioes-ultraperifericas\/guadalupe\/\">\n\t\t\t\t<div class=\"map-marker--wrapper guadeloupe\" style=\"top: 48%; left: 31.7%;\">\n\t\t\t\t\t<div class=\"hover_title Guadalupe\"> Guadeloupe <\/div>\n\t\t\t\t\t<div class=\"map-marker  Guadalupe\" title=\"Guadeloupe\"><\/div>\n\t\t\t\t<\/div>\n\t\t\t<\/a>\n            <a href=\"https:\/\/www.cp-rup.com\/pt\/regioes-ultraperifericas\/martinica\/\">\n\t\t\t\t<div class=\"map-marker--wrapper martinica\" style=\"top: 51%; left: 31.7%;\">\n\t\t\t\t\t<div class=\"hover_title Martinica\" style=\"top: 5px !important;\"> Martinique <\/div>\n\t\t\t\t\t<div class=\"map-marker  Martinica\" title=\"Martinique\"><\/div>\n\t\t\t\t<\/div>\n\t\t\t<\/a>\n            <a href=\"https:\/\/www.cp-rup.com\/pt\/regioes-ultraperifericas\/guiana-francesa\/\">\n\t\t\t\t<div class=\"map-marker--wrapper guayana\" style=\"top: 55.2%; left: 32.2%;\">\n\t\t\t\t\t<div class=\"hover_title Guayana_Francesa\"> Guyane <\/div>\n\t\t\t\t\t<div class=\"map-marker  Guayana_Francesa\" title=\"Guyane\"><\/div>\n\t\t\t\t<\/div>\n\t\t\t<\/a>\n\t\t\t\t\n\t\t\t\n            <a href=\"https:\/\/www.cp-rup.com\/pt\/regioes-ultraperifericas\/maiote\/\">\n\t\t\t\t<div class=\"map-marker--wrapper mayotte\" style=\"top: 67%; left: 52.7%;\">\n\t\t\t\t\t<div class=\"hover_title Mayotte\"> Mayotte <\/div>\n\t\t\t\t\t<div class=\"map-marker  Mayotte\" title=\"Mayotte\"><\/div>\n\t\t\t\t<\/div>\n\t\t\t<\/a>\n            <a href=\"https:\/\/www.cp-rup.com\/pt\/regioes-ultraperifericas\/reuniao\/\">\n\t\t\t\t<div class=\"map-marker--wrapper reunion\" style=\"top: 72%; left: 55.2%;\">\n\t\t\t\t\t<div class=\"hover_title La_Reunion\"> R\u00e9union <\/div>\n\t\t\t\t\t<div class=\"map-marker  La_Reunion\" title=\"R\u00e9union\"><\/div>\n\t\t\t\t<\/div>\n\t\t\t<\/a>\n\t\t<\/div>\n\t<\/div>\n\n\t<style>\n\t.rup_main_map__wrapper:hover .hover_title {\n\t\topacity:1;\n\t}\n\t\n\t.hover_title {\n\t\tposition: absolute;\n\t\topacity:0;\n\t\ttransition: 0.15s opacity ease-in-out;\n\t\tbackground: rgba(255,255,255,0.75);\n\t\tborder-radius: 5px;\n\t\twidth: 60px;\n\t\tfont-size: 10px;\n\t}\n\n\t\t.hover_title:hover + .map-marker{\n\t\t\tanimation-name: animated-map-marker;\n\t\t\tanimation-duration: 0.5s;\n\t\t\tanimation-iteration-count: infinite;\n\t\t\tanimation-direction: alternate;\n\t\t}\n\t<\/style>\n\t<script>\n\tvar azores = jQuery('.map-marker[title=\"A\u00e7ores\"]');\n\tvar madeira = jQuery('.map-marker[title=\"Madeira\"]');\n\tvar canarias = jQuery('.map-marker[title=\"Canarias\"]');\n\tvar saint_martin = jQuery('.map-marker[title=\"Saint-Martin\"]');\n\tvar guadeloupe = jQuery('.map-marker[title=\"Guadeloupe\"]');\n\tvar martinique = jQuery('.map-marker[title=\"Martinique\"]');\n\tvar guyane = jQuery('.map-marker[title=\"Guyane\"]');\n\tvar mayotte = jQuery('.map-marker[title=\"Mayotte\"]');\n\tvar la_reunion  = jQuery('.map-marker[title=\"R\u00e9union\"]');\n\tvar rup = [ azores, madeira, canarias, mayotte, la_reunion, guyane, martinique, guadeloupe, saint_martin ];\n\tvar speed = 500;\n\tvar animation_from = {opacity: 0.25};\n\tvar animation_to = {opacity: 1};\n\tvar animation_easing = \"swing\";\n\t\n\tfunction animate(index){\n\t\trup[index].animate(animation_from, speed, animation_easing, function(){\n\t\t\trup[index].animate(animation_to, speed, animation_easing, function(){\n\t\t\t\tanimate((index+1) % rup.length);\n\t\t\t});\n\t\t});\n\t}\n\n\tanimate(0);\n\t\n\t<\/script>\n\t\n<h2><\/h2>\n<h3 style=\"text-align: center;\">Descri\u00e7\u00e3o Geopol\u00edtica<\/h3>\n<p>&nbsp;<\/p>\n<p>Como Comunidade Aut\u00f3noma do Estado espanhol, t\u00eam um Governo e um Parlamento Regional com uma \u00fanica c\u00e2mara. O seu estatuto auton\u00f3mico data de 1982.<\/p>\n<p>Cada uma das ilhas tem um \u00f3rg\u00e3o governativo e administrativo denominado \u201cCabildo\u201d. Al\u00e9m disso, nas Can\u00e1rias existem 88 munic\u00edpios com as suas respetivas c\u00e2maras municipais.<\/p>\n<p>As ilhas, de origem vulc\u00e2nica, fazem parte da regi\u00e3o natural da Macaron\u00e9sia. O seu clima \u00e9 subtropical, embora varie localmente de acordo com a altitude e o declive norte ou sul. Esta varia\u00e7\u00e3o clim\u00e1tica numa grande diversidade biol\u00f3gica, com a paisagem e a riqueza geol\u00f3gica, justifica a exist\u00eancia dos quatro parques nacionais e o facto de todas as ilhas possu\u00edrem reservas da biosfera da UNESCO, e outros dom\u00ednios que foram declarados Patrim\u00f3nio da Humanidade.<\/p>\n<p>&nbsp;<\/p>\n<p><img loading=\"lazy\" decoding=\"async\" class=\"alignnone wp-image-2197 size-full\" src=\"https:\/\/cp-rup.com\/wp-content\/uploads\/2018\/07\/170127_parque_eolico_ecoener_29-3.jpg\" alt=\"\" width=\"2074\" height=\"1017\" srcset=\"https:\/\/www.cp-rup.com\/wp-content\/uploads\/2018\/07\/170127_parque_eolico_ecoener_29-3.jpg 2074w, https:\/\/www.cp-rup.com\/wp-content\/uploads\/2018\/07\/170127_parque_eolico_ecoener_29-3-300x147.jpg 300w, https:\/\/www.cp-rup.com\/wp-content\/uploads\/2018\/07\/170127_parque_eolico_ecoener_29-3-768x377.jpg 768w, https:\/\/www.cp-rup.com\/wp-content\/uploads\/2018\/07\/170127_parque_eolico_ecoener_29-3-1024x502.jpg 1024w\" sizes=\"auto, (max-width: 2074px) 100vw, 2074px\" \/><\/p>\n<h3><\/h3>\n<p>&nbsp;<\/p>\n<h3 style=\"text-align: center;\">Tecido produtivo<\/h3>\n<p>&nbsp;<\/p>\n<p>As Can\u00e1rias s\u00e3o a terceira regi\u00e3o espanhola com o maior n\u00famero de turistas estrangeiros: mais de 12,3 milh\u00f5es por ano (INE, 2022).<\/p>\n<p>No que respeita aos setores de atividade, a maioria das empresas pertence ao setor dos servi\u00e7os, seguido pelo setor comercial. O seu tecido empresarial \u00e9 composto essencialmente por PME (entre 10 a 49 trabalhadores) e microempresas (menos 10 trabalhadores).<\/p>\n<p>As atividades tradicionais das Ilhas Can\u00e1rias s\u00e3o o cultivo de banana, tomate e batata, a pecu\u00e1ria, a pesca, a piscicultura, o cultivo de plantas e flores, viticultura e a ind\u00fastria alimentar, bem como a energia e a dessaliniza\u00e7\u00e3o da \u00e1gua do mar.<\/p>\n<p>As suas atividades de ponta s\u00e3o a investiga\u00e7\u00e3o e o desenvolvimento em biomedicina, em astronomia e no turismo. Existem dois observat\u00f3rios astrof\u00edsicos, o Observat\u00f3rio do Teide, na ilha de Tenerife, e o Observat\u00f3rio Roque de los Muchachos, na ilha de La Palma, onde est\u00e1 concentrada a maior variedade de telesc\u00f3pios do mundo.<\/p>\n<p>Al\u00e9m disso, o Governo das Can\u00e1rias est\u00e1 a apostar na promo\u00e7\u00e3o da atividade cinematogr\u00e1fica e audiovisual. Nos \u00faltimos anos, um grande n\u00famero de filmes, nacionais e internacionais, foram filmados na Regi\u00e3o.<\/p>\n<p>&nbsp;<\/p>\n\t\t<div class=\"col-12 mb-5\">\n\t\t\t<div class=\"row widget_picture_with_floating_text\">\n\t\t\t\t<div class=\"col-8  widget_picture_with_floating_text__picture\" style=\"background-image: url('https:\/\/cp-rup.com\/wp-content\/uploads\/2018\/07\/Platanos-w.jpg');\"><\/div>\n\t\t\t\t<div class=\"col-6 widget_picture_with_floating_text__text widget_picture_with_floating_text__text--right\">\n\t\t\t\t\t<h3>Agricultura<\/h3>\n\t\t\t\t\t<p><\/p>\n<p>O setor prim\u00e1rio das ilhas Can\u00e1rias representa 1,6% do Produto Interno Bruto (PIB) das Can\u00e1rias (Contabilidad Regional de Espa\u00f1a, 2021).<\/p>\n<p><\/p>\n\t\t\t\t<\/div>\n\t\t\t<\/div>\n\t\t<\/div>\n\n\n<p>&nbsp;<\/p>\n\t\t<div class=\"col-12 mb-5\">\n\t\t\t<div class=\"row widget_picture_with_floating_text\">\n\t\t\t\t<div class=\"col-8 offset-4 widget_picture_with_floating_text__picture\" style=\"background-image: url('https:\/\/cp-rup.com\/wp-content\/uploads\/2018\/07\/Muelle-Tenerife.jpg');\"><\/div>\n\t\t\t\t<div class=\"col-6 widget_picture_with_floating_text__text widget_picture_with_floating_text__text--left\">\n\t\t\t\t\t<h3>Log\u00edstica<\/h3>\n\t\t\t\t\t<p><\/p>\n<p>A situa\u00e7\u00e3o geogr\u00e1fica privilegiada do arquip\u00e9lago faz com que este seja uma plataforma que une os continentes da Europa, \u00c1frica e Am\u00e9rica.<\/p>\n<p><\/p>\n\t\t\t\t<\/div>\n\t\t\t<\/div>\n\t\t<\/div>\n\n\n<p>&nbsp;<\/p>\n\t\t<div class=\"col-12 mb-5\">\n\t\t\t<div class=\"row widget_picture_with_floating_text\">\n\t\t\t\t<div class=\"col-8  widget_picture_with_floating_text__picture\" style=\"background-image: url('https:\/\/cp-rup.com\/wp-content\/uploads\/2018\/08\/Foto-CAN.jpg');\"><\/div>\n\t\t\t\t<div class=\"col-6 widget_picture_with_floating_text__text widget_picture_with_floating_text__text--right\">\n\t\t\t\t\t<h3>Para\u00edso Tur\u00edstico<\/h3>\n\t\t\t\t\t<p><\/p>\n<p>O seu clima subtropical e a sua riqueza cultural e paisag\u00edstica fazem do arquip\u00e9lago das Can\u00e1rias um dos destinos tur\u00edsticos preferidos dos turistas europeus, especialmente do Reino Unido e da Alemanha. Apesar das consequ\u00eancias da pandemia no sector tur\u00edstico das ilhas, a import\u00e2ncia deste para a economia regional \u00e9 tal que o sector gera cerca de 25,7% do emprego (196.446 postos de trabalho) e a sua contribui\u00e7\u00e3o para o PIB supera 22,6% (9.420 milh\u00f5es de euros), (Impactur Canarias, 2021).<\/p>\n<p><\/p>\n\t\t\t\t<\/div>\n\t\t\t<\/div>\n\t\t<\/div>\n\n\n<hr \/>\n<h3 style=\"text-align: center;\">Can\u00e1rias em fotos<\/h3>\n<p>&nbsp;<\/p>\n<div id=\"metaslider-id-2055\" style=\"width: 100%; margin: 0 auto;\" class=\"ml-slider-3-20-3 metaslider metaslider-flex metaslider-2055 ml-slider\">\n    <div id=\"metaslider_container_2055\">\n        <div id=\"metaslider_2055\">\n            <ul aria-live=\"polite\" class=\"slides\">\n                <li style=\"display: none; width: 100%;\" class=\"slide-2299 ms-image\"><img loading=\"lazy\" decoding=\"async\" src=\"https:\/\/www.cp-rup.com\/wp-content\/uploads\/2018\/07\/El-Golfo-El-Hierro-2-822x274.jpg\" height=\"400\" width=\"1200\" alt=\"\" class=\"slider-2055 slide-2299\" \/><div class=\"caption-wrap\"><div class=\"caption\">La Maceta, El Hierro<\/div><\/div><\/li>\n                <li style=\"display: none; width: 100%;\" class=\"slide-2304 ms-image\"><img loading=\"lazy\" decoding=\"async\" src=\"https:\/\/www.cp-rup.com\/wp-content\/uploads\/2018\/07\/La-Geria-Lanzarote-827x275.jpg\" height=\"400\" width=\"1200\" alt=\"\" class=\"slider-2055 slide-2304\" \/><div class=\"caption-wrap\"><div class=\"caption\">La Geria, Lanzarote<\/div><\/div><\/li>\n                <li style=\"display: none; width: 100%;\" class=\"slide-2314 ms-image\"><img loading=\"lazy\" decoding=\"async\" src=\"https:\/\/www.cp-rup.com\/wp-content\/uploads\/2018\/07\/GC-Presa-Sorueda-1200x400.jpg\" height=\"400\" width=\"1200\" alt=\"\" class=\"slider-2055 slide-2314\" \/><div class=\"caption-wrap\"><div class=\"caption\">Presa Sorueda, Gran Canaria<\/div><\/div><\/li>\n                <li style=\"display: none; width: 100%;\" class=\"slide-2316 ms-image\"><img loading=\"lazy\" decoding=\"async\" src=\"https:\/\/www.cp-rup.com\/wp-content\/uploads\/2018\/07\/Balcones-Santa-Cruz-de-La-Palma-1200x400.jpg\" height=\"400\" width=\"1200\" alt=\"\" class=\"slider-2055 slide-2316\" \/><div class=\"caption-wrap\"><div class=\"caption\">Balcones, Santa Cruz de La Palma<\/div><\/div><\/li>\n                <li style=\"display: none; width: 100%;\" class=\"slide-2318 ms-image\"><img loading=\"lazy\" decoding=\"async\" src=\"https:\/\/www.cp-rup.com\/wp-content\/uploads\/2018\/07\/Iglesia-en-Betancuria-Fuerteventura-1200x400.jpg\" height=\"400\" width=\"1200\" alt=\"\" class=\"slider-2055 slide-2318\" \/><div class=\"caption-wrap\"><div class=\"caption\">Betancuria, Fuerteventura<\/div><\/div><\/li>\n                <li style=\"display: none; width: 100%;\" class=\"slide-2328 ms-image\"><img loading=\"lazy\" decoding=\"async\" src=\"https:\/\/www.cp-rup.com\/wp-content\/uploads\/2018\/07\/Bosque-de-El-Cedro-560x186.jpg\" height=\"400\" width=\"1200\" alt=\"\" class=\"slider-2055 slide-2328\" \/><div class=\"caption-wrap\"><div class=\"caption\">Bosque del Cedro, La Gomera<\/div><\/div><\/li>\n                <li style=\"display: none; width: 100%;\" class=\"slide-3518 ms-image\"><img loading=\"lazy\" decoding=\"async\" src=\"https:\/\/www.cp-rup.com\/wp-content\/uploads\/2018\/10\/el-risco-1200x400.jpg\" height=\"400\" width=\"1200\" alt=\"\" class=\"slider-2055 slide-3518\" \/><div class=\"caption-wrap\"><div class=\"caption\">La Graciosa<\/div><\/div><\/li>\n                <li style=\"display: none; width: 100%;\" class=\"slide-3525 ms-image\"><img loading=\"lazy\" decoding=\"async\" src=\"https:\/\/www.cp-rup.com\/wp-content\/uploads\/2018\/10\/Teide-3-1160x386.jpg\" height=\"400\" width=\"1200\" alt=\"\" class=\"slider-2055 slide-3525\" \/><div class=\"caption-wrap\"><div class=\"caption\">El Teide, Tenerife<\/div><\/div><\/li>\n            <\/ul>\n        <\/div>\n        \n    <\/div>\n<\/div>\n","protected":false},"excerpt":{"rendered":"<p>&nbsp; Can\u00e1rias, um ambiente multicultural &nbsp; O arquip\u00e9lago das Can\u00e1rias \u00e9 constitu\u00eddo por um conjunto de ilhas de origem vulc\u00e2nica que ocupa uma \u00e1rea mar\u00edtima de cerca de 100.000 km\u00b2. Os seus pontos extremos s\u00e3o, a norte, a Punta de Mosejos, na ilha de Alegranza, e, a sul, a Punta de la Restinga, na ilha [&hellip;]<\/p>\n","protected":false},"author":45,"featured_media":3796,"parent":13,"menu_order":0,"comment_status":"closed","ping_status":"closed","template":"page-region-detail.php","meta":{"_acf_changed":false,"footnotes":"","_links_to":"","_links_to_target":""},"class_list":["post-15","page","type-page","status-publish","has-post-thumbnail","hentry"],"acf":[],"_links":{"self":[{"href":"https:\/\/www.cp-rup.com\/pt\/wp-json\/wp\/v2\/pages\/15","targetHints":{"allow":["GET"]}}],"collection":[{"href":"https:\/\/www.cp-rup.com\/pt\/wp-json\/wp\/v2\/pages"}],"about":[{"href":"https:\/\/www.cp-rup.com\/pt\/wp-json\/wp\/v2\/types\/page"}],"author":[{"embeddable":true,"href":"https:\/\/www.cp-rup.com\/pt\/wp-json\/wp\/v2\/users\/45"}],"replies":[{"embeddable":true,"href":"https:\/\/www.cp-rup.com\/pt\/wp-json\/wp\/v2\/comments?post=15"}],"version-history":[{"count":114,"href":"https:\/\/www.cp-rup.com\/pt\/wp-json\/wp\/v2\/pages\/15\/revisions"}],"predecessor-version":[{"id":8206,"href":"https:\/\/www.cp-rup.com\/pt\/wp-json\/wp\/v2\/pages\/15\/revisions\/8206"}],"up":[{"embeddable":true,"href":"https:\/\/www.cp-rup.com\/pt\/wp-json\/wp\/v2\/pages\/13"}],"wp:featuredmedia":[{"embeddable":true,"href":"https:\/\/www.cp-rup.com\/pt\/wp-json\/wp\/v2\/media\/3796"}],"wp:attachment":[{"href":"https:\/\/www.cp-rup.com\/pt\/wp-json\/wp\/v2\/media?parent=15"}],"curies":[{"name":"wp","href":"https:\/\/api.w.org\/{rel}","templated":true}]}}